{"id":3634,"date":"2017-12-18T18:34:13","date_gmt":"2017-12-18T18:34:13","guid":{"rendered":"http:\/\/biblian.is\/gudbrandsbiblia\/tobitsbok-6-kafli\/"},"modified":"2017-12-18T18:34:13","modified_gmt":"2017-12-18T18:34:13","slug":"tobitsbok-6-kafli","status":"publish","type":"page","link":"https:\/\/biblian.is\/gudbrandsbiblia\/tobitsbok-6-kafli\/","title":{"rendered":"T\u00f3b\u00edtsb\u00f3k 6. kafli"},"content":{"rendered":"<p>VI.<\/p>\n<p>T\u00f3b\u00edas fer\u00f0a\u00f0ist \u00fe\u00e1 og hundur rann me\u00f0 honum. Hinn fyrsta n\u00e1ttsta\u00f0 haf\u00f0i hann hj\u00e1 \u00feeirri \u00e1 er T\u00edgris heitir. Hann f\u00f3r a\u00f0 hreinsa f\u00e6tur s\u00ednar \u00ed \u00e1nni og sj\u00e1 \u00fe\u00fa, einn mikill fiskur skaut s\u00e9r upp a\u00f0 gleypa hann, hvern a\u00f0 T\u00f3b\u00edas hr\u00e6ddist og kalla\u00f0i upp me\u00f0 h\u00e1rri raust og sag\u00f0i: &#8222;\u00d3 herra, hann vill svelgja mig!&#8220; \u00de\u00e1 sag\u00f0i engillinn til hans: &#8222;Tak \u00fe\u00fa \u00ed t\u00e1lkn hans og drag\u00f0u hann upp.&#8220; Og hann kippti honum upp \u00e1 \u00feurrt land. \u00dear sprikla\u00f0i hann fyrir f\u00f3tum honum.<\/p>\n<p>\t\u00de\u00e1 segir engillinn: &#8222;Sundra \u00fe\u00fa fiskinn en hjarta\u00f0, galli\u00f0 og lifrina geym \u00fe\u00fa vandlega \u00fev\u00ed a\u00f0 \u00feau eru mj\u00f6g g\u00f3\u00f0 til l\u00e6kninga.&#8220; En nokkur stykki af fiskinum steiktu \u00feeir og h\u00f6f\u00f0u me\u00f0 s\u00e9r \u00e1 veginn en sumt l\u00f6g\u00f0u \u00feeir \u00ed salt so \u00feeim dug\u00f0i \u00fea\u00f0 allt til \u00feess \u00feeir k\u00e6mi \u00ed borgina Medorum Rages.<\/p>\n<p>\t\u00de\u00e1 spur\u00f0i T\u00f3b\u00edas engilinn og sag\u00f0i til hans: &#8222;Asar\u00edas, minn br\u00f3\u00f0ir, bi\u00f0 eg \u00feig a\u00f0 \u00fe\u00fa viljir segja m\u00e9r hva\u00f0 fyrir l\u00e6kningum a\u00f0 menn megi gj\u00f6ra af \u00feeim hlutum er \u00fe\u00fa bau\u00f0st a\u00f0 geyma?&#8220; \u00de\u00e1 svara\u00f0i engillinn: &#8222;\u00deegar \u00fe\u00fa leggur l\u00edtinn part af hjartanu \u00e1 gl\u00f3andi kol \u00fe\u00e1 burtrekur s\u00e1 reykur allt dj\u00f6flakyn fr\u00e1 k\u00f6rlum og konum so a\u00f0 \u00feeir kunna \u00feeim framar meir \u00f6ngvan ska\u00f0a a\u00f0 gj\u00f6ra. Og galli\u00f0 \u00far fiskinum er gott a\u00f0 smyrja me\u00f0 augu \u00feau sem gl\u00fdja er \u00e1 og munu \u00feau heil ver\u00f0a.&#8220;<\/p>\n<p>\tT\u00f3b\u00edas m\u00e6lti: &#8222;Hvert viltu a\u00f0 vi\u00f0 f\u00f6rum til herbergis?&#8220; Engillinn svara\u00f0i og sag\u00f0i: <span class=\"athugasemd\" title=\"Rag\u00fael \/ Sara\">[<\/span> &#8222;H\u00e9r \u00ed borg \u00feessari er einn ma\u00f0ur. Hann heitir Rag\u00fael, \u00feinn n\u00e1fr\u00e6ndi af \u00feinni \u00e6tt. Hann \u00e1 s\u00e9r eina einkad\u00f3ttur, h\u00fan heitir Sara, og engin b\u00f6rn fleiri. \u00de\u00e9r eru \u00e6tlu\u00f0 \u00f6ll hans au\u00f0\u00e6fi og \u00fe\u00fa munt f\u00e1 d\u00f3ttur hans. \u00dear fyrir haf \u00fe\u00fa upp b\u00f3nor\u00f0 um hana vi\u00f0 f\u00f6\u00f0ur hennar. \u00de\u00e1 mun hann gefa \u00fe\u00e9r hana til eignarkonu.&#8220; \u00de\u00e1 svarar T\u00f3b\u00edas: &#8222;Eg hefi heyrt \u00fea\u00f0 h\u00fan hafi veri\u00f0 tr\u00falofu\u00f0 sj\u00f6 m\u00f6nnum og eru \u00feeir allir dau\u00f0ir. \u00dear me\u00f0 m\u00e6la menn a\u00f0 einn illur andskoti hafi drepi\u00f0 \u00fe\u00e1. \u00dear fyrir \u00f3ttast eg a\u00f0 m\u00e9r muni eins ganga e\u00f0ur vegna og mundi \u00fe\u00e1 foreldrar m\u00ednir deyja af harmi \u00fear sem eg er \u00feeirra einbirni.&#8220;<\/p>\n<p>\t\u00de\u00e1 sag\u00f0i engillinn Rafael: &#8222;Hl\u00fdddu m\u00e9r og skal eg segja \u00fe\u00e9r yfir hverjum dj\u00f6fullinn hefur vald, \u00fea\u00f0 er a\u00f0 segja \u00fe\u00e9r, yfir \u00feeim sem Gu\u00f0 forakta og alleina f\u00e1 s\u00e9r kvenna fyrir saurl\u00edfis sakir l\u00edka sem skynlaus kvikindi. En \u00feegar \u00fe\u00fa kemur \u00ed s\u00e6ngarherbergi\u00f0 me\u00f0 \u00feinni br\u00fa\u00f0i skaltu eigi dr\u00fdgja muna\u00f0l\u00edfi vi\u00f0 hana \u00ferj\u00e1r n\u00e6tur hinar fyrstu og vera \u00e1 b\u00e6n me\u00f0 henni. Og \u00e1 \u00feeirri s\u00f6mu n\u00f3ttu \u00feegar \u00fe\u00fa leggur lifrina \u00far fiskinum \u00e1 gl\u00f3\u00f0 mun dj\u00f6fullinn ver\u00f0a burt rekinn. En \u00e1 \u00feri\u00f0ju n\u00f3tt muntu \u00f6\u00f0last blessan a\u00f0 heilbrig\u00f0 b\u00f6rn af ykkur f\u00e6\u00f0ist. En \u00e1 li\u00f0inni \u00feri\u00f0ju n\u00f3tt skaltu eiga hj\u00faskaparfar vi\u00f0 hana me\u00f0 gu\u00f0hr\u00e6\u00f0slu, meir fyrir elsku sakir afkv\u00e6mis heldur en vondrar lostagirndar, svo a\u00f0 \u00fe\u00fa og \u00fein b\u00f6rn \u00f6\u00f0list \u00fe\u00e1 blessan sem s\u00e6\u00f0i Abrahams er fyrirheitin.&#8220;<\/p>\n","protected":false},"excerpt":{"rendered":"<p>VI. T\u00f3b\u00edas fer\u00f0a\u00f0ist \u00fe\u00e1 og hundur rann me\u00f0 honum. Hinn fyrsta n\u00e1ttsta\u00f0 haf\u00f0i hann hj\u00e1 \u00feeirri \u00e1 er T\u00edgris heitir. Hann f\u00f3r a\u00f0 hreinsa f\u00e6tur s\u00ednar \u00ed \u00e1nni og sj\u00e1 \u00fe\u00fa, einn mikill fiskur skaut s\u00e9r upp a\u00f0 gleypa hann, hvern a\u00f0 T\u00f3b\u00edas hr\u00e6ddist og kalla\u00f0i upp me\u00f0 h\u00e1rri raust og sag\u00f0i: &#8222;\u00d3 herra, hann vill svelgja mig!&#8220; \u00de\u00e1 sag\u00f0i engillinn til hans: &#8222;Tak \u00fe\u00fa \u00ed t\u00e1lkn hans og drag\u00f0u hann upp.&#8220; Og hann kippti honum upp \u00e1 \u00feurrt land. \u00dear sprikla\u00f0i hann fyrir f\u00f3tum honum. \u00de\u00e1 segir engillinn: &#8222;Sundra \u00fe\u00fa fiskinn en hjarta\u00f0, galli\u00f0 og lifrina geym \u00fe\u00fa vandlega <a href=\"https:\/\/biblian.is\/gudbrandsbiblia\/tobitsbok-6-kafli\/\"> [&#8230;]<\/a><\/p>\n","protected":false},"author":1,"featured_media":0,"parent":0,"menu_order":0,"comment_status":"open","ping_status":"open","template":"bibliukaflar.php","meta":{"footnotes":""},"class_list":["post-3634","page","type-page","status-publish","hentry"],"_links":{"self":[{"href":"https:\/\/biblian.is\/gudbrandsbiblia\/wp-json\/wp\/v2\/pages\/3634","targetHints":{"allow":["GET"]}}],"collection":[{"href":"https:\/\/biblian.is\/gudbrandsbiblia\/wp-json\/wp\/v2\/pages"}],"about":[{"href":"https:\/\/biblian.is\/gudbrandsbiblia\/wp-json\/wp\/v2\/types\/page"}],"author":[{"embeddable":true,"href":"https:\/\/biblian.is\/gudbrandsbiblia\/wp-json\/wp\/v2\/users\/1"}],"replies":[{"embeddable":true,"href":"https:\/\/biblian.is\/gudbrandsbiblia\/wp-json\/wp\/v2\/comments?post=3634"}],"version-history":[{"count":0,"href":"https:\/\/biblian.is\/gudbrandsbiblia\/wp-json\/wp\/v2\/pages\/3634\/revisions"}],"wp:attachment":[{"href":"https:\/\/biblian.is\/gudbrandsbiblia\/wp-json\/wp\/v2\/media?parent=3634"}],"curies":[{"name":"wp","href":"https:\/\/api.w.org\/{rel}","templated":true}]}}