{"id":3628,"date":"2017-12-18T18:34:13","date_gmt":"2017-12-18T18:34:13","guid":{"rendered":"http:\/\/biblian.is\/gudbrandsbiblia\/malaki-4-kafli\/"},"modified":"2017-12-18T18:34:13","modified_gmt":"2017-12-18T18:34:13","slug":"malaki-4-kafli","status":"publish","type":"page","link":"https:\/\/biblian.is\/gudbrandsbiblia\/malaki-4-kafli\/","title":{"rendered":"Malak\u00ed 4. kafli"},"content":{"rendered":"<p>IIII.<\/p>\n<p>\u00dev\u00ed a\u00f0 sj\u00e1 \u00fe\u00fa, \u00fear kemur einn dagur, hann skal brenna sem einn ofn. <span class=\"athugasemd\" title=\"R\u00edki\u00f0 Christi\">[<\/span> \u00de\u00e1 skulu allir forsm\u00e1narar og \u00f3gu\u00f0legir vera sem h\u00e1lmur og s\u00e1 tilkomandi dagur skal uppkveikja \u00fe\u00e1, segir Drottinn allsherjar, og hann skal hverki kvist n\u00e9 r\u00f3t l\u00e1ta eftir vera af \u00feeim. En s\u00f3l r\u00e9ttl\u00e6tisins skal upprenna yfir y\u00f0ur sem \u00f3ttist mitt nafn og hj\u00e1lpr\u00e6\u00f0i\u00f0 undir \u00feeim s\u00f6mum v\u00e6ngjum. Og \u00fe\u00e9r skulu\u00f0 ganga \u00fat og inn og vaxa sem alik\u00e1lfar. \u00de\u00e9r skulu\u00f0 undirtro\u00f0a \u00fe\u00e1 \u00f3gu\u00f0legu \u00fev\u00ed \u00feeir skulu vera aska undir y\u00f0rum f\u00f3tum \u00e1 \u00feeim degi sem eg vil gj\u00f6ra, segir s\u00e1 Drottinn Seba\u00f3t.<\/p>\n<p>\tMinnist \u00fe\u00e9r \u00e1 l\u00f6gm\u00e1l Moysi m\u00edns \u00fe\u00e9nara hvert eg honum b\u00edfala\u00f0i upp \u00e1 fjallinu H\u00f3reb vi\u00f0 allt \u00cdsraelsf\u00f3lk me\u00f0 \u00feeim bo\u00f0um og r\u00e9ttindum. <span class=\"athugasemd\" title=\"Exo. xx.\">[<\/span><\/p>\n<p>\tSj\u00e1, eg vil senda y\u00f0ur \u00feann sp\u00e1manninn Eliam \u00e1\u00f0ur en s\u00e1 mikli og \u00f3gnarlegi dagur Drottins kemur. <span class=\"athugasemd\" title=\"Math. xi. \/ Mar. i. \/ Luc. i.\">[<\/span> Hann skal sn\u00faa fe\u00f0ranna hj\u00f6rtum til sonanna og sonanna hj\u00f6rtum til sinna fe\u00f0ra so a\u00f0 eg komi ekki og sl\u00e1i j\u00f6r\u00f0ina me\u00f0 banni.<\/p>\n<p>Ending prophetans Malachias<\/p>\n","protected":false},"excerpt":{"rendered":"<p>IIII. \u00dev\u00ed a\u00f0 sj\u00e1 \u00fe\u00fa, \u00fear kemur einn dagur, hann skal brenna sem einn ofn. [ \u00de\u00e1 skulu allir forsm\u00e1narar og \u00f3gu\u00f0legir vera sem h\u00e1lmur og s\u00e1 tilkomandi dagur skal uppkveikja \u00fe\u00e1, segir Drottinn allsherjar, og hann skal hverki kvist n\u00e9 r\u00f3t l\u00e1ta eftir vera af \u00feeim. En s\u00f3l r\u00e9ttl\u00e6tisins skal upprenna yfir y\u00f0ur sem \u00f3ttist mitt nafn og hj\u00e1lpr\u00e6\u00f0i\u00f0 undir \u00feeim s\u00f6mum v\u00e6ngjum. Og \u00fe\u00e9r skulu\u00f0 ganga \u00fat og inn og vaxa sem alik\u00e1lfar. \u00de\u00e9r skulu\u00f0 undirtro\u00f0a \u00fe\u00e1 \u00f3gu\u00f0legu \u00fev\u00ed \u00feeir skulu vera aska undir y\u00f0rum f\u00f3tum \u00e1 \u00feeim degi sem eg vil gj\u00f6ra, segir s\u00e1 Drottinn Seba\u00f3t. Minnist <a href=\"https:\/\/biblian.is\/gudbrandsbiblia\/malaki-4-kafli\/\"> [&#8230;]<\/a><\/p>\n","protected":false},"author":1,"featured_media":0,"parent":0,"menu_order":0,"comment_status":"open","ping_status":"open","template":"bibliukaflar.php","meta":{"footnotes":""},"class_list":["post-3628","page","type-page","status-publish","hentry"],"_links":{"self":[{"href":"https:\/\/biblian.is\/gudbrandsbiblia\/wp-json\/wp\/v2\/pages\/3628","targetHints":{"allow":["GET"]}}],"collection":[{"href":"https:\/\/biblian.is\/gudbrandsbiblia\/wp-json\/wp\/v2\/pages"}],"about":[{"href":"https:\/\/biblian.is\/gudbrandsbiblia\/wp-json\/wp\/v2\/types\/page"}],"author":[{"embeddable":true,"href":"https:\/\/biblian.is\/gudbrandsbiblia\/wp-json\/wp\/v2\/users\/1"}],"replies":[{"embeddable":true,"href":"https:\/\/biblian.is\/gudbrandsbiblia\/wp-json\/wp\/v2\/comments?post=3628"}],"version-history":[{"count":0,"href":"https:\/\/biblian.is\/gudbrandsbiblia\/wp-json\/wp\/v2\/pages\/3628\/revisions"}],"wp:attachment":[{"href":"https:\/\/biblian.is\/gudbrandsbiblia\/wp-json\/wp\/v2\/media?parent=3628"}],"curies":[{"name":"wp","href":"https:\/\/api.w.org\/{rel}","templated":true}]}}