{"id":3627,"date":"2017-12-18T18:34:13","date_gmt":"2017-12-18T18:34:13","guid":{"rendered":"http:\/\/biblian.is\/gudbrandsbiblia\/malaki-3-kafli\/"},"modified":"2017-12-18T18:34:13","modified_gmt":"2017-12-18T18:34:13","slug":"malaki-3-kafli","status":"publish","type":"page","link":"https:\/\/biblian.is\/gudbrandsbiblia\/malaki-3-kafli\/","title":{"rendered":"Malak\u00ed 3. kafli"},"content":{"rendered":"<p>III.<\/p>\n<p>Sj\u00e1i\u00f0, eg vil senda minn engil sem skal tilrei\u00f0a veginn fyrir m\u00e9r og s\u00e1 Drottinn mun snart koma til s\u00edns musteris hvers \u00fe\u00e9r leiti\u00f0 og s\u00e1 s\u00e1ttm\u00e1lans engill hvern \u00fe\u00e9r girnist. <span class=\"athugasemd\" title=\"J\u00f3hannes sk\u00edrari \/ Math. xi. \/ Mar. i.\">[<\/span> Sj\u00e1i\u00f0, hann kemur, segir s\u00e1 Drottinn Seba\u00f3t. En hver mun \u00feola hans tilkomudag og hver mun \u00fea\u00f0 standast \u00fe\u00e1 hann mun opinberast? \u00dev\u00ed a\u00f0 hann er sem eins gullsmi\u00f0seldur og svo sem einnrar \u00fevottarkonu s\u00e1pa. Hann mun sitja og br\u00e6\u00f0a og silfri\u00f0 hreinsa. Hann mun hreinsa og kl\u00e1r gj\u00f6ra Lev\u00edb\u00f6rn so sem silfur og gull. Og \u00fe\u00e1 munu \u00feeir f\u00e6ra Drottni matoffur \u00ed r\u00e9ttl\u00e6ti og \u00fe\u00e1 mun matoffur J\u00fada og Jer\u00fasalem vera Drottni \u00feakkn\u00e6mt so sem \u00e1\u00f0ur og fyrir m\u00f6rgum \u00e1rum.<\/p>\n<p>\tOg eg vil koma til y\u00f0ar og straffa y\u00f0ur. Eg vil vera einn flj\u00f3tur vitnisma\u00f0ur \u00e1 m\u00f3ti galdam\u00f6nnum, h\u00f3rd\u00f3msm\u00f6nnum, meins\u00e6rism\u00f6nnum og m\u00f3ti \u00feeim sem gj\u00f6ra vald og \u00f3r\u00e9tt arfi\u00f0ism\u00f6nnum, ekkjum og f\u00f6\u00f0urleysingjum og undir\u00ferykkja \u00fe\u00e1 \u00fatlensku en \u00f3ttast ekki mig, segir Drottinn Seba\u00f3t. \u00dev\u00ed a\u00f0 eg er s\u00e1 Drottinn sem ekki l\u00fdgur og \u00fea\u00f0 skal ekki \u00f6ldungis \u00fati vera me\u00f0 y\u00f0ur, Jakobs b\u00f6rn.<\/p>\n<p>\t\u00de\u00e9r hafi\u00f0 \u00e6t\u00ed\u00f0 fr\u00e1 t\u00ed\u00f0 y\u00f0ra fe\u00f0ra viki\u00f0 af m\u00ednum bo\u00f0or\u00f0um og hafi\u00f0 \u00feau ekki haldi\u00f0. So sn\u00fai\u00f0 y\u00f0ur n\u00fa til m\u00edn, \u00fe\u00e1 vil eg sn\u00faa m\u00e9r til y\u00f0ar, segir s\u00e1 Drottinn Seba\u00f3t. En \u00fe\u00e9r segi\u00f0 so: &#8222;\u00cd hverju skulu v\u00e9r sn\u00faa oss?&#8220; Er \u00fea\u00f0 r\u00e9tt a\u00f0 nokkur ma\u00f0ur <span class=\"athugasemd\" title=\"a \/ Pretti) \/ \u00dea\u00f0 er, \u00fe\u00e9r gefi\u00f0 Lev\u00edtunum og prestunum \u00fea\u00f0 sl\u00e6masta e\u00f0ur alls ekki\">[<\/span> pretti Gu\u00f0 sem \u00fe\u00e9r pretti\u00f0 mig? En \u00fe\u00e9r segi\u00f0: &#8222;Hvernin prettum v\u00e9r \u00feig?&#8220; Me\u00f0 t\u00edundum og upplyftingaroffri. \u00dear fyrir eru \u00fe\u00e9r b\u00f6lva\u00f0ir so a\u00f0 allir hlutir hverfa \u00far y\u00f0ar h\u00f6ndum \u00fev\u00ed \u00fe\u00e9r pretti\u00f0 mig allir saman.<\/p>\n<p>\tEn beri\u00f0 \u00fe\u00e1 alla t\u00edund \u00ed mitt kornh\u00fas so \u00fear s\u00e9 matur \u00ed m\u00ednu h\u00fasi og reyni\u00f0 mig \u00fear inni, segir s\u00e1 Drottinn allsherjar, hvort eg mun ekki uppl\u00faka vindaugum himinsins fyrir y\u00f0ur og \u00fathella yfirgn\u00e6fanlegri blessan. Og eg vil straffa <span class=\"athugasemd\" title=\"b \/ Uppetarann \/ Allt \u00fea\u00f0 sem korni ska\u00f0a gj\u00f6rir\">[<\/span> uppetarann svo hann skal ekki fordjarfa y\u00f0arn \u00e1v\u00f6xt \u00e1 akrinum og a\u00f0 v\u00edntr\u00e9\u00f0 s\u00e9 y\u00f0ur ekki \u00f3\u00e1vaxtarsamt \u00e1 akrinum, segir s\u00e1 Drottinn Seba\u00f3t, so a\u00f0 allir hei\u00f0ingjar skulu segja y\u00f0ur s\u00e6la vera. \u00dev\u00ed \u00fe\u00e9r skulu\u00f0 vera eitt kostulegt land, segir s\u00e1 Drottinn Seba\u00f3t.<\/p>\n<p>\t\u00de\u00e9r tali\u00f0 hart \u00ed m\u00f3ti m\u00e9r, segir Drottinn. So segi \u00fe\u00e9r: &#8222;Hva\u00f0 t\u00f6lum v\u00e9r \u00ed m\u00f3t \u00fe\u00e9r?&#8220; \u00dea\u00f0 a\u00f0 \u00fe\u00e9r segi\u00f0: &#8222;\u00dea\u00f0 er forgefins a\u00f0 mann \u00fej\u00f3nar Gu\u00f0i og hva\u00f0 hj\u00e1lpar \u00fea\u00f0 \u00fe\u00f3 v\u00e9r h\u00f6ldum hans bo\u00f0 og f\u00e6rum einn strangan lifna\u00f0 fyrir \u00feeim Drottni Seba\u00f3t? \u00dear fyrir pr\u00edsum v\u00e9r \u00fe\u00e1 forsm\u00e1nara \u00fev\u00ed \u00feeir \u00f3gu\u00f0legu vaxa, \u00feeir freista Gu\u00f0s og hafa lukku og framgang.&#8220;<\/p>\n<p>\tEn \u00feeir gu\u00f0hr\u00e6ddu hugga sig hver vi\u00f0 annan. En Drottinn merkir \u00fea\u00f0 og heyrir \u00fea\u00f0 og \u00fea\u00f0 er eitt minningarbr\u00e9f fyrir hann skrifa\u00f0 sem \u00f3ttast Drottin og \u00feenkir \u00e1 hans nafn. \u00deeir skulu vera minn eigind\u00f3mur, segir Drottinn Seba\u00f3t, \u00e1 \u00feeim degi sem eg vil gj\u00f6ra. Og eg vil spara \u00fe\u00e1 so sem mann sparir sinn son \u00feann honum \u00fej\u00f3nar. Og \u00fe\u00e9r skulu\u00f0 \u00fear \u00ed m\u00f3t sj\u00e1 aftur hva\u00f0a mismunur a\u00f0 er \u00ed millum \u00feeirra r\u00e9ttl\u00e1tu og \u00feeirra \u00f3gu\u00f0legu og \u00e1 millum \u00feeirra sem \u00fej\u00f3na Gu\u00f0i og hinna sem honum ekki \u00fej\u00f3na.<\/p>\n","protected":false},"excerpt":{"rendered":"<p>III. Sj\u00e1i\u00f0, eg vil senda minn engil sem skal tilrei\u00f0a veginn fyrir m\u00e9r og s\u00e1 Drottinn mun snart koma til s\u00edns musteris hvers \u00fe\u00e9r leiti\u00f0 og s\u00e1 s\u00e1ttm\u00e1lans engill hvern \u00fe\u00e9r girnist. [ Sj\u00e1i\u00f0, hann kemur, segir s\u00e1 Drottinn Seba\u00f3t. En hver mun \u00feola hans tilkomudag og hver mun \u00fea\u00f0 standast \u00fe\u00e1 hann mun opinberast? \u00dev\u00ed a\u00f0 hann er sem eins gullsmi\u00f0seldur og svo sem einnrar \u00fevottarkonu s\u00e1pa. Hann mun sitja og br\u00e6\u00f0a og silfri\u00f0 hreinsa. Hann mun hreinsa og kl\u00e1r gj\u00f6ra Lev\u00edb\u00f6rn so sem silfur og gull. Og \u00fe\u00e1 munu \u00feeir f\u00e6ra Drottni matoffur \u00ed r\u00e9ttl\u00e6ti og \u00fe\u00e1 mun <a href=\"https:\/\/biblian.is\/gudbrandsbiblia\/malaki-3-kafli\/\"> [&#8230;]<\/a><\/p>\n","protected":false},"author":1,"featured_media":0,"parent":0,"menu_order":0,"comment_status":"open","ping_status":"open","template":"bibliukaflar.php","meta":{"footnotes":""},"class_list":["post-3627","page","type-page","status-publish","hentry"],"_links":{"self":[{"href":"https:\/\/biblian.is\/gudbrandsbiblia\/wp-json\/wp\/v2\/pages\/3627","targetHints":{"allow":["GET"]}}],"collection":[{"href":"https:\/\/biblian.is\/gudbrandsbiblia\/wp-json\/wp\/v2\/pages"}],"about":[{"href":"https:\/\/biblian.is\/gudbrandsbiblia\/wp-json\/wp\/v2\/types\/page"}],"author":[{"embeddable":true,"href":"https:\/\/biblian.is\/gudbrandsbiblia\/wp-json\/wp\/v2\/users\/1"}],"replies":[{"embeddable":true,"href":"https:\/\/biblian.is\/gudbrandsbiblia\/wp-json\/wp\/v2\/comments?post=3627"}],"version-history":[{"count":0,"href":"https:\/\/biblian.is\/gudbrandsbiblia\/wp-json\/wp\/v2\/pages\/3627\/revisions"}],"wp:attachment":[{"href":"https:\/\/biblian.is\/gudbrandsbiblia\/wp-json\/wp\/v2\/media?parent=3627"}],"curies":[{"name":"wp","href":"https:\/\/api.w.org\/{rel}","templated":true}]}}