{"id":3626,"date":"2017-12-18T18:34:13","date_gmt":"2017-12-18T18:34:13","guid":{"rendered":"http:\/\/biblian.is\/gudbrandsbiblia\/malaki-2-kafli\/"},"modified":"2017-12-18T18:34:13","modified_gmt":"2017-12-18T18:34:13","slug":"malaki-2-kafli","status":"publish","type":"page","link":"https:\/\/biblian.is\/gudbrandsbiblia\/malaki-2-kafli\/","title":{"rendered":"Malak\u00ed 2. kafli"},"content":{"rendered":"<p>II.<\/p>\n<p>Og n\u00fa prestar, \u00feetta bo\u00f0 snertir y\u00f0ur. Ef \u00fe\u00e9r ekki heyri\u00f0 \u00fea\u00f0 og leggi\u00f0 \u00fea\u00f0 ekki heldur \u00e1 hjarta a\u00f0 \u00fe\u00e9r skulu\u00f0 gefa m\u00ednu nafni d\u00fdr\u00f0ina, segir Drottinn allsherjar, \u00fe\u00e1 skal eg senda b\u00f6lvan til y\u00f0ar og b\u00f6lva y\u00f0ar blessanir, j\u00e1 eg skal b\u00f6lva \u00feeim fyrir \u00fev\u00ed a\u00f0 \u00fe\u00e9r vildu\u00f0 ekki taka \u00fea\u00f0 y\u00f0ur til hjarta.<\/p>\n<p>\tSj\u00e1, eg vil form\u00e6la y\u00f0ur og y\u00f0ar s\u00e6\u00f0i og kasta y\u00f0ar helgradagasaur \u00ed y\u00f0ar andlit so \u00fea\u00f0 skal lo\u00f0a vi\u00f0 y\u00f0ur.<\/p>\n<p>\tSo skulu \u00fe\u00e9r fornema a\u00f0 eg senda svoddan bo\u00f0 til y\u00f0ar so \u00fea\u00f0 skyldi vera minn s\u00e1ttm\u00e1li me\u00f0 Lev\u00ed, segir s\u00e1 Drottinn Seba\u00f3t. \u00dev\u00ed a\u00f0 minn s\u00e1ttm\u00e1li var me\u00f0 honum til l\u00edfs og fri\u00f0ar og eg gaf honum \u00f3tta a\u00f0 hann hr\u00e6ddist mig og \u00f3tta\u00f0ist fyrir m\u00ednu nafni. Sannleikans l\u00f6gm\u00e1l var \u00ed hans munni og \u00fear var ei neitt vont fundi\u00f0 \u00ed hans v\u00f6rum. Hann gekk fyrir m\u00e9r fri\u00f0samlega og r\u00e9ttilega og sneri m\u00f6rgum fr\u00e1 s\u00ednum syndum. \u00dev\u00ed prestsins varir skulu var\u00f0veita l\u00e6rd\u00f3minn so menn skulu s\u00e6kja l\u00f6gm\u00e1li\u00f0 af hans munni \u00fev\u00ed hann er Drottins Seba\u00f3t engill. <span class=\"athugasemd\" title=\"Kennimannaemb\u00e6tti\">[<\/span><\/p>\n<p>\tEn \u00fe\u00e9r eru\u00f0 gengnir af r\u00e9ttum vegum og hneyksli\u00f0 marga \u00ed l\u00f6gm\u00e1linu og \u00fe\u00e9r hafi\u00f0 \u00ed sundurbroti\u00f0 Lev\u00ed s\u00e1ttm\u00e1la, segir s\u00e1 Drottinn Seba\u00f3t. \u00dear fyrir hefi eg og gj\u00f6rt y\u00f0ur a\u00f0 foraktan og a\u00f0 \u00f3vir\u00f0ingu fyrir \u00f6llu f\u00f3lki af \u00fev\u00ed a\u00f0 \u00fe\u00e9r h\u00e9ldu\u00f0 ekki m\u00ednum vegum og hafi\u00f0 manngreinar\u00e1lit \u00ed l\u00f6gm\u00e1linu. \u00dev\u00ed a\u00f0 h\u00f6fum v\u00e9r allir ekki einn f\u00f6\u00f0ur? Hefur ekki einn Gu\u00f0 skapa\u00f0 oss? Hvar fyrir for\u00f6ktum v\u00e9\u00f0r \u00fe\u00e1 hver annan og vanhelgum \u00feann s\u00e1ttm\u00e1la sem gj\u00f6r\u00f0ur er me\u00f0 vora fe\u00f0ur? \u00dev\u00ed J\u00fada er or\u00f0inn einn formsm\u00e1nari og \u00fear ver\u00f0a sv\u00edvir\u00f0ingar \u00ed \u00cdsrael og Jer\u00fasalem. \u00dev\u00ed a\u00f0 J\u00fada vanhei\u00f0rar heilagleika Drottins sem hann elskar og dr\u00fdgir h\u00f3r me\u00f0 d\u00f3ttur eins annarlegs gu\u00f0s. En Drottinn mun \u00fe\u00e1 \u00fatreka sem \u00fev\u00edl\u00edkt gj\u00f6ra af h\u00fasi Jakobs, b\u00e6\u00f0i meistarana og l\u00e6risveinana, \u00e1samt me\u00f0 \u00feeim s\u00f6mum sem \u00fea\u00f0 matoffur f\u00f3rnf\u00e6ra Drottni Seba\u00f3t.<\/p>\n<p>\tFramlei\u00f0is gj\u00f6ri \u00fe\u00e9r og \u00feetta a\u00f0 \u00fear er \u00e6t\u00ed\u00f0 gr\u00e1tur, sorg og veinanir fyrir altari Drottins so eg get ekki meir s\u00e9\u00f0 til \u00feess matoffurs, eigi heldur me\u00f0teki\u00f0 nokku\u00f0 \u00feakkn\u00e6milega af y\u00f0ar h\u00f6ndum. En \u00fe\u00e9r segi\u00f0: &#8222;Hvar fyrir?&#8220; Fyrir \u00fev\u00ed a\u00f0 Drottinn hefur uppf\u00e6tt \u00feinn ungd\u00f3m millum \u00fe\u00edn og \u00feinnar h\u00fasfr\u00far sem \u00fe\u00fa foraktar, so sem hver er \u00fe\u00f3 \u00fe\u00edn f\u00e9lagssystir og \u00fe\u00edns s\u00e1ttm\u00e1ls h\u00fasfr\u00fa. En s\u00e1 einn sami gj\u00f6r\u00f0i ekki so hver \u00fe\u00f3 a\u00f0 haf\u00f0i einn mikinn anda. Hva\u00f0 gj\u00f6r\u00f0i s\u00e1 <span class=\"athugasemd\" title=\"a \/ Abraham\">[<\/span> einsami? Hann leita\u00f0i \u00feess s\u00e6\u00f0is af Gu\u00f0i sem honum var tilsagt. <\/p>\n<p>\t\u00dear fyrir sj\u00e1i \u00fe\u00e9r svo fyrir y\u00f0ur og fyrir y\u00f0ar anda a\u00f0 enginn forakti s\u00edna ungd\u00f3ms h\u00fasfr\u00fa. En hver sem hana hatar s\u00e1 l\u00e1ti hana fara, segir Drottinn \u00cdsraels Gu\u00f0, og gefi henni skj\u00f3l \u00f3r\u00e9ttsins af s\u00ednum kl\u00e6\u00f0um, segir s\u00e1 Drottinn Seba\u00f3t. \u00dev\u00ed sj\u00e1i\u00f0 fyrir y\u00f0ur fyrir y\u00f0rum anda og forsm\u00e1i\u00f0 ekki \u00fe\u00e6r.<\/p>\n<p>\t\u00de\u00e9r of\u00fereyti\u00f0 Drottin me\u00f0 y\u00f0rum or\u00f0um og segi\u00f0 svo: &#8222;Hvernin of\u00fereytum v\u00e9r hann?&#8220; \u00dear me\u00f0 a\u00f0 \u00fe\u00e9r segi\u00f0: &#8222;Hver sem illt gj\u00f6rir s\u00e1 \u00fe\u00f3knast Drottni og hann hefur lyst til hans, e\u00f0a hvar er s\u00e1 Gu\u00f0 sem straffar?&#8220;<\/p>\n","protected":false},"excerpt":{"rendered":"<p>II. Og n\u00fa prestar, \u00feetta bo\u00f0 snertir y\u00f0ur. Ef \u00fe\u00e9r ekki heyri\u00f0 \u00fea\u00f0 og leggi\u00f0 \u00fea\u00f0 ekki heldur \u00e1 hjarta a\u00f0 \u00fe\u00e9r skulu\u00f0 gefa m\u00ednu nafni d\u00fdr\u00f0ina, segir Drottinn allsherjar, \u00fe\u00e1 skal eg senda b\u00f6lvan til y\u00f0ar og b\u00f6lva y\u00f0ar blessanir, j\u00e1 eg skal b\u00f6lva \u00feeim fyrir \u00fev\u00ed a\u00f0 \u00fe\u00e9r vildu\u00f0 ekki taka \u00fea\u00f0 y\u00f0ur til hjarta. Sj\u00e1, eg vil form\u00e6la y\u00f0ur og y\u00f0ar s\u00e6\u00f0i og kasta y\u00f0ar helgradagasaur \u00ed y\u00f0ar andlit so \u00fea\u00f0 skal lo\u00f0a vi\u00f0 y\u00f0ur. So skulu \u00fe\u00e9r fornema a\u00f0 eg senda svoddan bo\u00f0 til y\u00f0ar so \u00fea\u00f0 skyldi vera minn s\u00e1ttm\u00e1li me\u00f0 Lev\u00ed, segir s\u00e1 Drottinn <a href=\"https:\/\/biblian.is\/gudbrandsbiblia\/malaki-2-kafli\/\"> [&#8230;]<\/a><\/p>\n","protected":false},"author":1,"featured_media":0,"parent":0,"menu_order":0,"comment_status":"open","ping_status":"open","template":"bibliukaflar.php","meta":{"footnotes":""},"class_list":["post-3626","page","type-page","status-publish","hentry"],"_links":{"self":[{"href":"https:\/\/biblian.is\/gudbrandsbiblia\/wp-json\/wp\/v2\/pages\/3626","targetHints":{"allow":["GET"]}}],"collection":[{"href":"https:\/\/biblian.is\/gudbrandsbiblia\/wp-json\/wp\/v2\/pages"}],"about":[{"href":"https:\/\/biblian.is\/gudbrandsbiblia\/wp-json\/wp\/v2\/types\/page"}],"author":[{"embeddable":true,"href":"https:\/\/biblian.is\/gudbrandsbiblia\/wp-json\/wp\/v2\/users\/1"}],"replies":[{"embeddable":true,"href":"https:\/\/biblian.is\/gudbrandsbiblia\/wp-json\/wp\/v2\/comments?post=3626"}],"version-history":[{"count":0,"href":"https:\/\/biblian.is\/gudbrandsbiblia\/wp-json\/wp\/v2\/pages\/3626\/revisions"}],"wp:attachment":[{"href":"https:\/\/biblian.is\/gudbrandsbiblia\/wp-json\/wp\/v2\/media?parent=3626"}],"curies":[{"name":"wp","href":"https:\/\/api.w.org\/{rel}","templated":true}]}}