{"id":3624,"date":"2017-12-18T18:34:13","date_gmt":"2017-12-18T18:34:13","guid":{"rendered":"http:\/\/biblian.is\/gudbrandsbiblia\/sakaria-14-kafli\/"},"modified":"2017-12-18T18:34:13","modified_gmt":"2017-12-18T18:34:13","slug":"sakaria-14-kafli","status":"publish","type":"page","link":"https:\/\/biblian.is\/gudbrandsbiblia\/sakaria-14-kafli\/","title":{"rendered":"Sakar\u00eda 14. kafli"},"content":{"rendered":"<p>XIIII.<\/p>\n<p>Sj\u00e1i\u00f0, t\u00edminn Drottins kemur a\u00f0 menn skulu skipta \u00fe\u00ednu herfangi \u00ed \u00fe\u00e9r. <span class=\"athugasemd\" title=\"Sp\u00e1d\u00f3mur \u00fat af s\u00ed\u00f0ustu forey\u00f0slu Jer\u00fasalem\">[<\/span> \u00dev\u00ed a\u00f0 eg vil safna allra handa hei\u00f0ingjum til bardaga \u00ed m\u00f3t Jer\u00fasalem. Og sta\u00f0urinn skal ver\u00f0a yfirunnin, h\u00fasin r\u00e6nd og kvinnurnar skamma\u00f0ar. Og h\u00e1lfur partur sta\u00f0arins skal ver\u00f0a hertekinn \u00ed burt f\u00e6rast en \u00fea\u00f0 f\u00f3lk sem eftir ver\u00f0ur skal ekki af sta\u00f0num uppr\u00e6tast. <\/p>\n<p>\tEn Drottinn mun draga \u00fat og str\u00ed\u00f0a \u00ed m\u00f3t \u00feeim s\u00f6mum hei\u00f0ingjum so sem hann plagar a\u00f0 str\u00ed\u00f0a \u00ed styrjaldart\u00ed\u00f0inni. Og hans f\u00e6tur skulu standa \u00e1 \u00feeim sama t\u00edma \u00e1 fjallinu Oliveti hvert e\u00f0 liggur hj\u00e1 Jer\u00fasalem m\u00f3t austri. Olivetifjall skal \u00ed sundurklofna r\u00e9tt \u00ed tvo parta, fr\u00e1 austri og allt til vesturs, mj\u00f6g v\u00ed\u00f0ur hvor partur fr\u00e1 \u00f6\u00f0rum, so a\u00f0 s\u00e1 eini h\u00e1lfur partur fjallsins skal gefa sig \u00ed m\u00f3t nor\u00f0ri en s\u00e1 annar \u00ed m\u00f3t su\u00f0ri. Og \u00fe\u00e9r skulu\u00f0 fl\u00fdja fyrir svoddan dal \u00ed millum minna fjalla \u00fev\u00ed dalurinn \u00ed millum fjallanna skal taka allt til Asal. Og \u00fe\u00e9r skulu\u00f0 fl\u00fdja so sem \u00fe\u00e9r fl\u00fa\u00f0u\u00f0 fyrir jar\u00f0skj\u00e1lftanum \u00ed fyrri t\u00ed\u00f0 \u00e1 d\u00f6gum \u00das\u00edas J\u00fadakonungs. \u00de\u00e1 skal Drottinn Gu\u00f0 minn koma og allir helgir me\u00f0 honum.<\/p>\n<p>\tOg \u00e1 \u00feeim t\u00edma skal ekkert lj\u00f3s vera utan kuldi og frost. <span class=\"athugasemd\" title=\"Amos i.\">[<\/span> Og \u00fear skal vera s\u00e1 einn dagur hver a\u00f0 Drottinn er kunnur, hvorki dagur n\u00e9 n\u00f3tt. <span class=\"athugasemd\" title=\"Evangeliuim\">[<\/span> En a\u00f0 kveldi skal ver\u00f0a lj\u00f3s. \u00c1 \u00feeim t\u00edma skulu rennandi v\u00f6tn flj\u00f3ta af Jer\u00fasalem, helftin \u00ed sj\u00f3inn m\u00f3t austri og helftin til \u00fees y\u00f0sta hafs og \u00fear skal vera b\u00e6\u00f0i sumar og vetur. <\/p>\n<p>\tOg Drottinn skal vera k\u00f3ngur yfir \u00f6llum l\u00f6ndum og \u00e1 \u00feeim t\u00edma skal ekki vera utan einn Gu\u00f0 og eitt hans nafn. <span class=\"athugasemd\" title=\"R\u00edki\u00f0 Christi\">[<\/span> Og menn skulu ganga \u00ed kringum allt landi\u00f0 svo sem \u00e1 einum sl\u00e9ttum velli, fr\u00e1 G\u00edbea og til Rimon sunnan til vi\u00f0 Jer\u00fasalem. \u00dev\u00ed h\u00fan skal upphefjast og byggjast \u00ed s\u00ednum sta\u00f0 fr\u00e1 Benjam\u00ednsporti allt til \u00feeirra fyrstu sta\u00f0ardyra og a\u00f0 \u00feeim horndyrum og fr\u00e1 Hananeelsturni og allt til k\u00f3ngsins v\u00edn\u00fer\u00fagunnar. Og \u00fear skulu menn inni b\u00faa og \u00fear skal engin b\u00f6lvan meir vera \u00fev\u00ed a\u00f0 Jer\u00fasalem skal me\u00f0 \u00f6llu \u00f3ttalaus b\u00faa.<\/p>\n<p>\tOg \u00fea\u00f0 skal vera s\u00fa pl\u00e1ga me\u00f0 hverri a\u00f0 Drottinn skal pl\u00e1ga allt \u00fea\u00f0 f\u00f3lk \u00fea\u00f0 sem str\u00edtt hefur \u00ed m\u00f3t Jer\u00fasalem: <span class=\"athugasemd\" title=\"Straff v\u00edkinganna og villumanna\">[<\/span> \u00deeirra hold skal f\u00fana \u00e1 me\u00f0an \u00feeir standa enn \u00e1 s\u00ednar f\u00e6tur og \u00feeirra augu skulu visna \u00ed \u00feeirra augnat\u00f3ftum og \u00feeirra tungur skulu rotna \u00ed munninum.<\/p>\n<p>\t\u00c1 \u00feeim t\u00edma skal Drottinn gj\u00f6ra miki\u00f0 upphlaup \u00e1 me\u00f0al \u00feeirra a\u00f0 einn skal taka \u00ed annars h\u00f6nd og leggja s\u00edna h\u00f6nd \u00e1 hans h\u00f6nd. \u00dev\u00ed a\u00f0 J\u00fada skal str\u00ed\u00f0a \u00ed m\u00f3t Jer\u00fasalem og allt hei\u00f0ingjag\u00f3ss sem \u00fear \u00ed kring er skal samansafnast, gull, silfur og kl\u00e6\u00f0i ofurmikil. Og so skal \u00feessi pl\u00e1ga koma yfir hestana, m\u00fald\u00fdrin, \u00falfaldana, asna og alls kyns d\u00fdr sem eru \u00ed \u00feeim sama her, l\u00edka sem \u00feeir a\u00f0rir eru pl\u00e1ga\u00f0ir. <\/p>\n<p>\tOg allir eftirbl\u00edfnu \u00e1 me\u00f0al allra hei\u00f0ingja sem dr\u00f3gu \u00ed m\u00f3t Jer\u00fasalem \u00feeir skulu hvert \u00e1r h\u00e9r upp koma a\u00f0 tilbi\u00f0ja konunginn, \u00feann Drottinn Seba\u00f3t, og a\u00f0 halda tjaldb\u00fa\u00f0arh\u00e1t\u00ed\u00f0. <span class=\"athugasemd\" title=\"Esai. v. \/ S\u00fa st\u00e6rsta og hr\u00e6\u00f0ilegasta pl\u00e1ga er a\u00f0 vera r\u00e6ntur Gu\u00f0s or\u00f0i\">[<\/span> En hver s\u00fa \u00e6ttkv\u00edsl \u00e1 j\u00f6r\u00f0unni sem ekki kemur upp til Jer\u00fasalem a\u00f0 tilbi\u00f0ja konunginn, \u00feann Drottinn Seba\u00f3t, yfir \u00fe\u00e1 skal ekki rigna. Og ef Egyptanna \u00e6ttkv\u00edslir fer\u00f0ast ekki upp og koma ekki \u00fe\u00e1 skal og ekki rigna yfir \u00fe\u00e1. \u00dea\u00f0 skal vera s\u00fa pl\u00e1gan me\u00f0 hverri a\u00f0 Drottinn skal pl\u00e1ga alla hei\u00f0ingja sem ekki uppkoma a\u00f0 halda tjaldb\u00fa\u00f0arh\u00e1t\u00ed\u00f0ina. \u00dev\u00ed a\u00f0 \u00fea\u00f0 skal vera synd fyrir Egyptana og alla hei\u00f0ingjana sem ei koma a\u00f0 halda \u00fe\u00e1 tjaldb\u00fa\u00f0arh\u00e1t\u00ed\u00f0.<\/p>\n<p>\tOg \u00e1 \u00feeirri t\u00ed\u00f0 mun tilrei\u00f0ing hestanna vera heil\u00f6g fyrir Drottni og katlarnir \u00ed h\u00fasi Drottins kulu ver\u00f0a sem munnlaugar fyrir altari. \u00dev\u00ed a\u00f0 allir katlar, b\u00e6\u00f0i \u00ed J\u00fada og Jer\u00fasalem, skulu \u00feeim Drottni Seba\u00f3t helga\u00f0ir ver\u00f0a so a\u00f0 allir \u00feeir sem offra vilja skulu koma og tak \u00fe\u00e1 s\u00f6mu og matgj\u00f6ra \u00ed \u00feeim og \u00fear skulu h\u00e9r eftir \u00f6ngvir Cananei vera \u00ed Drottins Seba\u00f3t h\u00fasi \u00e1 \u00feeirri t\u00ed\u00f0. <\/p>\n<p>Ending prophetans Sacharie<\/p>\n","protected":false},"excerpt":{"rendered":"<p>XIIII. Sj\u00e1i\u00f0, t\u00edminn Drottins kemur a\u00f0 menn skulu skipta \u00fe\u00ednu herfangi \u00ed \u00fe\u00e9r. [ \u00dev\u00ed a\u00f0 eg vil safna allra handa hei\u00f0ingjum til bardaga \u00ed m\u00f3t Jer\u00fasalem. Og sta\u00f0urinn skal ver\u00f0a yfirunnin, h\u00fasin r\u00e6nd og kvinnurnar skamma\u00f0ar. Og h\u00e1lfur partur sta\u00f0arins skal ver\u00f0a hertekinn \u00ed burt f\u00e6rast en \u00fea\u00f0 f\u00f3lk sem eftir ver\u00f0ur skal ekki af sta\u00f0num uppr\u00e6tast. En Drottinn mun draga \u00fat og str\u00ed\u00f0a \u00ed m\u00f3t \u00feeim s\u00f6mum hei\u00f0ingjum so sem hann plagar a\u00f0 str\u00ed\u00f0a \u00ed styrjaldart\u00ed\u00f0inni. Og hans f\u00e6tur skulu standa \u00e1 \u00feeim sama t\u00edma \u00e1 fjallinu Oliveti hvert e\u00f0 liggur hj\u00e1 Jer\u00fasalem m\u00f3t austri. Olivetifjall skal \u00ed <a href=\"https:\/\/biblian.is\/gudbrandsbiblia\/sakaria-14-kafli\/\"> [&#8230;]<\/a><\/p>\n","protected":false},"author":1,"featured_media":0,"parent":0,"menu_order":0,"comment_status":"open","ping_status":"open","template":"bibliukaflar.php","meta":{"footnotes":""},"class_list":["post-3624","page","type-page","status-publish","hentry"],"_links":{"self":[{"href":"https:\/\/biblian.is\/gudbrandsbiblia\/wp-json\/wp\/v2\/pages\/3624","targetHints":{"allow":["GET"]}}],"collection":[{"href":"https:\/\/biblian.is\/gudbrandsbiblia\/wp-json\/wp\/v2\/pages"}],"about":[{"href":"https:\/\/biblian.is\/gudbrandsbiblia\/wp-json\/wp\/v2\/types\/page"}],"author":[{"embeddable":true,"href":"https:\/\/biblian.is\/gudbrandsbiblia\/wp-json\/wp\/v2\/users\/1"}],"replies":[{"embeddable":true,"href":"https:\/\/biblian.is\/gudbrandsbiblia\/wp-json\/wp\/v2\/comments?post=3624"}],"version-history":[{"count":0,"href":"https:\/\/biblian.is\/gudbrandsbiblia\/wp-json\/wp\/v2\/pages\/3624\/revisions"}],"wp:attachment":[{"href":"https:\/\/biblian.is\/gudbrandsbiblia\/wp-json\/wp\/v2\/media?parent=3624"}],"curies":[{"name":"wp","href":"https:\/\/api.w.org\/{rel}","templated":true}]}}