{"id":3623,"date":"2017-12-18T18:34:13","date_gmt":"2017-12-18T18:34:13","guid":{"rendered":"http:\/\/biblian.is\/gudbrandsbiblia\/sakaria-13-kafli\/"},"modified":"2017-12-18T18:34:13","modified_gmt":"2017-12-18T18:34:13","slug":"sakaria-13-kafli","status":"publish","type":"page","link":"https:\/\/biblian.is\/gudbrandsbiblia\/sakaria-13-kafli\/","title":{"rendered":"Sakar\u00eda 13. kafli"},"content":{"rendered":"<p>XIII.<\/p>\n<p>\u00c1 \u00feeim t\u00edma skal Dav\u00ed\u00f0s h\u00fas og borgarmenn \u00ed Jer\u00fasalem hafa eina fr\u00ed opna uppsprettu til a\u00f0 af\u00fevo \u00feeirra syndir og saurganir. <span class=\"athugasemd\" title=\"Syndafyrirgefning undir evangelio\">[<\/span><\/p>\n<p>\t\u00c1 \u00feeim t\u00edma, segir Drottinn Seba\u00f3t, vil eg afgu\u00f0an\u00f6fnin afm\u00e1 af landinu so menn skulu ekki \u00fea\u00f0an \u00ed fr\u00e1 minnast \u00feeirra. <span class=\"athugasemd\" title=\"R\u00edki\u00f0 Christi\">[<\/span> \u00dear me\u00f0 vil eg og \u00fatdr\u00edfa \u00fe\u00e1 propheta og \u00f3hreinu anda af landinu. \u00dea\u00f0 skal so ske: Ef nokkur sp\u00e1r framarmeir \u00fe\u00e1 skulu hans fa\u00f0ir og m\u00f3\u00f0ir sem hann f\u00e6tt hafa segja til hans: &#8222;\u00de\u00fa skalt ekki lifa \u00fev\u00ed \u00fe\u00fa talar lygi \u00ed nafni Drottins.&#8220; Og so skulu hans fa\u00f0ir og m\u00f3\u00f0ir sem \u00f3lu hann \u00ed gegnum leggja hann \u00fe\u00e1 hann sp\u00e1r.<\/p>\n<p>\t\u00dev\u00ed \u00fea\u00f0 skal ske \u00e1 \u00feeim t\u00edma a\u00f0 sp\u00e1mennirnir skulu ver\u00f0a a\u00f0 sk\u00f6mm me\u00f0 \u00feeirra vitrunum n\u00e6r \u00feeir sp\u00e1 \u00fear um. Og \u00feeir skulu ekki meir \u00edkl\u00e6\u00f0ast lo\u00f0num k\u00e1pum me\u00f0 hverjum \u00feeir sviku heldur skal hann segja: &#8222;Eg er enginn sp\u00e1ma\u00f0ur heldur akurverksma\u00f0ur \u00fev\u00ed eg hefi m\u00f6nnum \u00fej\u00f3na\u00f0 af m\u00ednum ungd\u00f3mi.&#8220; <span class=\"athugasemd\" title=\"ii. Reg. xviii.\">[<\/span> Og ef nokkur ma\u00f0ur segir \u00fe\u00e1 til hans: &#8222;Hva\u00f0a s\u00e1rum eru \u00ed \u00fe\u00ednum h\u00f6ndum?&#8220; \u00de\u00e1 skal hann svara: &#8222;So er eg sleginn \u00ed \u00feeirra h\u00fasum sem mig elska.&#8220;<\/p>\n<p>\t\u00de\u00fa sver\u00f0, vertu til rei\u00f0u yfir minn hir\u00f0ir og yfir \u00feann mann sem m\u00e9r n\u00e1l\u00e6gastur er, segir Drottinn Seba\u00f3t. <span class=\"athugasemd\" title=\"Sp\u00e1d\u00f3mur \u00fat af Christi p\u00ednu \/ Math. xxvi. \/ Mar. xiiii.\">[<\/span> Sl\u00e1 \u00fe\u00fa hir\u00f0irinn, so skal hj\u00f6r\u00f0in \u00ed sundurdriefast, so vil eg vernda minni hendi til sm\u00e1barna. Og \u00fea\u00f0 skal ske a\u00f0 \u00ed hverju landi sem a\u00f0 eru tveir hlutir, segir Drottinn, \u00feeir skulu uppr\u00e6tast og forganga. En s\u00e1 \u00feri\u00f0ji partur skal bl\u00edfa \u00fear inni og og \u00feann \u00feri\u00f0ja part vil eg \u00ed gegnum eldinn lei\u00f0a og hreinsa l\u00edka sem menn hreinsa silfur og f\u00e6gja \u00fea\u00f0 so sem menn f\u00e6gja gull. Og \u00feeir skulu kalla \u00e1 mitt nafn og eg vil b\u00e6nheyra \u00fe\u00e1. Eg vil segja: &#8222;\u00deeir eru mitt f\u00f3lk&#8220; og \u00feeir munu segja: &#8222;Drottinn minn Gu\u00f0.&#8220;<\/p>\n","protected":false},"excerpt":{"rendered":"<p>XIII. \u00c1 \u00feeim t\u00edma skal Dav\u00ed\u00f0s h\u00fas og borgarmenn \u00ed Jer\u00fasalem hafa eina fr\u00ed opna uppsprettu til a\u00f0 af\u00fevo \u00feeirra syndir og saurganir. [ \u00c1 \u00feeim t\u00edma, segir Drottinn Seba\u00f3t, vil eg afgu\u00f0an\u00f6fnin afm\u00e1 af landinu so menn skulu ekki \u00fea\u00f0an \u00ed fr\u00e1 minnast \u00feeirra. [ \u00dear me\u00f0 vil eg og \u00fatdr\u00edfa \u00fe\u00e1 propheta og \u00f3hreinu anda af landinu. \u00dea\u00f0 skal so ske: Ef nokkur sp\u00e1r framarmeir \u00fe\u00e1 skulu hans fa\u00f0ir og m\u00f3\u00f0ir sem hann f\u00e6tt hafa segja til hans: &#8222;\u00de\u00fa skalt ekki lifa \u00fev\u00ed \u00fe\u00fa talar lygi \u00ed nafni Drottins.&#8220; Og so skulu hans fa\u00f0ir og m\u00f3\u00f0ir sem \u00f3lu <a href=\"https:\/\/biblian.is\/gudbrandsbiblia\/sakaria-13-kafli\/\"> [&#8230;]<\/a><\/p>\n","protected":false},"author":1,"featured_media":0,"parent":0,"menu_order":0,"comment_status":"open","ping_status":"open","template":"bibliukaflar.php","meta":{"footnotes":""},"class_list":["post-3623","page","type-page","status-publish","hentry"],"_links":{"self":[{"href":"https:\/\/biblian.is\/gudbrandsbiblia\/wp-json\/wp\/v2\/pages\/3623","targetHints":{"allow":["GET"]}}],"collection":[{"href":"https:\/\/biblian.is\/gudbrandsbiblia\/wp-json\/wp\/v2\/pages"}],"about":[{"href":"https:\/\/biblian.is\/gudbrandsbiblia\/wp-json\/wp\/v2\/types\/page"}],"author":[{"embeddable":true,"href":"https:\/\/biblian.is\/gudbrandsbiblia\/wp-json\/wp\/v2\/users\/1"}],"replies":[{"embeddable":true,"href":"https:\/\/biblian.is\/gudbrandsbiblia\/wp-json\/wp\/v2\/comments?post=3623"}],"version-history":[{"count":0,"href":"https:\/\/biblian.is\/gudbrandsbiblia\/wp-json\/wp\/v2\/pages\/3623\/revisions"}],"wp:attachment":[{"href":"https:\/\/biblian.is\/gudbrandsbiblia\/wp-json\/wp\/v2\/media?parent=3623"}],"curies":[{"name":"wp","href":"https:\/\/api.w.org\/{rel}","templated":true}]}}