{"id":3622,"date":"2017-12-18T18:34:13","date_gmt":"2017-12-18T18:34:13","guid":{"rendered":"http:\/\/biblian.is\/gudbrandsbiblia\/sakaria-12-kafli\/"},"modified":"2017-12-18T18:34:13","modified_gmt":"2017-12-18T18:34:13","slug":"sakaria-12-kafli","status":"publish","type":"page","link":"https:\/\/biblian.is\/gudbrandsbiblia\/sakaria-12-kafli\/","title":{"rendered":"Sakar\u00eda 12. kafli"},"content":{"rendered":"<p>XII.<\/p>\n<p>\u00deetta er s\u00fa byr\u00f0in Drottins or\u00f0s yfir \u00cdsrael, segir s\u00e1 Drottinn sem \u00fatbrei\u00f0ir himininn og grundvallar j\u00f6r\u00f0ina og skapar mannsins anda \u00ed honum. <span class=\"athugasemd\" title=\"Huggun \u00ed m\u00f3ti ofs\u00f3kn kristilegrar kirkju\">[<\/span> Sj\u00e1\u00f0u, eg vil gj\u00f6ra Jer\u00fasalem a\u00f0 einu h\u00f6rsunarkeri \u00f6llu f\u00f3lki \u00fear um kring. \u00dev\u00ed \u00fea\u00f0 skal og gilda J\u00fada n\u00e6r Jer\u00fasalem ver\u00f0ur umkringd. En \u00fe\u00f3 \u00e1 \u00feeirri s\u00f6mu t\u00ed\u00f0 vil eg gj\u00f6ra Jer\u00fasalem a\u00f0 einum \u00feungum steini \u00f6llu f\u00f3lki. Og allir \u00feeir sem vilja \u00ed burtu bera hann \u00feeir skulu \u00ed sundurmerjast \u00fev\u00ed allir hei\u00f0ingjar \u00e1 j\u00f6r\u00f0unni skulu samansafnast m\u00f3ti honum.<\/p>\n<p>\t\u00c1 \u00feeim t\u00edma, segir Drottinn, vil eg alla hesta gj\u00f6ra f\u00e6lna og \u00feeirra riddara hr\u00e6dda en eg vil hafa m\u00edn augu opin yfir Jer\u00fasalem og allra manna hesta vil eg me\u00f0 blindleika pl\u00e1ga. Og h\u00f6f\u00f0ingjar \u00ed J\u00fada skulu segja \u00ed s\u00ednum hj\u00f6rtum: &#8222;L\u00e1ti\u00f0 eins kostar Jer\u00fasalem borgarmenn vera \u00f6rugga \u00ed Drottni Seba\u00f3t \u00feeirra Gu\u00f0i.&#8220;<\/p>\n<p>\t\u00c1 \u00feeim t\u00edma vil eg gj\u00f6ra J\u00fada h\u00f6f\u00f0ingja til eins brennand ofns \u00e1 me\u00f0al trj\u00e1nna og a\u00f0 einu loganda blysi \u00ed str\u00e1i so \u00feeir uppey\u00f0i b\u00e6\u00f0i til h\u00e6gri og vinstri s\u00ed\u00f0u \u00f6llu f\u00f3lki allt um kring. <span class=\"athugasemd\" title=\"Sigur kristninnar \u00ed hennar m\u00f3tgangi\">[<\/span> Og Jer\u00fasalem skal framvegis bl\u00edfa \u00e1 s\u00ednum samasta\u00f0 \u00ed Jer\u00fasalem. Og Drottinn skal frelsa heimili J\u00fada l\u00edka sem \u00e1 fyrra t\u00edma upp \u00e1 \u00fea\u00f0 a\u00f0 Dav\u00ed\u00f0s h\u00fas skal ekki ofmj\u00f6g hr\u00f3sa s\u00e9r, eigi heldur Jer\u00fasalem borgarmenn m\u00f3t J\u00fada.<\/p>\n<p>\t\u00c1 \u00feeirri t\u00ed\u00f0 skal Drottinn var\u00f0veita \u00fe\u00e1 borgarmennina \u00ed Jer\u00fasalem og \u00fea\u00f0 skal ske a\u00f0 hver sem veikur er \u00e1 \u00feeim t\u00edma \u00e1 me\u00f0al \u00feeirra hann skal vera sem Dav\u00ed\u00f0 og Dav\u00ed\u00f0s h\u00fas skal vera sem Gu\u00f0s h\u00fas, l\u00edka sem engill Drottins fyrir \u00feeim. Og \u00e1 \u00feeim t\u00edma vil eg \u00feenkja a\u00f0 afm\u00e1 alla hei\u00f0ingjana sem farnir eru m\u00f3t Jer\u00fasalem. En yfir Dav\u00ed\u00f0s h\u00fas og yfir borgarmenn \u00ed Jer\u00fasalem vil eg ausa anda n\u00e1\u00f0ar og b\u00e6nar. <span class=\"athugasemd\" title=\"Fyrirheit hins heilaga anda\">[<\/span> \u00dev\u00ed a\u00f0 \u00feeir munu sj\u00e1 mig hvern \u00feeir hafa \u00ed gegnum stungi\u00f0 og \u00feeir skulu gr\u00e1ta yfir honum l\u00edka sem menn gr\u00e1ta yfir einum einkasyni og \u00feeir skulu hryggja sig yfir honum l\u00edka sem menn hryggja sig yfir \u00fev\u00ed frumgetna barni. <span class=\"athugasemd\" title=\"J\u00f3hann. xix.\">[<\/span><\/p>\n<p>\tOg \u00e1 \u00feeim t\u00edma skal vera einn mikill harmur \u00ed Jer\u00fasalem l\u00edka sem \u00fea\u00f0 var hj\u00e1 Hadarimon \u00e1 \u00feeim velli Megidd\u00f3. <span class=\"athugasemd\" title=\"iiii. Reg. xxiiii. \/ ii. Parali. xxxv.\">[<\/span> Og landi\u00f0 skal gr\u00e1ta, hver \u00e6tt\u00fe\u00e1ttur fyrir sig, \u00e6ttin Dav\u00ed\u00f0s h\u00fass s\u00e9r \u00ed lagi og \u00feeirra h\u00fasfr\u00far s\u00e9r \u00ed lagi, \u00fea\u00f0 h\u00fas Natans \u00e6ttar s\u00e9r \u00ed lagi og \u00feeirra h\u00fasfr\u00far s\u00e9r \u00ed lagi, \u00fea\u00f0 h\u00fas Lev\u00ed \u00e6ttar s\u00e9r \u00ed lagi og \u00feeirra h\u00fasfr\u00far s\u00e9r \u00ed lagi, S\u00edme\u00ed \u00e6tt s\u00e9r \u00ed lagi og \u00feeirra h\u00fasfr\u00far s\u00e9r \u00ed lagi, l\u00edka sem allar \u00e6ttir \u00fe\u00e6r eftir eru or\u00f0nar s\u00e9r \u00ed lagi, \u00feeirra h\u00fasfr\u00far og so s\u00e9r \u00ed lagi.<\/p>\n","protected":false},"excerpt":{"rendered":"<p>XII. \u00deetta er s\u00fa byr\u00f0in Drottins or\u00f0s yfir \u00cdsrael, segir s\u00e1 Drottinn sem \u00fatbrei\u00f0ir himininn og grundvallar j\u00f6r\u00f0ina og skapar mannsins anda \u00ed honum. [ Sj\u00e1\u00f0u, eg vil gj\u00f6ra Jer\u00fasalem a\u00f0 einu h\u00f6rsunarkeri \u00f6llu f\u00f3lki \u00fear um kring. \u00dev\u00ed \u00fea\u00f0 skal og gilda J\u00fada n\u00e6r Jer\u00fasalem ver\u00f0ur umkringd. En \u00fe\u00f3 \u00e1 \u00feeirri s\u00f6mu t\u00ed\u00f0 vil eg gj\u00f6ra Jer\u00fasalem a\u00f0 einum \u00feungum steini \u00f6llu f\u00f3lki. Og allir \u00feeir sem vilja \u00ed burtu bera hann \u00feeir skulu \u00ed sundurmerjast \u00fev\u00ed allir hei\u00f0ingjar \u00e1 j\u00f6r\u00f0unni skulu samansafnast m\u00f3ti honum. \u00c1 \u00feeim t\u00edma, segir Drottinn, vil eg alla hesta gj\u00f6ra f\u00e6lna og \u00feeirra riddara <a href=\"https:\/\/biblian.is\/gudbrandsbiblia\/sakaria-12-kafli\/\"> [&#8230;]<\/a><\/p>\n","protected":false},"author":1,"featured_media":0,"parent":0,"menu_order":0,"comment_status":"open","ping_status":"open","template":"bibliukaflar.php","meta":{"footnotes":""},"class_list":["post-3622","page","type-page","status-publish","hentry"],"_links":{"self":[{"href":"https:\/\/biblian.is\/gudbrandsbiblia\/wp-json\/wp\/v2\/pages\/3622","targetHints":{"allow":["GET"]}}],"collection":[{"href":"https:\/\/biblian.is\/gudbrandsbiblia\/wp-json\/wp\/v2\/pages"}],"about":[{"href":"https:\/\/biblian.is\/gudbrandsbiblia\/wp-json\/wp\/v2\/types\/page"}],"author":[{"embeddable":true,"href":"https:\/\/biblian.is\/gudbrandsbiblia\/wp-json\/wp\/v2\/users\/1"}],"replies":[{"embeddable":true,"href":"https:\/\/biblian.is\/gudbrandsbiblia\/wp-json\/wp\/v2\/comments?post=3622"}],"version-history":[{"count":0,"href":"https:\/\/biblian.is\/gudbrandsbiblia\/wp-json\/wp\/v2\/pages\/3622\/revisions"}],"wp:attachment":[{"href":"https:\/\/biblian.is\/gudbrandsbiblia\/wp-json\/wp\/v2\/media?parent=3622"}],"curies":[{"name":"wp","href":"https:\/\/api.w.org\/{rel}","templated":true}]}}