{"id":3621,"date":"2017-12-18T18:34:13","date_gmt":"2017-12-18T18:34:13","guid":{"rendered":"http:\/\/biblian.is\/gudbrandsbiblia\/sakaria-11-kafli\/"},"modified":"2017-12-18T18:34:13","modified_gmt":"2017-12-18T18:34:13","slug":"sakaria-11-kafli","status":"publish","type":"page","link":"https:\/\/biblian.is\/gudbrandsbiblia\/sakaria-11-kafli\/","title":{"rendered":"Sakar\u00eda 11. kafli"},"content":{"rendered":"<p>XI.<\/p>\n<p>Uppl\u00fak \u00fe\u00ednum dyrum, \u00fe\u00fa <span class=\"athugasemd\" title=\"a \/ L\u00edbanon) \/ Kallast Jer\u00fasalem af Libanusvi\u00f0i uppbygg\u00f0 og af R\u00f3mverjum ni\u00f0urbrotin\">[<\/span> L\u00edbanon, svo a\u00f0 eldurinn brenni \u00fe\u00edn sedrustr\u00e9. Gr\u00e1ti, \u00fe\u00e9r grenitr\u00e9n, \u00fev\u00ed a\u00f0 sedrusvi\u00f0irnir eru fallnir og s\u00fa pr\u00fd\u00f0ilega byggingin er um koll slegin. Gr\u00e1ti\u00f0, \u00fe\u00e9r eikurnar \u00ed Basan, \u00fev\u00ed s\u00e1 sterki sk\u00f3gur er upph\u00f6ggvinn. Menn heyra a\u00f0 hir\u00f0ararnir gr\u00e1ta \u00fev\u00ed \u00feeirra veglega bygging er ni\u00f0urbrotin. Menn heyra \u00f6skur le\u00f3nanna \u00fev\u00ed a\u00f0 J\u00f3rdans dreiss er ni\u00f0urslegi\u00f0.<\/p>\n<p>\tSo segir Drottinn minn Gu\u00f0: Geymi\u00f0 sl\u00e1turssau\u00f0ina  \u00fea\u00f0 \u00feeirra herrar sl\u00e1tra \u00feeim og reikna \u00fea\u00f0 fyrir \u00f6ngva synd. \u00deeir selja \u00fe\u00e1 og segja: &#8222;Lofa\u00f0ur s\u00e9 Drottinn, eg er n\u00fa r\u00edkur!&#8220; og \u00feeirra hir\u00f0urum hl\u00edfa \u00feeir ekki. \u00dear fyrir vil eg ekki framarmeir spara \u00fe\u00e1 innbyggjarana \u00ed landinu, segir Drottinn. Og sj\u00e1\u00f0u, eg vil l\u00e1ta f\u00f3lki\u00f0 koma, einn og s\u00e9rhvern, \u00ed annars hendur og \u00ed \u00feeirra k\u00f3ngs hendur og \u00feeir skulu ni\u00f0ursl\u00e1 landi\u00f0 og eg vil ekki hj\u00e1lpa \u00feeim fr\u00e1 \u00feeirra hendi.<\/p>\n<p>\tOg eg geymi sl\u00e1tur sau\u00f0anna fyrir \u00feeirra ves\u00f6lu sau\u00f0anna skuld. <span class=\"athugasemd\" title=\"Evangelium \/ L\u00f6gm\u00e1li\u00f0\">[<\/span> Og eg t\u00f3k tvo stafi til m\u00edn, \u00feann eina kalla\u00f0i eg s\u00e6tleika en \u00feann annan kalla\u00f0i eg sorg og geymdi sau\u00f0ina. Og eg ey\u00f0ilag\u00f0i \u00ferj\u00e1 hir\u00f0ara \u00ed einum m\u00e1na\u00f0i \u00fev\u00ed eg kunni ei a\u00f0 l\u00ed\u00f0a \u00fe\u00e1, svo vildu \u00feeir og ei hafa mig. Og eg sag\u00f0a: &#8222;Eg vil ekki g\u00e6ta y\u00f0ar. Hva\u00f0 sem deyr, \u00fea\u00f0 deyi. Hva\u00f0 sem hungrar, \u00fea\u00f0 hungri. Og \u00feeir sem eftir eru skal hver eta annars kj\u00f6t.&#8220;<\/p>\n<p>\tOg eg t\u00f3k minn staf s\u00e6tleika og sundurbraut hann a\u00f0 eg \u00ed burt t\u00e6ki minn s\u00e1ttm\u00e1la sem eg haf\u00f0a bundi\u00f0 vi\u00f0 allt f\u00f3lk. Og hann var burt tekinn \u00feann sama dag. Og \u00feeir f\u00e1t\u00e6ku sau\u00f0ir sem h\u00f6f\u00f0u g\u00e1t \u00e1 m\u00e9r \u00feeir merktu a\u00f0 \u00fea\u00f0 var or\u00f0 Drottins. Og eg sag\u00f0a til \u00feeirra: &#8222;L\u00edkar y\u00f0ur \u00fea\u00f0 \u00fe\u00e1 beri\u00f0 fram m\u00edna ver\u00f0aura, en vilji \u00feeir ekki, \u00fe\u00e1 l\u00e1ti\u00f0 \u00fea\u00f0 vera.&#8220; Og \u00feeir v\u00f3gu svo miki\u00f0 sem eg gilta, \u00ferj\u00e1t\u00edgi silfurpeninga. Og Drottinn sag\u00f0i til m\u00edn: <span class=\"athugasemd\" title=\"Math. xxvii. \/ Christus seldur fyrir xxx silfurpeninga\">[<\/span> Varpa \u00feeim burt so \u00feeir gefist pottm\u00f6kurum, eitt merkilegt ver\u00f0kaup fyrir hvert eg var virtur af \u00feeim! Og eg t\u00f3k \u00fe\u00e1 \u00ferj\u00e1t\u00edgu silfurpeninga og kasta\u00f0i \u00feeim \u00ed h\u00fas Drottins so \u00feeir skyldu gefast pottmakaranum.<\/p>\n<p>\tOg eg \u00ed sundurbraut minn annan staf sorg so eg m\u00e6tta burt taka br\u00e6\u00f0raskapinn \u00ed millum J\u00fada og \u00cdsrael.<\/p>\n<p>\tOg Drottinn sag\u00f0i til m\u00edn: <span class=\"athugasemd\" title=\"P\u00e1fad\u00f3murinn\">[<\/span> Tak enn til \u00fe\u00edn b\u00faning eins heimskulegs hir\u00f0is \u00fev\u00ed sj\u00e1\u00f0u, eg vil uppvekja hir\u00f0ara \u00ed landinu sem ekki skulu leita eftir \u00fev\u00ed vanm\u00e1ttuga, eigi vitja \u00feess sundurslegna og ei gr\u00e6\u00f0a \u00fea\u00f0 s\u00e6r\u00f0a, eigi heldur hafa hugsun fyrir \u00fev\u00ed heilbrig\u00f0a. En kj\u00f6ti\u00f0 af \u00fev\u00ed feita munu \u00feeir eta og \u00ed sundurr\u00edfa \u00feess klaufir. Vei sk\u00fargo\u00f0ahir\u00f0urum, \u00feeir sem forl\u00e1ta hj\u00f6r\u00f0ina! Sver\u00f0i\u00f0 komi \u00e1 \u00feeirra armleggi og \u00e1 \u00feeirra h\u00e6gri augu! \u00deeirra armur skal uppvisna og \u00feeirra h\u00e6gra auga skal myrkvast.<\/p>\n","protected":false},"excerpt":{"rendered":"<p>XI. Uppl\u00fak \u00fe\u00ednum dyrum, \u00fe\u00fa [ L\u00edbanon, svo a\u00f0 eldurinn brenni \u00fe\u00edn sedrustr\u00e9. Gr\u00e1ti, \u00fe\u00e9r grenitr\u00e9n, \u00fev\u00ed a\u00f0 sedrusvi\u00f0irnir eru fallnir og s\u00fa pr\u00fd\u00f0ilega byggingin er um koll slegin. Gr\u00e1ti\u00f0, \u00fe\u00e9r eikurnar \u00ed Basan, \u00fev\u00ed s\u00e1 sterki sk\u00f3gur er upph\u00f6ggvinn. Menn heyra a\u00f0 hir\u00f0ararnir gr\u00e1ta \u00fev\u00ed \u00feeirra veglega bygging er ni\u00f0urbrotin. Menn heyra \u00f6skur le\u00f3nanna \u00fev\u00ed a\u00f0 J\u00f3rdans dreiss er ni\u00f0urslegi\u00f0. So segir Drottinn minn Gu\u00f0: Geymi\u00f0 sl\u00e1turssau\u00f0ina \u00fea\u00f0 \u00feeirra herrar sl\u00e1tra \u00feeim og reikna \u00fea\u00f0 fyrir \u00f6ngva synd. \u00deeir selja \u00fe\u00e1 og segja: &#8222;Lofa\u00f0ur s\u00e9 Drottinn, eg er n\u00fa r\u00edkur!&#8220; og \u00feeirra hir\u00f0urum hl\u00edfa \u00feeir ekki. \u00dear fyrir vil <a href=\"https:\/\/biblian.is\/gudbrandsbiblia\/sakaria-11-kafli\/\"> [&#8230;]<\/a><\/p>\n","protected":false},"author":1,"featured_media":0,"parent":0,"menu_order":0,"comment_status":"open","ping_status":"open","template":"bibliukaflar.php","meta":{"footnotes":""},"class_list":["post-3621","page","type-page","status-publish","hentry"],"_links":{"self":[{"href":"https:\/\/biblian.is\/gudbrandsbiblia\/wp-json\/wp\/v2\/pages\/3621","targetHints":{"allow":["GET"]}}],"collection":[{"href":"https:\/\/biblian.is\/gudbrandsbiblia\/wp-json\/wp\/v2\/pages"}],"about":[{"href":"https:\/\/biblian.is\/gudbrandsbiblia\/wp-json\/wp\/v2\/types\/page"}],"author":[{"embeddable":true,"href":"https:\/\/biblian.is\/gudbrandsbiblia\/wp-json\/wp\/v2\/users\/1"}],"replies":[{"embeddable":true,"href":"https:\/\/biblian.is\/gudbrandsbiblia\/wp-json\/wp\/v2\/comments?post=3621"}],"version-history":[{"count":0,"href":"https:\/\/biblian.is\/gudbrandsbiblia\/wp-json\/wp\/v2\/pages\/3621\/revisions"}],"wp:attachment":[{"href":"https:\/\/biblian.is\/gudbrandsbiblia\/wp-json\/wp\/v2\/media?parent=3621"}],"curies":[{"name":"wp","href":"https:\/\/api.w.org\/{rel}","templated":true}]}}