{"id":3620,"date":"2017-12-18T18:34:13","date_gmt":"2017-12-18T18:34:13","guid":{"rendered":"http:\/\/biblian.is\/gudbrandsbiblia\/sakaria-10-kafli\/"},"modified":"2017-12-18T18:34:13","modified_gmt":"2017-12-18T18:34:13","slug":"sakaria-10-kafli","status":"publish","type":"page","link":"https:\/\/biblian.is\/gudbrandsbiblia\/sakaria-10-kafli\/","title":{"rendered":"Sakar\u00eda 10. kafli"},"content":{"rendered":"<p>X.<\/p>\n<p>\u00dear fyrir bi\u00f0ji\u00f0 n\u00fa um kveldregn af Drottni, so mun Drottinn gj\u00f6ra sk\u00fd og gefa y\u00f0ur n\u00f3ga d\u00f6gg til allrar frj\u00f3vgunar y\u00f0rar jar\u00f0ar. <span class=\"athugasemd\" title=\"\u00c1minning a\u00f0 bi\u00f0ja um regn evangelii \/ Math. ix.\">[<\/span> \u00dev\u00ed a\u00f0 afgu\u00f0irnir tala \u00e6t\u00ed\u00f0 h\u00e9g\u00f3ma og sannsagnarmennirnir sj\u00e1 ekki utan lygar og segja h\u00e9g\u00f3madrauma og \u00feeirra hugsvalan er einskisver\u00f0. Og \u00fev\u00ed fara \u00feeir villt sem ein hj\u00f6r\u00f0 og eru megnlausir \u00fev\u00ed \u00fear er enginn hir\u00f0ir.<\/p>\n<p>\tM\u00edn rei\u00f0i er or\u00f0in grimm yfir hir\u00f0arana og eg vil vitja <span class=\"athugasemd\" title=\"a \/ Hafranna) \/ \u00dea\u00f0 eru \u00feeir prophetar og prestar hverja Christus kallar s\u00ed\u00f0armeir phariseos\">[<\/span> hafranna \u00fev\u00ed Drottinn Seba\u00f3t skal vitja sinnar hjar\u00f0ar, sem er, h\u00fassins J\u00fada. Og hann skal \u00fatb\u00faa \u00fe\u00e1 so sem pr\u00fd\u00f0ddan v\u00edghest til bardaga. Hyrningin, naglarnir, str\u00ed\u00f0sboginn og dr\u00edfararnir skal allt takast burt fr\u00e1 \u00feeim. \u00de\u00f3 skulu \u00feeir vera so r\u00f6skvir sem risar, tro\u00f0andi gatnasaurinn \u00ed bardaganum og \u00feeir skulu berjast. \u00dev\u00ed a\u00f0 Drottinn skal vera me\u00f0 \u00feeim svo a\u00f0 \u00feeir riddarar skulu til skammar ver\u00f0a. En eg vil styrkja h\u00fasi\u00f0 J\u00fada og frelsa h\u00fasi\u00f0 J\u00f3sefs og eg vil innsetja \u00fe\u00e1 igen. \u00dev\u00ed a\u00f0 eg vil miskunna mig yfir \u00fe\u00e1 og \u00feeir skulu bl\u00edfa sem \u00feeir voru \u00feann t\u00edma eg haf\u00f0a ekki \u00ed burt varpa\u00f0 \u00feeim \u00fev\u00ed eg, Drottinn \u00feeirra Gu\u00f0, vil b\u00e6nheyra \u00fe\u00e1.<\/p>\n<p>\tOg Efra\u00edm skal vera sem einn risi og \u00feeirra hjarta skal gle\u00f0jast l\u00edka sem af v\u00edni. <span class=\"athugasemd\" title=\"R\u00edki\u00f0 Christi\">[<\/span> \u00dea\u00f0 skulu og \u00feeirra synir sj\u00e1 og gle\u00f0ja sig. Og \u00feeirra hj\u00f6rtu skulu fagna \u00ed Drottni. Eg vil bl\u00edstra a\u00f0 \u00feeim og samansafna \u00feeim \u00fev\u00ed eg vil frelsa \u00fe\u00e1. Og \u00feeir skulu fj\u00f6lga sig so sem \u00feeir juku sig fyrri. Og eg vil ni\u00f0urs\u00e1 \u00feeim \u00e1 me\u00f0al f\u00f3lksins so \u00feeir skulu minnast m\u00edn \u00ed fjarl\u00e6gum l\u00f6ndum og \u00feeir skulu lifa me\u00f0 s\u00ednum b\u00f6rnum og koma aftur. \u00dev\u00ed eg vil f\u00e6ra \u00fe\u00e1 igen af Egypalandi og eg vil safna \u00feeim \u00far Assyria og eg vil f\u00e6ra \u00fe\u00e1 \u00ed G\u00edlea\u00f0land og til L\u00edbanon so a\u00f0 menn skulu ekki finna \u00fe\u00e1. Og hann skal ganga \u00ed gegnum \u00fea\u00f0 harmkv\u00e6lishaf og sl\u00e1 bylgjurnar \u00ed sj\u00f3num so a\u00f0 \u00f6ll \u00feau dj\u00fap v\u00f6tn skulu \u00feurrkast. \u00de\u00e1 skal s\u00fa ofst\u00e6kin \u00feeirra \u00ed Assyria ni\u00f0ur\u00ferykkjast og s\u00e1 veldissproti \u00ed Egyptalandi skal burt takast. Eg vil styrkja \u00fe\u00e1 \u00ed Drottni a\u00f0 \u00feeir skuluk ganga \u00ed hans nafni, segir Drottinn. <span class=\"athugasemd\" title=\"Exo. xiiii.\">[<\/span><\/p>\n","protected":false},"excerpt":{"rendered":"<p>X. \u00dear fyrir bi\u00f0ji\u00f0 n\u00fa um kveldregn af Drottni, so mun Drottinn gj\u00f6ra sk\u00fd og gefa y\u00f0ur n\u00f3ga d\u00f6gg til allrar frj\u00f3vgunar y\u00f0rar jar\u00f0ar. [ \u00dev\u00ed a\u00f0 afgu\u00f0irnir tala \u00e6t\u00ed\u00f0 h\u00e9g\u00f3ma og sannsagnarmennirnir sj\u00e1 ekki utan lygar og segja h\u00e9g\u00f3madrauma og \u00feeirra hugsvalan er einskisver\u00f0. Og \u00fev\u00ed fara \u00feeir villt sem ein hj\u00f6r\u00f0 og eru megnlausir \u00fev\u00ed \u00fear er enginn hir\u00f0ir. M\u00edn rei\u00f0i er or\u00f0in grimm yfir hir\u00f0arana og eg vil vitja [ hafranna \u00fev\u00ed Drottinn Seba\u00f3t skal vitja sinnar hjar\u00f0ar, sem er, h\u00fassins J\u00fada. Og hann skal \u00fatb\u00faa \u00fe\u00e1 so sem pr\u00fd\u00f0ddan v\u00edghest til bardaga. Hyrningin, naglarnir, str\u00ed\u00f0sboginn og <a href=\"https:\/\/biblian.is\/gudbrandsbiblia\/sakaria-10-kafli\/\"> [&#8230;]<\/a><\/p>\n","protected":false},"author":1,"featured_media":0,"parent":0,"menu_order":0,"comment_status":"open","ping_status":"open","template":"bibliukaflar.php","meta":{"footnotes":""},"class_list":["post-3620","page","type-page","status-publish","hentry"],"_links":{"self":[{"href":"https:\/\/biblian.is\/gudbrandsbiblia\/wp-json\/wp\/v2\/pages\/3620","targetHints":{"allow":["GET"]}}],"collection":[{"href":"https:\/\/biblian.is\/gudbrandsbiblia\/wp-json\/wp\/v2\/pages"}],"about":[{"href":"https:\/\/biblian.is\/gudbrandsbiblia\/wp-json\/wp\/v2\/types\/page"}],"author":[{"embeddable":true,"href":"https:\/\/biblian.is\/gudbrandsbiblia\/wp-json\/wp\/v2\/users\/1"}],"replies":[{"embeddable":true,"href":"https:\/\/biblian.is\/gudbrandsbiblia\/wp-json\/wp\/v2\/comments?post=3620"}],"version-history":[{"count":0,"href":"https:\/\/biblian.is\/gudbrandsbiblia\/wp-json\/wp\/v2\/pages\/3620\/revisions"}],"wp:attachment":[{"href":"https:\/\/biblian.is\/gudbrandsbiblia\/wp-json\/wp\/v2\/media?parent=3620"}],"curies":[{"name":"wp","href":"https:\/\/api.w.org\/{rel}","templated":true}]}}