{"id":3619,"date":"2017-12-18T18:34:13","date_gmt":"2017-12-18T18:34:13","guid":{"rendered":"http:\/\/biblian.is\/gudbrandsbiblia\/sakaria-9-kafli\/"},"modified":"2017-12-18T18:34:13","modified_gmt":"2017-12-18T18:34:13","slug":"sakaria-9-kafli","status":"publish","type":"page","link":"https:\/\/biblian.is\/gudbrandsbiblia\/sakaria-9-kafli\/","title":{"rendered":"Sakar\u00eda 9. kafli"},"content":{"rendered":"<p>IX.<\/p>\n<p>\u00deetta er s\u00fa byr\u00f0in af hverri Drottinn sag\u00f0i yfir landi\u00f0 Hadrak og yfir Damascum upp \u00e1 hvert \u00fea\u00f0 treystir (\u00fev\u00ed Drottinn l\u00edtur yfir mennina og yfir allar Israelis \u00e6ttir) og til Hamat sem er \u00ed n\u00e1nd henni, yfir Tyrum og S\u00eddon sem eru mj\u00f6g kl\u00f3kar. <span class=\"athugasemd\" title=\"Hadrak \/ \u00dea\u00f0 er Syria \/ Hamat \/ Tyrus \/ S\u00eddon \/ Esa. xxiv. \/ Esek. xxvi.\">[<\/span> \u00dev\u00ed a\u00f0 Tyrus uppbyggir kastala og safnar silfri sem sandi og gulli so sem saur \u00e1 str\u00e6tum. En sj\u00e1\u00f0u, Drottinn skal fordjarfa hana og sl\u00e1 hennar magt \u00fe\u00e1 sem h\u00fan hefur upp \u00e1 sj\u00f3num a\u00f0 h\u00fan skal vera so sem \u00fea\u00f0 sem uppbrennur fyrir eldi.<\/p>\n<p>\tN\u00e6r Askalon s\u00e9r \u00fea\u00f0 \u00fe\u00e1 skal h\u00fan \u00f3ttast og Gasa skal hafa mikla angist, \u00fear til skal Ekron hrygg vera n\u00e6r h\u00fan soddan s\u00e9r. <span class=\"athugasemd\" title=\"Philisteiland \/ Esa. xv. \/ Esek. xv.\">[<\/span> \u00dev\u00ed \u00fea\u00f0 skal hafa einn enda me\u00f0 k\u00f3nginn af Gasa og menn skulu ekki b\u00faa \u00ed Askalon en \u00fatlenskir skulu b\u00faa \u00ed Asd\u00f3d og eg vil \u00ed burt taka drambsemi \u00feeirra Philisteis. Og eg vil \u00feeirra bl\u00f3\u00f0 taka fr\u00e1 \u00feeirra munni og \u00feeirra sv\u00edvir\u00f0ingar fr\u00e1 \u00feeirra t\u00f6nnum so \u00feeir skulu eftirbl\u00edfa til handa vorum Gu\u00f0i og vera sem h\u00f6f\u00f0ingjar \u00ed J\u00fada og Ekron so sem Jeb\u00fas\u00edtar. Og eg vil sj\u00e1lfur vera herb\u00fa\u00f0ir \u00ed kringum mitt h\u00fas so a\u00f0 \u00fear skal ekki \u00fe\u00f6rf gj\u00f6rast a\u00f0 <span class=\"athugasemd\" title=\"a \/ Standa) \/ Svo sem gj\u00f6ra var\u00f0haldsmenn og v\u00f6kumenn \u00ed herb\u00fa\u00f0um\">[<\/span> standa e\u00f0ur ganga fram e\u00f0ur aftur so a\u00f0 \u00feeir dr\u00edfararnir skulu ekki meir koma yfir \u00fe\u00e1. \u00dev\u00ed eg hefi n\u00fa s\u00e9\u00f0 til \u00feeirra me\u00f0 m\u00ednum augum.<\/p>\n<p>\tEn \u00fe\u00fa d\u00f3ttir S\u00edon, gle\u00f0 \u00feig mj\u00f6g, og \u00fe\u00fa d\u00f3ttir Jer\u00fasalem, fagna \u00fe\u00fa! Sj\u00e1 \u00fe\u00fa, \u00feinn k\u00f3ngur kemur til \u00fe\u00edn, r\u00e9ttl\u00e1tur og einn hj\u00e1lpari og f\u00e1t\u00e6kur, r\u00ed\u00f0andi \u00e1 einni \u00f6snu og \u00e1 einum ungum asnafola. <span class=\"athugasemd\" title=\"Christus \/ S\u00e1l. lxxii.\">[<\/span> \u00dev\u00ed a\u00f0 eg vil burt taka vagnana fr\u00e1 Efra\u00edm og v\u00edghesta fr\u00e1 Jer\u00fasalem og str\u00ed\u00f0sbogarnir skulu \u00ed sundurbrotnir ver\u00f0a. \u00dev\u00ed a\u00f0 hann skal kenna fri\u00f0 \u00e1 me\u00f0al hei\u00f0ingjanna og hans r\u00edki skal vera fr\u00e1 einu hafinu til annars og fr\u00e1 Vatninu inn til veraldarinnar enda.<\/p>\n<p>\t\u00de\u00fa \u00fatlei\u00f0ir fyrir bl\u00f3\u00f0 \u00fe\u00edns s\u00e1ttm\u00e1la \u00fe\u00edna fangara \u00fat af gr\u00f6finni hvar ekkert vatn inni er. So sn\u00fai\u00f0 y\u00f0ur n\u00fa til y\u00f0ar hins styrkva kastala, \u00fe\u00e9r sem \u00ed voninni liggi\u00f0 fanga\u00f0ir. \u00dev\u00ed a\u00f0 eg vil \u00ed dag kunngj\u00f6ra \u00fea\u00f0 og bitala \u00fe\u00e9r tvefalt. \u00dev\u00ed a\u00f0 eg hefi uppspanna\u00f0 J\u00fada til eins boga og tilb\u00fai\u00f0 Efra\u00edm. Og eg vil uppvekja \u00fe\u00edn b\u00f6rn, S\u00edon, \u00e1 me\u00f0al \u00feinna barna, Grikkland, og eg vil gj\u00f6ra \u00feig sem sver\u00f0 eins risa. <span class=\"athugasemd\" title=\"S\u00e1l. xcv.\">[<\/span> Og Drottinn skal opinberast yfir \u00feeim og hans \u00f6rvar skulu \u00fat fara sem eldingar. Og Drottinn drottna skal bl\u00e1sa \u00ed l\u00fa\u00f0ra og hann skal framganga sem stormur \u00far su\u00f0ri. <\/p>\n<p>\tDrottinn Seba\u00f3t skal var\u00f0veita \u00fe\u00e1 so a\u00f0 \u00feeir eti og undir sig varpi me\u00f0 sl\u00f6ngusteini, a\u00f0 \u00feeir drekki og skvaldri so sem af v\u00edni og fullir ver\u00f0i sem bikarar og so sem horn \u00e1 altari. Og Drottinn \u00feeirra Gu\u00f0 skal hj\u00e1lpa \u00feeim \u00e1 \u00feeirri t\u00ed\u00f0 so sem sau\u00f0um s\u00edns f\u00f3lks \u00fev\u00ed helgir steinar skulu uppreisast \u00ed hans landi. <span class=\"athugasemd\" title=\"Esa. lxvi.\">[<\/span> En hva\u00f0 hafa \u00feeir gott fram yfir anna\u00f0 f\u00f3lk e\u00f0a hva\u00f0 fegra en a\u00f0rir menn? Korn uppf\u00e6\u00f0ir unga sveina og meyjarnar n\u00fdtt v\u00edn.<\/p>\n","protected":false},"excerpt":{"rendered":"<p>IX. \u00deetta er s\u00fa byr\u00f0in af hverri Drottinn sag\u00f0i yfir landi\u00f0 Hadrak og yfir Damascum upp \u00e1 hvert \u00fea\u00f0 treystir (\u00fev\u00ed Drottinn l\u00edtur yfir mennina og yfir allar Israelis \u00e6ttir) og til Hamat sem er \u00ed n\u00e1nd henni, yfir Tyrum og S\u00eddon sem eru mj\u00f6g kl\u00f3kar. [ \u00dev\u00ed a\u00f0 Tyrus uppbyggir kastala og safnar silfri sem sandi og gulli so sem saur \u00e1 str\u00e6tum. En sj\u00e1\u00f0u, Drottinn skal fordjarfa hana og sl\u00e1 hennar magt \u00fe\u00e1 sem h\u00fan hefur upp \u00e1 sj\u00f3num a\u00f0 h\u00fan skal vera so sem \u00fea\u00f0 sem uppbrennur fyrir eldi. N\u00e6r Askalon s\u00e9r \u00fea\u00f0 \u00fe\u00e1 skal h\u00fan \u00f3ttast <a href=\"https:\/\/biblian.is\/gudbrandsbiblia\/sakaria-9-kafli\/\"> [&#8230;]<\/a><\/p>\n","protected":false},"author":1,"featured_media":0,"parent":0,"menu_order":0,"comment_status":"open","ping_status":"open","template":"bibliukaflar.php","meta":{"footnotes":""},"class_list":["post-3619","page","type-page","status-publish","hentry"],"_links":{"self":[{"href":"https:\/\/biblian.is\/gudbrandsbiblia\/wp-json\/wp\/v2\/pages\/3619","targetHints":{"allow":["GET"]}}],"collection":[{"href":"https:\/\/biblian.is\/gudbrandsbiblia\/wp-json\/wp\/v2\/pages"}],"about":[{"href":"https:\/\/biblian.is\/gudbrandsbiblia\/wp-json\/wp\/v2\/types\/page"}],"author":[{"embeddable":true,"href":"https:\/\/biblian.is\/gudbrandsbiblia\/wp-json\/wp\/v2\/users\/1"}],"replies":[{"embeddable":true,"href":"https:\/\/biblian.is\/gudbrandsbiblia\/wp-json\/wp\/v2\/comments?post=3619"}],"version-history":[{"count":0,"href":"https:\/\/biblian.is\/gudbrandsbiblia\/wp-json\/wp\/v2\/pages\/3619\/revisions"}],"wp:attachment":[{"href":"https:\/\/biblian.is\/gudbrandsbiblia\/wp-json\/wp\/v2\/media?parent=3619"}],"curies":[{"name":"wp","href":"https:\/\/api.w.org\/{rel}","templated":true}]}}