{"id":3617,"date":"2017-12-18T18:34:13","date_gmt":"2017-12-18T18:34:13","guid":{"rendered":"http:\/\/biblian.is\/gudbrandsbiblia\/sakaria-7-kafli\/"},"modified":"2017-12-18T18:34:13","modified_gmt":"2017-12-18T18:34:13","slug":"sakaria-7-kafli","status":"publish","type":"page","link":"https:\/\/biblian.is\/gudbrandsbiblia\/sakaria-7-kafli\/","title":{"rendered":"Sakar\u00eda 7. kafli"},"content":{"rendered":"<p>VII.<\/p>\n<p>Og \u00fea\u00f0 ske\u00f0i \u00e1 \u00fev\u00ed fj\u00f3r\u00f0a Dar\u00edus k\u00f3ngs \u00e1ri a\u00f0 or\u00f0 Drottins ske\u00f0i til Sachariam, \u00e1 \u00feeim fj\u00f3r\u00f0a degi \u00feess n\u00edunda m\u00e1na\u00f0ar, sem kallast k\u00edslev, \u00fe\u00e1 Sareser og Regem Melek me\u00f0 \u00feeirra f\u00f3lki sendu til Betel a\u00f0 tilbi\u00f0ja fyrir Drottni og l\u00e9tu segja til prestanna sem voru \u00ed h\u00fasi Drottins Seba\u00f3t og til sp\u00e1mannanna: <span class=\"athugasemd\" title=\"K\u00edslev\">[<\/span> &#8222;Skal eg nokku\u00f0 gr\u00e1ta n\u00fa \u00e1 \u00feeim fimmta m\u00e1na\u00f0i og enn halda m\u00e9r fr\u00e1 so sem eg hefi gj\u00f6rt n\u00fa \u00ed nokkur \u00e1r?&#8220; Og or\u00f0 Drottins Seba\u00f3t ske\u00f0i til m\u00edn og sag\u00f0i: Tala  \u00fe\u00fa til alls f\u00f3lksins \u00ed landinu og til prestanna og seg\u00f0u: \u00de\u00e1 \u00fe\u00e9r f\u00f6stu\u00f0u\u00f0 og gr\u00e9tu\u00f0 \u00ed \u00feeim fimma og \u00ed \u00feeim sj\u00f6unda m\u00e1nu\u00f0i \u00e1 \u00feeim sj\u00f6t\u00edgu \u00e1rum, hafi \u00fe\u00e9r \u00fe\u00e1 so fasta\u00f0 fyrir m\u00e9r? E\u00f0a \u00fe\u00e1 \u00fe\u00e9r \u00e1tu\u00f0 og drukku\u00f0, hafi \u00fe\u00e9r \u00fe\u00e1 ekki eti\u00f0 og drukki\u00f0 fyrir y\u00f0ur sj\u00e1lfa? Er \u00feetta ekki \u00fea\u00f0 sem Drottinn l\u00e9t pr\u00e9dika fyrir \u00fe\u00e1 framf\u00f6rnu propheta \u00fe\u00e1 Jer\u00fasalem var alsetin me\u00f0 f\u00f3lki og haf\u00f0i allsn\u00e6gtir me\u00f0 s\u00ednum st\u00f6\u00f0um \u00fear um kring og \u00feann t\u00ed\u00f0 a\u00f0 \u00fear bj\u00f3 f\u00f3lk b\u00e6\u00f0i \u00ed m\u00f3t su\u00f0ri og svo \u00ed d\u00f6lunum?\t<\/p>\n<p>\tOg or\u00f0 Drottins ske\u00f0i til Sachariam og sag\u00f0i: <span class=\"athugasemd\" title=\"Exo. xxii. \/ Esa. i.\">[<\/span>  So segir s\u00e1 Drottinn Seba\u00f3t: D\u00e6mi\u00f0 r\u00e9tt, gj\u00f6ri\u00f0 gott og veri\u00f0 miskunnsamir, hver s\u00ednum br\u00f3\u00f0ur. Og gj\u00f6ri\u00f0 hverki ekkjum, f\u00f6\u00f0urleysingjum, \u00fatlenskum e\u00f0ur f\u00e1t\u00e6kum nokkrum \u00f3r\u00e9tt og enginn skal hugsa nokku\u00f0 vont s\u00ednum br\u00f3\u00f0ur \u00ed s\u00ednu hjarta.<\/p>\n<p>\tEn \u00feeir vildu ekki hl\u00fd\u00f0a og sneru bakinu vi\u00f0 m\u00e9r og tilbyrg\u00f0u s\u00edn eyru so \u00feeir skyldu ekki heyra og gj\u00f6r\u00f0u s\u00edn hj\u00f6rtu sem einn adamas a\u00f0 \u00feau skyldu hverki heyra l\u00f6gm\u00e1li\u00f0 n\u00e9 or\u00f0i\u00f0 hvert s\u00e1 Drottinn Seba\u00f3t sendi \u00ed s\u00ednum anda fyrir \u00fe\u00e1 fyrri prophetana. Fyrir hva\u00f0 s\u00fa in st\u00f3ra rei\u00f0in Drottins Seba\u00f3t er komin og \u00fea\u00f0 er so ske\u00f0 sem \u00fea\u00f0 var pr\u00e9dika\u00f0 og \u00feeir heyr\u00f0u ekki. So vilda eg og ekki heyra \u00fe\u00e1 \u00fe\u00e1 \u00feeir k\u00f6llu\u00f0u, segir Drottinn Seba\u00f3t. <span class=\"athugasemd\" title=\"S\u00f6kin hvar fyirr Gu\u00f0 straffar\">[<\/span> So hefi eg \u00ed sundurtv\u00edstra\u00f0 \u00feeim \u00e1 me\u00f0al allra hei\u00f0ingja, \u00feeirra sem ekki \u00feekktu \u00fe\u00e1, og landi\u00f0 var\u00f0 ey\u00f0i eftir \u00feeim so a\u00f0 engi reisti e\u00f0ur bj\u00f3 \u00fear inni og \u00fea\u00f0 g\u00f6fuga land var gj\u00f6rt a\u00f0 einni ey\u00f0im\u00f6rku.<\/p>\n","protected":false},"excerpt":{"rendered":"<p>VII. Og \u00fea\u00f0 ske\u00f0i \u00e1 \u00fev\u00ed fj\u00f3r\u00f0a Dar\u00edus k\u00f3ngs \u00e1ri a\u00f0 or\u00f0 Drottins ske\u00f0i til Sachariam, \u00e1 \u00feeim fj\u00f3r\u00f0a degi \u00feess n\u00edunda m\u00e1na\u00f0ar, sem kallast k\u00edslev, \u00fe\u00e1 Sareser og Regem Melek me\u00f0 \u00feeirra f\u00f3lki sendu til Betel a\u00f0 tilbi\u00f0ja fyrir Drottni og l\u00e9tu segja til prestanna sem voru \u00ed h\u00fasi Drottins Seba\u00f3t og til sp\u00e1mannanna: [ &#8222;Skal eg nokku\u00f0 gr\u00e1ta n\u00fa \u00e1 \u00feeim fimmta m\u00e1na\u00f0i og enn halda m\u00e9r fr\u00e1 so sem eg hefi gj\u00f6rt n\u00fa \u00ed nokkur \u00e1r?&#8220; Og or\u00f0 Drottins Seba\u00f3t ske\u00f0i til m\u00edn og sag\u00f0i: Tala \u00fe\u00fa til alls f\u00f3lksins \u00ed landinu og til prestanna og seg\u00f0u: <a href=\"https:\/\/biblian.is\/gudbrandsbiblia\/sakaria-7-kafli\/\"> [&#8230;]<\/a><\/p>\n","protected":false},"author":1,"featured_media":0,"parent":0,"menu_order":0,"comment_status":"open","ping_status":"open","template":"bibliukaflar.php","meta":{"footnotes":""},"class_list":["post-3617","page","type-page","status-publish","hentry"],"_links":{"self":[{"href":"https:\/\/biblian.is\/gudbrandsbiblia\/wp-json\/wp\/v2\/pages\/3617","targetHints":{"allow":["GET"]}}],"collection":[{"href":"https:\/\/biblian.is\/gudbrandsbiblia\/wp-json\/wp\/v2\/pages"}],"about":[{"href":"https:\/\/biblian.is\/gudbrandsbiblia\/wp-json\/wp\/v2\/types\/page"}],"author":[{"embeddable":true,"href":"https:\/\/biblian.is\/gudbrandsbiblia\/wp-json\/wp\/v2\/users\/1"}],"replies":[{"embeddable":true,"href":"https:\/\/biblian.is\/gudbrandsbiblia\/wp-json\/wp\/v2\/comments?post=3617"}],"version-history":[{"count":0,"href":"https:\/\/biblian.is\/gudbrandsbiblia\/wp-json\/wp\/v2\/pages\/3617\/revisions"}],"wp:attachment":[{"href":"https:\/\/biblian.is\/gudbrandsbiblia\/wp-json\/wp\/v2\/media?parent=3617"}],"curies":[{"name":"wp","href":"https:\/\/api.w.org\/{rel}","templated":true}]}}