{"id":3616,"date":"2017-12-18T18:34:09","date_gmt":"2017-12-18T18:34:09","guid":{"rendered":"http:\/\/biblian.is\/gudbrandsbiblia\/sakaria-6-kafli\/"},"modified":"2017-12-18T18:34:09","modified_gmt":"2017-12-18T18:34:09","slug":"sakaria-6-kafli","status":"publish","type":"page","link":"https:\/\/biblian.is\/gudbrandsbiblia\/sakaria-6-kafli\/","title":{"rendered":"Sakar\u00eda 6. kafli"},"content":{"rendered":"<p>VI.<\/p>\n<p>Og eg upplyfti m\u00ednum augum enn einu sinni og s\u00e1 og sj\u00e1 \u00fe\u00fa, \u00fear voru fj\u00f3rir vagnar sem framgengu \u00e1 millum tveggja fjalla en \u00feau s\u00f6mu fj\u00f6ll voru af kopar. Fyrir \u00feeim fyrsta vagni voru rau\u00f0ir hestar en fyrir \u00feeim \u00f6\u00f0rum vagni voru br\u00fanir hestar, fyrir \u00feeim \u00feri\u00f0ja vagni voru hv\u00edtir og fyrir \u00feeim fj\u00f3r\u00f0a vagni voru skj\u00f3ttir hestar sterkir.<\/p>\n<p>\tOg eg svara\u00f0i og sag\u00f0i til engilsins sem tala\u00f0i vi\u00f0 mig: &#8222;Minn herra, hverjir eru \u00feessir?&#8220; Engillinn svara\u00f0i og sag\u00f0i til m\u00edn: &#8222;\u00deetta eru \u00feeir fj\u00f6rir vindar undir himninum sem koma fram a\u00f0 \u00feeir skulu framganga fyrir allra landa stj\u00f3rnendur. En s\u00e1 \u00feeir sv\u00f6rtu hestar voru fyrir hann gekk \u00ed m\u00f3t nor\u00f0ri en \u00feeir hv\u00edtu hestar gengu eftir \u00feeim en \u00feeir skj\u00f3ttu gengu \u00ed m\u00f3t su\u00f0ri, \u00feeir sterku \u00fat gengu og dr\u00f3gu um kring so \u00feeir f\u00e6ri \u00ed gegnum \u00f6ll l\u00f6nd.&#8220; Og hann sag\u00f0i: &#8222;Fari\u00f0 burtu og fer\u00f0ist \u00ed gegnum landi\u00f0.&#8220; Og \u00feeir dr\u00f3gu \u00ed gegnum landi\u00f0. Og hann kalla\u00f0i mig og tala\u00f0i til m\u00edn og sag\u00f0i: &#8222;Sj\u00e1\u00f0u, \u00feeir sem draga \u00ed m\u00f3t nor\u00f0rinu, \u00feeir koma m\u00ednum anda til a\u00f0 hv\u00edlast \u00ed landinu m\u00f3t nor\u00f0ri.&#8220;<\/p>\n<p>\tOg or\u00f0 Drottins ske\u00f0i til m\u00edn og sag\u00f0i: Tak af \u00feessum herteknu sem eru af Helda\u00ed og af Tob\u00eda og af Jedaja og kom \u00fe\u00fa \u00feann sama dag og gakk \u00fe\u00fa inn \u00ed J\u00f3s\u00eda Zophoniesonar h\u00fas, hverjir komnir eru fr\u00e1 Bab\u00fdlon. En tak \u00fe\u00fa silfur og gull og gj\u00f6r k\u00f3r\u00f3nur og set \u00fe\u00e6r upp \u00e1 h\u00f6fu\u00f0 J\u00f3s\u00faa J\u00f3sedekssonar \u00feess yppasta prests og seg\u00f0u til hans: So segir Drottinn Seba\u00f3t:<\/p>\n<p>\tSj\u00e1\u00f0u, \u00fea\u00f0 er einn mann, hans nafn er <span class=\"athugasemd\" title=\"Sema \/ Norr\u00e6nast gr\u00f3\u00f0ur og er sp\u00e1d\u00f3mur \u00fat af Christo\">[<\/span> Sema, \u00fev\u00ed undir honum skal \u00fea\u00f0 vaxa og hann skal byggja Gu\u00f0s musteri, j\u00e1 musteri Drottins skal hann byggja og bera vegsemdina og hann skal sitja og drottna \u00e1 s\u00ednum st\u00f3li. <span class=\"athugasemd\" title=\"Sema \/ Christus\">[<\/span> Hann skal og vera prestur \u00e1 s\u00ednum st\u00f3li og \u00fear skal vera fri\u00f0ur \u00e1 millum \u00feeirra beggja. Og \u00feessar k\u00f3r\u00f3nur skulu vera \u00feeim Helem, Tob\u00eda, Jedaja og Hen Zophoniassyni til einnrar minningar \u00ed musteri Drottins. Og \u00feeir skulu af fjarl\u00e6g\u00f0 koma sem uppbyggja skulu musteri Drottins. \u00de\u00e1 skulu \u00fe\u00e9r vi\u00f0urkannast a\u00f0 Drottinn Gu\u00f0 Seba\u00f3t hefur sent mig til y\u00f0ar. Og \u00fea\u00f0 skal ske ef \u00fe\u00e9r vilji\u00f0 hl\u00fd\u00f0a r\u00f6dd Drottins y\u00f0ars Gu\u00f0s.<\/p>\n","protected":false},"excerpt":{"rendered":"<p>VI. Og eg upplyfti m\u00ednum augum enn einu sinni og s\u00e1 og sj\u00e1 \u00fe\u00fa, \u00fear voru fj\u00f3rir vagnar sem framgengu \u00e1 millum tveggja fjalla en \u00feau s\u00f6mu fj\u00f6ll voru af kopar. Fyrir \u00feeim fyrsta vagni voru rau\u00f0ir hestar en fyrir \u00feeim \u00f6\u00f0rum vagni voru br\u00fanir hestar, fyrir \u00feeim \u00feri\u00f0ja vagni voru hv\u00edtir og fyrir \u00feeim fj\u00f3r\u00f0a vagni voru skj\u00f3ttir hestar sterkir. Og eg svara\u00f0i og sag\u00f0i til engilsins sem tala\u00f0i vi\u00f0 mig: &#8222;Minn herra, hverjir eru \u00feessir?&#8220; Engillinn svara\u00f0i og sag\u00f0i til m\u00edn: &#8222;\u00deetta eru \u00feeir fj\u00f6rir vindar undir himninum sem koma fram a\u00f0 \u00feeir skulu framganga fyrir allra landa <a href=\"https:\/\/biblian.is\/gudbrandsbiblia\/sakaria-6-kafli\/\"> [&#8230;]<\/a><\/p>\n","protected":false},"author":1,"featured_media":0,"parent":0,"menu_order":0,"comment_status":"open","ping_status":"open","template":"bibliukaflar.php","meta":{"footnotes":""},"class_list":["post-3616","page","type-page","status-publish","hentry"],"_links":{"self":[{"href":"https:\/\/biblian.is\/gudbrandsbiblia\/wp-json\/wp\/v2\/pages\/3616","targetHints":{"allow":["GET"]}}],"collection":[{"href":"https:\/\/biblian.is\/gudbrandsbiblia\/wp-json\/wp\/v2\/pages"}],"about":[{"href":"https:\/\/biblian.is\/gudbrandsbiblia\/wp-json\/wp\/v2\/types\/page"}],"author":[{"embeddable":true,"href":"https:\/\/biblian.is\/gudbrandsbiblia\/wp-json\/wp\/v2\/users\/1"}],"replies":[{"embeddable":true,"href":"https:\/\/biblian.is\/gudbrandsbiblia\/wp-json\/wp\/v2\/comments?post=3616"}],"version-history":[{"count":0,"href":"https:\/\/biblian.is\/gudbrandsbiblia\/wp-json\/wp\/v2\/pages\/3616\/revisions"}],"wp:attachment":[{"href":"https:\/\/biblian.is\/gudbrandsbiblia\/wp-json\/wp\/v2\/media?parent=3616"}],"curies":[{"name":"wp","href":"https:\/\/api.w.org\/{rel}","templated":true}]}}