{"id":3615,"date":"2017-12-18T18:34:09","date_gmt":"2017-12-18T18:34:09","guid":{"rendered":"http:\/\/biblian.is\/gudbrandsbiblia\/sakaria-5-kafli\/"},"modified":"2017-12-18T18:34:09","modified_gmt":"2017-12-18T18:34:09","slug":"sakaria-5-kafli","status":"publish","type":"page","link":"https:\/\/biblian.is\/gudbrandsbiblia\/sakaria-5-kafli\/","title":{"rendered":"Sakar\u00eda 5. kafli"},"content":{"rendered":"<p>V.<\/p>\n<p>Og eg upplyfta m\u00ednum augum enn einu sinni og s\u00e1 og sj\u00e1 \u00fe\u00fa, \u00fear var eitt flj\u00faganda <span class=\"athugasemd\" title=\"a \/ Br\u00e9f) \/ \u00deeir e\u00f0 falsa Ritningina hryggja g\u00f3\u00f0a menn en hr\u00e6sna og h\u00e6la vondum\">[<\/span> br\u00e9f. Og hann sag\u00f0i til m\u00edn: &#8222;Hva\u00f0 s\u00e9r \u00fe\u00fa?&#8220; Eg svara\u00f0i: &#8222;Eg s\u00e9 eitt flj\u00faganda br\u00e9f sem er tuttugu \u00e1lna langt og t\u00edu \u00e1lna breitt.&#8220; Og hann sag\u00f0i til m\u00edn: &#8222;\u00dea\u00f0 er s\u00fa b\u00f6lvan sem \u00fatgengur yfir allt landi\u00f0. \u00dev\u00ed allir \u00fej\u00f3far ver\u00f0a sag\u00f0ir fr\u00f3mir eftir \u00feessu br\u00e9fi og allir meins\u00e6rismenn ver\u00f0a og sag\u00f0ir fr\u00f3mir eftir \u00feessu br\u00e9fi. En eg vil \u00fear koma l\u00e1ta, segir Drottinn Seba\u00f3t, a\u00f0 \u00fea\u00f0 skal koma yfir \u00fej\u00f3fanna h\u00fas og so l\u00edka yfir \u00feeirra h\u00fas sem sverja falslega vi\u00f0 mitt nafn og \u00fea\u00f0 skal bl\u00edfa \u00ed \u00feeirra h\u00fasi og ey\u00f0a \u00fear b\u00e6\u00f0i stokkum og steinum.&#8220;<\/p>\n<p>\tEn engillinn sem tala\u00f0i vi\u00f0 mig gekk \u00fat og sag\u00f0i til m\u00edn: &#8222;Upplyftu \u00fe\u00ednum augum og sj\u00e1, hva\u00f0 gengur \u00fear \u00fat?&#8220; Og eg sag\u00f0a: &#8222;Hva\u00f0 er \u00fea\u00f0?&#8220; Og hann sag\u00f0i: &#8222;Einn m\u00e6lir gengur \u00fat.&#8220; Og hann sag\u00f0i: &#8222;\u00dea\u00f0 er \u00feeirra skikkan \u00ed \u00f6llu \u00fev\u00ed landi.&#8220; Og sj\u00e1, \u00fear barst fram eitt pund bl\u00fd og \u00fear var ein kvinna sem sat \u00ed m\u00e6lirnum. Og hann sag\u00f0i: &#8222;\u00deetta er s\u00e1 \u00f3gu\u00f0legi l\u00e6rd\u00f3mur.&#8220; Og hann kasta\u00f0i henni \u00ed m\u00e6lirinn og varpa\u00f0i \u00fev\u00ed bl\u00fdl\u00f3\u00f0i \u00ed holi\u00f0 \u00e1 honum. <\/p>\n<p>\tOg eg h\u00f3f upp m\u00ednu augu og s\u00e1 og sj\u00e1\u00f0u, \u00fear gengu tv\u00e6r konur \u00fat og h\u00f6f\u00f0u v\u00e6ngi og vindur st\u00f3\u00f0 af \u00feeim og \u00feeirra v\u00e6ngir voru sem storksv\u00e6ngir og \u00fe\u00e6r f\u00e6r\u00f0u m\u00e6lirinn \u00ed lofti \u00e1 millum himins og jar\u00f0ar. Og eg sag\u00f0a til engilsins sem tala\u00f0i vi\u00f0 mig: &#8222;Hvert flytja \u00fe\u00e6r m\u00e6lirinn h\u00e9\u00f0an?&#8220; Og hann sag\u00f0i til m\u00edn: &#8222;A\u00f0 honum uppbyggist eitt h\u00fas og tilrei\u00f0ist \u00ed landinu S\u00ednear og a\u00f0 hann \u00fear settur ver\u00f0i \u00e1 sinn grundv\u00f6ll.&#8220;<\/p>\n","protected":false},"excerpt":{"rendered":"<p>V. Og eg upplyfta m\u00ednum augum enn einu sinni og s\u00e1 og sj\u00e1 \u00fe\u00fa, \u00fear var eitt flj\u00faganda [ br\u00e9f. Og hann sag\u00f0i til m\u00edn: &#8222;Hva\u00f0 s\u00e9r \u00fe\u00fa?&#8220; Eg svara\u00f0i: &#8222;Eg s\u00e9 eitt flj\u00faganda br\u00e9f sem er tuttugu \u00e1lna langt og t\u00edu \u00e1lna breitt.&#8220; Og hann sag\u00f0i til m\u00edn: &#8222;\u00dea\u00f0 er s\u00fa b\u00f6lvan sem \u00fatgengur yfir allt landi\u00f0. \u00dev\u00ed allir \u00fej\u00f3far ver\u00f0a sag\u00f0ir fr\u00f3mir eftir \u00feessu br\u00e9fi og allir meins\u00e6rismenn ver\u00f0a og sag\u00f0ir fr\u00f3mir eftir \u00feessu br\u00e9fi. En eg vil \u00fear koma l\u00e1ta, segir Drottinn Seba\u00f3t, a\u00f0 \u00fea\u00f0 skal koma yfir \u00fej\u00f3fanna h\u00fas og so l\u00edka yfir \u00feeirra h\u00fas sem <a href=\"https:\/\/biblian.is\/gudbrandsbiblia\/sakaria-5-kafli\/\"> [&#8230;]<\/a><\/p>\n","protected":false},"author":1,"featured_media":0,"parent":0,"menu_order":0,"comment_status":"open","ping_status":"open","template":"bibliukaflar.php","meta":{"footnotes":""},"class_list":["post-3615","page","type-page","status-publish","hentry"],"_links":{"self":[{"href":"https:\/\/biblian.is\/gudbrandsbiblia\/wp-json\/wp\/v2\/pages\/3615","targetHints":{"allow":["GET"]}}],"collection":[{"href":"https:\/\/biblian.is\/gudbrandsbiblia\/wp-json\/wp\/v2\/pages"}],"about":[{"href":"https:\/\/biblian.is\/gudbrandsbiblia\/wp-json\/wp\/v2\/types\/page"}],"author":[{"embeddable":true,"href":"https:\/\/biblian.is\/gudbrandsbiblia\/wp-json\/wp\/v2\/users\/1"}],"replies":[{"embeddable":true,"href":"https:\/\/biblian.is\/gudbrandsbiblia\/wp-json\/wp\/v2\/comments?post=3615"}],"version-history":[{"count":0,"href":"https:\/\/biblian.is\/gudbrandsbiblia\/wp-json\/wp\/v2\/pages\/3615\/revisions"}],"wp:attachment":[{"href":"https:\/\/biblian.is\/gudbrandsbiblia\/wp-json\/wp\/v2\/media?parent=3615"}],"curies":[{"name":"wp","href":"https:\/\/api.w.org\/{rel}","templated":true}]}}