{"id":3614,"date":"2017-12-18T18:34:09","date_gmt":"2017-12-18T18:34:09","guid":{"rendered":"http:\/\/biblian.is\/gudbrandsbiblia\/sakaria-4-kafli\/"},"modified":"2017-12-18T18:34:09","modified_gmt":"2017-12-18T18:34:09","slug":"sakaria-4-kafli","status":"publish","type":"page","link":"https:\/\/biblian.is\/gudbrandsbiblia\/sakaria-4-kafli\/","title":{"rendered":"Sakar\u00eda 4. kafli"},"content":{"rendered":"<p>IIII.<\/p>\n<p>Og engillinn sem vi\u00f0 mig tala\u00f0i kom aftur og uppvakti mig, l\u00edka sem \u00fe\u00e1 nokkur uppvaknar af svefni, og sag\u00f0i til m\u00edn: &#8222;Hva\u00f0 s\u00e9r \u00fe\u00fa?&#8220; Eg sag\u00f0i: &#8222;Eg s\u00e9 og sj\u00e1, a\u00f0 \u00fear st\u00f3\u00f0 ein kertistika af gulli og ein sk\u00e1l \u00fear ofan upp \u00e1. \u00dear voru sj\u00f6 lampar ofan \u00e1 og l\u00edka sj\u00f6 trektir, vi\u00f0 hvern lampa, og tv\u00f6 vi\u00f0smj\u00f6rstr\u00e9 \u00fear hj\u00e1, eitt \u00e1 h\u00e6gri s\u00ed\u00f0u sk\u00e1larinnar og anna\u00f0 \u00e1 vinstri s\u00ed\u00f0u.&#8220;<\/p>\n<p>\tOg eg svara\u00f0i og sag\u00f0i til engilsins sem tala\u00f0i vi\u00f0 mig: &#8222;Minn herra, hva\u00f0 er \u00fea\u00f0?&#8220; Og engillinn s\u00e1 sem tala\u00f0i vi\u00f0 mig svara\u00f0i og sag\u00f0i til m\u00edn: &#8222;Veistu ekki hva\u00f0 \u00fea\u00f0 er?&#8220; Og eg sag\u00f0i: &#8222;Nei, minn herra.&#8220; Og hann svara\u00f0i og sag\u00f0i til m\u00edn: &#8222;\u00dea\u00f0 er or\u00f0 Drottins um S\u00f3r\u00f3babel. <span class=\"athugasemd\" title=\"S\u00f3r\u00f3babel\">[<\/span> \u00dea\u00f0 skal hverki ske me\u00f0 magt n\u00e9 herna\u00f0i heldur fyrir minn anda, segir Drottinn Seba\u00f3t. Hva\u00f0 ertu, \u00fe\u00fa st\u00f3ra fjall, hvert \u00fe\u00f3 vera skal eitt sl\u00e9ttlendi fyrir S\u00f3r\u00f3babel? Og hann skal uppf\u00e6ra \u00feann fyrsta stein so menn skulu hr\u00f3pa: Gu\u00f0 gefi til lukku, Gu\u00f0 gefi til lukku!&#8220;<\/p>\n<p>\tOg or\u00f0 Drottins ske\u00f0i til m\u00edn og sag\u00f0i: S\u00f3r\u00f3babels hendur l\u00f6g\u00f0u grundv\u00f6llinn \u00feessa h\u00fass. Hans hendur skulu og fullkomna \u00fea\u00f0 so \u00fe\u00e9r skulu\u00f0 vita a\u00f0 Drottinn hefur sent mig til y\u00f0ar. \u00dev\u00ed hver er s\u00e1 sem foraktar \u00feessa litla daga? \u00c1 hverjum a\u00f0 menn skulu \u00fe\u00f3 gle\u00f0ja sig og sj\u00e1 \u00feann m\u00e6li\u00fer\u00e1\u00f0 \u00ed S\u00f3r\u00f3babels hendi me\u00f0 \u00feeim sj\u00f6, sem eru augu Drottins hver a\u00f0 reisa \u00ed gegnum \u00fea\u00f0 heilaga land. <\/p>\n<p>\tOg eg svara\u00f0i og sag\u00f0i til hans: &#8222;Hva\u00f0 eru \u00feau tv\u00f6 ol\u00edutr\u00e9 til h\u00e6gri og vinstri s\u00ed\u00f0u lj\u00f3sastjakans?&#8220; Og eg svara\u00f0i \u00ed anna\u00f0 sinn og sag\u00f0i til hans: &#8222;Hva\u00f0 eru \u00fe\u00e6r tv\u00e6r greinir \u00feess vi\u00f0smj\u00f6rsvi\u00f0artr\u00e9s sem \u00fear standa hj\u00e1 \u00feeim tveim gylltum lj\u00f3sask\u00e6rum me\u00f0 hverjum a\u00f0 menn taka sk\u00f6rin af \u00feeim gylltu l\u00f6mpunum?&#8220; Og hann sag\u00f0i til m\u00edn: &#8222;Veistu ekki hva\u00f0 \u00fea\u00f0 er?&#8220; En eg svara\u00f0i: &#8222;Nei, minn herra.&#8220; Og hann sag\u00f0i: &#8222;\u00dea\u00f0 eru \u00feau tv\u00f6 ol\u00eduvi\u00f0arb\u00f6rn sem \u00fear standa hj\u00e1 h\u00f6f\u00f0ingjanum alls landsins.&#8220;<\/p>\n","protected":false},"excerpt":{"rendered":"<p>IIII. Og engillinn sem vi\u00f0 mig tala\u00f0i kom aftur og uppvakti mig, l\u00edka sem \u00fe\u00e1 nokkur uppvaknar af svefni, og sag\u00f0i til m\u00edn: &#8222;Hva\u00f0 s\u00e9r \u00fe\u00fa?&#8220; Eg sag\u00f0i: &#8222;Eg s\u00e9 og sj\u00e1, a\u00f0 \u00fear st\u00f3\u00f0 ein kertistika af gulli og ein sk\u00e1l \u00fear ofan upp \u00e1. \u00dear voru sj\u00f6 lampar ofan \u00e1 og l\u00edka sj\u00f6 trektir, vi\u00f0 hvern lampa, og tv\u00f6 vi\u00f0smj\u00f6rstr\u00e9 \u00fear hj\u00e1, eitt \u00e1 h\u00e6gri s\u00ed\u00f0u sk\u00e1larinnar og anna\u00f0 \u00e1 vinstri s\u00ed\u00f0u.&#8220; Og eg svara\u00f0i og sag\u00f0i til engilsins sem tala\u00f0i vi\u00f0 mig: &#8222;Minn herra, hva\u00f0 er \u00fea\u00f0?&#8220; Og engillinn s\u00e1 sem tala\u00f0i vi\u00f0 mig svara\u00f0i og sag\u00f0i <a href=\"https:\/\/biblian.is\/gudbrandsbiblia\/sakaria-4-kafli\/\"> [&#8230;]<\/a><\/p>\n","protected":false},"author":1,"featured_media":0,"parent":0,"menu_order":0,"comment_status":"open","ping_status":"open","template":"bibliukaflar.php","meta":{"footnotes":""},"class_list":["post-3614","page","type-page","status-publish","hentry"],"_links":{"self":[{"href":"https:\/\/biblian.is\/gudbrandsbiblia\/wp-json\/wp\/v2\/pages\/3614","targetHints":{"allow":["GET"]}}],"collection":[{"href":"https:\/\/biblian.is\/gudbrandsbiblia\/wp-json\/wp\/v2\/pages"}],"about":[{"href":"https:\/\/biblian.is\/gudbrandsbiblia\/wp-json\/wp\/v2\/types\/page"}],"author":[{"embeddable":true,"href":"https:\/\/biblian.is\/gudbrandsbiblia\/wp-json\/wp\/v2\/users\/1"}],"replies":[{"embeddable":true,"href":"https:\/\/biblian.is\/gudbrandsbiblia\/wp-json\/wp\/v2\/comments?post=3614"}],"version-history":[{"count":0,"href":"https:\/\/biblian.is\/gudbrandsbiblia\/wp-json\/wp\/v2\/pages\/3614\/revisions"}],"wp:attachment":[{"href":"https:\/\/biblian.is\/gudbrandsbiblia\/wp-json\/wp\/v2\/media?parent=3614"}],"curies":[{"name":"wp","href":"https:\/\/api.w.org\/{rel}","templated":true}]}}