{"id":3613,"date":"2017-12-18T18:34:09","date_gmt":"2017-12-18T18:34:09","guid":{"rendered":"http:\/\/biblian.is\/gudbrandsbiblia\/sakaria-3-kafli\/"},"modified":"2017-12-18T18:34:09","modified_gmt":"2017-12-18T18:34:09","slug":"sakaria-3-kafli","status":"publish","type":"page","link":"https:\/\/biblian.is\/gudbrandsbiblia\/sakaria-3-kafli\/","title":{"rendered":"Sakar\u00eda 3. kafli"},"content":{"rendered":"<p>III.<\/p>\n<p>Og m\u00e9r var s\u00fdndur s\u00e1 mikli prestur J\u00f3s\u00faa standandi fyrir engli Drottins. Og Satan st\u00f3\u00f0 hj\u00e1 hans h\u00e6gri h\u00f6nd a\u00f0 standa \u00ed m\u00f3t honum. Og Drottinn sag\u00f0i til Satans: &#8222;Drottinn straffi \u00feig, Satan, j\u00e1 Drottinn straffi \u00feig, s\u00e1 sem \u00fatvaldi Jer\u00fasalem! Er \u00feetta ekki einn brandur \u00far eldi tekinn?&#8220; Og J\u00f3s\u00faa var \u00ed \u00f3hreinum kl\u00e6\u00f0um og st\u00f3\u00f0 fyrir englinum hver e\u00f0 svara\u00f0i og sag\u00f0i til \u00feeirra sem st\u00f3\u00f0u hj\u00e1 honum: &#8222;Taki\u00f0 \u00feau \u00f3hreinu kl\u00e6\u00f0i fr\u00e1 honum.&#8220;<\/p>\n<p>\tOg hann sag\u00f0i til hans: &#8222;Sj\u00e1\u00f0u, eg hefi teki\u00f0 \u00fe\u00ednar syndir fr\u00e1 \u00fe\u00e9r go \u00edf\u00e6rt \u00feig h\u00e1t\u00ed\u00f0akl\u00e6\u00f0um.&#8220; Og hann sag\u00f0i: &#8222;Setji\u00f0 einn hreinan hatt \u00e1 hans h\u00f6fu\u00f0.&#8220; Og \u00feeir settu einn hreinan hatt \u00e1 hans h\u00f6fu\u00f0 og f\u00e6r\u00f0u hann \u00ed kl\u00e6\u00f0i og s\u00e1 engill Drottins st\u00f3\u00f0 \u00fear.<\/p>\n<p>\tOg engill Drottins vitna\u00f0i fyrir J\u00f3s\u00faa og sag\u00f0i: &#8222;Svo segir s\u00e1 Drottinn Seba\u00f3t: Ef \u00fe\u00fa gengur \u00e1 m\u00ednum vegum og geymir m\u00ednar var\u00f0veitingar \u00fe\u00e1 skaltu stj\u00f3rna m\u00ednu h\u00fasi og geyma minna fordyra og eg vil gefa \u00fe\u00e9r af \u00feessum sem h\u00e9r standa a\u00f0 \u00feeir skulu vegv\u00edsa \u00fe\u00e9r.<\/p>\n<p>\tHeyr til, J\u00f3s\u00faa \u00e6\u00f0sti kennima\u00f0ur, \u00fe\u00fa og \u00fe\u00ednir vinir sem b\u00faa fyrir \u00fe\u00e9r, \u00fev\u00ed \u00feeir eru \u00e6t\u00ed\u00f0 undarlegir. \u00dev\u00ed sj\u00e1 \u00fe\u00fa, a\u00f0 eg vil l\u00e1ta minn \u00fe\u00e9nara Sema koma. <span class=\"athugasemd\" title=\"Sema\">[<\/span> \u00dev\u00ed sj\u00e1i\u00f0 \u00e1 \u00feeim eina steini sem eg lag\u00f0a fyrir J\u00f3s\u00faa skulu vera sj\u00f6 augu. En sj\u00e1, eg vil \u00fath\u00f6ggva hann, segir Drottinn Seba\u00f3t, og eg vil burt taka sama lands syndir \u00e1 einn dag. \u00c1 \u00feeim sama t\u00edma, segir Drottinn Seba\u00f3t, skal hver bj\u00f3\u00f0a \u00f6\u00f0rum til gests undir v\u00ednvi\u00f0artr\u00e9 og f\u00edkjutr\u00e9.&#8220;<\/p>\n","protected":false},"excerpt":{"rendered":"<p>III. Og m\u00e9r var s\u00fdndur s\u00e1 mikli prestur J\u00f3s\u00faa standandi fyrir engli Drottins. Og Satan st\u00f3\u00f0 hj\u00e1 hans h\u00e6gri h\u00f6nd a\u00f0 standa \u00ed m\u00f3t honum. Og Drottinn sag\u00f0i til Satans: &#8222;Drottinn straffi \u00feig, Satan, j\u00e1 Drottinn straffi \u00feig, s\u00e1 sem \u00fatvaldi Jer\u00fasalem! Er \u00feetta ekki einn brandur \u00far eldi tekinn?&#8220; Og J\u00f3s\u00faa var \u00ed \u00f3hreinum kl\u00e6\u00f0um og st\u00f3\u00f0 fyrir englinum hver e\u00f0 svara\u00f0i og sag\u00f0i til \u00feeirra sem st\u00f3\u00f0u hj\u00e1 honum: &#8222;Taki\u00f0 \u00feau \u00f3hreinu kl\u00e6\u00f0i fr\u00e1 honum.&#8220; Og hann sag\u00f0i til hans: &#8222;Sj\u00e1\u00f0u, eg hefi teki\u00f0 \u00fe\u00ednar syndir fr\u00e1 \u00fe\u00e9r go \u00edf\u00e6rt \u00feig h\u00e1t\u00ed\u00f0akl\u00e6\u00f0um.&#8220; Og hann sag\u00f0i: &#8222;Setji\u00f0 einn hreinan <a href=\"https:\/\/biblian.is\/gudbrandsbiblia\/sakaria-3-kafli\/\"> [&#8230;]<\/a><\/p>\n","protected":false},"author":1,"featured_media":0,"parent":0,"menu_order":0,"comment_status":"open","ping_status":"open","template":"bibliukaflar.php","meta":{"footnotes":""},"class_list":["post-3613","page","type-page","status-publish","hentry"],"_links":{"self":[{"href":"https:\/\/biblian.is\/gudbrandsbiblia\/wp-json\/wp\/v2\/pages\/3613","targetHints":{"allow":["GET"]}}],"collection":[{"href":"https:\/\/biblian.is\/gudbrandsbiblia\/wp-json\/wp\/v2\/pages"}],"about":[{"href":"https:\/\/biblian.is\/gudbrandsbiblia\/wp-json\/wp\/v2\/types\/page"}],"author":[{"embeddable":true,"href":"https:\/\/biblian.is\/gudbrandsbiblia\/wp-json\/wp\/v2\/users\/1"}],"replies":[{"embeddable":true,"href":"https:\/\/biblian.is\/gudbrandsbiblia\/wp-json\/wp\/v2\/comments?post=3613"}],"version-history":[{"count":0,"href":"https:\/\/biblian.is\/gudbrandsbiblia\/wp-json\/wp\/v2\/pages\/3613\/revisions"}],"wp:attachment":[{"href":"https:\/\/biblian.is\/gudbrandsbiblia\/wp-json\/wp\/v2\/media?parent=3613"}],"curies":[{"name":"wp","href":"https:\/\/api.w.org\/{rel}","templated":true}]}}