{"id":3612,"date":"2017-12-18T18:34:09","date_gmt":"2017-12-18T18:34:09","guid":{"rendered":"http:\/\/biblian.is\/gudbrandsbiblia\/sakaria-2-kafli\/"},"modified":"2017-12-18T18:34:09","modified_gmt":"2017-12-18T18:34:09","slug":"sakaria-2-kafli","status":"publish","type":"page","link":"https:\/\/biblian.is\/gudbrandsbiblia\/sakaria-2-kafli\/","title":{"rendered":"Sakar\u00eda 2. kafli"},"content":{"rendered":"<p>II.<\/p>\n<p>Og eg upplyfta m\u00ednum augum og s\u00e1 og sj\u00e1 \u00fe\u00fa, einn ma\u00f0ur haf\u00f0i einn m\u00e6li\u00fer\u00e1\u00f0 \u00ed hendinni. Og eg sag\u00f0a: &#8222;Hvert viltu fara?&#8220; En hann sag\u00f0i til m\u00edn: &#8222;Eg vil m\u00e6la Jer\u00fasalem og sj\u00e1 til hversu l\u00f6ng og v\u00ed\u00f0 h\u00fan skal vera.&#8220; Og sj\u00e1 \u00fe\u00fa, a\u00f0 engillinn s\u00e1 e\u00f0 vi\u00f0 mig tala\u00f0i gekk \u00fat og einn annar engill gekk \u00fat \u00ed m\u00f3ti honum og sag\u00f0i til hans: &#8222;Skunda \u00fe\u00fa og tala til \u00feess ungmennis og seg\u00f0u til hans: Jer\u00fasalem skal byggjast \u00e1n m\u00farveggja fyrir s\u00f6kum mikils mannfj\u00f6lda \u00feeirra manna og f\u00e9na\u00f0ar sem \u00fear skal vera \u00fati og eg vil vera einn gl\u00f3andi m\u00farveggur \u00fear um kring, segir Drottinn, og eg vil vera \u00fear inni og eg vil au\u00f0s\u00fdna mig d\u00fdr\u00f0legan \u00fear inni.&#8220; <span class=\"athugasemd\" title=\"Fyrirheit \/ Deut. iiii. \/ Sach. viii.\">[<\/span><\/p>\n<p>\tHei, hei, fl\u00fdi\u00f0 af nor\u00f0urlandinu, segir Drottinn. <span class=\"athugasemd\" title=\"S\u00e1l. xviii.\">[<\/span> \u00dev\u00ed a\u00f0 eg skildi y\u00f0ur \u00ed fj\u00f3rar \u00e1ttir undir himninum, segir Drottinn. Hei S\u00edon, \u00fe\u00fa sem b\u00fdr hj\u00e1 Bab\u00fdlonsd\u00f3ttir, fl\u00fd \u00fe\u00fa! \u00dev\u00ed so segir Drottinn Seba\u00f3t: Hann sendi mig til hei\u00f0ingjanna, \u00feeirra sem r\u00e6ntu y\u00f0ur. \u00deeirra magt hefur einn enda. Hver sem snertir y\u00f0ur s\u00e1 snertir hans augastein. \u00dev\u00ed sj\u00e1i\u00f0, eg vil veifa minni hendi yfir \u00fe\u00e1 so \u00feeir skulu ver\u00f0a eitt herfang sem \u00feeim \u00fej\u00f3na\u00f0 hafa so \u00fe\u00e9r skulu\u00f0 vita a\u00f0 Drottinn Seba\u00f3t hefur sent mig.<\/p>\n<p>\tGle\u00f0 \u00feig og fagna, \u00fe\u00fa S\u00edonsd\u00f3ttir, \u00fev\u00ed a\u00f0 sj\u00e1 \u00fe\u00fa, eg kem og vil b\u00faa hj\u00e1 \u00fe\u00e9r, segir Drottinn. <span class=\"athugasemd\" title=\"Huggun\">[<\/span> Og \u00e1 \u00feeim t\u00edma skulu margir hei\u00f0ingjar falla til Drottins og skulu vera mitt f\u00f3lk og eg vil b\u00faa hj\u00e1 \u00fe\u00e9r. So \u00fe\u00fa skalt merkja a\u00f0 s\u00e1 Drottinn Seba\u00f3t sendi mig til \u00fe\u00edn og s\u00e1 Drottinn skal erfa J\u00fada \u00ed sitt hlutskipti, \u00ed \u00fev\u00ed heil\u00f6gu landi, og hann skal \u00fatvelja Jer\u00fasalem aftur. Allt hold veri kyrrt fyrir Drottni \u00fev\u00ed hann hefur tilreitt sig af s\u00ednum heil\u00f6gum sta\u00f0.<\/p>\n","protected":false},"excerpt":{"rendered":"<p>II. Og eg upplyfta m\u00ednum augum og s\u00e1 og sj\u00e1 \u00fe\u00fa, einn ma\u00f0ur haf\u00f0i einn m\u00e6li\u00fer\u00e1\u00f0 \u00ed hendinni. Og eg sag\u00f0a: &#8222;Hvert viltu fara?&#8220; En hann sag\u00f0i til m\u00edn: &#8222;Eg vil m\u00e6la Jer\u00fasalem og sj\u00e1 til hversu l\u00f6ng og v\u00ed\u00f0 h\u00fan skal vera.&#8220; Og sj\u00e1 \u00fe\u00fa, a\u00f0 engillinn s\u00e1 e\u00f0 vi\u00f0 mig tala\u00f0i gekk \u00fat og einn annar engill gekk \u00fat \u00ed m\u00f3ti honum og sag\u00f0i til hans: &#8222;Skunda \u00fe\u00fa og tala til \u00feess ungmennis og seg\u00f0u til hans: Jer\u00fasalem skal byggjast \u00e1n m\u00farveggja fyrir s\u00f6kum mikils mannfj\u00f6lda \u00feeirra manna og f\u00e9na\u00f0ar sem \u00fear skal vera \u00fati og eg vil <a href=\"https:\/\/biblian.is\/gudbrandsbiblia\/sakaria-2-kafli\/\"> [&#8230;]<\/a><\/p>\n","protected":false},"author":1,"featured_media":0,"parent":0,"menu_order":0,"comment_status":"open","ping_status":"open","template":"bibliukaflar.php","meta":{"footnotes":""},"class_list":["post-3612","page","type-page","status-publish","hentry"],"_links":{"self":[{"href":"https:\/\/biblian.is\/gudbrandsbiblia\/wp-json\/wp\/v2\/pages\/3612","targetHints":{"allow":["GET"]}}],"collection":[{"href":"https:\/\/biblian.is\/gudbrandsbiblia\/wp-json\/wp\/v2\/pages"}],"about":[{"href":"https:\/\/biblian.is\/gudbrandsbiblia\/wp-json\/wp\/v2\/types\/page"}],"author":[{"embeddable":true,"href":"https:\/\/biblian.is\/gudbrandsbiblia\/wp-json\/wp\/v2\/users\/1"}],"replies":[{"embeddable":true,"href":"https:\/\/biblian.is\/gudbrandsbiblia\/wp-json\/wp\/v2\/comments?post=3612"}],"version-history":[{"count":0,"href":"https:\/\/biblian.is\/gudbrandsbiblia\/wp-json\/wp\/v2\/pages\/3612\/revisions"}],"wp:attachment":[{"href":"https:\/\/biblian.is\/gudbrandsbiblia\/wp-json\/wp\/v2\/media?parent=3612"}],"curies":[{"name":"wp","href":"https:\/\/api.w.org\/{rel}","templated":true}]}}