{"id":3610,"date":"2017-12-18T18:34:09","date_gmt":"2017-12-18T18:34:09","guid":{"rendered":"http:\/\/biblian.is\/gudbrandsbiblia\/haggai-2-kafli\/"},"modified":"2017-12-18T18:34:09","modified_gmt":"2017-12-18T18:34:09","slug":"haggai-2-kafli","status":"publish","type":"page","link":"https:\/\/biblian.is\/gudbrandsbiblia\/haggai-2-kafli\/","title":{"rendered":"Hagga\u00ed 2. kafli"},"content":{"rendered":"<p>II.<\/p>\n<p>Og \u00e1 \u00feeim fj\u00f3r\u00f0a og tuttugasta degi \u00ed \u00feeim s\u00e9tta m\u00e1na\u00f0i og \u00e1 \u00f6\u00f0ru \u00e1ri Darii k\u00f3ngs, \u00e1 \u00feann fyrsta og tuttugasta dag \u00ed \u00feeim sj\u00f6unda m\u00e1na\u00f0i, \u00fe\u00e1 ske\u00f0i or\u00f0 Drottins fyrir Haggeum propheta og sag\u00f0i: <span class=\"athugasemd\" title=\"Anna\u00f0 \u00e1r Darii k\u00f3ngs\">[<\/span> Seg\u00f0u til S\u00f3r\u00f3babel Sealt\u00edelssonar J\u00fada h\u00f6f\u00f0ingja og til J\u00f3s\u00faa J\u00f3sedekssonar kennimannsh\u00f6f\u00f0ingja og til \u00feess eftirbl\u00edfna f\u00f3lks og seg: Hver er n\u00fa eftirblifinn \u00e1 me\u00f0al y\u00f0ar sem s\u00e1 \u00feetta h\u00fas \u00ed sinni fyrri fegur\u00f0? Og hvernin sj\u00e1i \u00fe\u00e9r \u00fea\u00f0 n\u00fa? Er \u00fea\u00f0 ekki so a\u00f0 \u00fea\u00f0 \u00feykir y\u00f0ur einskisvert vera?<\/p>\n<p>\tOg n\u00fa, S\u00f3r\u00f3babel, vertu hughraustur, segir Drottinn. Vert \u00f6ruggur, \u00fe\u00fa J\u00f3s\u00faa J\u00f3sedeksson, \u00fe\u00fa prestah\u00f6f\u00f0ingi. Veri\u00f0 hughraustir, allt f\u00f3lk \u00ed landinu, segir Drottinn, og erfi\u00f0i\u00f0 \u00fev\u00ed eg er me\u00f0 y\u00f0ur, segir Drottinn Seba\u00f3t. Eftir \u00fev\u00ed or\u00f0i \u00fe\u00e1 eg gj\u00f6r\u00f0i s\u00e1ttm\u00e1la me\u00f0 y\u00f0ur \u00fe\u00e1 \u00fe\u00e9r dr\u00f3gu\u00f0 af Egyptalandi, \u00fe\u00e1 skal minn andi bl\u00edfa me\u00f0 y\u00f0ur. \u00d3ttist ekki.<\/p>\n<p>\t\u00dev\u00ed a\u00f0 so segir Drottinn Seba\u00f3t: <span class=\"athugasemd\" title=\"Fyrirheit \u00fat af Christo\">[<\/span> \u00dear er n\u00fa einn l\u00edtill t\u00edmi til a\u00f0 eg vil hr\u00e6ra himin og j\u00f6r\u00f0, sj\u00f3inn og \u00feurrlendi\u00f0, j\u00e1 eg vil hr\u00e6ra alla hei\u00f0ingjana. \u00de\u00e1 skal s\u00e1 huggari allra hei\u00f0ingja koma. Og eg vil gj\u00f6ra \u00feetta h\u00fas fullt af d\u00fdr\u00f0, segir Drottinn Seba\u00f3t, \u00fev\u00ed a\u00f0 b\u00e6\u00f0i silgur og gull er mitt, segir Drottinn Seba\u00f3t. \u00deessi s\u00ed\u00f0sta h\u00fassins d\u00fdr\u00f0 skal vera st\u00e6rri en hins fyrra var, segir Drottinn Seba\u00f3t. Og eg vil gefa fri\u00f0 \u00ed \u00feessum sta\u00f0, segir Drottinn Seba\u00f3t.<\/p>\n<p>\t\u00c1 \u00feeim fj\u00f3r\u00f0a og tuttugasta degi \u00feess n\u00edunda m\u00e1na\u00f0ar, \u00e1 \u00fev\u00ed \u00f6\u00f0ru \u00e1ri Darii, ske\u00f0i or\u00f0 Drottins til Haggeum propheta og sag\u00f0i: So segir Drottinn Seba\u00f3t: Spyr prestana a\u00f0 l\u00f6gm\u00e1linu og seg\u00f0u: Ef nokkur ber heilagt kj\u00f6t \u00ed skauti s\u00edns kyrtils og \u00e1hr\u00e6r\u00f0i s\u00ed\u00f0an me\u00f0 sama skauti brau\u00f0, k\u00e1l, v\u00edn, oleum e\u00f0a hva\u00f0 fyrir mat \u00fea\u00f0 v\u00e6ri, ver\u00f0ur \u00fea\u00f0 \u00fe\u00e1 og heilagt? Og prestarnir sv\u00f6ru\u00f0u og s\u00f6g\u00f0u: &#8222;Nei.&#8220; Haggeus sag\u00f0i: Ef nokkur \u00f3hreinn s\u00e1 sem snorti\u00f0 hefur eitt hr\u00e6 og ef hann snertur s\u00ed\u00f0an eitt af \u00feessu, ver\u00f0ur \u00fea\u00f0 \u00fe\u00e1 og \u00f3hreint? Prestarnir sv\u00f6ru\u00f0u og s\u00f6g\u00f0u: &#8222;\u00dea\u00f0 ver\u00f0ur \u00f3hreint.&#8220; \u00de\u00e1 svara\u00f0i Haggeus og sag\u00f0i: L\u00edka so er \u00feessi l\u00fd\u00f0ur og \u00feessir menn fyrir m\u00e9r, segir Drottinn, og allur gj\u00f6rningur \u00feeirra handa og \u00fea\u00f0 \u00feeir offra er \u00f3hreint. <span class=\"athugasemd\" title=\"Deut. xxviii. \/ Miche vi.\">[<\/span><\/p>\n<p>\tOg sj\u00e1i\u00f0 n\u00fa hvernin \u00fea\u00f0 hefur gengi\u00f0 y\u00f0ur fr\u00e1 \u00feessum degi og \u00e1\u00f0ur til forna fyrr en nokkur steinn var lag\u00f0ur upp \u00e1 annan \u00ed musteri Drottins, a\u00f0 \u00feegar nokkur kom til kornhr\u00fagunnar s\u00e1 sem hafa skyldi tuttugu m\u00e6liker\u00f6ld \u00fe\u00e1 ur\u00f0u \u00fear varla t\u00edu. K\u00e6mi hann til v\u00edn\u00fer\u00fagunnar og \u00e6tla\u00f0i a\u00f0 fylla fimmt\u00edgi tunnur \u00fe\u00e1 ur\u00f0u varla tuttugu. \u00dev\u00ed eg pl\u00e1ga\u00f0i y\u00f0ur me\u00f0 \u00feurrum vindi, brenndu korni og hagli \u00ed \u00f6llu y\u00f0ar arfi\u00f0i. En \u00fe\u00f3 l\u00edka vel sneru \u00fe\u00e9r y\u00f0ur ekki til m\u00edn, segir Drottinn.<\/p>\n<p>\t\u00dev\u00ed gefi\u00f0 g\u00e6tur a\u00f0 fr\u00e1 \u00feessum degi og til forna, sem er fr\u00e1 \u00feeim fj\u00f3r\u00f0a og tuttugasta degi \u00e1 \u00feeim n\u00edunda m\u00e1nu\u00f0i allt til \u00feessa dags, sem lag\u00f0ist grundv\u00f6llur \u00e1 musteri Drottins. Huglei\u00f0i\u00f0 \u00fea\u00f0 \u00fev\u00ed s\u00e6\u00f0i\u00f0 liggur enn n\u00fa \u00ed hl\u00f6\u00f0unni og \u00fea\u00f0 ber n\u00fa enn ekki \u00e1v\u00f6xt, hvorki v\u00edntr\u00e9\u00f0, f\u00edkjutr\u00e9\u00f0, granatatr\u00e9\u00f0 og ei heldur ol\u00edutr\u00e9\u00f0. En fr\u00e1 \u00feessum degi vil eg gefa blessan.<\/p>\n<p>\tOg or\u00f0 Drottins ske\u00f0i \u00ed annan t\u00edma til Haggeum, \u00e1 \u00feann fj\u00f3r\u00f0a og tuttugasta dag \u00ed m\u00e1nu\u00f0inum, og sag\u00f0i: Seg\u00f0u til S\u00f3r\u00f3babel h\u00f6f\u00f0ingjans \u00ed J\u00fada og seg \u00fe\u00fa: Eg vil hr\u00e6ra himin og j\u00f6r\u00f0 og <span class=\"athugasemd\" title=\"a \/ Umvelta) \/ \u00de\u00e1 \u00far Persia sem \u00fe\u00e9r \u00f3ttist, \u00feeim vil eg fyrirkoma. \u00dea\u00f0 ske\u00f0i af Alexandro Magno\">[<\/span> umvelta st\u00f3lum k\u00f3nganna og ey\u00f0ileggja \u00fe\u00e1 megtugu konunga hei\u00f0ingjanna og eg vil b\u00e6\u00f0i v\u00f6gnum og ridd\u00f6rum umturna so b\u00e6\u00f0i menn og hestar skulu ni\u00f0urfalla hver fyrir annars sver\u00f0i. \u00c1 sama t\u00edma, segir Drottinn Seba\u00f3t, vil eg taka \u00feig, S\u00f3r\u00f3babel S\u00e9alt\u00edelsson, minn \u00fe\u00e9nara, segir Drottinn, og eg vil halda \u00fe\u00e9r sem einum signetishring \u00fev\u00ed eg hefi \u00fatvali\u00f0 \u00feig, segir s\u00e1 Drottinn Seba\u00f3t. <\/p>\n<p>Ending prophetans Haggei<\/p>\n","protected":false},"excerpt":{"rendered":"<p>II. Og \u00e1 \u00feeim fj\u00f3r\u00f0a og tuttugasta degi \u00ed \u00feeim s\u00e9tta m\u00e1na\u00f0i og \u00e1 \u00f6\u00f0ru \u00e1ri Darii k\u00f3ngs, \u00e1 \u00feann fyrsta og tuttugasta dag \u00ed \u00feeim sj\u00f6unda m\u00e1na\u00f0i, \u00fe\u00e1 ske\u00f0i or\u00f0 Drottins fyrir Haggeum propheta og sag\u00f0i: [ Seg\u00f0u til S\u00f3r\u00f3babel Sealt\u00edelssonar J\u00fada h\u00f6f\u00f0ingja og til J\u00f3s\u00faa J\u00f3sedekssonar kennimannsh\u00f6f\u00f0ingja og til \u00feess eftirbl\u00edfna f\u00f3lks og seg: Hver er n\u00fa eftirblifinn \u00e1 me\u00f0al y\u00f0ar sem s\u00e1 \u00feetta h\u00fas \u00ed sinni fyrri fegur\u00f0? Og hvernin sj\u00e1i \u00fe\u00e9r \u00fea\u00f0 n\u00fa? Er \u00fea\u00f0 ekki so a\u00f0 \u00fea\u00f0 \u00feykir y\u00f0ur einskisvert vera? Og n\u00fa, S\u00f3r\u00f3babel, vertu hughraustur, segir Drottinn. Vert \u00f6ruggur, \u00fe\u00fa J\u00f3s\u00faa J\u00f3sedeksson, \u00fe\u00fa <a href=\"https:\/\/biblian.is\/gudbrandsbiblia\/haggai-2-kafli\/\"> [&#8230;]<\/a><\/p>\n","protected":false},"author":1,"featured_media":0,"parent":0,"menu_order":0,"comment_status":"open","ping_status":"open","template":"bibliukaflar.php","meta":{"footnotes":""},"class_list":["post-3610","page","type-page","status-publish","hentry"],"_links":{"self":[{"href":"https:\/\/biblian.is\/gudbrandsbiblia\/wp-json\/wp\/v2\/pages\/3610","targetHints":{"allow":["GET"]}}],"collection":[{"href":"https:\/\/biblian.is\/gudbrandsbiblia\/wp-json\/wp\/v2\/pages"}],"about":[{"href":"https:\/\/biblian.is\/gudbrandsbiblia\/wp-json\/wp\/v2\/types\/page"}],"author":[{"embeddable":true,"href":"https:\/\/biblian.is\/gudbrandsbiblia\/wp-json\/wp\/v2\/users\/1"}],"replies":[{"embeddable":true,"href":"https:\/\/biblian.is\/gudbrandsbiblia\/wp-json\/wp\/v2\/comments?post=3610"}],"version-history":[{"count":0,"href":"https:\/\/biblian.is\/gudbrandsbiblia\/wp-json\/wp\/v2\/pages\/3610\/revisions"}],"wp:attachment":[{"href":"https:\/\/biblian.is\/gudbrandsbiblia\/wp-json\/wp\/v2\/media?parent=3610"}],"curies":[{"name":"wp","href":"https:\/\/api.w.org\/{rel}","templated":true}]}}