{"id":3609,"date":"2017-12-18T18:34:09","date_gmt":"2017-12-18T18:34:09","guid":{"rendered":"http:\/\/biblian.is\/gudbrandsbiblia\/haggai-1-kafli\/"},"modified":"2017-12-18T18:34:09","modified_gmt":"2017-12-18T18:34:09","slug":"haggai-1-kafli","status":"publish","type":"page","link":"https:\/\/biblian.is\/gudbrandsbiblia\/haggai-1-kafli\/","title":{"rendered":"Hagga\u00ed 1. kafli"},"content":{"rendered":"<p>Prophetinn Haggeus<\/p>\n<p>I. <\/p>\n<p>\u00c1 \u00fev\u00ed \u00f6\u00f0ru \u00e1ri Darii k\u00f3ngs \u00ed \u00feeim sj\u00f6tta m\u00e1nu\u00f0i, \u00e1 \u00feeim fyrsta degi \u00ed m\u00e1nu\u00f0inum ske\u00f0i or\u00f0 Drottins fyrir Haggeum propheta til S\u00f3r\u00f3babel Sealt\u00edelsonar h\u00f6f\u00f0ingja yfir J\u00fada og J\u00f3s\u00faa J\u00f3sedekssonar \u00feess yppasta kennimanns og sag\u00f0i: <span class=\"athugasemd\" title=\"Fyrir hinga\u00f0bur\u00f0 Christi cdli \u00e1r \/ ii. Darii \u00e1r \/ S\u00f3r\u00f3babel \/ J\u00f3s\u00faa\">[<\/span> So segir s\u00e1 Drottinn Seba\u00f3t: \u00deetta f\u00f3lk segir: &#8222;T\u00edminn er ei enn kominn a\u00f0 menn skuli uppbyggja herrans h\u00fas.&#8220;<\/p>\n<p>\tOg or\u00f0 Drottins ske\u00f0i til Haggeus propheta: <span class=\"athugasemd\" title=\"Straff Gu\u00f0s or\u00f0s fyrirlitningar\">[<\/span> En y\u00f0ar t\u00ed\u00f0 er komin a\u00f0 \u00fe\u00e9r skulu\u00f0 b\u00faa \u00ed \u00feilju\u00f0um h\u00fasum og \u00feetta h\u00fas skal standa \u00ed ey\u00f0i! N\u00fa so segir Drottinn Seba\u00f3t: Sj\u00e1i\u00f0 hvernin y\u00f0ur gengur. \u00de\u00e9r s\u00e1i\u00f0 miklu og safni\u00f0 litlu. \u00de\u00e9r eti\u00f0 og ver\u00f0i\u00f0 ekki mettir. \u00de\u00e9r drekki\u00f0 og ver\u00f0i\u00f0 ekki drukknir. \u00de\u00e9r kl\u00e6\u00f0i\u00f0 y\u00f0ur og ver\u00f0i\u00f0 \u00fe\u00f3 ekki varmir og hver sem for\u00fe\u00e9nar peninga s\u00e1 leggur \u00fe\u00e1 \u00ed einn sundurslitinn pung.<\/p>\n<p>\tSo segir Drottinn Seba\u00f3t: Gaumg\u00e6fi\u00f0 hvernin \u00fea\u00f0 gengur y\u00f0ur. Fari\u00f0 upp \u00e1 fjalli\u00f0, s\u00e6ki\u00f0 vi\u00f0ina og byggi\u00f0 h\u00fasi\u00f0. \u00dea\u00f0 skal vera m\u00e9r \u00feakkn\u00e6mt og eg vil l\u00e1ta sj\u00e1 m\u00edna d\u00fdr\u00f0, segir Drottinn. \u00dev\u00ed \u00fe\u00e9r voni\u00f0 mikils og sj\u00e1i\u00f0, \u00fea\u00f0 ver\u00f0ur l\u00edti\u00f0. Og \u00fe\u00e9r allarei\u00f0u \u00fea\u00f0 heimf\u00e6r\u00f0u\u00f0 \u00fe\u00e1 gj\u00f6ri eg \u00fe\u00f3 \u00fea\u00f0 a\u00f0 dufti. Hvernin kemur \u00fea\u00f0 til, segir Drottinn Seba\u00f3t? Af \u00fev\u00ed a\u00f0 mitt h\u00fas stendur so \u00ed ey\u00f0i en hver einn kostar \u00e1 sitt h\u00fas. \u00dear fyrir heldur himinninn sinni d\u00f6ggu fyrir y\u00f0ur og j\u00f6r\u00f0in s\u00ednum \u00e1vexti. Og eg hefi kalla\u00f0 \u00feurrk b\u00e6\u00f0i yfir landi\u00f0 og fj\u00f6llin, yfir korn, v\u00edn, vi\u00f0smj\u00f6r og yfir allt \u00fea\u00f0 sem kemur af j\u00f6r\u00f0unni, og so yfir f\u00f3lk og f\u00e9 og yfir allra handa erfi\u00f0i.<\/p>\n<p>\t\u00de\u00e1 hl\u00fdddi S\u00f3r\u00f3babel Sealt\u00edelsson og J\u00f3s\u00faa J\u00f3sedekssonur s\u00e1 h\u00f6fu\u00f0prestur og allir \u00feeir sem eftir voru or\u00f0nir af f\u00f3lkinu \u00fev\u00edl\u00edkri Drottins \u00feeirra Gu\u00f0s r\u00f6ddu og or\u00f0um Haggei propheta, l\u00edka sem Drottinn \u00feeirra Gu\u00f0 haf\u00f0i \u00fatsent hann, og f\u00f3lki\u00f0 \u00f3tta\u00f0ist fyrir Drottni. \u00de\u00e1 sag\u00f0i Haggeus, Gu\u00f0s <span class=\"athugasemd\" title=\"a \/ Engill) \/ \u00dea\u00f0 er, sendibo\u00f0i e\u00f0ur pr\u00e9dikari\">[<\/span> engill sem haf\u00f0i bo\u00f0skap Drottins til f\u00f3lksins: Eg er me\u00f0 y\u00f0ur, segir Drottinn.<\/p>\n<p>\tOg Drottinn uppvakti anda S\u00f3r\u00f3babel Sealt\u00edelssonar h\u00f6f\u00f0ingja yfir J\u00fada og anda J\u00f3s\u00faa J\u00f3sedekssonar sonar prestah\u00f6f\u00f0ingjans og so anda \u00feess alls eftirbl\u00edfna f\u00f3lks so a\u00f0 \u00fea\u00f0 kom og arfi\u00f0a\u00f0i upp \u00e1 \u00feeirra Gu\u00f0s h\u00fas Drottins Seba\u00f3t.<\/p>\n","protected":false},"excerpt":{"rendered":"<p>Prophetinn Haggeus I. \u00c1 \u00fev\u00ed \u00f6\u00f0ru \u00e1ri Darii k\u00f3ngs \u00ed \u00feeim sj\u00f6tta m\u00e1nu\u00f0i, \u00e1 \u00feeim fyrsta degi \u00ed m\u00e1nu\u00f0inum ske\u00f0i or\u00f0 Drottins fyrir Haggeum propheta til S\u00f3r\u00f3babel Sealt\u00edelsonar h\u00f6f\u00f0ingja yfir J\u00fada og J\u00f3s\u00faa J\u00f3sedekssonar \u00feess yppasta kennimanns og sag\u00f0i: [ So segir s\u00e1 Drottinn Seba\u00f3t: \u00deetta f\u00f3lk segir: &#8222;T\u00edminn er ei enn kominn a\u00f0 menn skuli uppbyggja herrans h\u00fas.&#8220; Og or\u00f0 Drottins ske\u00f0i til Haggeus propheta: [ En y\u00f0ar t\u00ed\u00f0 er komin a\u00f0 \u00fe\u00e9r skulu\u00f0 b\u00faa \u00ed \u00feilju\u00f0um h\u00fasum og \u00feetta h\u00fas skal standa \u00ed ey\u00f0i! N\u00fa so segir Drottinn Seba\u00f3t: Sj\u00e1i\u00f0 hvernin y\u00f0ur gengur. \u00de\u00e9r s\u00e1i\u00f0 miklu og safni\u00f0 <a href=\"https:\/\/biblian.is\/gudbrandsbiblia\/haggai-1-kafli\/\"> [&#8230;]<\/a><\/p>\n","protected":false},"author":1,"featured_media":0,"parent":0,"menu_order":0,"comment_status":"open","ping_status":"open","template":"bibliukaflar.php","meta":{"footnotes":""},"class_list":["post-3609","page","type-page","status-publish","hentry"],"_links":{"self":[{"href":"https:\/\/biblian.is\/gudbrandsbiblia\/wp-json\/wp\/v2\/pages\/3609","targetHints":{"allow":["GET"]}}],"collection":[{"href":"https:\/\/biblian.is\/gudbrandsbiblia\/wp-json\/wp\/v2\/pages"}],"about":[{"href":"https:\/\/biblian.is\/gudbrandsbiblia\/wp-json\/wp\/v2\/types\/page"}],"author":[{"embeddable":true,"href":"https:\/\/biblian.is\/gudbrandsbiblia\/wp-json\/wp\/v2\/users\/1"}],"replies":[{"embeddable":true,"href":"https:\/\/biblian.is\/gudbrandsbiblia\/wp-json\/wp\/v2\/comments?post=3609"}],"version-history":[{"count":0,"href":"https:\/\/biblian.is\/gudbrandsbiblia\/wp-json\/wp\/v2\/pages\/3609\/revisions"}],"wp:attachment":[{"href":"https:\/\/biblian.is\/gudbrandsbiblia\/wp-json\/wp\/v2\/media?parent=3609"}],"curies":[{"name":"wp","href":"https:\/\/api.w.org\/{rel}","templated":true}]}}