{"id":3605,"date":"2017-12-18T18:34:09","date_gmt":"2017-12-18T18:34:09","guid":{"rendered":"http:\/\/biblian.is\/gudbrandsbiblia\/habakkuk-4-kafli\/"},"modified":"2017-12-18T18:34:09","modified_gmt":"2017-12-18T18:34:09","slug":"habakkuk-4-kafli","status":"publish","type":"page","link":"https:\/\/biblian.is\/gudbrandsbiblia\/habakkuk-4-kafli\/","title":{"rendered":"Habakkuk 4. kafli"},"content":{"rendered":"<p>IIII.<\/p>\n<p>\u00deetta er b\u00e6n Habakuks propheta fyrir \u00feeim saklausu.<\/p>\n<p>\tDrottinn, eg hefi heyrt \u00feitt rykti og \u00fea\u00f0 \u00f3tta\u00f0i mig. Drottinn, \u00fe\u00fa gj\u00f6rir \u00fe\u00edna gj\u00f6rninga lifandi \u00e1 mi\u00f0jum \u00e1runum og \u00e1 <span class=\"athugasemd\" title=\"a \/ mi\u00f0ju \u00e1ri) \/ \u00dea\u00f0 er, \u00ed r\u00e9ttan t\u00edma, \u00ed mi\u00f0jum m\u00f3tgangi\">[<\/span> mi\u00f0ju \u00e1rinu l\u00e6tur \u00fe\u00fa kunngj\u00f6ra \u00fea\u00f0 og \u00fe\u00e1 hrygg\u00f0in er \u00fear \u00fe\u00e1 minnist \u00fe\u00fa \u00e1 \u00fe\u00edna miskunnsemd.<\/p>\n<p>\tGu\u00f0 kom af su\u00f0ri og S\u00e1 heilagi af fjallinu Paran. Sela. <\/p>\n<p>\tHiminninn var fullur af hans lj\u00f3si og j\u00f6r\u00f0in var full af hans d\u00fdr\u00f0.<\/p>\n<p>\tHans birti var sem lj\u00f3s og geislar gengu af hans h\u00f6ndum og \u00fear var hans heimugleg magt.<\/p>\n<p>\tUndan honum gekk dreps\u00f3tt og pl\u00e1gan gekk \u00fat \u00fear sem hann f\u00f3r fram.<\/p>\n<p>\tHann st\u00f3\u00f0 og m\u00e6lti landi\u00f0, hann leit til og tv\u00edstra\u00f0i hei\u00f0ingjunum og veraldarfj\u00f6llin ur\u00f0u \u00ed sundurmalin og h\u00e6\u00f0irnar \u00ed heiminum m\u00e1ttu l\u00e6kkast \u00fe\u00e1 hann gekk \u00ed ver\u00f6ldinni.<\/p>\n<p>\tEg s\u00e1 hreysin \u00feeirra Bl\u00e1lendinga aumleg og sorgartj\u00f6ld \u00feeirra af Madian.<\/p>\n<p>\tDrottinn, varstu ekki rei\u00f0ur \u00ed fl\u00f3\u00f0inu og \u00fe\u00edn grimmd \u00ed vatninu og \u00fe\u00edn \u00e6\u00f0i \u00ed sj\u00f3num, \u00fe\u00e1 \u00fe\u00fa rei\u00f0st \u00e1 \u00fe\u00ednum hestum og \u00fe\u00ednir vagnar h\u00f6f\u00f0u sigurinn?<\/p>\n<p>\tFj\u00f6llin s\u00e1u \u00feig og hr\u00e6ddust, vatsstraumurinn rann burt, dj\u00fapi\u00f0 l\u00e9t heyra sig en h\u00e6\u00f0irnar h\u00f3fu upp hendurnar.<\/p>\n<p>\tS\u00f3lin og tungli\u00f0 st\u00f3\u00f0u kyrr, \u00fe\u00ednar p\u00edlur flj\u00faga burt me\u00f0 leiftran og \u00fe\u00edn spj\u00f3t me\u00f0 bjartri eldingu.<\/p>\n<p>\t\u00de\u00fa ni\u00f0urtra\u00f0st landi\u00f0 \u00ed rei\u00f0i og \u00ed sundurbar\u00f0ir hei\u00f0ingjana me\u00f0 grimmd.<\/p>\n<p>\t\u00de\u00fa dr\u00f3st \u00fat a\u00f0 hj\u00e1lpa \u00fe\u00ednu f\u00f3lki, a\u00f0 hj\u00e1lpa \u00fe\u00ednum smur\u00f0a. \u00de\u00fa \u00ed sundursl\u00f3st h\u00f6fu\u00f0i\u00f0 \u00ed \u00feess \u00f3gu\u00f0lega h\u00fasi og gj\u00f6r\u00f0ir nakinn grundv\u00f6llinn allt upp a\u00f0 h\u00e1lsi. Sela.<\/p>\n<p>\tForm\u00e6ltu r\u00edkissprota \u00feess h\u00f6fu\u00f0sins me\u00f0 hans \u00feorpum, hverjir e\u00f0 koma sem einn stomur m\u00e9r \u00ed sundur a\u00f0 dreifa en gle\u00f0ja sig l\u00edka sem \u00fea\u00f0 \u00feeir \u00e6ti \u00feann f\u00e1t\u00e6ka me\u00f0 leynd.<\/p>\n<p>\t\u00de\u00ednir hestar fara \u00ed sj\u00f3num, \u00ed bleytu mikillra vatsfalla.<\/p>\n<p>\tAf \u00fev\u00ed eg svoddan heyri \u00fe\u00e1 er minn b\u00fakur hryggur, m\u00ednar varir titra af \u00fev\u00ed hr\u00f3pi, feyra kemur \u00ed m\u00edn bein, eg er hryggur me\u00f0 m\u00e9r sj\u00e1lfum. \u00d3 a\u00f0 eg m\u00e6tta hafa hv\u00edld \u00e1 \u00feeim h\u00f6rmungart\u00edma \u00fe\u00e1 v\u00e9r reisum upp \u00e1 m\u00f3ti \u00fev\u00ed f\u00f3lki sem m\u00f3ti oss str\u00ed\u00f0ir!<\/p>\n<p>\t\u00dev\u00ed f\u00edkjutr\u00e9\u00f0 skal ekki gr\u00e6nkast og \u00fear skal enginn \u00e1v\u00f6xtur vera \u00e1 v\u00ednvi\u00f0inum, arfi\u00f0i\u00f0 vantar vi\u00f0smj\u00f6rstr\u00e9n og akrarnir bera \u00f6ngva f\u00e6\u00f0u og sau\u00f0irnir ver\u00f0a \u00far fj\u00e1rh\u00fasunum gripnir og enginn uxi er \u00ed nauth\u00fasunum.<\/p>\n<p>\tEn eg vil gle\u00f0ja mig \u00ed Drottni og fagna \u00ed Gu\u00f0i m\u00ednum lausnara. <span class=\"athugasemd\" title=\"S\u00e1l. cxviii.\">[<\/span><\/p>\n<p>\t\u00dev\u00ed a\u00f0 Drottinn Gu\u00f0 er minn styrkur og hann skal gj\u00f6ra m\u00edna f\u00e6tur sem hj\u00f6rtaf\u00e6tur og hann skal f\u00e6ra mig \u00ed h\u00e6\u00f0ina so eg skal syngja \u00e1 mitt hlj\u00f3\u00f0f\u00e6ri.<\/p>\n<p>Ending prophetans Habakuk<\/p>\n","protected":false},"excerpt":{"rendered":"<p>IIII. \u00deetta er b\u00e6n Habakuks propheta fyrir \u00feeim saklausu. Drottinn, eg hefi heyrt \u00feitt rykti og \u00fea\u00f0 \u00f3tta\u00f0i mig. Drottinn, \u00fe\u00fa gj\u00f6rir \u00fe\u00edna gj\u00f6rninga lifandi \u00e1 mi\u00f0jum \u00e1runum og \u00e1 [ mi\u00f0ju \u00e1rinu l\u00e6tur \u00fe\u00fa kunngj\u00f6ra \u00fea\u00f0 og \u00fe\u00e1 hrygg\u00f0in er \u00fear \u00fe\u00e1 minnist \u00fe\u00fa \u00e1 \u00fe\u00edna miskunnsemd. Gu\u00f0 kom af su\u00f0ri og S\u00e1 heilagi af fjallinu Paran. Sela. Himinninn var fullur af hans lj\u00f3si og j\u00f6r\u00f0in var full af hans d\u00fdr\u00f0. Hans birti var sem lj\u00f3s og geislar gengu af hans h\u00f6ndum og \u00fear var hans heimugleg magt. Undan honum gekk dreps\u00f3tt og pl\u00e1gan gekk \u00fat \u00fear sem hann <a href=\"https:\/\/biblian.is\/gudbrandsbiblia\/habakkuk-4-kafli\/\"> [&#8230;]<\/a><\/p>\n","protected":false},"author":1,"featured_media":0,"parent":0,"menu_order":0,"comment_status":"open","ping_status":"open","template":"bibliukaflar.php","meta":{"footnotes":""},"class_list":["post-3605","page","type-page","status-publish","hentry"],"_links":{"self":[{"href":"https:\/\/biblian.is\/gudbrandsbiblia\/wp-json\/wp\/v2\/pages\/3605","targetHints":{"allow":["GET"]}}],"collection":[{"href":"https:\/\/biblian.is\/gudbrandsbiblia\/wp-json\/wp\/v2\/pages"}],"about":[{"href":"https:\/\/biblian.is\/gudbrandsbiblia\/wp-json\/wp\/v2\/types\/page"}],"author":[{"embeddable":true,"href":"https:\/\/biblian.is\/gudbrandsbiblia\/wp-json\/wp\/v2\/users\/1"}],"replies":[{"embeddable":true,"href":"https:\/\/biblian.is\/gudbrandsbiblia\/wp-json\/wp\/v2\/comments?post=3605"}],"version-history":[{"count":0,"href":"https:\/\/biblian.is\/gudbrandsbiblia\/wp-json\/wp\/v2\/pages\/3605\/revisions"}],"wp:attachment":[{"href":"https:\/\/biblian.is\/gudbrandsbiblia\/wp-json\/wp\/v2\/media?parent=3605"}],"curies":[{"name":"wp","href":"https:\/\/api.w.org\/{rel}","templated":true}]}}