{"id":3602,"date":"2017-12-18T18:34:09","date_gmt":"2017-12-18T18:34:09","guid":{"rendered":"http:\/\/biblian.is\/gudbrandsbiblia\/habakkuk-2-kafli\/"},"modified":"2017-12-18T18:34:09","modified_gmt":"2017-12-18T18:34:09","slug":"habakkuk-2-kafli","status":"publish","type":"page","link":"https:\/\/biblian.is\/gudbrandsbiblia\/habakkuk-2-kafli\/","title":{"rendered":"Habakkuk 2. kafli"},"content":{"rendered":"<p>II.<\/p>\n<p>H\u00e9r stend eg \u00e1 m\u00ednu var\u00f0haldi og \u00e1 m\u00ednum styrkvum kastala, l\u00edtandi um kring og sko\u00f0andi hva\u00f0 m\u00e9r sagt ver\u00f0ur og hverju eg skal svara \u00feeim sem mig straffar. <span class=\"athugasemd\" title=\"Deut. ix.\">[<\/span><\/p>\n<p>\tDrottinn svara\u00f0i m\u00e9r og sag\u00f0i: Skrifa \u00fe\u00fa \u00feessa s\u00fdn og m\u00e1la \u00fe\u00fa hana \u00e1 eitt spjald so \u00feeir kunni a\u00f0 lesa hana sem \u00fear framhj\u00e1 hlaupa, sem er so: Sp\u00e1d\u00f3murinn skal \u00fe\u00f3 enn fram koma \u00e1 s\u00ednum t\u00edma og skal endilega koma \u00e1 \u00feeim degi og ekki breg\u00f0ast. Og \u00fe\u00f3 hann enn dvelji \u00fe\u00e1 b\u00ed\u00f0i\u00f0 hans \u00fev\u00ed hann skal vissulega koma og ekki mj\u00f6g tefja. Sj\u00e1, s\u00e1 sem er har\u00f0sv\u00edra\u00f0ur hann skal \u00f6ngva r\u00f3 hafa \u00ed s\u00ednu hjarta \u00fev\u00ed a\u00f0 s\u00e1 r\u00e9ttl\u00e1ti lifir af tr\u00fa sinni. <span class=\"athugasemd\" title=\"R\u00f3m. i. \/ Gal. ii. \/ Hebre. x.\">[<\/span><\/p>\n","protected":false},"excerpt":{"rendered":"<p>II. H\u00e9r stend eg \u00e1 m\u00ednu var\u00f0haldi og \u00e1 m\u00ednum styrkvum kastala, l\u00edtandi um kring og sko\u00f0andi hva\u00f0 m\u00e9r sagt ver\u00f0ur og hverju eg skal svara \u00feeim sem mig straffar. [ Drottinn svara\u00f0i m\u00e9r og sag\u00f0i: Skrifa \u00fe\u00fa \u00feessa s\u00fdn og m\u00e1la \u00fe\u00fa hana \u00e1 eitt spjald so \u00feeir kunni a\u00f0 lesa hana sem \u00fear framhj\u00e1 hlaupa, sem er so: Sp\u00e1d\u00f3murinn skal \u00fe\u00f3 enn fram koma \u00e1 s\u00ednum t\u00edma og skal endilega koma \u00e1 \u00feeim degi og ekki breg\u00f0ast. Og \u00fe\u00f3 hann enn dvelji \u00fe\u00e1 b\u00ed\u00f0i\u00f0 hans \u00fev\u00ed hann skal vissulega koma og ekki mj\u00f6g tefja. Sj\u00e1, s\u00e1 sem er <a href=\"https:\/\/biblian.is\/gudbrandsbiblia\/habakkuk-2-kafli\/\"> [&#8230;]<\/a><\/p>\n","protected":false},"author":1,"featured_media":0,"parent":0,"menu_order":0,"comment_status":"open","ping_status":"open","template":"bibliukaflar.php","meta":{"footnotes":""},"class_list":["post-3602","page","type-page","status-publish","hentry"],"_links":{"self":[{"href":"https:\/\/biblian.is\/gudbrandsbiblia\/wp-json\/wp\/v2\/pages\/3602","targetHints":{"allow":["GET"]}}],"collection":[{"href":"https:\/\/biblian.is\/gudbrandsbiblia\/wp-json\/wp\/v2\/pages"}],"about":[{"href":"https:\/\/biblian.is\/gudbrandsbiblia\/wp-json\/wp\/v2\/types\/page"}],"author":[{"embeddable":true,"href":"https:\/\/biblian.is\/gudbrandsbiblia\/wp-json\/wp\/v2\/users\/1"}],"replies":[{"embeddable":true,"href":"https:\/\/biblian.is\/gudbrandsbiblia\/wp-json\/wp\/v2\/comments?post=3602"}],"version-history":[{"count":0,"href":"https:\/\/biblian.is\/gudbrandsbiblia\/wp-json\/wp\/v2\/pages\/3602\/revisions"}],"wp:attachment":[{"href":"https:\/\/biblian.is\/gudbrandsbiblia\/wp-json\/wp\/v2\/media?parent=3602"}],"curies":[{"name":"wp","href":"https:\/\/api.w.org\/{rel}","templated":true}]}}