{"id":3601,"date":"2017-12-18T18:34:09","date_gmt":"2017-12-18T18:34:09","guid":{"rendered":"http:\/\/biblian.is\/gudbrandsbiblia\/habakkuk-1-kafli\/"},"modified":"2017-12-18T18:34:09","modified_gmt":"2017-12-18T18:34:09","slug":"habakkuk-1-kafli","status":"publish","type":"page","link":"https:\/\/biblian.is\/gudbrandsbiblia\/habakkuk-1-kafli\/","title":{"rendered":"Habakkuk 1. kafli"},"content":{"rendered":"<p>Prophetinn Habakuk <\/p>\n<p>I. <\/p>\n<p>\u00deetta er s\u00fa byr\u00f0in sem Habakuk sp\u00e1ma\u00f0ur hefur s\u00e9\u00f0.<\/p>\n<p>\tDrottinn, hversu lengi skal eg hr\u00f3pa en \u00fe\u00fa vilt ekki heyra? Hversu lengi skal eg hr\u00f3pa til \u00fe\u00edn um \u00fea\u00f0 ofr\u00edki og \u00fe\u00fa vilt ekki hj\u00e1lpa? \u00dev\u00ed l\u00e6tur \u00fe\u00fa mig sj\u00e1 m\u00e6\u00f0u og arfi\u00f0i? \u00dev\u00ed v\u00edsar \u00fe\u00fa m\u00e9r r\u00e1n og rangindi \u00ed kringum mig? Magtin gengur yfir r\u00e9ttinn. \u00dev\u00ed gengur \u00fea\u00f0 mj\u00f6g \u00f6\u00f0ruv\u00eds til en so sem r\u00e9tt er og r\u00e9tt m\u00e1l hefur \u00f6ngvan sigur. \u00dev\u00ed a\u00f0 s\u00e1 \u00f3gu\u00f0hr\u00e6ddi sv\u00edkur \u00feann r\u00e9ttl\u00e1ta og \u00fev\u00ed ver\u00f0a d\u00f3marnir rangir.<\/p>\n<p>\tSj\u00e1i\u00f0 \u00e1 me\u00f0al hei\u00f0ingjanna, sj\u00e1i\u00f0 og undri\u00f0 y\u00f0ur \u00fev\u00ed eg vil gj\u00f6ra nokku\u00f0 \u00e1 y\u00f0rum t\u00edma hverju \u00fe\u00e9r skulu\u00f0 ekki tr\u00faa \u00fe\u00e1 y\u00f0ur ver\u00f0ur \u00fear af sagt. \u00dev\u00ed sj\u00e1i\u00f0, eg vil uppvekja \u00fe\u00e1 Chaldeos, eitt f\u00f3lk flj\u00f3tt og grimmt, hvert a\u00f0 reisa skal svo v\u00edtt sem landi\u00f0 er a\u00f0 inntaka \u00feau heimili sem ekki eru \u00feeirra. Og \u00feeir skulu vera \u00f3gnarlegir og hr\u00e6\u00f0ilegir, \u00feeir sem skulu bj\u00f3\u00f0a og \u00fevinga sem \u00feeir vilja. \u00deeirra hestar eru flj\u00f3tari en pardus, svo eru \u00feeir gr\u00e1\u00f0ugri en \u00falfar a\u00f0 kveldi. \u00deeirra riddarar draga hinga\u00f0 \u00ed st\u00f3rum h\u00f3pum af fjarl\u00e6g\u00f0 sem flj\u00fagi \u00feeir l\u00edka sem \u00f6rn til eins hr\u00e6s. \u00deeir koma allir saman hinga\u00f0 til \u00feess a\u00f0 \u00feeir gj\u00f6ri ska\u00f0a. \u00deeir brj\u00f3tast \u00ed gegnum hvert \u00feeir vilja sem eitt austanve\u00f0ur og \u00feeir skulu safna \u00feeim herteknu til samans sem sandi. \u00deeir skulu h\u00e6\u00f0a k\u00f3ngana og hl\u00e6ja a\u00f0 h\u00f6f\u00f0ingjunum, allar sterkar borgir skulu vera \u00feeim eitt gaman \u00fev\u00ed \u00feeir skulu gj\u00f6ra v\u00edgv\u00e9lar og vinna \u00fe\u00e6r. \u00de\u00e1 skulu \u00feeir taka n\u00fdjan m\u00f3\u00f0 til s\u00edn, \u00feeir skulu \u00e1fram fara og syndgast. Svo skal \u00feeirra sigur heyra \u00feeirra gu\u00f0i til.<\/p>\n<p>\tEn \u00fe\u00fa, herra, minn Gu\u00f0, minn heilagur, \u00fe\u00fa sem ert af eil\u00edfri t\u00ed\u00f0, l\u00e1t oss ekki deyja heldur l\u00e1t \u00fe\u00e1, Drottinn, vera vort straff, \u00f3 \u00fe\u00fa vor styrkur, l\u00e1t \u00fe\u00e1 a\u00f0eins tyfta oss. <span class=\"athugasemd\" title=\"Habakuks b\u00e6n\">[<\/span> \u00de\u00edn augu eru hrein so \u00fe\u00fa kannt ei a\u00f0 sj\u00e1 \u00fea\u00f0 vonda og \u00fe\u00fa getur ei s\u00e9\u00f0 \u00fea\u00f0 auma. Hvar fyrir s\u00e9r \u00fe\u00fa til \u00feeirra forsm\u00e1nara og \u00feegir a\u00f0 s\u00e1 hinn \u00f3gu\u00f0legi uppsvelgir \u00feann sem fr\u00f3mari er en hann? Og \u00fe\u00fa l\u00e6tur mennina ganga sem fiska \u00ed sj\u00f3num, so sem orma \u00feeir \u00f6ngva herra hafa. \u00deeir draga \u00fea\u00f0 allt saman me\u00f0 kr\u00f3kum og vei\u00f0a \u00fea\u00f0 me\u00f0 s\u00ednum f\u00e6rum og safna \u00fev\u00ed saman me\u00f0 s\u00ednum netum. Af \u00feessu gle\u00f0jast \u00feeir og eru k\u00e1tir. \u00dear fyrir offra \u00feeir s\u00ednum vei\u00f0arf\u00e6rum og gj\u00f6ra reykelsi fyrir s\u00ednum netum \u00fea\u00f0 \u00feeirra partur er or\u00f0inn feitur af \u00fev\u00ed sama og \u00feeirra matur so mikill. \u00dear fyrir varpa \u00feeir s\u00ednu neti allt\u00ed\u00f0 \u00fat og vilja ekki afl\u00e1ta a\u00f0 drepa f\u00f3lki\u00f0.<\/p>\n","protected":false},"excerpt":{"rendered":"<p>Prophetinn Habakuk I. \u00deetta er s\u00fa byr\u00f0in sem Habakuk sp\u00e1ma\u00f0ur hefur s\u00e9\u00f0. Drottinn, hversu lengi skal eg hr\u00f3pa en \u00fe\u00fa vilt ekki heyra? Hversu lengi skal eg hr\u00f3pa til \u00fe\u00edn um \u00fea\u00f0 ofr\u00edki og \u00fe\u00fa vilt ekki hj\u00e1lpa? \u00dev\u00ed l\u00e6tur \u00fe\u00fa mig sj\u00e1 m\u00e6\u00f0u og arfi\u00f0i? \u00dev\u00ed v\u00edsar \u00fe\u00fa m\u00e9r r\u00e1n og rangindi \u00ed kringum mig? Magtin gengur yfir r\u00e9ttinn. \u00dev\u00ed gengur \u00fea\u00f0 mj\u00f6g \u00f6\u00f0ruv\u00eds til en so sem r\u00e9tt er og r\u00e9tt m\u00e1l hefur \u00f6ngvan sigur. \u00dev\u00ed a\u00f0 s\u00e1 \u00f3gu\u00f0hr\u00e6ddi sv\u00edkur \u00feann r\u00e9ttl\u00e1ta og \u00fev\u00ed ver\u00f0a d\u00f3marnir rangir. Sj\u00e1i\u00f0 \u00e1 me\u00f0al hei\u00f0ingjanna, sj\u00e1i\u00f0 og undri\u00f0 y\u00f0ur \u00fev\u00ed eg vil <a href=\"https:\/\/biblian.is\/gudbrandsbiblia\/habakkuk-1-kafli\/\"> [&#8230;]<\/a><\/p>\n","protected":false},"author":1,"featured_media":0,"parent":0,"menu_order":0,"comment_status":"open","ping_status":"open","template":"bibliukaflar.php","meta":{"footnotes":""},"class_list":["post-3601","page","type-page","status-publish","hentry"],"_links":{"self":[{"href":"https:\/\/biblian.is\/gudbrandsbiblia\/wp-json\/wp\/v2\/pages\/3601","targetHints":{"allow":["GET"]}}],"collection":[{"href":"https:\/\/biblian.is\/gudbrandsbiblia\/wp-json\/wp\/v2\/pages"}],"about":[{"href":"https:\/\/biblian.is\/gudbrandsbiblia\/wp-json\/wp\/v2\/types\/page"}],"author":[{"embeddable":true,"href":"https:\/\/biblian.is\/gudbrandsbiblia\/wp-json\/wp\/v2\/users\/1"}],"replies":[{"embeddable":true,"href":"https:\/\/biblian.is\/gudbrandsbiblia\/wp-json\/wp\/v2\/comments?post=3601"}],"version-history":[{"count":0,"href":"https:\/\/biblian.is\/gudbrandsbiblia\/wp-json\/wp\/v2\/pages\/3601\/revisions"}],"wp:attachment":[{"href":"https:\/\/biblian.is\/gudbrandsbiblia\/wp-json\/wp\/v2\/media?parent=3601"}],"curies":[{"name":"wp","href":"https:\/\/api.w.org\/{rel}","templated":true}]}}