{"id":3599,"date":"2017-12-18T18:34:09","date_gmt":"2017-12-18T18:34:09","guid":{"rendered":"http:\/\/biblian.is\/gudbrandsbiblia\/nahum-2-kafli\/"},"modified":"2017-12-18T18:34:09","modified_gmt":"2017-12-18T18:34:09","slug":"nahum-2-kafli","status":"publish","type":"page","link":"https:\/\/biblian.is\/gudbrandsbiblia\/nahum-2-kafli\/","title":{"rendered":"Nah\u00fam 2. kafli"},"content":{"rendered":"<p>II.<\/p>\n<p>Sundurdreifarinn skal draga upp \u00ed m\u00f3ti \u00fe\u00e9r og setjast um \u00fe\u00edna kastala. En tilreittu str\u00e6tin vel og b\u00fa \u00feig \u00fea\u00f0 allra besta og efl styrk \u00fea\u00f0 mesta \u00fe\u00fa kannt. \u00dev\u00ed a\u00f0 Drottinn skal bitala Jakobs drambsemi so sem \u00cdsraels drambsemi \u00fev\u00ed reifararnir skulu rupla \u00fe\u00e1 og fordjarfa \u00feeirra v\u00ednkvistu.<\/p>\n<p>\tHans sterku skildir eru rau\u00f0ir, hans str\u00ed\u00f0smenn eru sem purpuri, hans vagnar leiftra sem eldur \u00ed orrustunni. \u00deeirra spj\u00f3t bj\u00faa, vagnarnir glamra \u00e1 g\u00f6tunum og hrikta \u00e1 str\u00e6tunum. \u00deeir l\u00fdsa sem blys og fara til samans sem eldingar.<\/p>\n<p>\tEn hann mun \u00feenkja \u00e1 s\u00edna magtarmenn. \u00de\u00e1 skulu \u00feeir s\u00f6mu falla hvert sem \u00feeir sn\u00faa s\u00e9r og \u00feeir munu fl\u00fdta s\u00e9r til m\u00farveggjanna og til v\u00edgis \u00fear \u00feeir mega \u00f6rugglega standa. En portin hj\u00e1 vatninu skulu \u00fe\u00f3 ver\u00f0a uppl\u00e1tin og tignarh\u00f6llin skal ni\u00f0ur falla. Drottningin skal hertekin \u00ed burt flytjast og hennar jungfr\u00far skulu s\u00fdta sem d\u00fafur og berja sig \u00e1 s\u00edn brj\u00f3st. \u00dev\u00ed a\u00f0 N\u00edn\u00edve er l\u00edka sem dammur fullur af vatni en \u00fea\u00f0 skal burt renna. \u00de\u00e1 skulu \u00feeir kalla: &#8222;Standi\u00f0 vi\u00f0, standi\u00f0 vi\u00f0!&#8220; En \u00fear skal enginn sn\u00faa s\u00e9r aftur. <\/p>\n<p>\tSo r\u00e6ni\u00f0 n\u00fa silfri og r\u00e6ni\u00f0 gulli \u00fev\u00ed \u00fear er \u00f3grynni liggjanda fj\u00e1r og allra handa kostulegra d\u00fdrgripa. En n\u00fa hl\u00fdtur h\u00fan me\u00f0 \u00f6llu upp a\u00f0 lesast og ruplast svo hennar hjarta skal bley\u00f0ast. Kn\u00e9n veiklast, allar lendar bifast og \u00f6ll andlit skulu so f\u00f6l sem pottur.<\/p>\n<p>\tHvar er n\u00fa le\u00f3nanna heimili\u00f0 og grashagar le\u00f3nshv\u00f6lpanna, \u00fear sem le\u00f3ni\u00f0 og le\u00f3ninann ganga me\u00f0 s\u00ednum ungu hv\u00f6lpum og enginn \u00feorir a\u00f0 leggja par til \u00feeirra? Heldur r\u00e6nti le\u00f3ni\u00f0 n\u00f3g fyrir s\u00edna unga og drap ni\u00f0ur handa sinni le\u00f3ninnu. Hann uppfyllti s\u00ednar holur me\u00f0 herfang og sitt inni me\u00f0 \u00feeim sem hann haf\u00f0i \u00ed sundur rifi\u00f0.<\/p>\n<p>\tSj\u00e1 \u00fe\u00fa, eg vil til vi\u00f0 \u00feig, segir Drottinn Gu\u00f0 Seba\u00f3t, og uppkveikja reyk \u00ed \u00fe\u00ednum v\u00f6gnum og sver\u00f0i\u00f0 skal eta \u00fe\u00edna ungu le\u00f3na og eg vil gj\u00f6ra enda \u00e1 \u00fe\u00ednu r\u00e1ni \u00e1 j\u00f6r\u00f0u so menn skulu ekki heyra raust \u00feinna sendibo\u00f0a h\u00e9\u00f0an af.<\/p>\n","protected":false},"excerpt":{"rendered":"<p>II. Sundurdreifarinn skal draga upp \u00ed m\u00f3ti \u00fe\u00e9r og setjast um \u00fe\u00edna kastala. En tilreittu str\u00e6tin vel og b\u00fa \u00feig \u00fea\u00f0 allra besta og efl styrk \u00fea\u00f0 mesta \u00fe\u00fa kannt. \u00dev\u00ed a\u00f0 Drottinn skal bitala Jakobs drambsemi so sem \u00cdsraels drambsemi \u00fev\u00ed reifararnir skulu rupla \u00fe\u00e1 og fordjarfa \u00feeirra v\u00ednkvistu. Hans sterku skildir eru rau\u00f0ir, hans str\u00ed\u00f0smenn eru sem purpuri, hans vagnar leiftra sem eldur \u00ed orrustunni. \u00deeirra spj\u00f3t bj\u00faa, vagnarnir glamra \u00e1 g\u00f6tunum og hrikta \u00e1 str\u00e6tunum. \u00deeir l\u00fdsa sem blys og fara til samans sem eldingar. En hann mun \u00feenkja \u00e1 s\u00edna magtarmenn. \u00de\u00e1 skulu \u00feeir s\u00f6mu falla <a href=\"https:\/\/biblian.is\/gudbrandsbiblia\/nahum-2-kafli\/\"> [&#8230;]<\/a><\/p>\n","protected":false},"author":1,"featured_media":0,"parent":0,"menu_order":0,"comment_status":"open","ping_status":"open","template":"bibliukaflar.php","meta":{"footnotes":""},"class_list":["post-3599","page","type-page","status-publish","hentry"],"_links":{"self":[{"href":"https:\/\/biblian.is\/gudbrandsbiblia\/wp-json\/wp\/v2\/pages\/3599","targetHints":{"allow":["GET"]}}],"collection":[{"href":"https:\/\/biblian.is\/gudbrandsbiblia\/wp-json\/wp\/v2\/pages"}],"about":[{"href":"https:\/\/biblian.is\/gudbrandsbiblia\/wp-json\/wp\/v2\/types\/page"}],"author":[{"embeddable":true,"href":"https:\/\/biblian.is\/gudbrandsbiblia\/wp-json\/wp\/v2\/users\/1"}],"replies":[{"embeddable":true,"href":"https:\/\/biblian.is\/gudbrandsbiblia\/wp-json\/wp\/v2\/comments?post=3599"}],"version-history":[{"count":0,"href":"https:\/\/biblian.is\/gudbrandsbiblia\/wp-json\/wp\/v2\/pages\/3599\/revisions"}],"wp:attachment":[{"href":"https:\/\/biblian.is\/gudbrandsbiblia\/wp-json\/wp\/v2\/media?parent=3599"}],"curies":[{"name":"wp","href":"https:\/\/api.w.org\/{rel}","templated":true}]}}