{"id":3597,"date":"2017-12-18T18:34:09","date_gmt":"2017-12-18T18:34:09","guid":{"rendered":"http:\/\/biblian.is\/gudbrandsbiblia\/mika-7-kafli\/"},"modified":"2017-12-18T18:34:09","modified_gmt":"2017-12-18T18:34:09","slug":"mika-7-kafli","status":"publish","type":"page","link":"https:\/\/biblian.is\/gudbrandsbiblia\/mika-7-kafli\/","title":{"rendered":"M\u00edka 7. kafli"},"content":{"rendered":"<p>VII.<\/p>\n<p>Av\u00ed, m\u00e9r gengur l\u00edka sem \u00feeim manni sem eftirvinnu hefur \u00ed v\u00edngar\u00f0i og finnur \u00f6ngva v\u00edn\u00fer\u00fagu s\u00e9r til matar og vildi \u00fe\u00f3 gjarnan hafa fundi\u00f0 \u00feann besta \u00e1v\u00f6xt! \u00dea\u00f0 r\u00e9ttl\u00e1ta f\u00f3lki\u00f0 er \u00ed burt af \u00feessu landi og \u00feeir r\u00e9ttv\u00edsu eru ekki meir \u00e1 me\u00f0al f\u00f3lksins. \u00deeir umsitja allir bl\u00f3\u00f0, hver vill vei\u00f0a sinn br\u00f3\u00f0ur so hann megi fordjarfa hann og meina sig a\u00f0 gj\u00f6ra vel \u00fear \u00fat \u00ed n\u00e6r \u00feeir gj\u00f6ra illa. Hva\u00f0 h\u00f6f\u00f0inginn vill \u00fea\u00f0 segir d\u00f3mandinn so a\u00f0 hann gj\u00f6ri honum enga \u00fe\u00e9nustu aftur. \u00deeir sem magtina hafa r\u00e1\u00f0a eftir s\u00ednum eigin vilja ska\u00f0a a\u00f0 gj\u00f6ra og beygja \u00fea\u00f0 hvert \u00feeir vilja. S\u00e1 allra besti \u00e1 me\u00f0al \u00feeirra er l\u00edka sem \u00feyrnir og s\u00e1 \u00e6rlegasti er l\u00edka sem \u00feistill. En n\u00e6r dagur \u00feinnar pr\u00e9dikunar kemur \u00e1 hverjum \u00fe\u00edn skal vitja\u00f0 ver\u00f0a, \u00fe\u00e1 skulu \u00feeir ekki vita hva\u00f0 \u00feeir skulu til gj\u00f6ra.<\/p>\n<p>\tEnginn tr\u00fai s\u00ednum n\u00e1unga og enginn treysti \u00e1 h\u00f6f\u00f0ingjana. Vakta \u00fe\u00fa dyr \u00fe\u00edns munns fyrir \u00feeim sem sefur \u00ed \u00fe\u00ednu fangi. \u00dev\u00ed sonurinn foraktar f\u00f6\u00f0urinn, d\u00f3tturin setur sig \u00ed m\u00f3ti m\u00f3\u00f0urinni, sonarkonan \u00e1 m\u00f3ti m\u00f3\u00f0ur s\u00edns manns og mannsins \u00f3vinir er hans heimaf\u00f3lk. <span class=\"athugasemd\" title=\"Math. x.\">[<\/span><\/p>\n<p>\tEn eg vil l\u00edta til Drottins og b\u00ed\u00f0a eftir hj\u00e1lpr\u00e6\u00f0i m\u00edns Gu\u00f0s. Minn Gu\u00f0 mun heyra mig. <span class=\"athugasemd\" title=\"S\u00e1lmurinn sp\u00e1mannsins Micheas og huggun \u00ed m\u00f3ti \u00feeim \u00f3gu\u00f0legu\">[<\/span><\/p>\n<p>\tGle\u00f0 \u00feig ekki, m\u00edn m\u00f3tst\u00f6\u00f0ukona, \u00fe\u00f3 eg liggi \u00fear fallin. Eg mun koma upp aftur og \u00fe\u00f3 eg s\u00e6ta enn \u00ed myrkri \u00fe\u00e1 er \u00fe\u00f3 Drottinn mitt lj\u00f3s.<\/p>\n<p>\tEg vil bera rei\u00f0i Drottins \u00fev\u00ed eg hefi syndgast \u00e1 m\u00f3ti honum \u00fear til hann d\u00e6mir m\u00edna s\u00f6k og skikkar m\u00e9r r\u00e9tt, hann skal lei\u00f0a mig til <span class=\"athugasemd\" title=\"a \/ Lj\u00f3ssins) \/ \u00fea\u00f0 er, hugga mig\">[<\/span> lj\u00f3ssins so eg sj\u00e1i m\u00edna lyst \u00ed hans n\u00e1\u00f0.<\/p>\n<p>\tM\u00edn m\u00f3tst\u00f6\u00f0ukona skal sj\u00e1 \u00fea\u00f0 og standa me\u00f0 allri sk\u00f6mm, hver n\u00fa segir til m\u00edn: &#8222;Hvar er Drottinn \u00feinn Gu\u00f0?&#8220; M\u00edn augu skulu \u00fea\u00f0 sj\u00e1 a\u00f0 h\u00fan skal ni\u00f0urtro\u00f0ast \u00e1 str\u00e6tinu svo sem saur. <\/p>\n<p>\tEn \u00e1 \u00feeim t\u00edma skulu \u00fe\u00ednir m\u00farar uppbyggjast og Gu\u00f0s or\u00f0 skal v\u00edtt \u00fatbrei\u00f0ast. Og \u00e1 \u00feeim t\u00edma skulu \u00feeir af Ass\u00far og af \u00feeim styrkvum st\u00f6\u00f0um koma til \u00fe\u00edn, \u00feeir fr\u00e1 \u00feeim sterkum st\u00f6\u00f0um allt til Vatsins, fr\u00e1 einu hafi til annars, fr\u00e1 einu fjalli til annars. \u00dev\u00ed a\u00f0 landi\u00f0 skal ver\u00f0a \u00ed ey\u00f0i fyrir s\u00f6kum sinna innbyggjara og s\u00f6kum \u00e1vaxtar \u00feeirra verka.<\/p>\n<p>\tEn f\u00e6\u00f0 \u00fe\u00fa \u00feitt f\u00f3lk me\u00f0 \u00fe\u00ednum staf, \u00fe\u00edna arfleif\u00f0arhj\u00f6r\u00f0, s\u00fa a\u00f0 b\u00fdr b\u00e6\u00f0i \u00ed sk\u00f3ginum og upp \u00e1 markinni. L\u00e1t \u00fe\u00e1 f\u00f3\u00f0rast \u00ed Basan og G\u00edlea\u00f0 so sem \u00ed for\u00f0um t\u00ed\u00f0.<\/p>\n<p>\tEg vil l\u00e1ta \u00fe\u00e1 sj\u00e1 undarlega hluti l\u00edka sem \u00e1 \u00feeim t\u00edma \u00fe\u00e1 \u00feeir dr\u00f3gu \u00fat af Egyptalandi a\u00f0 hei\u00f0ingjarnir skulu \u00fea\u00f0 sj\u00e1 og allir \u00feeir inu voldugu skulu skammast s\u00edn og leggja hendur \u00e1 sinn munn og halda fyrir s\u00edn eyru. \u00deeir skulu sleikja duft sem h\u00f6ggormar og liggja sem ma\u00f0kar \u00e1 j\u00f6r\u00f0unni og skj\u00e1lfa \u00ed s\u00ednum holum. \u00deeir skulu vera hr\u00e6ddir fyrir Drottni vorum Gu\u00f0i og \u00f3ttast \u00feig.<\/p>\n<p>\tHvar er soddan einn Gu\u00f0 sem \u00fe\u00fa ert, hver e\u00f0 fyrirgefur syndirnar og forl\u00e6tur misgj\u00f6rningana \u00feeim sem eftir eru af hans arfleif\u00f0? Hann framheldur ekki sinni rei\u00f0i \u00e6vinlega \u00fev\u00ed hann er miskunnsamur. Hann mun miskunna oss aftur a\u00f0 n\u00fdju og ni\u00f0urtro\u00f0a vora misgj\u00f6rninga og kasta \u00f6llum vorum syndum \u00ed hafsins dj\u00fap. En \u00fe\u00fa munt halda \u00fe\u00edna tr\u00fa vi\u00f0 Jakob og vi\u00f0 Abraham \u00fe\u00edna n\u00e1\u00f0 sem \u00fe\u00fa hefur svari\u00f0 vorum forfe\u00f0rum fyrir langri \u00e6vi.<\/p>\n<p>Ending prophetans Michee<\/p>\n","protected":false},"excerpt":{"rendered":"<p>VII. Av\u00ed, m\u00e9r gengur l\u00edka sem \u00feeim manni sem eftirvinnu hefur \u00ed v\u00edngar\u00f0i og finnur \u00f6ngva v\u00edn\u00fer\u00fagu s\u00e9r til matar og vildi \u00fe\u00f3 gjarnan hafa fundi\u00f0 \u00feann besta \u00e1v\u00f6xt! \u00dea\u00f0 r\u00e9ttl\u00e1ta f\u00f3lki\u00f0 er \u00ed burt af \u00feessu landi og \u00feeir r\u00e9ttv\u00edsu eru ekki meir \u00e1 me\u00f0al f\u00f3lksins. \u00deeir umsitja allir bl\u00f3\u00f0, hver vill vei\u00f0a sinn br\u00f3\u00f0ur so hann megi fordjarfa hann og meina sig a\u00f0 gj\u00f6ra vel \u00fear \u00fat \u00ed n\u00e6r \u00feeir gj\u00f6ra illa. Hva\u00f0 h\u00f6f\u00f0inginn vill \u00fea\u00f0 segir d\u00f3mandinn so a\u00f0 hann gj\u00f6ri honum enga \u00fe\u00e9nustu aftur. \u00deeir sem magtina hafa r\u00e1\u00f0a eftir s\u00ednum eigin vilja ska\u00f0a a\u00f0 gj\u00f6ra <a href=\"https:\/\/biblian.is\/gudbrandsbiblia\/mika-7-kafli\/\"> [&#8230;]<\/a><\/p>\n","protected":false},"author":1,"featured_media":0,"parent":0,"menu_order":0,"comment_status":"open","ping_status":"open","template":"bibliukaflar.php","meta":{"footnotes":""},"class_list":["post-3597","page","type-page","status-publish","hentry"],"_links":{"self":[{"href":"https:\/\/biblian.is\/gudbrandsbiblia\/wp-json\/wp\/v2\/pages\/3597","targetHints":{"allow":["GET"]}}],"collection":[{"href":"https:\/\/biblian.is\/gudbrandsbiblia\/wp-json\/wp\/v2\/pages"}],"about":[{"href":"https:\/\/biblian.is\/gudbrandsbiblia\/wp-json\/wp\/v2\/types\/page"}],"author":[{"embeddable":true,"href":"https:\/\/biblian.is\/gudbrandsbiblia\/wp-json\/wp\/v2\/users\/1"}],"replies":[{"embeddable":true,"href":"https:\/\/biblian.is\/gudbrandsbiblia\/wp-json\/wp\/v2\/comments?post=3597"}],"version-history":[{"count":0,"href":"https:\/\/biblian.is\/gudbrandsbiblia\/wp-json\/wp\/v2\/pages\/3597\/revisions"}],"wp:attachment":[{"href":"https:\/\/biblian.is\/gudbrandsbiblia\/wp-json\/wp\/v2\/media?parent=3597"}],"curies":[{"name":"wp","href":"https:\/\/api.w.org\/{rel}","templated":true}]}}