{"id":3596,"date":"2017-12-18T18:34:09","date_gmt":"2017-12-18T18:34:09","guid":{"rendered":"http:\/\/biblian.is\/gudbrandsbiblia\/mika-6-kafli\/"},"modified":"2017-12-18T18:34:09","modified_gmt":"2017-12-18T18:34:09","slug":"mika-6-kafli","status":"publish","type":"page","link":"https:\/\/biblian.is\/gudbrandsbiblia\/mika-6-kafli\/","title":{"rendered":"M\u00edka 6. kafli"},"content":{"rendered":"<p>VI.<\/p>\n<p>Heyri\u00f0 \u00fe\u00f3 hva\u00f0 Drottinn segir: <span class=\"athugasemd\" title=\"Num. xxii.\">[<\/span> Stattu upp og straffa fj\u00f6llin og l\u00e1t h\u00e6\u00f0irnar heyra \u00fe\u00edna raust. Heyri, \u00fe\u00e9r fj\u00f6ll, hvernin Drottinn vill straffa, og \u00fe\u00e9r sterku jar\u00f0arinnar grundvellir, \u00fev\u00ed a\u00f0 Drottinn vill straffa sitt f\u00f3lk og hann vill hirta \u00cdsrael.<\/p>\n<p>\tMitt f\u00f3lk, hva\u00f0 hefi eg gj\u00f6rt \u00fe\u00e9r e\u00f0a me\u00f0 hverju m\u00f3ti hefi eg angra\u00f0 \u00feig? Seg\u00f0u m\u00e9r \u00fea\u00f0. F\u00e6r\u00f0a eg \u00feig ekki \u00fat af Egyptalandi og frelsa\u00f0i \u00feig af \u00fev\u00ed \u00fer\u00e6ld\u00f3msh\u00fasi og senda Moysen, Arron og Mariam undan \u00fe\u00e9r? Mitt f\u00f3lk, \u00feenk n\u00fa \u00fear upp \u00e1 hva\u00f0 Balak k\u00f3ngurinn af M\u00f3ab haf\u00f0i \u00ed sinni og hverju a\u00f0 Balaam Pe\u00f3rson svara\u00f0i honum, fr\u00e1 Sit\u00edm og allt til Gilgal, \u00e1 \u00feessu skyldu \u00fe\u00e9r merkja hversu Drottinn hefur gj\u00f6rt y\u00f0ur allt gott.<\/p>\n<p>\tMe\u00f0 hverju skal eg n\u00fa bl\u00ed\u00f0ka Drottin? Me\u00f0 hn\u00e9kropningu fyri \u00feeim h\u00e6\u00f0sta Gu\u00f0i? E\u00f0a skal eg forl\u00edka hann me\u00f0 brennif\u00f3rnum og veturg\u00f6mlum k\u00e1lfum? Atlar \u00fe\u00fa a\u00f0 Drottinn hafi \u00fe\u00f3knan \u00e1 m\u00f6rgum \u00fe\u00fashunda hr\u00fatum e\u00f0a vi\u00f0smj\u00f6ri \u00fe\u00f3 \u00fear v\u00e6ri \u00f3teljanlegar \u00e1r fullar af? E\u00f0a skal eg gefa minn frumgetinn son fyrir m\u00edna misgj\u00f6rninga e\u00f0a \u00e1v\u00f6xt m\u00edns l\u00edfs fyrir syndir minnar s\u00e1lu? \u00de\u00fa manneskja, \u00fea\u00f0 er \u00fe\u00e9r sagt hva\u00f0 gott er og hva\u00f0 Drottinn heimtir af \u00fe\u00e9r, sem er a\u00f0 halda Gu\u00f0s or\u00f0 og hafa k\u00e6rleika og l\u00edtill\u00e6ta \u00feig fyrir \u00fe\u00ednum Gu\u00f0i.<\/p>\n<p>\tR\u00f6dd Drottins skal hr\u00f3pa yfir sta\u00f0inn. En hver sem \u00f3ttast \u00feitt nafn, honum skal ganga vel. Heyri, \u00fe\u00e9r kynkv\u00edslir, hva\u00f0 \u00fear pr\u00e9dikast. En l\u00edka sem \u00e1\u00f0ur bl\u00edfur \u00f3r\u00e9ttfer\u00f0ugt g\u00f3ss \u00ed h\u00fasi \u00f3gu\u00f0hr\u00e6ddra og s\u00e1 haturlegi litli m\u00e6lir efa. E\u00f0a skylda eg sam\u00feykkja \u00fe\u00e1 r\u00f6ngu vigt e\u00f0ur \u00fea\u00f0 falska peningsgjald? Me\u00f0 hverju \u00feeir r\u00edku gj\u00f6ra mikinn \u00f3r\u00e9tt og \u00feeirra innbyggjarar fara me\u00f0 lygar og hafa falskar tungur \u00ed s\u00ednum h\u00e1lsum.<\/p>\n<p>\t\u00dear fyrir vil eg n\u00fa taka til a\u00f0 pl\u00e1ga \u00feig og ey\u00f0ileggja \u00feig fyrir \u00feinna synda skuld. \u00de\u00fa skalt ekki hafa n\u00f3g a\u00f0 eta og \u00fe\u00fa skalt vanmegnast. Og hverju \u00fe\u00fa n\u00e1ir \u00fev\u00ed skaltu aftur sleppa en hverju \u00fe\u00fa sleppir \u00fea\u00f0 vil eg gefa undir sver\u00f0i\u00f0. \u00de\u00fa skalt s\u00e1 og ekki uppskera, \u00fe\u00fa skalt fergja oleum og ei smyrja \u00feig me\u00f0 \u00fev\u00ed, \u00fe\u00fa skalt sprengja v\u00ednberin og ei drekka v\u00edni\u00f0. <span class=\"athugasemd\" title=\"Deut. xxviii. \/ Hag. ii.\">[<\/span> \u00dev\u00ed a\u00f0 \u00fe\u00e9r hafi\u00f0 <span class=\"athugasemd\" title=\"a Si\u00f0 \/ \u00dea\u00f0 er, gu\u00f0s\u00fej\u00f3nustugj\u00f6r\u00f0\">[<\/span> si\u00f0 Amr\u00ed og allan gj\u00f6rnin Akabs h\u00fas og fylgi\u00f0 \u00feeirra r\u00e1\u00f0um. \u00dev\u00ed vil eg ey\u00f0ileggja \u00feig og \u00fe\u00edna innbyggjara svo menn skulu bl\u00edstra eftir \u00feeim og \u00feeir skulu bera br\u00edgsli m\u00edns f\u00f3lks.<\/p>\n","protected":false},"excerpt":{"rendered":"<p>VI. Heyri\u00f0 \u00fe\u00f3 hva\u00f0 Drottinn segir: [ Stattu upp og straffa fj\u00f6llin og l\u00e1t h\u00e6\u00f0irnar heyra \u00fe\u00edna raust. Heyri, \u00fe\u00e9r fj\u00f6ll, hvernin Drottinn vill straffa, og \u00fe\u00e9r sterku jar\u00f0arinnar grundvellir, \u00fev\u00ed a\u00f0 Drottinn vill straffa sitt f\u00f3lk og hann vill hirta \u00cdsrael. Mitt f\u00f3lk, hva\u00f0 hefi eg gj\u00f6rt \u00fe\u00e9r e\u00f0a me\u00f0 hverju m\u00f3ti hefi eg angra\u00f0 \u00feig? Seg\u00f0u m\u00e9r \u00fea\u00f0. F\u00e6r\u00f0a eg \u00feig ekki \u00fat af Egyptalandi og frelsa\u00f0i \u00feig af \u00fev\u00ed \u00fer\u00e6ld\u00f3msh\u00fasi og senda Moysen, Arron og Mariam undan \u00fe\u00e9r? Mitt f\u00f3lk, \u00feenk n\u00fa \u00fear upp \u00e1 hva\u00f0 Balak k\u00f3ngurinn af M\u00f3ab haf\u00f0i \u00ed sinni og hverju a\u00f0 Balaam <a href=\"https:\/\/biblian.is\/gudbrandsbiblia\/mika-6-kafli\/\"> [&#8230;]<\/a><\/p>\n","protected":false},"author":1,"featured_media":0,"parent":0,"menu_order":0,"comment_status":"open","ping_status":"open","template":"bibliukaflar.php","meta":{"footnotes":""},"class_list":["post-3596","page","type-page","status-publish","hentry"],"_links":{"self":[{"href":"https:\/\/biblian.is\/gudbrandsbiblia\/wp-json\/wp\/v2\/pages\/3596","targetHints":{"allow":["GET"]}}],"collection":[{"href":"https:\/\/biblian.is\/gudbrandsbiblia\/wp-json\/wp\/v2\/pages"}],"about":[{"href":"https:\/\/biblian.is\/gudbrandsbiblia\/wp-json\/wp\/v2\/types\/page"}],"author":[{"embeddable":true,"href":"https:\/\/biblian.is\/gudbrandsbiblia\/wp-json\/wp\/v2\/users\/1"}],"replies":[{"embeddable":true,"href":"https:\/\/biblian.is\/gudbrandsbiblia\/wp-json\/wp\/v2\/comments?post=3596"}],"version-history":[{"count":0,"href":"https:\/\/biblian.is\/gudbrandsbiblia\/wp-json\/wp\/v2\/pages\/3596\/revisions"}],"wp:attachment":[{"href":"https:\/\/biblian.is\/gudbrandsbiblia\/wp-json\/wp\/v2\/media?parent=3596"}],"curies":[{"name":"wp","href":"https:\/\/api.w.org\/{rel}","templated":true}]}}