{"id":3595,"date":"2017-12-18T18:34:06","date_gmt":"2017-12-18T18:34:06","guid":{"rendered":"http:\/\/biblian.is\/gudbrandsbiblia\/mika-5-kafli\/"},"modified":"2017-12-18T18:34:06","modified_gmt":"2017-12-18T18:34:06","slug":"mika-5-kafli","status":"publish","type":"page","link":"https:\/\/biblian.is\/gudbrandsbiblia\/mika-5-kafli\/","title":{"rendered":"M\u00edka 5. kafli"},"content":{"rendered":"<p>V.<\/p>\n<p>Og \u00fe\u00fa, Betlehem Efrata, \u00fe\u00fa sem ert l\u00edtil \u00e1 me\u00f0al \u00fe\u00fashunda \u00ed J\u00fada, \u00fat af \u00fe\u00e9r skal koma s\u00e1 sem vera skal herra yfir mitt f\u00f3lk \u00cdsrael, hvers \u00fatgangur a\u00f0 veri\u00f0 hefur fr\u00e1 upphafi og \u00feegar fr\u00e1 eil\u00edfri t\u00ed\u00f0. <span class=\"athugasemd\" title=\"Math. ii.\">[<\/span> En \u00e1 \u00feessum l\u00e6tur hann pl\u00e1ga \u00fe\u00e1 allt til \u00feeirrar t\u00ed\u00f0ar a\u00f0 s\u00fa sem f\u00e6\u00f0a skal hefur f\u00e6tt. So skulu \u00fe\u00e1 hans eftirbl\u00edfandi br\u00e6\u00f0ur aftur koma til \u00cdsraelsbarna. <span class=\"athugasemd\" title=\"R\u00edki\u00f0 Christi\">[<\/span> En hann skal uppr\u00edsa og f\u00f3\u00f0ra \u00fe\u00e1 \u00ed krafti Drottins og \u00ed sigri s\u00edns Gu\u00f0s nafns. Og \u00feeir skulu \u00f3hr\u00e6ddir b\u00faa \u00fev\u00ed hann skal bl\u00edfa d\u00e1samlegur \u00e1 \u00feeirri s\u00f6mu t\u00ed\u00f0 svo v\u00edtt sem ver\u00f6ldin er.<\/p>\n<p>\tSo skulu v\u00e9r og hafa fri\u00f0 fyrir Ass\u00far sem n\u00fa er innfallinn \u00ed vort land og hefur ni\u00f0urbroti\u00f0 vor h\u00fas. \u00dev\u00ed a\u00f0 <span class=\"athugasemd\" title=\"a \/ Sj\u00f6) \/ \u00deeir af Persen og Media skulu l\u00e6kka Assyrios\">[<\/span> sj\u00f6 hir\u00f0arar og \u00e1tta h\u00f6f\u00f0ingjar skulu uppvekjast \u00e1 m\u00f3ti honum, hverjir fordjarfa skulu landi\u00f0 Ass\u00far me\u00f0 sver\u00f0i og Nimrods land me\u00f0 \u00feeirra berum vopnum. \u00de\u00e1 skulum v\u00e9r frelsast fr\u00e1 Ass\u00far sem er innfallinn \u00ed vort land og hefur ni\u00f0urbroti\u00f0 vor landamerki. <\/p>\n<p>\tOg \u00fea\u00f0 sem eftir er af Jakob skal ver\u00f0a \u00e1 me\u00f0al margs f\u00f3lks l\u00edka sem ein d\u00f6gg af Drottni og l\u00edka sem dropar \u00e1 grasi, \u00fea\u00f0 sem eftir \u00f6ngvum manni b\u00ed\u00f0ur, eigi heldur vonar \u00e1 mennina. J\u00e1 \u00feeir sem eftir eru or\u00f0nir af Jakob skulu vera \u00e1 me\u00f0al hei\u00f0ingjanna hj\u00e1 m\u00f6rgu f\u00f3lki l\u00edka sem eitt le\u00f3n \u00e1 millum d\u00fdra \u00ed sk\u00f3gi og l\u00edka sem einn le\u00f3nshv\u00f6lpur \u00e1 millum einnrar sau\u00f0ahjar\u00f0ar, hverjum enginn getur hamla\u00f0 n\u00e6r hann gengur \u00fear \u00ed gegnum, ni\u00f0urtre\u00f0ur og \u00ed sundur r\u00edfur. \u00dev\u00ed a\u00f0 \u00fe\u00edn h\u00f6nd skal vinna sigurinn \u00e1 \u00f6llum \u00fe\u00ednum m\u00f3tst\u00f6\u00f0um\u00f6nnum so a\u00f0 allir \u00fe\u00ednir \u00f3vinir skulu afm\u00e1\u00f0ir ver\u00f0a.<\/p>\n<p>\t\u00c1 \u00feeim sama t\u00edma, segir Drottinn, vil eg \u00fe\u00edna hesta \u00ed burt fr\u00e1 \u00fe\u00e9r taka og \u00fe\u00edna vagna fordjarfa og afm\u00e1 allar \u00fe\u00ednar borgir \u00ed landinu og ni\u00f0urbrj\u00f3ta alla \u00fe\u00edna sterka kastala. Og eg vil \u00fatreka alla t\u00f6framenn fr\u00e1 \u00fe\u00e9r so enginn teikna\u00fat\u00fe\u00fd\u00f0ari skal lengur vera hj\u00e1 \u00fe\u00e9r. Eg vil upprykkja \u00fe\u00ednum b\u00edl\u00e6tum og \u00fe\u00edna afgu\u00f0i fr\u00e1 \u00fe\u00e9r taka so \u00fe\u00fa skalt ekki \u00fea\u00f0an \u00ed fr\u00e1 bi\u00f0ja til \u00feinna handagj\u00f6rninga. Og eg vil ni\u00f0urbrj\u00f3ta \u00fe\u00edna lunda og afm\u00e1 \u00fe\u00edna sta\u00f0i. Og eg vil hefnast me\u00f0 grimmd og rei\u00f0i \u00e1 \u00f6llum hei\u00f0ingjum sem ekki vilja hl\u00fd\u00f0a.<\/p>\n","protected":false},"excerpt":{"rendered":"<p>V. Og \u00fe\u00fa, Betlehem Efrata, \u00fe\u00fa sem ert l\u00edtil \u00e1 me\u00f0al \u00fe\u00fashunda \u00ed J\u00fada, \u00fat af \u00fe\u00e9r skal koma s\u00e1 sem vera skal herra yfir mitt f\u00f3lk \u00cdsrael, hvers \u00fatgangur a\u00f0 veri\u00f0 hefur fr\u00e1 upphafi og \u00feegar fr\u00e1 eil\u00edfri t\u00ed\u00f0. [ En \u00e1 \u00feessum l\u00e6tur hann pl\u00e1ga \u00fe\u00e1 allt til \u00feeirrar t\u00ed\u00f0ar a\u00f0 s\u00fa sem f\u00e6\u00f0a skal hefur f\u00e6tt. So skulu \u00fe\u00e1 hans eftirbl\u00edfandi br\u00e6\u00f0ur aftur koma til \u00cdsraelsbarna. [ En hann skal uppr\u00edsa og f\u00f3\u00f0ra \u00fe\u00e1 \u00ed krafti Drottins og \u00ed sigri s\u00edns Gu\u00f0s nafns. Og \u00feeir skulu \u00f3hr\u00e6ddir b\u00faa \u00fev\u00ed hann skal bl\u00edfa d\u00e1samlegur \u00e1 \u00feeirri s\u00f6mu t\u00ed\u00f0 <a href=\"https:\/\/biblian.is\/gudbrandsbiblia\/mika-5-kafli\/\"> [&#8230;]<\/a><\/p>\n","protected":false},"author":1,"featured_media":0,"parent":0,"menu_order":0,"comment_status":"open","ping_status":"open","template":"bibliukaflar.php","meta":{"footnotes":""},"class_list":["post-3595","page","type-page","status-publish","hentry"],"_links":{"self":[{"href":"https:\/\/biblian.is\/gudbrandsbiblia\/wp-json\/wp\/v2\/pages\/3595","targetHints":{"allow":["GET"]}}],"collection":[{"href":"https:\/\/biblian.is\/gudbrandsbiblia\/wp-json\/wp\/v2\/pages"}],"about":[{"href":"https:\/\/biblian.is\/gudbrandsbiblia\/wp-json\/wp\/v2\/types\/page"}],"author":[{"embeddable":true,"href":"https:\/\/biblian.is\/gudbrandsbiblia\/wp-json\/wp\/v2\/users\/1"}],"replies":[{"embeddable":true,"href":"https:\/\/biblian.is\/gudbrandsbiblia\/wp-json\/wp\/v2\/comments?post=3595"}],"version-history":[{"count":0,"href":"https:\/\/biblian.is\/gudbrandsbiblia\/wp-json\/wp\/v2\/pages\/3595\/revisions"}],"wp:attachment":[{"href":"https:\/\/biblian.is\/gudbrandsbiblia\/wp-json\/wp\/v2\/media?parent=3595"}],"curies":[{"name":"wp","href":"https:\/\/api.w.org\/{rel}","templated":true}]}}