{"id":3594,"date":"2017-12-18T18:34:06","date_gmt":"2017-12-18T18:34:06","guid":{"rendered":"http:\/\/biblian.is\/gudbrandsbiblia\/mika-4-kafli\/"},"modified":"2017-12-18T18:34:06","modified_gmt":"2017-12-18T18:34:06","slug":"mika-4-kafli","status":"publish","type":"page","link":"https:\/\/biblian.is\/gudbrandsbiblia\/mika-4-kafli\/","title":{"rendered":"M\u00edka 4. kafli"},"content":{"rendered":"<p>IIII.<\/p>\n<p>En \u00e1 \u00feeim s\u00ed\u00f0ustu daugum skal \u00fea\u00f0 fjalli\u00f0, \u00e1 hverju e\u00f0 h\u00fas Drottins stendur, vissilegana h\u00e6rra vera en \u00f6ll fj\u00f6ll og upphefjast yfir allar h\u00e6\u00f0ir. <span class=\"athugasemd\" title=\"Sp\u00e1d\u00f3mur \u00fat af r\u00edkinu Christi \/ Esa. ii.\">[<\/span> Og f\u00f3lki\u00f0 skal hlaupa \u00fear til og margir hei\u00f0ingjar skulu fara og segja: &#8222;Komi\u00f0, v\u00e9r viljum ganga upp til fjalls Drottins og til h\u00fassins Gu\u00f0s Jakobs so a\u00f0 hann l\u00e6ri oss s\u00edna vegu og v\u00e9r skulum ganga \u00e1 hans gautum.&#8220; \u00dev\u00ed l\u00f6gm\u00e1li\u00f0 skal \u00fatganga af S\u00edon en or\u00f0 Drottins af Jer\u00fasalem. <\/p>\n<p>\tHann skal <span class=\"athugasemd\" title=\"a \/ D\u00e6ma) \/ Gu\u00f0s or\u00f0 skal \u00fatganga um allan heiminn\">[<\/span> d\u00e6ma \u00e1 me\u00f0al mikils f\u00f3lks og straffa marga hei\u00f0ingja \u00ed fjarl\u00e6gum l\u00f6ndum. \u00deeir skulu gj\u00f6ra s\u00edn sver\u00f0 a\u00f0 pl\u00f3gj\u00e1rnum og \u00feeirra spj\u00f3t til sig\u00f0a og \u00fear skal ekkert f\u00f3lk reisa sver\u00f0 \u00e1 m\u00f3t \u00f6\u00f0ru og \u00feeir skulu ekki \u00fea\u00f0an \u00ed fr\u00e1 l\u00e6ra a\u00f0 str\u00ed\u00f0a. Hver skal b\u00faa undir s\u00ednu v\u00edntr\u00e9 og f\u00edkjutr\u00e9 \u00e1n \u00f3tta \u00fev\u00ed a\u00f0 Drottins Seba\u00f3t munnur hefur sagt \u00fea\u00f0. \u00dev\u00ed a\u00f0 hvert f\u00f3lk skal ganga \u00ed s\u00edns gu\u00f0s nafni en v\u00e9r skulum ganga \u00ed vors Drottins Gu\u00f0s nafni \u00e6t\u00ed\u00f0 og \u00e6vinlega. <span class=\"athugasemd\" title=\"Esa. liiii.\">[<\/span><\/p>\n<p>\t\u00c1 \u00feeim t\u00edma, segir Drottinn, vil eg samansafna h\u00f6ltum og \u00feeim \u00fatreknu til samans koma og \u00feeim sem eg hefi pl\u00e1ga\u00f0 og eg vil l\u00e1ta \u00fe\u00e1 h\u00f6ltu f\u00e1 arf og \u00feeir \u00fatsk\u00fafu\u00f0u skulu ver\u00f0a a\u00f0 miklu f\u00f3lki. Og Drottinn skal vera k\u00f3ngur yfir \u00feeim \u00e1 fjallinu S\u00edon h\u00e9\u00f0an \u00ed fr\u00e1 og a\u00f0 eil\u00edfu. Og \u00fe\u00fa, Eder, s\u00e1 sterki turn S\u00edonsd\u00f3ttir, \u00fe\u00edn gyllinir\u00f3sa skal koma, s\u00e1 fyrsti h\u00f6f\u00f0ingskapur sem er Jer\u00fasalemd\u00f3ttir k\u00f3ngsr\u00edki. Hvar fyrir heldur \u00fe\u00fa \u00fe\u00e9r n\u00fa til annarra vina? Er ekki k\u00f3ngurinn hj\u00e1 \u00fe\u00e9r? Og eru allir \u00fe\u00ednir r\u00e1\u00f0gjafarar \u00ed burtu so a\u00f0 \u00fear er kominn soddan hrelling yfir \u00feig, l\u00edka sem yfir j\u00f3\u00f0sj\u00faka konu? \u00d3 minn hjartanlegi, l\u00ed\u00f0 \u00fe\u00fa vel svoddan hrelling og styn \u00fe\u00fa, d\u00f3ttir S\u00edon, l\u00edka sem s\u00fa hin j\u00f3\u00f0sj\u00faka. \u00dev\u00ed \u00fe\u00fa m\u00e1tt vissulega \u00fat af sta\u00f0num og b\u00faa \u00e1 markinni og koma til Bab\u00fdlon. En \u00fe\u00fa skalt frelsast \u00fea\u00f0an aftur, Drottinn skal \u00fear frelsa \u00feig fr\u00e1 \u00fe\u00ednum \u00f3vinum.<\/p>\n<p>\t\u00dev\u00ed margir hei\u00f0ingjar skulu flykkjast \u00ed m\u00f3t \u00fe\u00e9r og segja: &#8222;H\u00fan er forbo\u00f0u\u00f0, v\u00e9r viljum sj\u00e1 vora lyst \u00e1 S\u00edon!&#8220; En \u00feeir vita ekki Drottins hugsun og merkja ekki hans r\u00e1\u00f0agj\u00f6r\u00f0, a\u00f0 hann hefur safna\u00f0 \u00feeim til samans l\u00edka sem \u00f6\u00f0ru bindini \u00ed kornhl\u00f6\u00f0u. \u00dear fyrir \u00fe\u00e1 r\u00eds \u00fe\u00fa upp a\u00f0 \u00fereskja, \u00fe\u00fa S\u00edonsd\u00f3ttir, \u00fev\u00ed eg vil gj\u00f6ra \u00fe\u00e9r j\u00e1rnhorn og koparneglur og \u00fe\u00fa skalt \u00ed sundursl\u00e1 margt f\u00f3lk. So vil eg heita a\u00f0 gefa Drottni \u00feeirra g\u00f3ss og \u00feeirra eignir, \u00feeim sem drottnar yfir \u00f6llum heimi. En \u00fe\u00fa str\u00ed\u00f0skvinna, herkl\u00e6\u00f0stu n\u00fa \u00fev\u00ed \u00feeir vilja umkringja oss og sl\u00e1 \u00cdsraels d\u00f3mendur \u00e1 kinnbeini\u00f0 me\u00f0 keppum.<\/p>\n","protected":false},"excerpt":{"rendered":"<p>IIII. En \u00e1 \u00feeim s\u00ed\u00f0ustu daugum skal \u00fea\u00f0 fjalli\u00f0, \u00e1 hverju e\u00f0 h\u00fas Drottins stendur, vissilegana h\u00e6rra vera en \u00f6ll fj\u00f6ll og upphefjast yfir allar h\u00e6\u00f0ir. [ Og f\u00f3lki\u00f0 skal hlaupa \u00fear til og margir hei\u00f0ingjar skulu fara og segja: &#8222;Komi\u00f0, v\u00e9r viljum ganga upp til fjalls Drottins og til h\u00fassins Gu\u00f0s Jakobs so a\u00f0 hann l\u00e6ri oss s\u00edna vegu og v\u00e9r skulum ganga \u00e1 hans gautum.&#8220; \u00dev\u00ed l\u00f6gm\u00e1li\u00f0 skal \u00fatganga af S\u00edon en or\u00f0 Drottins af Jer\u00fasalem. Hann skal [ d\u00e6ma \u00e1 me\u00f0al mikils f\u00f3lks og straffa marga hei\u00f0ingja \u00ed fjarl\u00e6gum l\u00f6ndum. \u00deeir skulu gj\u00f6ra s\u00edn sver\u00f0 a\u00f0 pl\u00f3gj\u00e1rnum <a href=\"https:\/\/biblian.is\/gudbrandsbiblia\/mika-4-kafli\/\"> [&#8230;]<\/a><\/p>\n","protected":false},"author":1,"featured_media":0,"parent":0,"menu_order":0,"comment_status":"open","ping_status":"open","template":"bibliukaflar.php","meta":{"footnotes":""},"class_list":["post-3594","page","type-page","status-publish","hentry"],"_links":{"self":[{"href":"https:\/\/biblian.is\/gudbrandsbiblia\/wp-json\/wp\/v2\/pages\/3594","targetHints":{"allow":["GET"]}}],"collection":[{"href":"https:\/\/biblian.is\/gudbrandsbiblia\/wp-json\/wp\/v2\/pages"}],"about":[{"href":"https:\/\/biblian.is\/gudbrandsbiblia\/wp-json\/wp\/v2\/types\/page"}],"author":[{"embeddable":true,"href":"https:\/\/biblian.is\/gudbrandsbiblia\/wp-json\/wp\/v2\/users\/1"}],"replies":[{"embeddable":true,"href":"https:\/\/biblian.is\/gudbrandsbiblia\/wp-json\/wp\/v2\/comments?post=3594"}],"version-history":[{"count":0,"href":"https:\/\/biblian.is\/gudbrandsbiblia\/wp-json\/wp\/v2\/pages\/3594\/revisions"}],"wp:attachment":[{"href":"https:\/\/biblian.is\/gudbrandsbiblia\/wp-json\/wp\/v2\/media?parent=3594"}],"curies":[{"name":"wp","href":"https:\/\/api.w.org\/{rel}","templated":true}]}}