{"id":3593,"date":"2017-12-18T18:34:06","date_gmt":"2017-12-18T18:34:06","guid":{"rendered":"http:\/\/biblian.is\/gudbrandsbiblia\/mika-3-kafli\/"},"modified":"2017-12-18T18:34:06","modified_gmt":"2017-12-18T18:34:06","slug":"mika-3-kafli","status":"publish","type":"page","link":"https:\/\/biblian.is\/gudbrandsbiblia\/mika-3-kafli\/","title":{"rendered":"M\u00edka 3. kafli"},"content":{"rendered":"<p>III.<\/p>\n<p>Og eg sag\u00f0i: Heyri\u00f0 \u00fe\u00e1, \u00fe\u00e9r h\u00f6f\u00f0ingjar af Jakobs h\u00fasi. \u00de\u00e9r skyldu\u00f0 vera me\u00f0 r\u00e9ttu \u00feeir sem r\u00e9ttinn \u00e6ttu a\u00f0 vita. En \u00fe\u00e9r hati\u00f0 \u00fea\u00f0 g\u00f3\u00f0a og elski\u00f0 \u00fea\u00f0 vonda. \u00de\u00e9r fl\u00e1i\u00f0 h\u00fa\u00f0ina af \u00feeim og kj\u00f6ti\u00f0 af \u00feeirra beinum og eti\u00f0 kj\u00f6t m\u00edns f\u00f3lks. Og \u00fe\u00e1 \u00feer hafi\u00f0 dregi\u00f0 h\u00fa\u00f0ina af \u00feeim \u00fe\u00e1 sundurbrj\u00f3ti \u00fe\u00e9r \u00feeirra bein og leggi\u00f0 \u00feau \u00ed burt sem \u00ed einn pott og l\u00edka sem kj\u00f6t \u00ed einn ketil. \u00dear fyrir n\u00e6r \u00fe\u00e9r kalli\u00f0 til Drottins \u00fe\u00e1 skal hann ekki b\u00e6nheyra y\u00f0ur heldur skal hann byrgja sitt andlit fyrir y\u00f0ur \u00e1 \u00feeim sama t\u00edma so sem \u00fe\u00e9r hafi\u00f0 for\u00fe\u00e9nt me\u00f0 y\u00f0ar vondri breytni.<\/p>\n<p>\tSo talar Drottinn \u00e1 m\u00f3t \u00feeim prophetunum sem villa mitt f\u00f3lk: \u00deeir pr\u00e9dika a\u00f0 \u00fea\u00f0 skuli ganga vel n\u00e6r menn gefa \u00feeim n\u00f3g a\u00f0 eta en f\u00e1i \u00feeir ekkert \u00ed munninn \u00fe\u00e1 pr\u00e9dika \u00feeir: &#8222;H\u00e9r skal koma eitt str\u00ed\u00f0.&#8220; \u00dear fyrir skal y\u00f0ar <span class=\"athugasemd\" title=\"a \/ Sj\u00f3n) \/ Pr\u00e9dikun og l\u00e6rd\u00f3mur\">[<\/span> sj\u00f3n ver\u00f0a a\u00f0 n\u00f3ttu og y\u00f0ar sp\u00e1d\u00f3mur a\u00f0 myrkri. S\u00f3lin skal ganga undir yfir \u00feeim prophetum og dagurinn skal myrkvast yfir \u00feeim. Og sj\u00e1endurnir skulu a\u00f0 sk\u00f6mm og sp\u00e1mennirnir skulu a\u00f0 spotti ver\u00f0a og allir skulu \u00feeir byrgja s\u00edna munna \u00fea\u00f0 \u00fe\u00e1 skal ekkert Gu\u00f0s or\u00f0 vera.<\/p>\n<p>\tEn eg er fullur af krafti og anda Drottins, fullur styrks og r\u00e9ttar, so eg \u00feori a\u00f0 segja Jakob til sinna misgj\u00f6r\u00f0a og \u00cdsrael til sinna synda.<\/p>\n<p>\tSo heyri\u00f0 n\u00fa \u00feetta, \u00fe\u00e9r h\u00f6f\u00f0ingjar \u00ed h\u00fasi Jakobs, og l\u00edka \u00fe\u00e9r herrar \u00ed h\u00fasi \u00cdsraels, \u00fe\u00e9r sem forsm\u00e1i\u00f0 r\u00e9ttinn og umsn\u00fai\u00f0 \u00f6llu \u00fev\u00ed sem r\u00e9tt er, \u00fe\u00e9r sem uppbyggi\u00f0 S\u00edon me\u00f0 bl\u00f3\u00f0 og Jer\u00fasalem me\u00f0 rangl\u00e6ti. Hennar h\u00f6f\u00f0ingjar d\u00e6ma fyrir g\u00e1fur, hennar prestar kenna fyrir laun og hennar prophetar sp\u00e1 fyrir peninga. <span class=\"athugasemd\" title=\"Ezechi. xxii. \/ Apoca. iii. \/ Jere. xxvi.\">[<\/span> \u00deeir forl\u00e1ta sig \u00e1 Drottin og segja: &#8222;Er ekki Gu\u00f0 me\u00f0 oss? \u00dear kann engin \u00f3lukka a\u00f0 koma yfir oss.&#8220; \u00dear fyrir skal S\u00edon ver\u00f0a pl\u00e6g\u00f0 sem einn akur y\u00f0ar vegna og Jer\u00fasalem skal ver\u00f0a a\u00f0 steinhr\u00fagu og fjalli\u00f0 musterisins a\u00f0 einni ey\u00f0uh\u00e6\u00f0.<\/p>\n","protected":false},"excerpt":{"rendered":"<p>III. Og eg sag\u00f0i: Heyri\u00f0 \u00fe\u00e1, \u00fe\u00e9r h\u00f6f\u00f0ingjar af Jakobs h\u00fasi. \u00de\u00e9r skyldu\u00f0 vera me\u00f0 r\u00e9ttu \u00feeir sem r\u00e9ttinn \u00e6ttu a\u00f0 vita. En \u00fe\u00e9r hati\u00f0 \u00fea\u00f0 g\u00f3\u00f0a og elski\u00f0 \u00fea\u00f0 vonda. \u00de\u00e9r fl\u00e1i\u00f0 h\u00fa\u00f0ina af \u00feeim og kj\u00f6ti\u00f0 af \u00feeirra beinum og eti\u00f0 kj\u00f6t m\u00edns f\u00f3lks. Og \u00fe\u00e1 \u00feer hafi\u00f0 dregi\u00f0 h\u00fa\u00f0ina af \u00feeim \u00fe\u00e1 sundurbrj\u00f3ti \u00fe\u00e9r \u00feeirra bein og leggi\u00f0 \u00feau \u00ed burt sem \u00ed einn pott og l\u00edka sem kj\u00f6t \u00ed einn ketil. \u00dear fyrir n\u00e6r \u00fe\u00e9r kalli\u00f0 til Drottins \u00fe\u00e1 skal hann ekki b\u00e6nheyra y\u00f0ur heldur skal hann byrgja sitt andlit fyrir y\u00f0ur \u00e1 \u00feeim sama t\u00edma <a href=\"https:\/\/biblian.is\/gudbrandsbiblia\/mika-3-kafli\/\"> [&#8230;]<\/a><\/p>\n","protected":false},"author":1,"featured_media":0,"parent":0,"menu_order":0,"comment_status":"open","ping_status":"open","template":"bibliukaflar.php","meta":{"footnotes":""},"class_list":["post-3593","page","type-page","status-publish","hentry"],"_links":{"self":[{"href":"https:\/\/biblian.is\/gudbrandsbiblia\/wp-json\/wp\/v2\/pages\/3593","targetHints":{"allow":["GET"]}}],"collection":[{"href":"https:\/\/biblian.is\/gudbrandsbiblia\/wp-json\/wp\/v2\/pages"}],"about":[{"href":"https:\/\/biblian.is\/gudbrandsbiblia\/wp-json\/wp\/v2\/types\/page"}],"author":[{"embeddable":true,"href":"https:\/\/biblian.is\/gudbrandsbiblia\/wp-json\/wp\/v2\/users\/1"}],"replies":[{"embeddable":true,"href":"https:\/\/biblian.is\/gudbrandsbiblia\/wp-json\/wp\/v2\/comments?post=3593"}],"version-history":[{"count":0,"href":"https:\/\/biblian.is\/gudbrandsbiblia\/wp-json\/wp\/v2\/pages\/3593\/revisions"}],"wp:attachment":[{"href":"https:\/\/biblian.is\/gudbrandsbiblia\/wp-json\/wp\/v2\/media?parent=3593"}],"curies":[{"name":"wp","href":"https:\/\/api.w.org\/{rel}","templated":true}]}}