{"id":3591,"date":"2017-12-18T18:34:06","date_gmt":"2017-12-18T18:34:06","guid":{"rendered":"http:\/\/biblian.is\/gudbrandsbiblia\/mika-1-kafli\/"},"modified":"2017-12-18T18:34:06","modified_gmt":"2017-12-18T18:34:06","slug":"mika-1-kafli","status":"publish","type":"page","link":"https:\/\/biblian.is\/gudbrandsbiblia\/mika-1-kafli\/","title":{"rendered":"M\u00edka 1. kafli"},"content":{"rendered":"<p>Prophetinn Micheas<\/p>\n<p>I. <\/p>\n<p>\u00deetta er \u00fea\u00f0 or\u00f0 Drottins sem ske\u00f0i til Micheas af Maresa \u00e1 d\u00f6gum J\u00f3tam, Akas og Ezechias Gy\u00f0ingak\u00f3nga, hva\u00f0 hann s\u00e1 yfir Samaria og Jer\u00fasalem. <span class=\"athugasemd\" title=\"Fyrir hinga\u00f0bur\u00f0inn dccxli. \u00e1r\">[<\/span><\/p>\n<p>\tHeyri\u00f0, allar \u00fej\u00f3\u00f0ir, og landi\u00f0 gaumg\u00e6fi og allt \u00fea\u00f0 sem \u00fear er inni \u00fev\u00ed a\u00f0 Drottinn Gu\u00f0 hefur nokku\u00f0 a\u00f0 tala vi\u00f0 y\u00f0ur, j\u00e1 Drottinn af s\u00ednu heil\u00f6gu musteri. \u00dev\u00ed a\u00f0 sj\u00e1i\u00f0, Drottinn mun \u00fat fara af s\u00ednu takmarki og fara ofan og ganga um h\u00e6\u00f0irnar \u00ed landinu so a\u00f0 fj\u00f6llin skulu br\u00e1\u00f0na undir honum og dalirnir \u00ed sundurklofna l\u00edka sem vax br\u00e1\u00f0nar fyrir eldi e\u00f0a sem vatn \u00fea\u00f0 sem str\u00edtt fellur. \u00deetta allt saman fyrir Jakobs yfirtro\u00f0slu skuld og s\u00f6kum synda \u00feeirra af h\u00fasi \u00cdsraels. <span class=\"athugasemd\" title=\"Esa xxi.\">[<\/span><\/p>\n<p>\tEn hver er Jakobs synd? Er \u00fea\u00f0 ekki Samaria? Og hverjar eru J\u00fada h\u00e6\u00f0ir? Er \u00fea\u00f0 ekki Jer\u00fasalem? Og eg vil gj\u00f6ra Samaria a\u00f0 einni grj\u00f3thr\u00fagu \u00ed markinni so sem menn hla\u00f0a upp \u00ed kringum v\u00edngar\u00f0ana og eg vil velta hennar steinum \u00ed dalinn og ni\u00f0urbrj\u00f3ta \u00ed grunn. Allir hennar afgu\u00f0ir skulu \u00ed sundur brj\u00f3tast og \u00f6ll hennar h\u00f3rulaun skulu brennast me\u00f0 eldi og eg vil \u00ed ey\u00f0i leggja \u00f6ll hennar b\u00edl\u00e6ti \u00fev\u00ed a\u00f0 \u00feau eru samans\u00f6fnu\u00f0 af h\u00f3rulaunum og \u00feau skulu aftur ver\u00f0a a\u00f0 h\u00f3rulaunum.<\/p>\n<p>\t\u00dear fyrir hl\u00fdt eg a\u00f0 gr\u00e1ta og veina. Eg m\u00e1 ganga sviptur kl\u00e6\u00f0um og nakinn, eg m\u00e1 syrgja sem dreki og \u00fdla sem str\u00fassfugl. \u00dev\u00ed \u00fear eru engin r\u00e1\u00f0 til \u00feeirrar pl\u00e1gu sem komin er allt a\u00f0 J\u00fada og skal taka til alls m\u00edns f\u00f3lks, til portdyranna \u00ed Jer\u00fasalem. Kunngj\u00f6ri\u00f0 \u00fea\u00f0 \u00fe\u00f3 ekki \u00ed Gat, l\u00e1ti\u00f0 ekki heyra y\u00f0varn gr\u00e1t heldur fari\u00f0 \u00ed y\u00f0ar sorgarh\u00fas og sitji\u00f0 \u00fear \u00ed \u00f6sku. \u00de\u00fa inn fagri sta\u00f0ur skalt ni\u00f0urfalla me\u00f0 allri sk\u00f6mm. \u00deeir innbyggjarar \u00ed Jaenam skulu ekki \u00fatfara s\u00f6kum sorgar \u00feeirra n\u00e6stu h\u00fasanna. Hann skal taka \u00fea\u00f0 fr\u00e1 y\u00f0ur \u00feegar hann leggur sig \u00fear. S\u00e1 sorgfulli sta\u00f0ur getur ekki hugga\u00f0 sig \u00fev\u00ed \u00f3lukkan skal koma fr\u00e1 Drottni og so til portanna \u00ed Jer\u00fasalem. \u00de\u00fa Lak\u00edssta\u00f0ur, b\u00fa \u00fe\u00fa til hesta og vagna og fl\u00fd \u00fear fr\u00e1 \u00fev\u00ed \u00fe\u00fa ert S\u00edonsd\u00f3ttir upphaf til synda og \u00cdsraels yfirtro\u00f0slur eru fundnar \u00ed \u00fe\u00e9r. \u00de\u00fa skalt fangarana \u00fatgefa so vel sem Gat. Sta\u00f0urinn Aks\u00edb skal finna \u00fea\u00f0 me\u00f0 Israelisk\u00f3ngum, eg vil f\u00e6ra \u00feann r\u00e9tta arf til \u00fe\u00edn, Maresa, og \u00cdsraelsskraut skal koma til Ad\u00fallam. L\u00e1t af \u00fe\u00e9r raka h\u00e1ri\u00f0 og gakktu sk\u00f6ll\u00f3ttur yfir \u00fe\u00ednum fr\u00ed\u00f0um b\u00f6rnum. Gj\u00f6r \u00fe\u00fa \u00feig me\u00f0 \u00f6llu sk\u00f6ll\u00f3tta sem ein \u00f6rn \u00fev\u00ed \u00feeir eru f\u00e6r\u00f0ir fanga\u00f0ir fr\u00e1 \u00fe\u00e9r.<\/p>\n","protected":false},"excerpt":{"rendered":"<p>Prophetinn Micheas I. \u00deetta er \u00fea\u00f0 or\u00f0 Drottins sem ske\u00f0i til Micheas af Maresa \u00e1 d\u00f6gum J\u00f3tam, Akas og Ezechias Gy\u00f0ingak\u00f3nga, hva\u00f0 hann s\u00e1 yfir Samaria og Jer\u00fasalem. [ Heyri\u00f0, allar \u00fej\u00f3\u00f0ir, og landi\u00f0 gaumg\u00e6fi og allt \u00fea\u00f0 sem \u00fear er inni \u00fev\u00ed a\u00f0 Drottinn Gu\u00f0 hefur nokku\u00f0 a\u00f0 tala vi\u00f0 y\u00f0ur, j\u00e1 Drottinn af s\u00ednu heil\u00f6gu musteri. \u00dev\u00ed a\u00f0 sj\u00e1i\u00f0, Drottinn mun \u00fat fara af s\u00ednu takmarki og fara ofan og ganga um h\u00e6\u00f0irnar \u00ed landinu so a\u00f0 fj\u00f6llin skulu br\u00e1\u00f0na undir honum og dalirnir \u00ed sundurklofna l\u00edka sem vax br\u00e1\u00f0nar fyrir eldi e\u00f0a sem vatn \u00fea\u00f0 sem str\u00edtt <a href=\"https:\/\/biblian.is\/gudbrandsbiblia\/mika-1-kafli\/\"> [&#8230;]<\/a><\/p>\n","protected":false},"author":1,"featured_media":0,"parent":0,"menu_order":0,"comment_status":"open","ping_status":"open","template":"bibliukaflar.php","meta":{"footnotes":""},"class_list":["post-3591","page","type-page","status-publish","hentry"],"_links":{"self":[{"href":"https:\/\/biblian.is\/gudbrandsbiblia\/wp-json\/wp\/v2\/pages\/3591","targetHints":{"allow":["GET"]}}],"collection":[{"href":"https:\/\/biblian.is\/gudbrandsbiblia\/wp-json\/wp\/v2\/pages"}],"about":[{"href":"https:\/\/biblian.is\/gudbrandsbiblia\/wp-json\/wp\/v2\/types\/page"}],"author":[{"embeddable":true,"href":"https:\/\/biblian.is\/gudbrandsbiblia\/wp-json\/wp\/v2\/users\/1"}],"replies":[{"embeddable":true,"href":"https:\/\/biblian.is\/gudbrandsbiblia\/wp-json\/wp\/v2\/comments?post=3591"}],"version-history":[{"count":0,"href":"https:\/\/biblian.is\/gudbrandsbiblia\/wp-json\/wp\/v2\/pages\/3591\/revisions"}],"wp:attachment":[{"href":"https:\/\/biblian.is\/gudbrandsbiblia\/wp-json\/wp\/v2\/media?parent=3591"}],"curies":[{"name":"wp","href":"https:\/\/api.w.org\/{rel}","templated":true}]}}