{"id":3590,"date":"2017-12-18T18:34:06","date_gmt":"2017-12-18T18:34:06","guid":{"rendered":"http:\/\/biblian.is\/gudbrandsbiblia\/jonas-4-kafli\/"},"modified":"2017-12-18T18:34:06","modified_gmt":"2017-12-18T18:34:06","slug":"jonas-4-kafli","status":"publish","type":"page","link":"https:\/\/biblian.is\/gudbrandsbiblia\/jonas-4-kafli\/","title":{"rendered":"J\u00f3nas 4. kafli"},"content":{"rendered":"<p>IIII.<\/p>\n<p>\u00dea\u00f0 misl\u00edka\u00f0i Jona ofurmj\u00f6g og hann var\u00f0 rei\u00f0ur og ba\u00f0 til Drottins og sag\u00f0i: &#8222;\u00d3 herra, \u00feetta er \u00fea\u00f0 sem eg sag\u00f0i \u00fe\u00e1 eg var enn \u00ed m\u00ednu landi, hvar fyrir a\u00f0 eg vildi og svo hafa komist undan og fl\u00fd\u00f0i \u00e1 sj\u00f3inn. \u00dev\u00ed a\u00f0 eg veit a\u00f0 \u00fe\u00fa ert n\u00e1\u00f0ugur, miskunnsamur, \u00feolinm\u00f3\u00f0ur og g\u00e6skufullur og l\u00e6tur \u00feig angra \u00fea\u00f0 vonda. <span class=\"athugasemd\" title=\"S\u00e1l. Ciii. \/ J\u00f3el ii.\">[<\/span> So tak n\u00fa, Drottinn, m\u00edna aund fr\u00e1 m\u00e9r \u00fev\u00ed eg vil heldur deyja en lifa.&#8220; En Drottinn sag\u00f0i: &#8222;Hyggur \u00fe\u00fa a\u00f0 \u00fe\u00fa rei\u00f0ist me\u00f0 r\u00e9ttu?&#8220;<\/p>\n<p>\tOg J\u00f3nas gekk \u00fat af sta\u00f0num og setti sig \u00ed austur gagnvart sta\u00f0num og gj\u00f6r\u00f0i s\u00e9r \u00fear eitt hreysi. \u00dear settist hann ni\u00f0ur undir skuggann \u00feanga\u00f0 til hann s\u00e6i hva\u00f0 yfir sta\u00f0inn mundi koma.<\/p>\n<p>\tOg Drottinn Gu\u00f0 l\u00e9t vaxa einn lund og hann \u00f3x yfir Jonam so hann sk\u00fdldi honum yfir hans h\u00f6fu\u00f0 og lina\u00f0i hans veikleika. Og J\u00f3nas gladdist mj\u00f6g af \u00feeim lundi. En Drottinn tilsetti einn orm um morguninn \u00fe\u00e1 morgunro\u00f0inn kom og ormurinn stakk \u00feennan lund so hann visna\u00f0i. Og sem s\u00f3lin var upp komin l\u00e9t Drottinn koma eit \u00feurrt austanve\u00f0ur og s\u00f3largeislinn skein \u00e1 h\u00f6fu\u00f0 J\u00f3nas og hann var\u00f0 m\u00e1ttlaus. \u00de\u00e1 \u00f3ska\u00f0i hann s\u00e9r dau\u00f0a og sag\u00f0i: &#8222;Eg vil heldur deyja en lifa.&#8220;<\/p>\n<p>\t\u00de\u00e1 sag\u00f0i Drottinn til Jonam: &#8222;Hugsar \u00fe\u00fa a\u00f0 \u00fe\u00fa rei\u00f0ist me\u00f0 r\u00e9ttu vegna \u00feessa lunds?&#8220; Hann sag\u00f0i: &#8222;Eg rei\u00f0unst me\u00f0 r\u00e9ttu allt til dau\u00f0a.&#8220; Og Drottinn sag\u00f0i: &#8222;\u00de\u00fa kennir \u00ed brj\u00f3sti um \u00feennan lund fyrir hverjum \u00fe\u00fa ekki erfi\u00f0i haf\u00f0ir og ekki heldur l\u00e9tstu hann vaxa, hver \u00e1 einni n\u00f3tt \u00f3x og \u00e1 einni n\u00f3tt visna\u00f0i. Og skyldi eg ekki sj\u00e1 aumur \u00e1 N\u00edn\u00edve, so st\u00f3rum sta\u00f0, \u00ed hverjum a\u00f0 eru meir en hundra\u00f0 og tuttugu \u00fe\u00fasundir manna hverjir \u00f6ngvan greinarmun vita, hva\u00f0 hi\u00f0 h\u00e6gra e\u00f0a hi\u00f0 vinstra er, og \u00fear me\u00f0 fj\u00f6ldi d\u00fdra?&#8220;<\/p>\n","protected":false},"excerpt":{"rendered":"<p>IIII. \u00dea\u00f0 misl\u00edka\u00f0i Jona ofurmj\u00f6g og hann var\u00f0 rei\u00f0ur og ba\u00f0 til Drottins og sag\u00f0i: &#8222;\u00d3 herra, \u00feetta er \u00fea\u00f0 sem eg sag\u00f0i \u00fe\u00e1 eg var enn \u00ed m\u00ednu landi, hvar fyrir a\u00f0 eg vildi og svo hafa komist undan og fl\u00fd\u00f0i \u00e1 sj\u00f3inn. \u00dev\u00ed a\u00f0 eg veit a\u00f0 \u00fe\u00fa ert n\u00e1\u00f0ugur, miskunnsamur, \u00feolinm\u00f3\u00f0ur og g\u00e6skufullur og l\u00e6tur \u00feig angra \u00fea\u00f0 vonda. [ So tak n\u00fa, Drottinn, m\u00edna aund fr\u00e1 m\u00e9r \u00fev\u00ed eg vil heldur deyja en lifa.&#8220; En Drottinn sag\u00f0i: &#8222;Hyggur \u00fe\u00fa a\u00f0 \u00fe\u00fa rei\u00f0ist me\u00f0 r\u00e9ttu?&#8220; Og J\u00f3nas gekk \u00fat af sta\u00f0num og setti sig \u00ed austur gagnvart <a href=\"https:\/\/biblian.is\/gudbrandsbiblia\/jonas-4-kafli\/\"> [&#8230;]<\/a><\/p>\n","protected":false},"author":1,"featured_media":0,"parent":0,"menu_order":0,"comment_status":"open","ping_status":"open","template":"bibliukaflar.php","meta":{"footnotes":""},"class_list":["post-3590","page","type-page","status-publish","hentry"],"_links":{"self":[{"href":"https:\/\/biblian.is\/gudbrandsbiblia\/wp-json\/wp\/v2\/pages\/3590","targetHints":{"allow":["GET"]}}],"collection":[{"href":"https:\/\/biblian.is\/gudbrandsbiblia\/wp-json\/wp\/v2\/pages"}],"about":[{"href":"https:\/\/biblian.is\/gudbrandsbiblia\/wp-json\/wp\/v2\/types\/page"}],"author":[{"embeddable":true,"href":"https:\/\/biblian.is\/gudbrandsbiblia\/wp-json\/wp\/v2\/users\/1"}],"replies":[{"embeddable":true,"href":"https:\/\/biblian.is\/gudbrandsbiblia\/wp-json\/wp\/v2\/comments?post=3590"}],"version-history":[{"count":0,"href":"https:\/\/biblian.is\/gudbrandsbiblia\/wp-json\/wp\/v2\/pages\/3590\/revisions"}],"wp:attachment":[{"href":"https:\/\/biblian.is\/gudbrandsbiblia\/wp-json\/wp\/v2\/media?parent=3590"}],"curies":[{"name":"wp","href":"https:\/\/api.w.org\/{rel}","templated":true}]}}