{"id":3585,"date":"2017-12-18T18:34:06","date_gmt":"2017-12-18T18:34:06","guid":{"rendered":"http:\/\/biblian.is\/gudbrandsbiblia\/amos-9-kafli\/"},"modified":"2017-12-18T18:34:06","modified_gmt":"2017-12-18T18:34:06","slug":"amos-9-kafli","status":"publish","type":"page","link":"https:\/\/biblian.is\/gudbrandsbiblia\/amos-9-kafli\/","title":{"rendered":"Amos 9. kafli"},"content":{"rendered":"<p>IX.<\/p>\n<p>Eg s\u00e1 Drottin standa upp \u00e1 altarinu og hann sag\u00f0i: Sl\u00e1 \u00fe\u00fa upp \u00e1 \u00feann efsta enda dyrastafsins so a\u00f0 st\u00f3lparnir bifist. \u00dev\u00ed \u00feeirra \u00e1girndir skulu koma yfir allra \u00feeirra h\u00f6fu\u00f0 og eg vil \u00ed hel sl\u00e1 \u00feeirra eftirkomendur me\u00f0 sver\u00f0i so enginn skal undan komast og ekki \u00fea\u00f0an sleppa. Og \u00fe\u00f3 \u00feeir gr\u00e6fi sig ni\u00f0ur \u00ed helv\u00edti \u00fe\u00e1 skal \u00fe\u00f3 m\u00edn h\u00f6nd f\u00e6ra \u00fe\u00e1 \u00fea\u00f0an e\u00f0a \u00fe\u00f3 \u00feeir f\u00e6ri upp \u00ed himininn \u00fe\u00e1 vil eg l\u00edka vel sl\u00e1 \u00fe\u00e1 ni\u00f0ur og \u00fe\u00f3 \u00feeir feli sig upp \u00e1 fjallinu Karmel \u00fe\u00e1 vil eg l\u00edka vel leita \u00feeirra og s\u00e6kja \u00fe\u00e1 \u00feanga\u00f0 og \u00fe\u00f3 \u00feeir geymdi sig fyrir m\u00ednum augum \u00e1 mararbotni \u00fe\u00e1 vil eg \u00fe\u00f3 b\u00edfala h\u00f6ggormunum a\u00f0 \u00feeir skulu stinga \u00fe\u00e1 \u00fear. Og \u00fe\u00f3 \u00feeir gengi fanga\u00f0ir burt fr\u00e1 s\u00ednum \u00f3vinum \u00fe\u00e1 vil eg \u00fe\u00f3 b\u00edfala sver\u00f0inu a\u00f0 \u00fea\u00f0 skal myr\u00f0a \u00fe\u00e1 \u00fear. \u00dev\u00ed eg vil hafa m\u00edn augu \u00e1 \u00feeim \u00feeim til \u00f3lukku en til einskis g\u00f3\u00f0a.<\/p>\n<p>\t\u00dev\u00ed Drottinn Seba\u00f3t er sl\u00edkur a\u00f0 n\u00e6r hann \u00e1hr\u00e6rir eitt land \u00fe\u00e1 br\u00e1\u00f0nar \u00fea\u00f0 so a\u00f0 allir innbyggjararnir skulu \u00f3ttast a\u00f0 \u00fea\u00f0 muni allt falla yfir \u00fe\u00e1 sem vatn og yfir \u00fe\u00e1 flj\u00f3ta sem vatni\u00f0 \u00ed Egyptalandi. Hann er s\u00e1 sem byggir sinn sal \u00ed himninum og grundvallar s\u00edna tjaldb\u00fa\u00f0 \u00e1 j\u00f6r\u00f0unni. Hann kallar vatni\u00f0 \u00ed sj\u00f3num og \u00fathellir \u00fev\u00ed \u00e1 j\u00f6r\u00f0ina. Hann heitir Drottinn. Eru \u00fe\u00e9r, \u00cdsraelsb\u00f6rn, ekki \u00e1l\u00edka vi\u00f0 mig sem Bl\u00e1lendingar, segir Drottinn? Hefi eg ekki f\u00e6rt \u00cdsrael af Egyptalandi og \u00fe\u00e1 Philisteis af Kaft\u00f3r og \u00fe\u00e1 s\u00fdrlensku af K\u00edr? <\/p>\n<p>\tSj\u00e1 \u00fe\u00fa, augu Drottins Drottins l\u00edta upp \u00e1 eitt syndugt k\u00f3ngsr\u00edki svo eg skal \u00fea\u00f0 me\u00f0 \u00f6llu afm\u00e1 af jar\u00f0r\u00edki. En \u00fe\u00f3 vil eg ekki me\u00f0 \u00f6llu afm\u00e1 Jakobs h\u00fas, segir Drottinn. En sj\u00e1 \u00fe\u00fa, eg vil b\u00edfala og l\u00e1ta sigta \u00cdsraels h\u00fas \u00e1 me\u00f0al allra hei\u00f0ingja so sem sigta\u00f0 er mj\u00f6l \u00ed s\u00e1ldri. Og \u00feau sm\u00e1kornin skulu ekki falla \u00e1 j\u00f6r\u00f0ina. Allir syndarar \u00e1 me\u00f0al m\u00edns f\u00f3lks skulu deyja fyrir sver\u00f0i, \u00feeir sem segja: &#8222;\u00d3lukkan skal ekki vera oss so n\u00e6rri og eigi heldur koma yfir oss&#8220;. <\/p>\n<p>\t\u00c1 \u00feeim s\u00f6mu d\u00f6gum vil eg upp aftur r\u00e9tta \u00fe\u00e1 ni\u00f0urfallna tjaldb\u00fa\u00f0 Dav\u00ed\u00f0s og uppbyggja hennar ni\u00f0urbrotna veggi og uppreisa \u00fea\u00f0 aftur sem af er broti\u00f0 og eg vil uppbyggja hana aftur so sem h\u00fan var \u00e1\u00f0ur fyrri. <span class=\"athugasemd\" title=\"Act. xv.\">[<\/span> Og \u00feeir skulu eignast \u00fea\u00f0 eftirbl\u00edfna \u00ed Ed\u00f3m og \u00fea\u00f0 eftirl\u00e1tna \u00e1 me\u00f0al allra hei\u00f0ingjanna hverjum mitt nafn pr\u00e9dikast, segir Drottinn sem svoddan gj\u00f6rir.<\/p>\n<p>\tSj\u00e1 \u00fe\u00fa, s\u00fa t\u00ed\u00f0 skal koma, segir Drottinn, a\u00f0 menn skulu undir eins erja og uppskera og s\u00e6\u00f0inu s\u00e1 og v\u00ednberin sprengja. <span class=\"athugasemd\" title=\"J\u00f3hel iii. \/ \u00deetta er t\u00ed\u00f0 evangelii og r\u00edkisins Christi\">[<\/span> Og af fj\u00f6llunum mun drj\u00fapa s\u00e6tt v\u00edn og allar h\u00e6\u00f0ir skulu frj\u00f3samar vera. \u00dev\u00ed a\u00f0 eg vil umsn\u00faa fangelsi m\u00edns f\u00f3lks \u00cdsraels a\u00f0 \u00feeir skulu uppbyggja \u00fe\u00e1 ey\u00f0ista\u00f0i og b\u00faa \u00fear, planta v\u00edngar\u00f0a og drekka v\u00edn af \u00feeim, gj\u00f6ra aldingar\u00f0a og eta \u00e1v\u00f6xtinn \u00fear af. \u00dev\u00ed a\u00f0 eg vil planta \u00fe\u00e1 \u00ed \u00feeirra landi so \u00feeir skulu ekki meir upprykkjast af \u00feeirra landi hvert eg vil gefa \u00feeim, segir Drottinn Drottinn Gu\u00f0 \u00feinn.<\/p>\n<p>Ending prophetans Amos<\/p>\n","protected":false},"excerpt":{"rendered":"<p>IX. Eg s\u00e1 Drottin standa upp \u00e1 altarinu og hann sag\u00f0i: Sl\u00e1 \u00fe\u00fa upp \u00e1 \u00feann efsta enda dyrastafsins so a\u00f0 st\u00f3lparnir bifist. \u00dev\u00ed \u00feeirra \u00e1girndir skulu koma yfir allra \u00feeirra h\u00f6fu\u00f0 og eg vil \u00ed hel sl\u00e1 \u00feeirra eftirkomendur me\u00f0 sver\u00f0i so enginn skal undan komast og ekki \u00fea\u00f0an sleppa. Og \u00fe\u00f3 \u00feeir gr\u00e6fi sig ni\u00f0ur \u00ed helv\u00edti \u00fe\u00e1 skal \u00fe\u00f3 m\u00edn h\u00f6nd f\u00e6ra \u00fe\u00e1 \u00fea\u00f0an e\u00f0a \u00fe\u00f3 \u00feeir f\u00e6ri upp \u00ed himininn \u00fe\u00e1 vil eg l\u00edka vel sl\u00e1 \u00fe\u00e1 ni\u00f0ur og \u00fe\u00f3 \u00feeir feli sig upp \u00e1 fjallinu Karmel \u00fe\u00e1 vil eg l\u00edka vel leita \u00feeirra og s\u00e6kja <a href=\"https:\/\/biblian.is\/gudbrandsbiblia\/amos-9-kafli\/\"> [&#8230;]<\/a><\/p>\n","protected":false},"author":1,"featured_media":0,"parent":0,"menu_order":0,"comment_status":"open","ping_status":"open","template":"bibliukaflar.php","meta":{"footnotes":""},"class_list":["post-3585","page","type-page","status-publish","hentry"],"_links":{"self":[{"href":"https:\/\/biblian.is\/gudbrandsbiblia\/wp-json\/wp\/v2\/pages\/3585","targetHints":{"allow":["GET"]}}],"collection":[{"href":"https:\/\/biblian.is\/gudbrandsbiblia\/wp-json\/wp\/v2\/pages"}],"about":[{"href":"https:\/\/biblian.is\/gudbrandsbiblia\/wp-json\/wp\/v2\/types\/page"}],"author":[{"embeddable":true,"href":"https:\/\/biblian.is\/gudbrandsbiblia\/wp-json\/wp\/v2\/users\/1"}],"replies":[{"embeddable":true,"href":"https:\/\/biblian.is\/gudbrandsbiblia\/wp-json\/wp\/v2\/comments?post=3585"}],"version-history":[{"count":0,"href":"https:\/\/biblian.is\/gudbrandsbiblia\/wp-json\/wp\/v2\/pages\/3585\/revisions"}],"wp:attachment":[{"href":"https:\/\/biblian.is\/gudbrandsbiblia\/wp-json\/wp\/v2\/media?parent=3585"}],"curies":[{"name":"wp","href":"https:\/\/api.w.org\/{rel}","templated":true}]}}