{"id":3583,"date":"2017-12-18T18:34:06","date_gmt":"2017-12-18T18:34:06","guid":{"rendered":"http:\/\/biblian.is\/gudbrandsbiblia\/amos-7-kafli\/"},"modified":"2017-12-18T18:34:06","modified_gmt":"2017-12-18T18:34:06","slug":"amos-7-kafli","status":"publish","type":"page","link":"https:\/\/biblian.is\/gudbrandsbiblia\/amos-7-kafli\/","title":{"rendered":"Amos 7. kafli"},"content":{"rendered":"<p>VII.<\/p>\n<p>Og Drottinn Drottinn v\u00edsa\u00f0i m\u00e9r eina s\u00fdn og sj\u00e1 \u00fe\u00fa, \u00fear st\u00f3\u00f0 einn sem mynda\u00f0i engisprettur strax sem korni\u00f0 t\u00f3k a\u00f0 gr\u00f3a og sj\u00e1, \u00fea\u00f0 gr\u00e6na st\u00f3\u00f0 eftir \u00fe\u00e1 a\u00f0 konungurinn haf\u00f0i l\u00e1ti\u00f0 klippa s\u00edna sau\u00f0i. <span class=\"athugasemd\" title=\"Engisprettur\">[<\/span> Og \u00fe\u00e1 \u00fe\u00e6r vildu n\u00fa me\u00f0 \u00f6llu urtirnar uppeta \u00ed landinu \u00fe\u00e1 sag\u00f0a eg: &#8222;\u00d3 Drottinn Drottinn, vertu n\u00e1\u00f0ugur! Hver vill n\u00fa hj\u00e1lpa Jakobn upp aftur? \u00dev\u00ed hann er mj\u00f6g l\u00edtill.&#8220; \u00de\u00e1 aumka\u00f0i Drotinn \u00fea\u00f0 og sag\u00f0i: &#8222;\u00dea\u00f0 skal ekki ske.&#8220;<\/p>\n<p>\tOg Drottinn v\u00edsa\u00f0i m\u00e9r eina s\u00fdn og sj\u00e1 \u00fe\u00fa, a\u00f0 Drottinn Gu\u00f0 kalla\u00f0i \u00e1 eldinn til a\u00f0 straffa me\u00f0 honum a\u00f0 hann skyldi fort\u00e6ra eitt st\u00f3rt dj\u00fap og hann \u00e1t alla rei\u00f0u upp einn part \u00fear af. <span class=\"athugasemd\" title=\"Eldur\">[<\/span> \u00de\u00e1 sag\u00f0i eg: &#8222;\u00d3 Drottinn Drottinn, l\u00e1t af! Hver vill hj\u00e1lpa Jakob upp aftur? \u00dev\u00ed hann er mj\u00f6g l\u00edtill. \u00de\u00e1 angra\u00f0i Drottinn \u00fea\u00f0 og Drottinn Drottinn sag\u00f0i: &#8222;\u00dea\u00f0 skal ekki ske.&#8220;<\/p>\n<p>\tEn hann v\u00edsa\u00f0i m\u00e9r \u00feessa s\u00fdn og sj\u00e1 \u00fe\u00fa, Drottinn hann st\u00f3\u00f0 upp \u00e1 einum m\u00far sem var m\u00e6ltur me\u00f0 einum m\u00e6li\u00fer\u00e6\u00f0i og hann haf\u00f0i \u00feann m\u00e6li\u00fer\u00e1\u00f0 \u00ed sinni hendi. Og Drottinn sag\u00f0i til m\u00edn: <span class=\"athugasemd\" title=\"M\u00e6li\u00fer\u00e1\u00f0ur\">[<\/span> &#8222;Hva\u00f0 s\u00e9r \u00fe\u00fa, Amos?&#8220; Eg svara\u00f0i: &#8222;Einn m\u00e6li\u00fer\u00e1\u00f0.&#8220; \u00de\u00e1 sag\u00f0i Drottinn til m\u00edn: &#8222;Sj\u00e1 \u00fe\u00fa, eg vil draga einn m\u00e6li\u00fer\u00e1\u00f0 mitt \u00ed gegnum mitt f\u00f3lk \u00cdsrael og eg vil ekki framar l\u00edta augum yfir \u00fea\u00f0 heldur skulu \u00cdsaaks h\u00e6\u00f0ir \u00ed ey\u00f0ileggjast og \u00cdsraels kirkjur skulu ni\u00f0urbrj\u00f3tast og eg vil rei\u00f0a mig m\u00f3ti Jer\u00f3b\u00f3am h\u00fasi me\u00f0 sver\u00f0i.&#8220;<\/p>\n<p>\t\u00de\u00e1 sendi Amas\u00edas prestur \u00ed Betel til Jer\u00f3b\u00f3am \u00cdsraelsk\u00f3ngs og l\u00e9t segja honum: &#8222;Amos gj\u00f6rir eitt upphlaup m\u00f3ti \u00fe\u00e9r \u00ed \u00cdsraels h\u00fasi. Landi\u00f0 kann ekki a\u00f0 l\u00ed\u00f0a hans or\u00f0. \u00dev\u00ed so segir Amos: Jer\u00f3b\u00f3am skal deyja fyrir sver\u00f0i og \u00cdsrael skal hertekinn burt flytjast af s\u00ednu landi.&#8220;<\/p>\n<p>\tOg Amas\u00eda sag\u00f0i til Amos: &#8222;\u00de\u00fa <span class=\"athugasemd\" title=\"a \/ Sj\u00e1andi) \/ Sj\u00e1endur nefndust sp\u00e1menn og pr\u00e9dikarar \u00ed fyrndinni\">[<\/span> sj\u00e1andi, far burt og fl\u00fd\u00f0u \u00ed landi\u00f0 J\u00fada, et \u00fear brau\u00f0 og sp\u00e1 \u00fe\u00fa \u00fear en sp\u00e1 \u00fe\u00fa ekki meir \u00ed Betel \u00fev\u00ed h\u00e9r er k\u00f3ngsins helgid\u00f3mur og hans konunglega h\u00fas.&#8220;<\/p>\n<p>\tAmos svara\u00f0i og sag\u00f0i til Amas\u00eda: &#8222;Eg er enginn sp\u00e1ma\u00f0ur og einskis sp\u00e1manns son heldur em eg einn hir\u00f0ir hver e\u00f0 samansafnar m\u00f3rberjum. En Drottinn t\u00f3k mig fr\u00e1 hj\u00f6r\u00f0inni og sag\u00f0i til m\u00edn: Far burt og sp\u00e1\u00f0u m\u00ednu f\u00f3lki \u00cdsrael. So heyr n\u00fa or\u00f0 Drottins: \u00de\u00fa segir: Sp\u00e1 \u00fe\u00fa ekki \u00ed m\u00f3ti \u00cdsrael og l\u00e1t ekki drj\u00fapa \u00ed m\u00f3ti h\u00fasi Jakobs. \u00dear fyrir segir Drottinn svo: \u00de\u00edn eiginkona skal ver\u00f0a a\u00f0 einni h\u00f3ru \u00ed sta\u00f0num og \u00fe\u00ednir synir og d\u00e6tur skulu falla fyrir sver\u00f0i og \u00feinn akur skal \u00fatskiptast me\u00f0 va\u00f0 en \u00fe\u00fa skalt deyja \u00fat \u00ed einu \u00f3hreinu landi og \u00cdsrael skal \u00ed burt sk\u00fafast \u00far s\u00ednu landi.&#8220;<\/p>\n","protected":false},"excerpt":{"rendered":"<p>VII. Og Drottinn Drottinn v\u00edsa\u00f0i m\u00e9r eina s\u00fdn og sj\u00e1 \u00fe\u00fa, \u00fear st\u00f3\u00f0 einn sem mynda\u00f0i engisprettur strax sem korni\u00f0 t\u00f3k a\u00f0 gr\u00f3a og sj\u00e1, \u00fea\u00f0 gr\u00e6na st\u00f3\u00f0 eftir \u00fe\u00e1 a\u00f0 konungurinn haf\u00f0i l\u00e1ti\u00f0 klippa s\u00edna sau\u00f0i. [ Og \u00fe\u00e1 \u00fe\u00e6r vildu n\u00fa me\u00f0 \u00f6llu urtirnar uppeta \u00ed landinu \u00fe\u00e1 sag\u00f0a eg: &#8222;\u00d3 Drottinn Drottinn, vertu n\u00e1\u00f0ugur! Hver vill n\u00fa hj\u00e1lpa Jakobn upp aftur? \u00dev\u00ed hann er mj\u00f6g l\u00edtill.&#8220; \u00de\u00e1 aumka\u00f0i Drotinn \u00fea\u00f0 og sag\u00f0i: &#8222;\u00dea\u00f0 skal ekki ske.&#8220; Og Drottinn v\u00edsa\u00f0i m\u00e9r eina s\u00fdn og sj\u00e1 \u00fe\u00fa, a\u00f0 Drottinn Gu\u00f0 kalla\u00f0i \u00e1 eldinn til a\u00f0 straffa me\u00f0 honum a\u00f0 <a href=\"https:\/\/biblian.is\/gudbrandsbiblia\/amos-7-kafli\/\"> [&#8230;]<\/a><\/p>\n","protected":false},"author":1,"featured_media":0,"parent":0,"menu_order":0,"comment_status":"open","ping_status":"open","template":"bibliukaflar.php","meta":{"footnotes":""},"class_list":["post-3583","page","type-page","status-publish","hentry"],"_links":{"self":[{"href":"https:\/\/biblian.is\/gudbrandsbiblia\/wp-json\/wp\/v2\/pages\/3583","targetHints":{"allow":["GET"]}}],"collection":[{"href":"https:\/\/biblian.is\/gudbrandsbiblia\/wp-json\/wp\/v2\/pages"}],"about":[{"href":"https:\/\/biblian.is\/gudbrandsbiblia\/wp-json\/wp\/v2\/types\/page"}],"author":[{"embeddable":true,"href":"https:\/\/biblian.is\/gudbrandsbiblia\/wp-json\/wp\/v2\/users\/1"}],"replies":[{"embeddable":true,"href":"https:\/\/biblian.is\/gudbrandsbiblia\/wp-json\/wp\/v2\/comments?post=3583"}],"version-history":[{"count":0,"href":"https:\/\/biblian.is\/gudbrandsbiblia\/wp-json\/wp\/v2\/pages\/3583\/revisions"}],"wp:attachment":[{"href":"https:\/\/biblian.is\/gudbrandsbiblia\/wp-json\/wp\/v2\/media?parent=3583"}],"curies":[{"name":"wp","href":"https:\/\/api.w.org\/{rel}","templated":true}]}}