{"id":3582,"date":"2017-12-18T18:34:06","date_gmt":"2017-12-18T18:34:06","guid":{"rendered":"http:\/\/biblian.is\/gudbrandsbiblia\/amos-6-kafli\/"},"modified":"2017-12-18T18:34:06","modified_gmt":"2017-12-18T18:34:06","slug":"amos-6-kafli","status":"publish","type":"page","link":"https:\/\/biblian.is\/gudbrandsbiblia\/amos-6-kafli\/","title":{"rendered":"Amos 6. kafli"},"content":{"rendered":"<p>VI.<\/p>\n<p>Vei \u00feeim drambs\u00f6mum \u00ed S\u00edon og \u00feeim sem treysta upp \u00e1 fjalli\u00f0 Samarie, \u00feeir sem halda sig inu yppustu yfir hei\u00f0ingjum og hofvera \u00ed \u00cdsraels h\u00fasi! Gangi\u00f0 burt til Kalne og sko\u00f0i\u00f0 en \u00fea\u00f0an til Hemat, \u00feess st\u00f3ra sta\u00f0ar, og gangi\u00f0 ofan til Gat \u00feeirra Philisteis sem veri\u00f0 hafa betri k\u00f3ngar\u00edki en \u00feessi og \u00feeirra landamerki vorou v\u00ed\u00f0ari en y\u00f0ar landamerki. <\/p>\n<p>\t\u00de\u00e9r sem hyggi\u00f0 y\u00f0ur vera langt fr\u00e1 \u00feeim vonda degi og s\u00e6ki\u00f0 allt\u00ed\u00f0 eftir rangri r\u00edkisstj\u00f3rn og sofi\u00f0 \u00e1 s\u00e6ng af f\u00edlabeinum og hafi\u00f0 of miki\u00f0 vi\u00f0 y\u00f0ar s\u00e6ngur. \u00de\u00e9r eti\u00f0 l\u00f6mbin af hj\u00f6r\u00f0unni og \u00fe\u00e1 alik\u00e1lfa, leiki\u00f0 \u00e1 hlj\u00f3\u00f0f\u00e6ri og gj\u00f6ri\u00f0 y\u00f0ur s\u00e1lma sem Dav\u00ed\u00f0 og drekki\u00f0 v\u00edn af sk\u00e1lunum og smyrji\u00f0 y\u00f0ur me\u00f0 balsamum en harmi\u00f0 ekki par vegna J\u00f3sefs sta\u00f0a. \u00dev\u00ed skulu \u00fe\u00e9r n\u00fa fyrst undan ganga \u00e1 me\u00f0al \u00feeirra sem fanga\u00f0ir eru \u00ed burt leiddir og braml y\u00f0ar ofneyslu skal afleggjast. <\/p>\n<p>\t\u00dev\u00ed Drottinn Gu\u00f0 hefur svari\u00f0 vi\u00f0 sj\u00e1lfan sig, segir Drottinn Gu\u00f0 Seba\u00f3t: M\u00e9r er lei\u00f0 drambsemi Jakobs og eg er rei\u00f0ur \u00feeirra h\u00f6llum og eg vil yfirgefa sta\u00f0inn og allt \u00fea\u00f0 sem er \u00ed honum. Og \u00fe\u00f3 \u00fear s\u00e9 eftir t\u00edu menn \u00ed einu h\u00fasi skulu \u00feeir l\u00edka vel deyja og segja til \u00feeirra sem eru \u00ed h\u00faskimunum: &#8222;Eru \u00fe\u00e9r enn n\u00fa fleiri h\u00e9r?&#8220; Og \u00feeir skulu svara: &#8222;Allir eru \u00feeir \u00ed burt.&#8220; Og hann skal segja: &#8222;Veri\u00f0 til fri\u00f0s \u00fev\u00ed \u00feeir vildu ekki a\u00f0 menn skyldu hugsa upp \u00e1 nafni\u00f0 Drottins.&#8220;<\/p>\n<p>\t\u00dev\u00ed sj\u00e1 \u00fe\u00fa, Drottinn hefur bo\u00f0i\u00f0 a\u00f0 menn skyldu sl\u00e1 \u00feau st\u00f3ru h\u00fasin so \u00feau rifni og \u00feau litlu h\u00fasin so \u00feau raskist. Hver kann hestinum \u00e1 skei\u00f0 a\u00f0 hleypa e\u00f0a erja me\u00f0 yxanum upp \u00e1 steininum? \u00dev\u00ed \u00fe\u00e9r sn\u00fai\u00f0 lagar\u00e9ttinum \u00ed gall og r\u00e9ttl\u00e6tisins \u00e1vexti \u00ed ramma malurt. Og \u00fe\u00e9r hafi\u00f0 huggun af \u00fev\u00ed sem er me\u00f0 \u00f6llu til einskis og segi\u00f0 so: &#8222;Erum v\u00e9r ekki sterkir \u00ed n\u00f3g me\u00f0 vorum hornum?&#8220; \u00dear fyrir sj\u00e1i\u00f0, eg vil uppvekja eitt f\u00f3lk yfir y\u00f0ur af \u00cdsraels h\u00fasi, segir Drottinn Gu\u00f0 Seba\u00f3t, \u00fea\u00f0 skal nau\u00f0ga y\u00f0ur af \u00feeim sta\u00f0 sem liggur til Hemat, allt til l\u00e6kjarins \u00ed ey\u00f0im\u00f6rkinni.<\/p>\n","protected":false},"excerpt":{"rendered":"<p>VI. Vei \u00feeim drambs\u00f6mum \u00ed S\u00edon og \u00feeim sem treysta upp \u00e1 fjalli\u00f0 Samarie, \u00feeir sem halda sig inu yppustu yfir hei\u00f0ingjum og hofvera \u00ed \u00cdsraels h\u00fasi! Gangi\u00f0 burt til Kalne og sko\u00f0i\u00f0 en \u00fea\u00f0an til Hemat, \u00feess st\u00f3ra sta\u00f0ar, og gangi\u00f0 ofan til Gat \u00feeirra Philisteis sem veri\u00f0 hafa betri k\u00f3ngar\u00edki en \u00feessi og \u00feeirra landamerki vorou v\u00ed\u00f0ari en y\u00f0ar landamerki. \u00de\u00e9r sem hyggi\u00f0 y\u00f0ur vera langt fr\u00e1 \u00feeim vonda degi og s\u00e6ki\u00f0 allt\u00ed\u00f0 eftir rangri r\u00edkisstj\u00f3rn og sofi\u00f0 \u00e1 s\u00e6ng af f\u00edlabeinum og hafi\u00f0 of miki\u00f0 vi\u00f0 y\u00f0ar s\u00e6ngur. \u00de\u00e9r eti\u00f0 l\u00f6mbin af hj\u00f6r\u00f0unni og \u00fe\u00e1 alik\u00e1lfa, leiki\u00f0 <a href=\"https:\/\/biblian.is\/gudbrandsbiblia\/amos-6-kafli\/\"> [&#8230;]<\/a><\/p>\n","protected":false},"author":1,"featured_media":0,"parent":0,"menu_order":0,"comment_status":"open","ping_status":"open","template":"bibliukaflar.php","meta":{"footnotes":""},"class_list":["post-3582","page","type-page","status-publish","hentry"],"_links":{"self":[{"href":"https:\/\/biblian.is\/gudbrandsbiblia\/wp-json\/wp\/v2\/pages\/3582","targetHints":{"allow":["GET"]}}],"collection":[{"href":"https:\/\/biblian.is\/gudbrandsbiblia\/wp-json\/wp\/v2\/pages"}],"about":[{"href":"https:\/\/biblian.is\/gudbrandsbiblia\/wp-json\/wp\/v2\/types\/page"}],"author":[{"embeddable":true,"href":"https:\/\/biblian.is\/gudbrandsbiblia\/wp-json\/wp\/v2\/users\/1"}],"replies":[{"embeddable":true,"href":"https:\/\/biblian.is\/gudbrandsbiblia\/wp-json\/wp\/v2\/comments?post=3582"}],"version-history":[{"count":0,"href":"https:\/\/biblian.is\/gudbrandsbiblia\/wp-json\/wp\/v2\/pages\/3582\/revisions"}],"wp:attachment":[{"href":"https:\/\/biblian.is\/gudbrandsbiblia\/wp-json\/wp\/v2\/media?parent=3582"}],"curies":[{"name":"wp","href":"https:\/\/api.w.org\/{rel}","templated":true}]}}