{"id":3580,"date":"2017-12-18T18:34:06","date_gmt":"2017-12-18T18:34:06","guid":{"rendered":"http:\/\/biblian.is\/gudbrandsbiblia\/amos-4-kafli\/"},"modified":"2017-12-18T18:34:06","modified_gmt":"2017-12-18T18:34:06","slug":"amos-4-kafli","status":"publish","type":"page","link":"https:\/\/biblian.is\/gudbrandsbiblia\/amos-4-kafli\/","title":{"rendered":"Amos 4. kafli"},"content":{"rendered":"<p>IIII.<\/p>\n<p>Heyri\u00f0 \u00feetta or\u00f0, \u00fe\u00e9r <span class=\"athugasemd\" title=\"a \/ Feitar k\u00fdr) \/ Rangl\u00e1tir herrar\">[<\/span> feitar k\u00fdr sem eru\u00f0 \u00e1 fjallinu Samarie, \u00fe\u00e9r sem gj\u00f6ri\u00f0 rangt nau\u00f0\u00feurftugum og ni\u00f0ur\u00ferykki\u00f0 hina f\u00e1t\u00e6ku og segi\u00f0 til y\u00f0ra herra: &#8222;Beri\u00f0 hinga\u00f0 og l\u00e1ti\u00f0 oss drekka!&#8220; S\u00e1 Drottinn Drottinn hefur svari\u00f0 vi\u00f0 sinn heilagleika: Sj\u00e1i\u00f0, s\u00e1 t\u00edmi kemur yfir y\u00f0ur a\u00f0 menn munu \u00fatkr\u00e6kja y\u00f0ur me\u00f0 kr\u00f3kum og y\u00f0ar eftirkomendur me\u00f0 fiski\u00f6nglum. Og \u00fe\u00e9r skulu\u00f0 ganga \u00fat \u00ed gegnum smugurnar \u00fear hver sem komin er og \u00fe\u00e9r skulu\u00f0 \u00ed burt kastast til Hermon, segir Drottinn.<\/p>\n<p>\tJ\u00e1 \u00fe\u00e9r komi\u00f0 h\u00e9r til Betel og fremji\u00f0 synd og til Gilgal og gj\u00f6ri\u00f0 \u00fear margar syndir og beri\u00f0 fram y\u00f0ar offur \u00e1 morna og y\u00f0ar t\u00edundir \u00feann \u00feri\u00f0ja dag og gj\u00f6ri\u00f0 reykelsi af s\u00fardeigi til \u00feakkl\u00e6tisoffurs og pr\u00e9diki\u00f0 um \u00fea\u00f0 sj\u00e1lfr\u00e6\u00f0isoffur og kunngj\u00f6ri\u00f0 \u00fea\u00f0. \u00dev\u00ed a\u00f0 \u00fe\u00e9r \u00cdsraelsb\u00f6rn vilji\u00f0 \u00fea\u00f0 gjarnan so hafa, segir Drottinn Drottinn.<\/p>\n<p>\t\u00dear fyrir hefi eg gefi\u00f0 y\u00f0ur \u00ed \u00f6llum y\u00f0ar st\u00f6\u00f0um i\u00f0julausar tennur og brau\u00f0sskort \u00ed \u00f6llum y\u00f0ar st\u00f6\u00f0um. \u00de\u00f3 samt og \u00e1\u00f0ur sn\u00fai \u00fe\u00e9r y\u00f0ur ekki til m\u00edn, segir Drottinn.<\/p>\n<p>\tOg eg hefi innihaldi\u00f0 regninu yfir y\u00f0ur so lengi a\u00f0 ekki voru meir en .\u00fer\u00edr m\u00e1nu\u00f0ir til haustyrkjunnar. <span class=\"athugasemd\" title=\"Gu\u00f0s hefndarstraff \/ Hungur\">[<\/span> Og eg l\u00e9t rigna yfir \u00feann eina sta\u00f0 en yfir \u00feann annan sta\u00f0 l\u00e9t eg ekki rigna. Einn akurinn f\u00e9kk regn og s\u00e1 annar akur f\u00e9kk ekki regn og hann visna\u00f0i. Og tveir \u00fer\u00edr sta\u00f0ir dr\u00f3gu til eins sta\u00f0ar og vildu f\u00e1 vatn a\u00f0 drekka og \u00feeir fengu ei n\u00f3g \u00fear af. \u00de\u00f3 l\u00edka samt og \u00e1\u00f0ur sneru \u00fe\u00e9r y\u00f0ur ekki til m\u00edn, segir Drottinn.<\/p>\n<p>\tEg pl\u00e1ga\u00f0i y\u00f0ur me\u00f0 \u00feurrk og me\u00f0 brenndu korni og k\u00e1lormarnir upp\u00e1tu allt \u00fea\u00f0 sem \u00f3x \u00ed y\u00f0rum alding\u00f6r\u00f0um, v\u00edng\u00f6r\u00f0um, \u00e1 vi\u00f0smj\u00f6rstrj\u00e1num og f\u00edkjutrj\u00e1num. <span class=\"athugasemd\" title=\"\u00deurrkur\">[<\/span> \u00de\u00f3 sneru \u00fe\u00e9r y\u00f0ur ekki til m\u00edn, segir Drottinn.<\/p>\n<p>\tEg senda dreps\u00f3tt \u00e1 me\u00f0al y\u00f0ar l\u00edka sem \u00ed Egyptalandi, eg \u00ed hel sl\u00f3 y\u00f0ar \u00e6skumenn me\u00f0 sver\u00f0i og eg l\u00e9t y\u00f0ar hesta \u00ed burt f\u00e6rast hertekna. <span class=\"athugasemd\" title=\"Dreps\u00f3tt \/ Sver\u00f0\">[<\/span> \tEg l\u00e9t \u00f3lyktina af y\u00f0ar herb\u00fa\u00f0um koma til y\u00f0ar nasa. \u00de\u00f3 sneru \u00fe\u00e9r y\u00f0ur ekki til m\u00edn, segir Drottinn.<\/p>\n<p>\tEg kollvarpa\u00f0i nokkrum \u00e1 me\u00f0al y\u00f0ar so sem Gu\u00f0 kollkasta\u00f0i Sodoma og Gomorra a\u00f0 \u00fe\u00e9r voru\u00f0 l\u00edka sem eldibrandar \u00far eldi \u00fatdregnir. <span class=\"athugasemd\" title=\"Gen. Xix.\">[<\/span> \u00de\u00f3 sneru \u00fe\u00e9r y\u00f0ur ei til m\u00edn, segir Drottinn. <\/p>\n<p>\t\u00dev\u00ed vil eg so framvegis gj\u00f6ra vi\u00f0 \u00feig, \u00cdsrael. <span class=\"athugasemd\" title=\"Forey\u00f0sla\">[<\/span> Og me\u00f0 \u00fev\u00ed a\u00f0 eg vil so gj\u00f6ra \u00ed m\u00f3t \u00fe\u00e9r \u00fe\u00e1 b\u00fa \u00feig til a\u00f0 m\u00e6ta \u00fe\u00ednum Gu\u00f0i. \u00dev\u00ed sj\u00e1 \u00fe\u00fa, hann er s\u00e1 sem gj\u00f6rir fj\u00f6llin og skapar vindinn og kennir manninum hva\u00f0 hann skal tala. Hann gj\u00f6rir morgunro\u00f0ann og myrkri\u00f0, hann gengur yfir h\u00e6\u00f0ir jar\u00f0arinnar, hann heitir Drottinn Gu\u00f0 allsherjar.<\/p>\n","protected":false},"excerpt":{"rendered":"<p>IIII. Heyri\u00f0 \u00feetta or\u00f0, \u00fe\u00e9r [ feitar k\u00fdr sem eru\u00f0 \u00e1 fjallinu Samarie, \u00fe\u00e9r sem gj\u00f6ri\u00f0 rangt nau\u00f0\u00feurftugum og ni\u00f0ur\u00ferykki\u00f0 hina f\u00e1t\u00e6ku og segi\u00f0 til y\u00f0ra herra: &#8222;Beri\u00f0 hinga\u00f0 og l\u00e1ti\u00f0 oss drekka!&#8220; S\u00e1 Drottinn Drottinn hefur svari\u00f0 vi\u00f0 sinn heilagleika: Sj\u00e1i\u00f0, s\u00e1 t\u00edmi kemur yfir y\u00f0ur a\u00f0 menn munu \u00fatkr\u00e6kja y\u00f0ur me\u00f0 kr\u00f3kum og y\u00f0ar eftirkomendur me\u00f0 fiski\u00f6nglum. Og \u00fe\u00e9r skulu\u00f0 ganga \u00fat \u00ed gegnum smugurnar \u00fear hver sem komin er og \u00fe\u00e9r skulu\u00f0 \u00ed burt kastast til Hermon, segir Drottinn. J\u00e1 \u00fe\u00e9r komi\u00f0 h\u00e9r til Betel og fremji\u00f0 synd og til Gilgal og gj\u00f6ri\u00f0 \u00fear margar syndir og <a href=\"https:\/\/biblian.is\/gudbrandsbiblia\/amos-4-kafli\/\"> [&#8230;]<\/a><\/p>\n","protected":false},"author":1,"featured_media":0,"parent":0,"menu_order":0,"comment_status":"open","ping_status":"open","template":"bibliukaflar.php","meta":{"footnotes":""},"class_list":["post-3580","page","type-page","status-publish","hentry"],"_links":{"self":[{"href":"https:\/\/biblian.is\/gudbrandsbiblia\/wp-json\/wp\/v2\/pages\/3580","targetHints":{"allow":["GET"]}}],"collection":[{"href":"https:\/\/biblian.is\/gudbrandsbiblia\/wp-json\/wp\/v2\/pages"}],"about":[{"href":"https:\/\/biblian.is\/gudbrandsbiblia\/wp-json\/wp\/v2\/types\/page"}],"author":[{"embeddable":true,"href":"https:\/\/biblian.is\/gudbrandsbiblia\/wp-json\/wp\/v2\/users\/1"}],"replies":[{"embeddable":true,"href":"https:\/\/biblian.is\/gudbrandsbiblia\/wp-json\/wp\/v2\/comments?post=3580"}],"version-history":[{"count":0,"href":"https:\/\/biblian.is\/gudbrandsbiblia\/wp-json\/wp\/v2\/pages\/3580\/revisions"}],"wp:attachment":[{"href":"https:\/\/biblian.is\/gudbrandsbiblia\/wp-json\/wp\/v2\/media?parent=3580"}],"curies":[{"name":"wp","href":"https:\/\/api.w.org\/{rel}","templated":true}]}}