{"id":3579,"date":"2017-12-18T18:34:06","date_gmt":"2017-12-18T18:34:06","guid":{"rendered":"http:\/\/biblian.is\/gudbrandsbiblia\/amos-3-kafli\/"},"modified":"2017-12-18T18:34:06","modified_gmt":"2017-12-18T18:34:06","slug":"amos-3-kafli","status":"publish","type":"page","link":"https:\/\/biblian.is\/gudbrandsbiblia\/amos-3-kafli\/","title":{"rendered":"Amos 3. kafli"},"content":{"rendered":"<p>III.<\/p>\n<p>\u00de\u00e9r \u00cdsraelsb\u00f6rn, heyri\u00f0 hva\u00f0 Drottinn talar vi\u00f0 y\u00f0ur, sem er: Allar \u00fe\u00e6r \u00e6ttir sem eg \u00fatf\u00e6r\u00f0i af Egyptalandi og sag\u00f0i: Eg hefi s\u00e9rdeilis \u00feekkt y\u00f0ur af \u00f6llum kynsl\u00f3\u00f0um \u00e1 j\u00f6r\u00f0unni. \u00dear fyrir vil eg og heim vitja y\u00f0ar s\u00f6kum y\u00f0ar margfaldra misgj\u00f6rninga.<\/p>\n<p>\tKunna nokku\u00f0 tveir a\u00f0 ganga til samans utan \u00feeir s\u00e9 sam\u00feykkir s\u00edn \u00e1 millum? <span class=\"athugasemd\" title=\"a \/ Auskrar) \/ \u00dea\u00f0 er, eg hl\u00fdt a\u00f0 pr\u00e9dika, Gu\u00f0 skipar m\u00e9r \u00fea\u00f0, en \u00fe\u00e9r eru\u00f0 s\u00f6kin og efni\u00f0 og y\u00f0art vont ath\u00e6fi\">[<\/span> \u00d6skrar nokku\u00f0 le\u00f3ni\u00f0 \u00ed sk\u00f3ginum ef \u00fea\u00f0 hefur \u00f6ngva br\u00e1\u00f0? Grenjar nokku\u00f0 le\u00f3nshvelpurinn \u00ed s\u00ednu inni utan hann hafi nokku\u00f0 fengi\u00f0? Fellur nokkur fugl \u00ed sn\u00f6runa \u00e1 m\u00f6rkinni ef \u00fear er enginn fuglafangari? Tekur nokku\u00f0 vei\u00f0ima\u00f0urinn s\u00ednar sn\u00f6rur fr\u00e1 einu stilli hafi hann ekki par veitt? Bl\u00e6s nokkur so \u00ed l\u00fa\u00f0ur innan sta\u00f0ar a\u00f0 f\u00f3lkinu felmtri ekki? Er \u00fear nokkur \u00f3lukka \u00ed sta\u00f0num sem Drottinn gj\u00f6rir ekki? \u00dev\u00ed Drottinn Gu\u00f0 gj\u00f6rir ekkert \u00e1\u00f0ur en hann opinberar sinn leyndan vilja fyrir s\u00ednum prophetum og \u00fe\u00e9nurum. N\u00e6r le\u00f3ni\u00f0 \u00f6skrar, hver mun \u00fea\u00f0 ekki \u00f3ttast? Og n\u00e6r Drottinn talar, hver skyldi \u00fe\u00e1 ekki sp\u00e1?<\/p>\n<p>\tKunngj\u00f6ri\u00f0 \u00fea\u00f0 \u00ed herbergjunum til As\u00f3d og \u00ed \u00feeim h\u00f6llunum Egyptalands og segi\u00f0: &#8222;Heimtist saman upp \u00e1 fjalli\u00f0 Samarie og sj\u00e1i\u00f0 hva\u00f0 st\u00f3r veinun, \u00f3p og \u00f3r\u00e9ttur \u00fear sker inni.&#8220; \u00deeir akta \u00f6ngvan lagar\u00e9tt, segir Drottinn, \u00feeir safna liggjandi f\u00e9 me\u00f0 \u00f3r\u00e9tti og herfangi \u00ed s\u00edn herbergi. \u00dear fyrir segir Drottinn so: Menn munu \u00feetta land umkringja \u00e1 alla vegu og sl\u00edta \u00feig fr\u00e1 \u00fe\u00ednu magtarveldi og r\u00e6na \u00fe\u00edn h\u00fas.<\/p>\n<p>\tSo segir Drottinn: L\u00edka sem einn hir\u00f0ir n\u00e6r tveimur l\u00e6rleggjum e\u00f0ur einum eyrnasnepli \u00far le\u00f3ns munni so skulu og Israelisb\u00f6rn frelsast sem b\u00faa \u00ed Samaria og hafa s\u00edna s\u00e6ng \u00ed hyrningum og til Damasco eina <span class=\"athugasemd\" title=\"b \/ S\u00e6ng) \/ S\u00e6ng og legur\u00fam kallast altari og sk\u00fargo\u00f0akirkja hvar \u00feeir dr\u00fdg\u00f0u h\u00f3ruskap, \u00fea\u00f0 er, afgu\u00f0ad\u00fdrkun \/ Esa. lvii.\">[<\/span> tr\u00e9s\u00e6ng. Heyri\u00f0 og vitni\u00f0 \u00fea\u00f0 \u00ed Jakobs h\u00fasi, segir Drottinn Gu\u00f0 Seba\u00f3t. \u00dev\u00ed a\u00f0 \u00e1 \u00feeim t\u00edma n\u00e6r e\u00f0 eg vil heims\u00e6kja og vitja \u00cdsraels synda \u00fe\u00e1 vil eg vitja altarisins \u00ed Betel og \u00ed sundur brj\u00f3ta altarisins horn so \u00feau skulu falla til jar\u00f0ar. Og eg vil b\u00e6\u00f0i sl\u00e1 veturh\u00fas og sumarsetur og \u00feau f\u00edlsbeinsh\u00fasin skulu ni\u00f0urfalla og m\u00f6rg h\u00fas skulu fordjarfast, segir Drottinn.<\/p>\n","protected":false},"excerpt":{"rendered":"<p>III. \u00de\u00e9r \u00cdsraelsb\u00f6rn, heyri\u00f0 hva\u00f0 Drottinn talar vi\u00f0 y\u00f0ur, sem er: Allar \u00fe\u00e6r \u00e6ttir sem eg \u00fatf\u00e6r\u00f0i af Egyptalandi og sag\u00f0i: Eg hefi s\u00e9rdeilis \u00feekkt y\u00f0ur af \u00f6llum kynsl\u00f3\u00f0um \u00e1 j\u00f6r\u00f0unni. \u00dear fyrir vil eg og heim vitja y\u00f0ar s\u00f6kum y\u00f0ar margfaldra misgj\u00f6rninga. Kunna nokku\u00f0 tveir a\u00f0 ganga til samans utan \u00feeir s\u00e9 sam\u00feykkir s\u00edn \u00e1 millum? [ \u00d6skrar nokku\u00f0 le\u00f3ni\u00f0 \u00ed sk\u00f3ginum ef \u00fea\u00f0 hefur \u00f6ngva br\u00e1\u00f0? Grenjar nokku\u00f0 le\u00f3nshvelpurinn \u00ed s\u00ednu inni utan hann hafi nokku\u00f0 fengi\u00f0? Fellur nokkur fugl \u00ed sn\u00f6runa \u00e1 m\u00f6rkinni ef \u00fear er enginn fuglafangari? Tekur nokku\u00f0 vei\u00f0ima\u00f0urinn s\u00ednar sn\u00f6rur fr\u00e1 einu stilli hafi <a href=\"https:\/\/biblian.is\/gudbrandsbiblia\/amos-3-kafli\/\"> [&#8230;]<\/a><\/p>\n","protected":false},"author":1,"featured_media":0,"parent":0,"menu_order":0,"comment_status":"open","ping_status":"open","template":"bibliukaflar.php","meta":{"footnotes":""},"class_list":["post-3579","page","type-page","status-publish","hentry"],"_links":{"self":[{"href":"https:\/\/biblian.is\/gudbrandsbiblia\/wp-json\/wp\/v2\/pages\/3579","targetHints":{"allow":["GET"]}}],"collection":[{"href":"https:\/\/biblian.is\/gudbrandsbiblia\/wp-json\/wp\/v2\/pages"}],"about":[{"href":"https:\/\/biblian.is\/gudbrandsbiblia\/wp-json\/wp\/v2\/types\/page"}],"author":[{"embeddable":true,"href":"https:\/\/biblian.is\/gudbrandsbiblia\/wp-json\/wp\/v2\/users\/1"}],"replies":[{"embeddable":true,"href":"https:\/\/biblian.is\/gudbrandsbiblia\/wp-json\/wp\/v2\/comments?post=3579"}],"version-history":[{"count":0,"href":"https:\/\/biblian.is\/gudbrandsbiblia\/wp-json\/wp\/v2\/pages\/3579\/revisions"}],"wp:attachment":[{"href":"https:\/\/biblian.is\/gudbrandsbiblia\/wp-json\/wp\/v2\/media?parent=3579"}],"curies":[{"name":"wp","href":"https:\/\/api.w.org\/{rel}","templated":true}]}}