{"id":3575,"date":"2017-12-18T18:34:02","date_gmt":"2017-12-18T18:34:02","guid":{"rendered":"http:\/\/biblian.is\/gudbrandsbiblia\/joel-3-kafli\/"},"modified":"2017-12-18T20:05:03","modified_gmt":"2017-12-18T20:05:03","slug":"joel-3-kafli","status":"publish","type":"page","link":"https:\/\/biblian.is\/gudbrandsbiblia\/joel-3-kafli\/","title":{"rendered":"J\u00f3el 3. kafli"},"content":{"rendered":"<p>III.<\/p>\n<p>\u00dear fyrir sj\u00e1 \u00fe\u00fa, \u00e1 \u00feeim d\u00f6gum og \u00feeirri s\u00f6mu t\u00ed\u00f0 \u00fe\u00e1 eg mun sn\u00faa J\u00fada og Jer\u00fasalem herlei\u00f0ingu \u00fe\u00e1 vil eg safna til samans \u00f6llum hei\u00f0ingjum og eg vil f\u00e6ra \u00fe\u00e1 ofan \u00ed dalinn J\u00f3safat. Og \u00fear vil eg ganga til r\u00e9ttar me\u00f0 \u00fe\u00e1 vegna m\u00edns f\u00f3lks og vegna \u00cdsraels minnar arfleif\u00f0ar a\u00f0 \u00feeir hafa dreift \u00feeim \u00e1 me\u00f0al hei\u00f0ingja og skipt me\u00f0 s\u00e9r m\u00ednu landi og kasta\u00f0 hluti um mitt f\u00f3lk og g\u00e1fu \u00fe\u00e1 inu ungu sveina fyrir mat og seldu p\u00edkurnar fyrir v\u00edn og drukku \u00fea\u00f0.<\/p>\n<p>\tOg \u00fe\u00e9r af S\u00f3ar og S\u00eddon og \u00f6ll takm\u00f6rk Philisteilands, hva\u00f0 hafi \u00fe\u00e9r a\u00f0 gj\u00f6ra me\u00f0 mig? Vilji \u00fe\u00e9r og st\u00e6ra y\u00f0ur \u00e1 m\u00f3ti m\u00e9r? N\u00fa vel, svo st\u00e6ri\u00f0 y\u00f0ur \u00e1 m\u00f3t m\u00e9r, \u00fe\u00e1 vil eg fullsnart bitala y\u00f0ur \u00fea\u00f0 igen yfir y\u00f0art h\u00f6fu\u00f0. \u00de\u00e9r sem hafi\u00f0 teki\u00f0 mitt silfur og gull og m\u00ednar kostulegar h\u00e1fur og f\u00e6rt \u00fea\u00f0 burt \u00ed y\u00f0ar kirkjur. Og h\u00e9r a\u00f0 auk hafi \u00fe\u00e9r selt J\u00fada og Jer\u00fasalemb\u00f6rn \u00feeim \u00ed Grikklandi so a\u00f0 \u00fe\u00e9r m\u00e6ttu\u00f0 koma \u00feeim langt fr\u00e1 \u00feeirra landamerkjum. Sj\u00e1i\u00f0, eg vil uppvekja \u00fe\u00e1 af \u00feeim sta\u00f0 sem \u00fe\u00e9r seldu\u00f0 \u00fe\u00e1 og eg vil bitala y\u00f0ur yfir y\u00f0art h\u00f6fu\u00f0 \u00fea\u00f0 sama. Og eg vil selja y\u00f0ar syni og d\u00e6tur igen fyrir J\u00fadab\u00f6rn hverjir y\u00f0ur skulu selja \u00ed r\u00edki Arabia, \u00fev\u00ed f\u00f3lki sem b\u00fdr \u00ed fjarl\u00e6gu landi, \u00fev\u00ed Drottinn hefur \u00feetta tala\u00f0.<\/p>\n<p>\tGj\u00f6ri\u00f0 \u00fea\u00f0 heyrumkunnigt \u00e1 me\u00f0al hei\u00f0ingjanna, helgi\u00f0 eitt str\u00ed\u00f0, uppveki\u00f0 \u00fe\u00e1 sterku, l\u00e1ti\u00f0 allt str\u00ed\u00f0sf\u00f3lki\u00f0 koma hinga\u00f0 og fer\u00f0ast h\u00e9r upp. Gj\u00f6ri\u00f0 sver\u00f0 af y\u00f0ar pl\u00f3gj\u00e1rnum og spj\u00f3t af y\u00f0ar sig\u00f0um. S\u00e1 hinn veiki skal segja: &#8222;Eg er sterkur&#8220;. Safni\u00f0 y\u00f0ur saman og komi\u00f0 hinga\u00f0, allir hei\u00f0ingjar, \u00far \u00f6llum \u00e1ttum heimtist saman. \u00dear skal Drottinn vi\u00f0 velli leggja \u00fe\u00ednar kempur. Hei\u00f0ingjar skulu b\u00faa sig og koma upp \u00ed dalinn J\u00f3safat \u00fev\u00ed \u00fear vil eg sitja og d\u00e6ma alla hei\u00f0ingja allt um kring. <span class=\"athugasemd\" title=\"Apoca. xiiii.\">[<\/span> Setji\u00f0 til sig\u00f0ina \u00fev\u00ed akurinn er fullvaxinn, komi\u00f0 h\u00e9r ni\u00f0ur \u00fev\u00ed v\u00edn\u00fer\u00fagan er full og fl\u00fdtur \u00fat af \u00fev\u00ed \u00feeirra illska er mj\u00f6g st\u00f3r. <\/p>\n<p>\t\u00de\u00e1 skal f\u00f3lki\u00f0 flokkum saman vera h\u00e9r og hvar \u00ed D\u00f3msdal \u00fev\u00ed Drottins dagur er n\u00e1l\u00e6gur \u00ed \u00feessum D\u00f3msdal. <span class=\"athugasemd\" title=\"Supra ii.\">[<\/span> S\u00f3lin og tungli\u00f0 skal sortna og stj\u00f6rnurnar skulu sitt skin byrgja. Og Drottinn skal \u00f6skra af S\u00edon og hans r\u00f6dd skal heyrast af Jer\u00fasalem so himinninn og j\u00f6r\u00f0in skal hr\u00e6rast. <span class=\"athugasemd\" title=\"Supra ii. \/ Esa. iii.\">[<\/span> En Drottinn skal vera verndari s\u00edns f\u00f3lks og \u00cdsraelsb\u00f6rnum einn fastur sta\u00f0ur. Og \u00fe\u00e9r skulu\u00f0 merkja \u00fea\u00f0 a\u00f0 eg, Drottinn y\u00f0ar Gu\u00f0, b\u00fd \u00e1 m\u00ednu heil\u00f6gu fjalli. \u00de\u00e1 skal Jer\u00fasalem vera heil\u00f6g og engin framdandi skal reisa \u00fea\u00f0an \u00ed fr\u00e1 \u00ed gegnum hana. <\/p>\n<p>\tOg \u00e1 \u00feeim t\u00edma skulu fj\u00f6llin drj\u00fapa af s\u00e6tu v\u00edni og h\u00e6\u00f0irnar flj\u00f3ta me\u00f0 mj\u00f3lk og allir l\u00e6kir \u00ed J\u00fada skulu renna fullir af vatni og \u00fear skal einn brunnur uppspretta af h\u00fasi Drottins hver e\u00f0 d\u00f6ggva skal Sitt\u00edmstraum. En Egyptaland skal \u00ed ey\u00f0i vera og Ed\u00f3m skal ver\u00f0a ein ey\u00f0im\u00f6rk s\u00f6kum \u00feess yfirgangs sem \u00feeir gj\u00f6r\u00f0u J\u00fadab\u00f6rnum a\u00f0 \u00feeir \u00fathelltu saklausu bl\u00f3\u00f0i \u00ed \u00feeirra landi. En J\u00fada skal vera bygg\u00f0 \u00e6vinlega og Jer\u00fasalem um aldur og a\u00f0 eil\u00edfu. Og eg vil ekki l\u00e1ta \u00f3hefnt vera y\u00f0art bl\u00f3\u00f0. Og Drottinn mun b\u00faa \u00ed S\u00edon.<\/p>\n<p>Ending prophetans Johelis<\/p>\n","protected":false},"excerpt":{"rendered":"<p>III. \u00dear fyrir sj\u00e1 \u00fe\u00fa, \u00e1 \u00feeim d\u00f6gum og \u00feeirri s\u00f6mu t\u00ed\u00f0 \u00fe\u00e1 eg mun sn\u00faa J\u00fada og Jer\u00fasalem herlei\u00f0ingu \u00fe\u00e1 vil eg safna til samans \u00f6llum hei\u00f0ingjum og eg vil f\u00e6ra \u00fe\u00e1 ofan \u00ed dalinn J\u00f3safat. Og \u00fear vil eg ganga til r\u00e9ttar me\u00f0 \u00fe\u00e1 vegna m\u00edns f\u00f3lks og vegna \u00cdsraels minnar arfleif\u00f0ar a\u00f0 \u00feeir hafa dreift \u00feeim \u00e1 me\u00f0al hei\u00f0ingja og skipt me\u00f0 s\u00e9r m\u00ednu landi og kasta\u00f0 hluti um mitt f\u00f3lk og g\u00e1fu \u00fe\u00e1 inu ungu sveina fyrir mat og seldu p\u00edkurnar fyrir v\u00edn og drukku \u00fea\u00f0. Og \u00fe\u00e9r af S\u00f3ar og S\u00eddon og \u00f6ll takm\u00f6rk Philisteilands, <a href=\"https:\/\/biblian.is\/gudbrandsbiblia\/joel-3-kafli\/\"> [&#8230;]<\/a><\/p>\n","protected":false},"author":1,"featured_media":0,"parent":0,"menu_order":0,"comment_status":"open","ping_status":"open","template":"bibliukaflar.php","meta":{"footnotes":""},"class_list":["post-3575","page","type-page","status-publish","hentry"],"_links":{"self":[{"href":"https:\/\/biblian.is\/gudbrandsbiblia\/wp-json\/wp\/v2\/pages\/3575","targetHints":{"allow":["GET"]}}],"collection":[{"href":"https:\/\/biblian.is\/gudbrandsbiblia\/wp-json\/wp\/v2\/pages"}],"about":[{"href":"https:\/\/biblian.is\/gudbrandsbiblia\/wp-json\/wp\/v2\/types\/page"}],"author":[{"embeddable":true,"href":"https:\/\/biblian.is\/gudbrandsbiblia\/wp-json\/wp\/v2\/users\/1"}],"replies":[{"embeddable":true,"href":"https:\/\/biblian.is\/gudbrandsbiblia\/wp-json\/wp\/v2\/comments?post=3575"}],"version-history":[{"count":0,"href":"https:\/\/biblian.is\/gudbrandsbiblia\/wp-json\/wp\/v2\/pages\/3575\/revisions"}],"wp:attachment":[{"href":"https:\/\/biblian.is\/gudbrandsbiblia\/wp-json\/wp\/v2\/media?parent=3575"}],"curies":[{"name":"wp","href":"https:\/\/api.w.org\/{rel}","templated":true}]}}