{"id":3572,"date":"2017-12-18T18:34:02","date_gmt":"2017-12-18T18:34:02","guid":{"rendered":"http:\/\/biblian.is\/gudbrandsbiblia\/hosea-14-kafli\/"},"modified":"2017-12-18T18:34:02","modified_gmt":"2017-12-18T18:34:02","slug":"hosea-14-kafli","status":"publish","type":"page","link":"https:\/\/biblian.is\/gudbrandsbiblia\/hosea-14-kafli\/","title":{"rendered":"H\u00f3sea 14. kafli"},"content":{"rendered":"<p>XIIII.<\/p>\n<p>Sn\u00fa \u00fe\u00e9r, \u00fe\u00fa \u00cdsrael, til Drottins Gu\u00f0s \u00fe\u00edns \u00fev\u00ed \u00fe\u00fa ert fallinn s\u00f6kum \u00feinna misgj\u00f6rninga. <span class=\"athugasemd\" title=\"\u00c1minning og fyrirheit\">[<\/span> Taki\u00f0 \u00feessi or\u00f0 til y\u00f0ar og sn\u00fai\u00f0 y\u00f0ur til Drottins og segi\u00f0 so til hans: &#8222;Fyrirgef oss allar vorar syndir og gj\u00f6r \u00fe\u00fa oss gott, so viljum v\u00e9r offra yxnum vorra vara. Ass\u00far skal ekki hj\u00e1lpa oss og v\u00e9r viljum ekki meir r\u00ed\u00f0a \u00e1 hestum og ekki oftar segja til gj\u00f6rninga vorra handa: <span class=\"athugasemd\" title=\"Ebre. xiii.\">[<\/span> \u00de\u00e9r eru\u00f0 vor Gu\u00f0, heldur l\u00e1t \u00fe\u00e1 f\u00f6\u00f0urlausu finna n\u00e1\u00f0 hj\u00e1 \u00fe\u00e9r.&#8220;<\/p>\n<p>\tSo vil eg l\u00e6kna \u00feeirra misfelli aftur, eg vil gjarna elska \u00fe\u00e1. \u00de\u00e1 skal m\u00edn rei\u00f0i sviptast fr\u00e1 \u00feeim. Eg vil vera \u00cdsrael sem d\u00f6gg og hann skal bl\u00f3mgast sem ein lilja og hans r\u00e6tur skulu \u00fatbrj\u00f3tast sem L\u00edbanon. Og hans vi\u00f0argreinir skulu \u00fatbrei\u00f0ast a\u00f0 hann skal ver\u00f0a so fagur sem ol\u00edutr\u00e9 og hann skal gefa so s\u00e6tan ilm sem L\u00edbanon. Og \u00feeir skulu a\u00f0 n\u00fdju sitja undir hans skugga, \u00feeir skulu f\u00e6\u00f0ast af korni og bl\u00f3mgast sem eitt v\u00edntr\u00e9. Hans minning skal vera l\u00edka sem v\u00edni\u00f0 \u00e1 L\u00edbanon.<\/p>\n<p>\tEfra\u00edm, hva\u00f0 skulu m\u00e9r h\u00e9\u00f0an af afgu\u00f0ir? Eg vil heyra hans b\u00e6n og lei\u00f0a hann. Eg vil vera sem eitt gr\u00e6nt grenitr\u00e9 og \u00e1 m\u00e9r skulu menn finna \u00fe\u00edna frj\u00f3vgan. S\u00e1 hann er v\u00eds hann undirstendur \u00feetta og s\u00e1 er kl\u00f3kur sem \u00fev\u00edl\u00edkt kann merkja. \u00dev\u00ed vegir Drottins eru r\u00e9ttir og \u00feeir r\u00e9ttl\u00e1tu ganga \u00e1 \u00feeim en \u00feeir syndugu falla \u00e1 \u00feeim.<\/p>\n<p>Ending prophetans Hoseas<\/p>\n","protected":false},"excerpt":{"rendered":"<p>XIIII. Sn\u00fa \u00fe\u00e9r, \u00fe\u00fa \u00cdsrael, til Drottins Gu\u00f0s \u00fe\u00edns \u00fev\u00ed \u00fe\u00fa ert fallinn s\u00f6kum \u00feinna misgj\u00f6rninga. [ Taki\u00f0 \u00feessi or\u00f0 til y\u00f0ar og sn\u00fai\u00f0 y\u00f0ur til Drottins og segi\u00f0 so til hans: &#8222;Fyrirgef oss allar vorar syndir og gj\u00f6r \u00fe\u00fa oss gott, so viljum v\u00e9r offra yxnum vorra vara. Ass\u00far skal ekki hj\u00e1lpa oss og v\u00e9r viljum ekki meir r\u00ed\u00f0a \u00e1 hestum og ekki oftar segja til gj\u00f6rninga vorra handa: [ \u00de\u00e9r eru\u00f0 vor Gu\u00f0, heldur l\u00e1t \u00fe\u00e1 f\u00f6\u00f0urlausu finna n\u00e1\u00f0 hj\u00e1 \u00fe\u00e9r.&#8220; So vil eg l\u00e6kna \u00feeirra misfelli aftur, eg vil gjarna elska \u00fe\u00e1. \u00de\u00e1 skal m\u00edn rei\u00f0i sviptast <a href=\"https:\/\/biblian.is\/gudbrandsbiblia\/hosea-14-kafli\/\"> [&#8230;]<\/a><\/p>\n","protected":false},"author":1,"featured_media":0,"parent":0,"menu_order":0,"comment_status":"open","ping_status":"open","template":"bibliukaflar.php","meta":{"footnotes":""},"class_list":["post-3572","page","type-page","status-publish","hentry"],"_links":{"self":[{"href":"https:\/\/biblian.is\/gudbrandsbiblia\/wp-json\/wp\/v2\/pages\/3572","targetHints":{"allow":["GET"]}}],"collection":[{"href":"https:\/\/biblian.is\/gudbrandsbiblia\/wp-json\/wp\/v2\/pages"}],"about":[{"href":"https:\/\/biblian.is\/gudbrandsbiblia\/wp-json\/wp\/v2\/types\/page"}],"author":[{"embeddable":true,"href":"https:\/\/biblian.is\/gudbrandsbiblia\/wp-json\/wp\/v2\/users\/1"}],"replies":[{"embeddable":true,"href":"https:\/\/biblian.is\/gudbrandsbiblia\/wp-json\/wp\/v2\/comments?post=3572"}],"version-history":[{"count":0,"href":"https:\/\/biblian.is\/gudbrandsbiblia\/wp-json\/wp\/v2\/pages\/3572\/revisions"}],"wp:attachment":[{"href":"https:\/\/biblian.is\/gudbrandsbiblia\/wp-json\/wp\/v2\/media?parent=3572"}],"curies":[{"name":"wp","href":"https:\/\/api.w.org\/{rel}","templated":true}]}}