{"id":3571,"date":"2017-12-18T18:34:02","date_gmt":"2017-12-18T18:34:02","guid":{"rendered":"http:\/\/biblian.is\/gudbrandsbiblia\/hosea-13-kafli\/"},"modified":"2017-12-18T18:34:02","modified_gmt":"2017-12-18T18:34:02","slug":"hosea-13-kafli","status":"publish","type":"page","link":"https:\/\/biblian.is\/gudbrandsbiblia\/hosea-13-kafli\/","title":{"rendered":"H\u00f3sea 13. kafli"},"content":{"rendered":"<p>XIII.<\/p>\n<p>\u00de\u00e1 Efra\u00edm kenndi svo hr\u00e6\u00f0ilega \u00fe\u00e1 var hann upphafinn \u00ed \u00cdsrael. Eftir \u00fea\u00f0 syndgu\u00f0ust \u00feeir \u00e1 Baal og ur\u00f0u \u00fear fyrir deyddir. En \u00feeir gj\u00f6ra n\u00fa miklu meiri syndir og af \u00feeirra silfurmyndum sem \u00feeir kunna sj\u00e1lfir upp a\u00f0 \u00feenkja, sem er sk\u00fargo\u00f0 og eru \u00fe\u00f3 ekki anna\u00f0 en smi\u00f0sins gj\u00f6rningar, af \u00feeim s\u00f6mu pr\u00e9dika \u00feeir. Hver sem k\u00e1lfinn vill <span class=\"athugasemd\" title=\"a \/ Kyssa) \/ Hei\u00f0ra, tilbi\u00f0ja og \u00e6ra \/ Deut. xxxii.\">[<\/span> kyssa hann skal manni offra. \u00deeir s\u00f6mu skulu hafa morgunsk\u00fdin og \u00fe\u00e1 d\u00f6gg sem fellur snemma, j\u00e1 l\u00edka sem agnir feykjast \u00far vindskuflu \u00ed kornhl\u00f6\u00f0u e\u00f0ur sem reykur \u00far skorsteini. <\/p>\n<p>\tEn eg er Drottinn \u00feinn Gu\u00f0 af Egyptalandi og \u00fe\u00fa \u00e1ttir \u00f6ngvan annan Gu\u00f0 a\u00f0 \u00feekkja utan mig og \u00f6ngvan hj\u00e1lpara utan mig alleina. Eg t\u00f3k \u00feig til m\u00edn \u00ed ey\u00f0im\u00f6rkinni, \u00ed \u00fev\u00ed \u00feurra landi, en \u00fe\u00e1 \u00feeir fengu f\u00e6\u00f0i og ur\u00f0u saddir og h\u00f6f\u00f0u n\u00f3g \u00fe\u00e1 upph\u00f3f \u00feeirra hjarta sig og \u00fev\u00ed gleymdu \u00feeir m\u00e9r.<\/p>\n<p>\t\u00dear fyrir vil eg n\u00fa vera \u00feeim sem eitt le\u00f3n og sem eitt pardus vil eg umsitja \u00fe\u00e1 \u00e1 veginum. Eg vil m\u00e6ta \u00feeim sem eitt bjarnd\u00fdr \u00fea\u00f0 h\u00fana s\u00edna misst hefur, eg vil sundurr\u00edfa \u00feeirra har\u00f0\u00fa\u00f0igt hjarta og eg vil uppeta \u00fea\u00f0 sem eitt le\u00f3n og villud\u00fdrin skulu \u00ed sundur r\u00edfa \u00fe\u00e1. <span class=\"athugasemd\" title=\"i. Reg. viii.\">[<\/span><\/p>\n<p>\t\u00cdsrael, \u00fe\u00fa kemur \u00fe\u00e9r \u00ed <span class=\"athugasemd\" title=\"b \/ \u00dear \u00fe\u00fa leitar hj\u00e1lpar hj\u00e1 m\u00f6nnum en ekki hj\u00e1 Gu\u00f0i\">[<\/span> \u00f3lukku \u00fev\u00ed \u00fe\u00edn hj\u00e1lp er alleinasta hj\u00e1 m\u00e9r. Hvar er \u00feinn k\u00f3ngur sem \u00fe\u00e9r hj\u00e1lpa kann \u00ed \u00f6llum \u00fe\u00ednum st\u00f6\u00f0um og \u00fe\u00ednir d\u00f3mendur um hverja \u00fe\u00fa sag\u00f0ir: &#8222;Gef m\u00e9r k\u00f3nga og h\u00f6f\u00f0ingja&#8220;? N\u00fa vel, eg gaf \u00fe\u00e9r einn k\u00f3ng \u00ed minni rei\u00f0i og eg vil \u00ed burt taka hann fr\u00e1 \u00fe\u00e9r me\u00f0 grimmd.<\/p>\n<p>\tEfra\u00edms rangl\u00e6ti er til samans bundi\u00f0 og hans syndir eru geymdar. \u00dev\u00ed \u00feeir skulu f\u00e1 hrygg\u00f0 l\u00edka sem s\u00fa e\u00f0 f\u00e6\u00f0ir. \u00dev\u00ed \u00feeir eru \u00f3forsj\u00e1leg b\u00f6rn. S\u00fa t\u00ed\u00f0 skal koma a\u00f0 \u00feeir skulu ekki \u00feola vi\u00f0 a\u00f0 vera fyrir h\u00f6rmung barnanna.<\/p>\n<p>\tEn eg vil leysa \u00fe\u00e1 af helv\u00edti og frelsa \u00fe\u00e1 fr\u00e1 dau\u00f0anum. Dau\u00f0i, eg vil vera \u00fe\u00ednn <span class=\"athugasemd\" title=\"c \/ Dau\u00f0i\">[<\/span> \u00f3lj\u00fafan, helv\u00edti, eg vil vera \u00fe\u00edn dreps\u00f3tt. <span class=\"athugasemd\" title=\"i. Cor. xv.\">[<\/span> \u00de\u00f3 er hj\u00e1lpr\u00e6\u00f0i\u00f0 huli\u00f0 fyrir m\u00ednum augum \u00fev\u00ed hann skal bera \u00e1v\u00f6xt \u00e1 me\u00f0al br\u00e6\u00f0ranna. \u00dear skal koma einn austanvindur, Drottinn skal uppst\u00edga af ey\u00f0im\u00f6rkunni og upp\u00feurrka \u00feeirra brunna og tilbyrgja \u00feeirra uppsprettur og hann skal \u00ed burt taka alla \u00feeirra bestu klen\u00f3d\u00edur og yppustu d\u00fdrindisgripi. <span class=\"athugasemd\" title=\"Ebre. xiii.\">[<\/span><\/p>\n<p>\tSamaria skal \u00ed ey\u00f0ileggjast \u00fev\u00ed \u00feeir eru s\u00ednum Gu\u00f0i \u00f3hl\u00fd\u00f0ugir. \u00deeir skulu falla fyrir sver\u00f0i og \u00feeirra ungb\u00f6rn skulu \u00ed sundurmerjast og \u00feeirra \u00feunga\u00f0ar kvinnur skulu \u00ed sundur slitnar ver\u00f0a.<\/p>\n","protected":false},"excerpt":{"rendered":"<p>XIII. \u00de\u00e1 Efra\u00edm kenndi svo hr\u00e6\u00f0ilega \u00fe\u00e1 var hann upphafinn \u00ed \u00cdsrael. Eftir \u00fea\u00f0 syndgu\u00f0ust \u00feeir \u00e1 Baal og ur\u00f0u \u00fear fyrir deyddir. En \u00feeir gj\u00f6ra n\u00fa miklu meiri syndir og af \u00feeirra silfurmyndum sem \u00feeir kunna sj\u00e1lfir upp a\u00f0 \u00feenkja, sem er sk\u00fargo\u00f0 og eru \u00fe\u00f3 ekki anna\u00f0 en smi\u00f0sins gj\u00f6rningar, af \u00feeim s\u00f6mu pr\u00e9dika \u00feeir. Hver sem k\u00e1lfinn vill [ kyssa hann skal manni offra. \u00deeir s\u00f6mu skulu hafa morgunsk\u00fdin og \u00fe\u00e1 d\u00f6gg sem fellur snemma, j\u00e1 l\u00edka sem agnir feykjast \u00far vindskuflu \u00ed kornhl\u00f6\u00f0u e\u00f0ur sem reykur \u00far skorsteini. En eg er Drottinn \u00feinn Gu\u00f0 af Egyptalandi <a href=\"https:\/\/biblian.is\/gudbrandsbiblia\/hosea-13-kafli\/\"> [&#8230;]<\/a><\/p>\n","protected":false},"author":1,"featured_media":0,"parent":0,"menu_order":0,"comment_status":"open","ping_status":"open","template":"bibliukaflar.php","meta":{"footnotes":""},"class_list":["post-3571","page","type-page","status-publish","hentry"],"_links":{"self":[{"href":"https:\/\/biblian.is\/gudbrandsbiblia\/wp-json\/wp\/v2\/pages\/3571","targetHints":{"allow":["GET"]}}],"collection":[{"href":"https:\/\/biblian.is\/gudbrandsbiblia\/wp-json\/wp\/v2\/pages"}],"about":[{"href":"https:\/\/biblian.is\/gudbrandsbiblia\/wp-json\/wp\/v2\/types\/page"}],"author":[{"embeddable":true,"href":"https:\/\/biblian.is\/gudbrandsbiblia\/wp-json\/wp\/v2\/users\/1"}],"replies":[{"embeddable":true,"href":"https:\/\/biblian.is\/gudbrandsbiblia\/wp-json\/wp\/v2\/comments?post=3571"}],"version-history":[{"count":0,"href":"https:\/\/biblian.is\/gudbrandsbiblia\/wp-json\/wp\/v2\/pages\/3571\/revisions"}],"wp:attachment":[{"href":"https:\/\/biblian.is\/gudbrandsbiblia\/wp-json\/wp\/v2\/media?parent=3571"}],"curies":[{"name":"wp","href":"https:\/\/api.w.org\/{rel}","templated":true}]}}