{"id":3570,"date":"2017-12-18T18:34:02","date_gmt":"2017-12-18T18:34:02","guid":{"rendered":"http:\/\/biblian.is\/gudbrandsbiblia\/hosea-12-kafli\/"},"modified":"2017-12-18T18:34:02","modified_gmt":"2017-12-18T18:34:02","slug":"hosea-12-kafli","status":"publish","type":"page","link":"https:\/\/biblian.is\/gudbrandsbiblia\/hosea-12-kafli\/","title":{"rendered":"H\u00f3sea 12. kafli"},"content":{"rendered":"<p>XII.<\/p>\n<p>\u00cd Efra\u00edm eru hvervetna <span class=\"athugasemd\" title=\"a \/ Lygar) \/ Vantr\u00fa og afgu\u00f0ad\u00fdrkan\">[<\/span> lygar \u00e1 m\u00f3ti m\u00e9r og \u00ed h\u00fasi Israelis f\u00f6lsk gu\u00f0s\u00fej\u00f3nusta. En J\u00fada heldur fast enn n\u00fa vi\u00f0 Gu\u00f0 og \u00e1 r\u00e9ttri heilagri gu\u00f0s\u00fej\u00f3nustu. Efra\u00edm f\u00e6\u00f0ir sig af vindi og hleypur eftir austanve\u00f0ri og gj\u00f6rir daglega afgu\u00f0ad\u00fdrkan og meira ska\u00f0a. \u00deeir gj\u00f6ra eitt samheldi me\u00f0 Assyriis og f\u00e6ra balsamum til Egyptalands. \u00dev\u00ed skal Drottinn gefa J\u00fada s\u00f6k og heims\u00e6kja Jakob eftir hans ath\u00e6fi og bitala honum eftir hans for\u00fe\u00e9nan.<\/p>\n<p>\t&#8222;J\u00e1&#8220; segja \u00feeir, &#8222;hann undirtra\u00f0 s\u00edna br\u00e6\u00f0ur \u00ed sinnar m\u00f3\u00f0urkvi\u00f0i og gl\u00edmdi vi\u00f0 Gu\u00f0 af \u00f6llu s\u00ednu afli. Hann tuska\u00f0ist vi\u00f0 engilinn og yfirvann \u00fev\u00ed hann gr\u00e9t og ba\u00f0 hann og hann fann hann \u00ed <span class=\"athugasemd\" title=\"b \/ Betel) \/ \u00fea\u00f0 Betel s\u00e9 betri til gu\u00f0s\u00fej\u00f3nustu en Jer\u00fasalem, \u00fea\u00f0 biv\u00edsa \u00feeir \u00fear me\u00f0 a\u00f0 Jakob gj\u00f6r\u00f0i \u00fear st\u00f3rmerki\">[<\/span> Betel og \u00fear tala\u00f0i hann vi\u00f0 hann.&#8220;<\/p>\n<p>\tEn Drottinn er s\u00e1 Gu\u00f0 Seba\u00f3t, Drottinn er hans nafn. \u00dev\u00ed sn\u00fa \u00fe\u00e9r n\u00fa til \u00fe\u00edns Gu\u00f0s, haltu miskunnsemd og r\u00e9ttl\u00e6ti og treystu allt\u00ed\u00f0 \u00e1 \u00feinn Gu\u00f0.<\/p>\n<p>\tEn kaupma\u00f0urinn hefur \u00e6t\u00ed\u00f0 falska vigt \u00ed sinni hendi og sv\u00edkur gjarna. \u00dev\u00ed a\u00f0 Efra\u00edm segir: &#8222;Eg er r\u00edkur, eg hefi n\u00f3g, enginn misgj\u00f6rningur skal finnast me\u00f0 m\u00e9r \u00ed \u00f6llu m\u00ednu arfi\u00f0i so \u00fea\u00f0 megi kallast synd.&#8220;<\/p>\n<p>\tEn eg er Drottinn \u00feinn Gu\u00f0 allt \u00ed fr\u00e1 Egyptalandi og s\u00e1 sem l\u00e6tur \u00feig enn byggja \u00ed tjaldb\u00fa\u00f0um so sem menn plaga \u00e1 \u00e1rt\u00ed\u00f0um. Og eg tala til sp\u00e1mannanna, eg er s\u00e1 sem gefur mikla sp\u00e1d\u00f3ma og au\u00f0s\u00fdni mig fyrir prophetunum. \u00cd G\u00edlea\u00f0 er s\u00edfell afgu\u00f0ad\u00fdrkan og \u00ed Gilgal offra \u00feeir uxum fyrir ekki og \u00feeir hafa so m\u00f6rg altari sem stofnar standa \u00e1 m\u00f6rkinni.<\/p>\n<p>\tJakob var\u00f0 a\u00f0 fl\u00fdja til S\u00fdrlands og \u00cdsrael m\u00e1tti \u00fej\u00f3na fyrir einnrar kvinnu skuld, fyrir eina kvinnu m\u00e1tti hann vakta f\u00e9na\u00f0. En \u00fear eftir \u00e1 f\u00e6r\u00f0i Drottinn \u00cdsrael af Egyptalandi fyrir einn sp\u00e1mann og l\u00e9t b\u00edvara hann fyrir einn propheta. En n\u00fa styggir Efra\u00edm Gu\u00f0 me\u00f0 s\u00ednum afgu\u00f0um. \u00dev\u00ed skal \u00feeirra bl\u00f3\u00f0 koma yfir \u00fe\u00e1. Og \u00feeirra <span class=\"athugasemd\" title=\"a \/ Herra) \/ K\u00f3ngur af Assyria\">[<\/span> herra skal bitala \u00feeim sem \u00feeirra h\u00e1\u00f0ungar.<\/p>\n","protected":false},"excerpt":{"rendered":"<p>XII. \u00cd Efra\u00edm eru hvervetna [ lygar \u00e1 m\u00f3ti m\u00e9r og \u00ed h\u00fasi Israelis f\u00f6lsk gu\u00f0s\u00fej\u00f3nusta. En J\u00fada heldur fast enn n\u00fa vi\u00f0 Gu\u00f0 og \u00e1 r\u00e9ttri heilagri gu\u00f0s\u00fej\u00f3nustu. Efra\u00edm f\u00e6\u00f0ir sig af vindi og hleypur eftir austanve\u00f0ri og gj\u00f6rir daglega afgu\u00f0ad\u00fdrkan og meira ska\u00f0a. \u00deeir gj\u00f6ra eitt samheldi me\u00f0 Assyriis og f\u00e6ra balsamum til Egyptalands. \u00dev\u00ed skal Drottinn gefa J\u00fada s\u00f6k og heims\u00e6kja Jakob eftir hans ath\u00e6fi og bitala honum eftir hans for\u00fe\u00e9nan. &#8222;J\u00e1&#8220; segja \u00feeir, &#8222;hann undirtra\u00f0 s\u00edna br\u00e6\u00f0ur \u00ed sinnar m\u00f3\u00f0urkvi\u00f0i og gl\u00edmdi vi\u00f0 Gu\u00f0 af \u00f6llu s\u00ednu afli. Hann tuska\u00f0ist vi\u00f0 engilinn og yfirvann \u00fev\u00ed hann <a href=\"https:\/\/biblian.is\/gudbrandsbiblia\/hosea-12-kafli\/\"> [&#8230;]<\/a><\/p>\n","protected":false},"author":1,"featured_media":0,"parent":0,"menu_order":0,"comment_status":"open","ping_status":"open","template":"bibliukaflar.php","meta":{"footnotes":""},"class_list":["post-3570","page","type-page","status-publish","hentry"],"_links":{"self":[{"href":"https:\/\/biblian.is\/gudbrandsbiblia\/wp-json\/wp\/v2\/pages\/3570","targetHints":{"allow":["GET"]}}],"collection":[{"href":"https:\/\/biblian.is\/gudbrandsbiblia\/wp-json\/wp\/v2\/pages"}],"about":[{"href":"https:\/\/biblian.is\/gudbrandsbiblia\/wp-json\/wp\/v2\/types\/page"}],"author":[{"embeddable":true,"href":"https:\/\/biblian.is\/gudbrandsbiblia\/wp-json\/wp\/v2\/users\/1"}],"replies":[{"embeddable":true,"href":"https:\/\/biblian.is\/gudbrandsbiblia\/wp-json\/wp\/v2\/comments?post=3570"}],"version-history":[{"count":0,"href":"https:\/\/biblian.is\/gudbrandsbiblia\/wp-json\/wp\/v2\/pages\/3570\/revisions"}],"wp:attachment":[{"href":"https:\/\/biblian.is\/gudbrandsbiblia\/wp-json\/wp\/v2\/media?parent=3570"}],"curies":[{"name":"wp","href":"https:\/\/api.w.org\/{rel}","templated":true}]}}