{"id":3569,"date":"2017-12-18T18:34:02","date_gmt":"2017-12-18T18:34:02","guid":{"rendered":"http:\/\/biblian.is\/gudbrandsbiblia\/hosea-11-kafli\/"},"modified":"2017-12-18T18:34:02","modified_gmt":"2017-12-18T18:34:02","slug":"hosea-11-kafli","status":"publish","type":"page","link":"https:\/\/biblian.is\/gudbrandsbiblia\/hosea-11-kafli\/","title":{"rendered":"H\u00f3sea 11. kafli"},"content":{"rendered":"<p>XI.<\/p>\n<p>\u00de\u00e1 \u00cdsrael var ungur haf\u00f0a eg hann k\u00e6ran og kalla\u00f0i hann &#8222;Minn son af Egyptalandi&#8220;. <span class=\"athugasemd\" title=\"Exodi iii. \/ Math. ii.\">[<\/span> En ef nokkur kallar \u00fe\u00e1 n\u00fa \u00fe\u00e1 sn\u00faa \u00feeir \u00fear fr\u00e1 og offra Baal og veifa reykelsinu fyrir b\u00edl\u00e6tum. Eg t\u00f3k Efra\u00edm vi\u00f0 hans arm og leiddi hann. En \u00feeir merktu \u00fea\u00f0 ekki me\u00f0 hverju m\u00f3ti eg hj\u00e1lpa\u00f0i \u00feeim. Eg l\u00e9t \u00fe\u00e1 draga eitt mannlegt ok og ganga \u00ed k\u00e6rleiksb\u00f6ndum og hj\u00e1lpa\u00f0i \u00feeim a\u00f0 bera oki\u00f0 \u00e1 s\u00ednum h\u00e1lsum og eg gaf \u00feeim f\u00f3\u00f0ur a\u00f0 \u00feeir skyldu ei sn\u00faa s\u00e9r aftur til Egyptalands. So er n\u00fa Ass\u00far or\u00f0inn \u00feeirra k\u00f3ngur \u00fev\u00ed \u00feeir vilja ekki umvenda s\u00e9r. \u00dev\u00ed skal sver\u00f0i\u00f0 koma yfir \u00feeirra sta\u00f0i og gj\u00f6ra \u00feeirra j\u00e1rngrindur til einskis og uppsvelgja \u00fe\u00e6r s\u00f6kum \u00feeirra upps\u00e1turs. Mitt f\u00f3lk er \u00fereytt a\u00f0 vernda s\u00e9r til m\u00edn og \u00fe\u00f3 mann pr\u00e9diki fyrir \u00feeim \u00fe\u00e1 uppr\u00e9ttir enginn sig.<\/p>\n<p>\tHva\u00f0 skal eg gj\u00f6ra af \u00fe\u00e9r, Efra\u00edm? Skal eg vernda \u00feig, \u00cdsrael? Skal eg ekki me\u00f0 r\u00e9ttu gj\u00f6ra einn Adamas af \u00fe\u00e9r og gj\u00f6ra \u00feig l\u00edka sem Seb\u00f3\u00edm? En mitt hjarta er \u00f6\u00f0ruv\u00eds sinna\u00f0, m\u00edn miskunnsemd er so mj\u00f6g heit a\u00f0 eg vil ekki gj\u00f6ra eftir grimmd minna rei\u00f0i, eg vil ekki sn\u00faa m\u00e9r a\u00f0 fordjarfa Efra\u00edm aldeilis. \u00dev\u00ed eg er Gu\u00f0 en ekki ma\u00f0ur, eg er \u00deann heilagi \u00e1 me\u00f0al \u00fe\u00edn. En ei vil eg \u00ed sta\u00f0inn koma. \u00de\u00e1 skulu menn eftirfylgja Drottni og hann skal \u00f6skra sem eitt le\u00f3n. Og \u00feegar hann \u00f6skrar \u00fe\u00e1 skulu \u00feeir hr\u00e6\u00f0ast sem eru \u00ed m\u00f3ti vestrinu. Og \u00feeir \u00ed Egyptalandi skulu og f\u00e6last sem einn fugl og \u00feeir \u00ed Assyrialandi sem d\u00fafur. Og eg vil setja \u00fe\u00e1 \u00ed \u00feeirra h\u00fas, segir Drottinn.<\/p>\n","protected":false},"excerpt":{"rendered":"<p>XI. \u00de\u00e1 \u00cdsrael var ungur haf\u00f0a eg hann k\u00e6ran og kalla\u00f0i hann &#8222;Minn son af Egyptalandi&#8220;. [ En ef nokkur kallar \u00fe\u00e1 n\u00fa \u00fe\u00e1 sn\u00faa \u00feeir \u00fear fr\u00e1 og offra Baal og veifa reykelsinu fyrir b\u00edl\u00e6tum. Eg t\u00f3k Efra\u00edm vi\u00f0 hans arm og leiddi hann. En \u00feeir merktu \u00fea\u00f0 ekki me\u00f0 hverju m\u00f3ti eg hj\u00e1lpa\u00f0i \u00feeim. Eg l\u00e9t \u00fe\u00e1 draga eitt mannlegt ok og ganga \u00ed k\u00e6rleiksb\u00f6ndum og hj\u00e1lpa\u00f0i \u00feeim a\u00f0 bera oki\u00f0 \u00e1 s\u00ednum h\u00e1lsum og eg gaf \u00feeim f\u00f3\u00f0ur a\u00f0 \u00feeir skyldu ei sn\u00faa s\u00e9r aftur til Egyptalands. So er n\u00fa Ass\u00far or\u00f0inn \u00feeirra k\u00f3ngur \u00fev\u00ed \u00feeir vilja <a href=\"https:\/\/biblian.is\/gudbrandsbiblia\/hosea-11-kafli\/\"> [&#8230;]<\/a><\/p>\n","protected":false},"author":1,"featured_media":0,"parent":0,"menu_order":0,"comment_status":"open","ping_status":"open","template":"bibliukaflar.php","meta":{"footnotes":""},"class_list":["post-3569","page","type-page","status-publish","hentry"],"_links":{"self":[{"href":"https:\/\/biblian.is\/gudbrandsbiblia\/wp-json\/wp\/v2\/pages\/3569","targetHints":{"allow":["GET"]}}],"collection":[{"href":"https:\/\/biblian.is\/gudbrandsbiblia\/wp-json\/wp\/v2\/pages"}],"about":[{"href":"https:\/\/biblian.is\/gudbrandsbiblia\/wp-json\/wp\/v2\/types\/page"}],"author":[{"embeddable":true,"href":"https:\/\/biblian.is\/gudbrandsbiblia\/wp-json\/wp\/v2\/users\/1"}],"replies":[{"embeddable":true,"href":"https:\/\/biblian.is\/gudbrandsbiblia\/wp-json\/wp\/v2\/comments?post=3569"}],"version-history":[{"count":0,"href":"https:\/\/biblian.is\/gudbrandsbiblia\/wp-json\/wp\/v2\/pages\/3569\/revisions"}],"wp:attachment":[{"href":"https:\/\/biblian.is\/gudbrandsbiblia\/wp-json\/wp\/v2\/media?parent=3569"}],"curies":[{"name":"wp","href":"https:\/\/api.w.org\/{rel}","templated":true}]}}