{"id":3568,"date":"2017-12-18T18:34:02","date_gmt":"2017-12-18T18:34:02","guid":{"rendered":"http:\/\/biblian.is\/gudbrandsbiblia\/hosea-10-kafli\/"},"modified":"2017-12-18T18:34:02","modified_gmt":"2017-12-18T18:34:02","slug":"hosea-10-kafli","status":"publish","type":"page","link":"https:\/\/biblian.is\/gudbrandsbiblia\/hosea-10-kafli\/","title":{"rendered":"H\u00f3sea 10. kafli"},"content":{"rendered":"<p>X.<\/p>\n<p>\u00cdsrael er eitt ey\u00f0iv\u00edntr\u00e9, hans \u00e1v\u00f6xtur er og l\u00edka so. \u00dev\u00ed so mikinn \u00e1v\u00f6xt sem hann haf\u00f0i so margt altari haf\u00f0i hann gj\u00f6rt og hvar landi\u00f0 var allra best \u00fear settu \u00feeir s\u00ednar fegurstu kirkjur. \u00deeirra hjarta er \u00ed sundurdeilt. N\u00fa skulu \u00feeir finna s\u00edna skuld. \u00deeirra \u00f6lt\u00f6ru skulu \u00ed sundur brj\u00f3tast og \u00feeirra kirkjur skulu kollkastast. \u00de\u00e1 skulu \u00feeir segja: &#8222;V\u00e9r h\u00f6fum \u00f6ngvan k\u00f3ng \u00fea\u00f0 v\u00e9r \u00f3ttunst ekki Drottinn. Hverju kann k\u00f3ngurinn a\u00f0 hj\u00e1lpa oss n\u00fa?&#8220; \u00deeir sverja forgefins og gj\u00f6ra einn s\u00e1ttm\u00e1l og svoddan r\u00e1\u00f0 gr\u00f3a \u00e1 \u00f6llum \u00feeirra \u00f6krum \u00e1 markinni so sem gall.<\/p>\n<p>\tInnbyggjararnir \u00ed Samaria eru hr\u00e6ddir um k\u00e1lfinn \u00ed Bet Aven \u00fev\u00ed hans f\u00f3lk syrgir fyrir honum, yfir hverjum \u00fe\u00f3 a\u00f0 hans Kamar\u00edm pl\u00f6gu\u00f0u a\u00f0 gle\u00f0jast hans vegsemdar vegna. <span class=\"athugasemd\" title=\"iiii. Reg. xxiii. \/ Kamar\u00edm \/ kallast \u00feeir afgu\u00f0ad\u00fdrkendur\">[<\/span> \u00dev\u00ed hann er \u00ed burt fluttur fr\u00e1 \u00feeim, j\u00e1 k\u00e1lfurinn er fluttur \u00ed Assyria konunginum til einnrar skenkingar \u00ed Jareb. So skal Efra\u00edm skammast s\u00edn og \u00cdsrael skal hafa kinnro\u00f0a fyrir sitt upps\u00e1tur. \u00dev\u00ed konungurinn af Samaria er \u00ed burtu l\u00edka sem fro\u00f0a \u00e1 vatni. \u00de\u00e6r h\u00e6\u00f0irnar til Aven eru afm\u00e1\u00f0ar me\u00f0 hverju \u00cdsrael syndga\u00f0ist. \u00dear vaxa n\u00fa \u00feyrnir og \u00feislar \u00e1 \u00feeirra \u00f6lt\u00f6rum. Og \u00feeir skulu segja: &#8222;\u00de\u00e9r fj\u00f6ll, hylji\u00f0 oss, og \u00fe\u00e9r h\u00e1lsar, falli\u00f0 yfir oss!&#8220;<\/p>\n<p>\t\u00cdsrael, \u00fe\u00fa hefur syndgast s\u00ed\u00f0an G\u00edbeons t\u00ed\u00f0, vi\u00f0 \u00fea\u00f0 hafa \u00feeir og haldi\u00f0 sig. <span class=\"athugasemd\" title=\"Luc. xxiii. \/ Judi xix.\">[<\/span> En soddan str\u00ed\u00f0 sem ske\u00f0i m\u00f3ti \u00feeim vondum m\u00f6nnum \u00ed G\u00edbea skal ekki koma \u00e1 \u00fe\u00e1 heldur vil eg straffa \u00fe\u00e1 eftir m\u00ednu sinni og \u00f3sk a\u00f0 \u00fear skal koma samansafna\u00f0 f\u00f3lk yfir \u00fe\u00e1 \u00feegar eg vil straffa \u00fe\u00e1 fyrir \u00feeirra <span class=\"athugasemd\" title=\"a \/ \u00fe\u00e1 b\u00e1\u00f0a sk\u00fargo\u00f0ak\u00e1lfana\">[<\/span> tv\u00e6r syndir.<\/p>\n<p>\tEfra\u00edm er einn vaninn k\u00e1lfur svo hann \u00fereskir gjarnan. Eg vil st\u00edga yfir hans fagra h\u00e1ls, eg vil r\u00ed\u00f0a \u00e1 Efra\u00edm. J\u00fada skal erja og Jakob jafna. \u00dear fyrir s\u00e1i\u00f0 y\u00f0ur r\u00e9ttl\u00e6ti og uppskeri\u00f0 k\u00e6rleikann og erji\u00f0 \u00f6\u00f0ruv\u00eds me\u00f0an t\u00edminn er og leiti\u00f0 Drottins \u00fear til hann kemur og d\u00f6ggvar r\u00e9ttl\u00e6tinu yfir y\u00f0ur. \u00dev\u00ed a\u00f0 \u00fe\u00e9r s\u00e1i\u00f0 illu og uppskeri\u00f0 vonda gj\u00f6rninga og eti\u00f0 lyginnar \u00e1v\u00f6xt. <\/p>\n<p>\tOg s\u00f6kum \u00feess a\u00f0 \u00fe\u00fa treystir \u00e1 \u00fe\u00edna breytni og \u00e1 fj\u00f6ldann \u00feinna str\u00ed\u00f0skappa \u00fe\u00e1 skal \u00fear upphefjast eitt upphlaup \u00e1 me\u00f0al \u00fe\u00edns f\u00f3lks so a\u00f0 allir \u00fe\u00ednir fastir sta\u00f0ir skulu hrapa, l\u00edka sem Salman yfirvann og ni\u00f0urbraut Arbeiel h\u00fas \u00e1 \u00feeim str\u00ed\u00f0st\u00edma \u00fe\u00e1 m\u00e6\u00f0urnar voru ni\u00f0urslegnar me\u00f0 \u00f6llu til dau\u00f0s \u00e1 b\u00f6rnunum. So skal \u00fea\u00f0 ganga y\u00f0ur \u00ed Betel s\u00f6kum y\u00f0ra st\u00f3rra synda a\u00f0 \u00cdsraelsk\u00f3ngur skal undir ganga snemma a\u00f0 morni.<\/p>\n","protected":false},"excerpt":{"rendered":"<p>X. \u00cdsrael er eitt ey\u00f0iv\u00edntr\u00e9, hans \u00e1v\u00f6xtur er og l\u00edka so. \u00dev\u00ed so mikinn \u00e1v\u00f6xt sem hann haf\u00f0i so margt altari haf\u00f0i hann gj\u00f6rt og hvar landi\u00f0 var allra best \u00fear settu \u00feeir s\u00ednar fegurstu kirkjur. \u00deeirra hjarta er \u00ed sundurdeilt. N\u00fa skulu \u00feeir finna s\u00edna skuld. \u00deeirra \u00f6lt\u00f6ru skulu \u00ed sundur brj\u00f3tast og \u00feeirra kirkjur skulu kollkastast. \u00de\u00e1 skulu \u00feeir segja: &#8222;V\u00e9r h\u00f6fum \u00f6ngvan k\u00f3ng \u00fea\u00f0 v\u00e9r \u00f3ttunst ekki Drottinn. Hverju kann k\u00f3ngurinn a\u00f0 hj\u00e1lpa oss n\u00fa?&#8220; \u00deeir sverja forgefins og gj\u00f6ra einn s\u00e1ttm\u00e1l og svoddan r\u00e1\u00f0 gr\u00f3a \u00e1 \u00f6llum \u00feeirra \u00f6krum \u00e1 markinni so sem gall. Innbyggjararnir \u00ed <a href=\"https:\/\/biblian.is\/gudbrandsbiblia\/hosea-10-kafli\/\"> [&#8230;]<\/a><\/p>\n","protected":false},"author":1,"featured_media":0,"parent":0,"menu_order":0,"comment_status":"open","ping_status":"open","template":"bibliukaflar.php","meta":{"footnotes":""},"class_list":["post-3568","page","type-page","status-publish","hentry"],"_links":{"self":[{"href":"https:\/\/biblian.is\/gudbrandsbiblia\/wp-json\/wp\/v2\/pages\/3568","targetHints":{"allow":["GET"]}}],"collection":[{"href":"https:\/\/biblian.is\/gudbrandsbiblia\/wp-json\/wp\/v2\/pages"}],"about":[{"href":"https:\/\/biblian.is\/gudbrandsbiblia\/wp-json\/wp\/v2\/types\/page"}],"author":[{"embeddable":true,"href":"https:\/\/biblian.is\/gudbrandsbiblia\/wp-json\/wp\/v2\/users\/1"}],"replies":[{"embeddable":true,"href":"https:\/\/biblian.is\/gudbrandsbiblia\/wp-json\/wp\/v2\/comments?post=3568"}],"version-history":[{"count":0,"href":"https:\/\/biblian.is\/gudbrandsbiblia\/wp-json\/wp\/v2\/pages\/3568\/revisions"}],"wp:attachment":[{"href":"https:\/\/biblian.is\/gudbrandsbiblia\/wp-json\/wp\/v2\/media?parent=3568"}],"curies":[{"name":"wp","href":"https:\/\/api.w.org\/{rel}","templated":true}]}}