{"id":3566,"date":"2017-12-18T18:34:02","date_gmt":"2017-12-18T18:34:02","guid":{"rendered":"http:\/\/biblian.is\/gudbrandsbiblia\/hosea-8-kafli\/"},"modified":"2017-12-18T18:34:02","modified_gmt":"2017-12-18T18:34:02","slug":"hosea-8-kafli","status":"publish","type":"page","link":"https:\/\/biblian.is\/gudbrandsbiblia\/hosea-8-kafli\/","title":{"rendered":"H\u00f3sea 8. kafli"},"content":{"rendered":"<p>VIII.<\/p>\n<p>Hr\u00f3pa \u00fe\u00fa h\u00e1tt so sem einn herl\u00fa\u00f0ur og seg\u00f0u: <span class=\"athugasemd\" title=\"a \/ Hann) \/ Fjandma\u00f0urinn k\u00f3ngurinn af Assyria\">[<\/span> Hann kemur alla rei\u00f0u yfir h\u00fas Drottins sem einn \u00f6rn. \u00dev\u00ed \u00feeir yfirfalla minn s\u00e1ttm\u00e1la og eru fallnir fr\u00e1 m\u00ednu l\u00f6gm\u00e1li. \u00de\u00e1 munu \u00feeir kalla til m\u00edn: &#8222;\u00de\u00fa ert minn Gu\u00f0, v\u00e9r \u00feekkjum \u00feig, \u00cdsrael.&#8220;<\/p>\n<p>\t\u00cdsrael, forleggur \u00fea\u00f0 g\u00f3\u00f0a. \u00dear fyrir m\u00e1 \u00f3vinurinn ofs\u00e6kja \u00fe\u00e1. \u00deeir gj\u00f6ra s\u00e9r k\u00f3nga, \u00fe\u00f3 \u00e1n m\u00edn, \u00feeir setja h\u00f6f\u00f0ingja og eg \u00e1 \u00fea\u00f0 ekki a\u00f0 vita. \u00deeir gj\u00f6ra s\u00e9r afgu\u00f0i af s\u00ednu silfri og gulli so a\u00f0 \u00feeir ver\u00f0a snart uppr\u00e6ttir. <\/p>\n<p>\tSamaria, hann burt kastar \u00fe\u00ednum <span class=\"athugasemd\" title=\"b \/ K\u00e1lfi) \/ Sk\u00fargo\u00f0, afgu\u00f0\">[<\/span> k\u00e1lfi. M\u00edn rei\u00f0i er grimm yfir \u00feig. \u00dea\u00f0 m\u00e1 ekki lengi so standa, \u00feeir ver\u00f0a a\u00f0 straffast. \u00dev\u00ed k\u00e1lfurinn er kominn fr\u00e1 \u00cdsrael og einn hagleiksma\u00f0ur gj\u00f6r\u00f0i hann en \u00fea\u00f0 m\u00e1 \u00fe\u00f3 ekki vera Gu\u00f0. \u00dev\u00ed skal k\u00e1lfur Samarie ver\u00f0a a\u00f0 dufti. \u00dev\u00ed a\u00f0 \u00feeir skulu s\u00e1 vindi en uppskera storm. \u00deeirra s\u00e1\u00f0 skal ei uppkoma og \u00feeirra s\u00e6\u00f0i skal ekkert mj\u00f6l gefa og \u00fe\u00f3 \u00fea\u00f0 gefist \u00fe\u00e1 skulu annarlegir \u00fea\u00f0 eta.<\/p>\n<p>\t\u00cdsrael ver\u00f0ur uppetinn, hei\u00f0ingjarnir leika hann \u00fat l\u00edka sem anna\u00f0 sv\u00edvirt ker. \u00dev\u00ed \u00feeir hlaupa til Ass\u00far l\u00edka sem villud\u00fdr, Efra\u00edm skenkir s\u00ednum elskhugum og gefur hei\u00f0ingjum skatt. \u00deeim s\u00f6mu hei\u00f0ingjum vil eg n\u00fa samansafna yfir \u00fe\u00e1, \u00feeir skulu snart ver\u00f0a \u00fereyttir af konungsins byr\u00f0i og h\u00f6f\u00f0ingjanna. \u00dev\u00ed Efra\u00edm gj\u00f6r\u00f0i m\u00f6rg \u00f6lt\u00f6ru a\u00f0 syndgast me\u00f0, so skulu og \u00f6lt\u00f6rin ver\u00f0a honum til syndar. Og \u00fe\u00f3 eg skrifa\u00f0i honum enn mj\u00f6g margt og miki\u00f0 um m\u00edn l\u00f6g \u00fe\u00e1 skeyttu \u00feeir \u00fev\u00ed ekki meir en \u00f6\u00f0rum annarlegum l\u00e6rd\u00f3mi. \u00de\u00e1 \u00feeir n\u00fa miklu offra, bera fram kj\u00f6t og eta \u00fea\u00f0 \u00fe\u00e1 hefur \u00fe\u00f3 Drottinn \u00f6ngva \u00fe\u00f3knan \u00e1 \u00fev\u00ed heldur vill hann minnast \u00feeirra misgj\u00f6rninga og heimvitja \u00feeirra synda sem sn\u00faa s\u00e9r til Egyptalands. <\/p>\n<p>\t\u00cdsrael gleymir s\u00ednum skapara og sm\u00ed\u00f0ar kirkjur og J\u00fada byggir marga sterka sta\u00f0i. En eg vil senda eld \u00ed hans bygg\u00f0 sem ey\u00f0a skal hans h\u00fasum.<\/p>\n","protected":false},"excerpt":{"rendered":"<p>VIII. Hr\u00f3pa \u00fe\u00fa h\u00e1tt so sem einn herl\u00fa\u00f0ur og seg\u00f0u: [ Hann kemur alla rei\u00f0u yfir h\u00fas Drottins sem einn \u00f6rn. \u00dev\u00ed \u00feeir yfirfalla minn s\u00e1ttm\u00e1la og eru fallnir fr\u00e1 m\u00ednu l\u00f6gm\u00e1li. \u00de\u00e1 munu \u00feeir kalla til m\u00edn: &#8222;\u00de\u00fa ert minn Gu\u00f0, v\u00e9r \u00feekkjum \u00feig, \u00cdsrael.&#8220; \u00cdsrael, forleggur \u00fea\u00f0 g\u00f3\u00f0a. \u00dear fyrir m\u00e1 \u00f3vinurinn ofs\u00e6kja \u00fe\u00e1. \u00deeir gj\u00f6ra s\u00e9r k\u00f3nga, \u00fe\u00f3 \u00e1n m\u00edn, \u00feeir setja h\u00f6f\u00f0ingja og eg \u00e1 \u00fea\u00f0 ekki a\u00f0 vita. \u00deeir gj\u00f6ra s\u00e9r afgu\u00f0i af s\u00ednu silfri og gulli so a\u00f0 \u00feeir ver\u00f0a snart uppr\u00e6ttir. Samaria, hann burt kastar \u00fe\u00ednum [ k\u00e1lfi. M\u00edn rei\u00f0i er grimm yfir <a href=\"https:\/\/biblian.is\/gudbrandsbiblia\/hosea-8-kafli\/\"> [&#8230;]<\/a><\/p>\n","protected":false},"author":1,"featured_media":0,"parent":0,"menu_order":0,"comment_status":"open","ping_status":"open","template":"bibliukaflar.php","meta":{"footnotes":""},"class_list":["post-3566","page","type-page","status-publish","hentry"],"_links":{"self":[{"href":"https:\/\/biblian.is\/gudbrandsbiblia\/wp-json\/wp\/v2\/pages\/3566","targetHints":{"allow":["GET"]}}],"collection":[{"href":"https:\/\/biblian.is\/gudbrandsbiblia\/wp-json\/wp\/v2\/pages"}],"about":[{"href":"https:\/\/biblian.is\/gudbrandsbiblia\/wp-json\/wp\/v2\/types\/page"}],"author":[{"embeddable":true,"href":"https:\/\/biblian.is\/gudbrandsbiblia\/wp-json\/wp\/v2\/users\/1"}],"replies":[{"embeddable":true,"href":"https:\/\/biblian.is\/gudbrandsbiblia\/wp-json\/wp\/v2\/comments?post=3566"}],"version-history":[{"count":0,"href":"https:\/\/biblian.is\/gudbrandsbiblia\/wp-json\/wp\/v2\/pages\/3566\/revisions"}],"wp:attachment":[{"href":"https:\/\/biblian.is\/gudbrandsbiblia\/wp-json\/wp\/v2\/media?parent=3566"}],"curies":[{"name":"wp","href":"https:\/\/api.w.org\/{rel}","templated":true}]}}