{"id":3564,"date":"2017-12-18T18:34:02","date_gmt":"2017-12-18T18:34:02","guid":{"rendered":"http:\/\/biblian.is\/gudbrandsbiblia\/hosea-6-kafli\/"},"modified":"2017-12-18T18:34:02","modified_gmt":"2017-12-18T18:34:02","slug":"hosea-6-kafli","status":"publish","type":"page","link":"https:\/\/biblian.is\/gudbrandsbiblia\/hosea-6-kafli\/","title":{"rendered":"H\u00f3sea 6. kafli"},"content":{"rendered":"<p>VI.<\/p>\n<p>H\u00f6f\u00f0ingjarnir \u00ed J\u00fada eru l\u00edka sem \u00feeir e\u00f0 flytja landamerki. \u00dev\u00ed vil eg \u00fathella minni rei\u00f0i yfir \u00fe\u00e1 sem \u00f6\u00f0ru vatni.<\/p>\n<p>\tEfra\u00edm \u00feolir yfirgang og er pl\u00e1ga\u00f0ur og \u00fea\u00f0 er r\u00e9tt \u00fea\u00f0 hann hefur gefi\u00f0 sig til bo\u00f0or\u00f0a mannanna. Eg er Efra\u00edm einn m\u00f6lur og motti og J\u00fada h\u00fasi einn ma\u00f0kur. Og \u00fe\u00e1 Efra\u00edm fann sinnsj\u00fakd\u00f3m og J\u00fada s\u00edn s\u00e1r \u00fe\u00e1 dr\u00f3 Efra\u00edm \u00ed burt \u00ed Assyria og sendi bo\u00f0 til k\u00f3ngsins \u00ed Jareb en hann kunni ekki a\u00f0 hj\u00e1lpa y\u00f0ur, eigi heldur a\u00f0 l\u00e6kna y\u00f0ar s\u00e1r. <span class=\"athugasemd\" title=\"Jareb\">[<\/span> \u00dev\u00ed a\u00f0 eg er Efra\u00edm sem eitt le\u00f3n og J\u00fada h\u00fasi sem le\u00f3ns hv\u00f6lpur. Eg, eg sundurr\u00edf \u00fe\u00e1 og geng fr\u00e1 \u00feeim, eg rek \u00fe\u00e1 burt og enginn kann a\u00f0 hj\u00e1lpa \u00feeim. <\/p>\n<p>\tEg vil fara til m\u00edn sta\u00f0ar aftur \u00fear til a\u00f0 \u00feeir \u00feekkja s\u00edn brot og leita a\u00f0 m\u00ednu augliti og \u00feeim gengur illa \u00fe\u00e1 skulu \u00feeir \u00e1rla vitja m\u00edn og segja: &#8222;Komi\u00f0, v\u00e9r viljum aftur til Drottins \u00fev\u00ed hann hefur \u00ed sundursliti\u00f0 oss, hann skal og l\u00e6kna oss aftur. Hann hefur slegi\u00f0 oss, hann skal og gr\u00e6\u00f0a oss. Hann skal gj\u00f6ra oss lifandi eftir tvo daga, hann skal uppreisa oss \u00e1 \u00feann \u00feri\u00f0ja dag so v\u00e9r skulum lifa fyrir honum. \u00de\u00e1 skulum v\u00e9r gaumg\u00e6fa og vel til vara taka a\u00f0 v\u00e9r \u00feekkjum Drottin. <span class=\"athugasemd\" title=\"i. Cor. xv.\">[<\/span> \u00dev\u00ed hann skal frambrj\u00f3tast l\u00edka sem s\u00e1 kl\u00e1ri morgunro\u00f0i og hann skal til vor koma sem eitt regn, j\u00e1 sem ein kveldsk\u00far s\u00e1 j\u00f6r\u00f0ina v\u00f6kvar.<\/p>\n<p>\t\u00dev\u00ed mun eg so vel gj\u00f6ra vi\u00f0 \u00feig Efra\u00edm? <span class=\"athugasemd\" title=\"Miche. v.\">[<\/span> \u00dev\u00ed mun eg gj\u00f6ra so vel \u00e1 m\u00f3ti \u00fe\u00e9r J\u00fada? S\u00fa n\u00e1\u00f0 sem eg vil veita og au\u00f0s\u00fdna y\u00f0ur skal vera sem eitt dagsk\u00fd um morguninn, so sem morgund\u00f6gg s\u00fa \u00e1rla sig \u00fatbrei\u00f0ir. \u00dear fyrir sl\u00e9tti eg \u00fe\u00e1 fyrir prophetana og \u00ed hel sl\u00e6 \u00fe\u00e1 me\u00f0 or\u00f0i m\u00edns munns, a\u00f0 \u00feinn r\u00e9ttur skal koma til lj\u00f3ssins. \u00dev\u00ed a\u00f0 \u00e1 miskunn hefi eg \u00fe\u00f3knan en ekki \u00fe\u00e1 offri og \u00e1 vi\u00f0urkenningu Gu\u00f0s en ekki \u00e1 brennif\u00f3rnum. <span class=\"athugasemd\" title=\"Math. ix. xii. \/ Gen. iii.\">[<\/span><\/p>\n<p>\tEn \u00feeir yfirtr\u00e1\u00f0u s\u00e1ttm\u00e1lann l\u00edka sem Adam og so forsm\u00e1\u00f0u \u00feeir mig. \u00dev\u00ed G\u00edlea\u00f0 er einn sta\u00f0ur fullur me\u00f0 afgu\u00f0ad\u00fdrkan og bl\u00f3\u00f0skuld. Og prestarnir me\u00f0 s\u00ednum selskap eru l\u00edka sem vegar\u00e6ningjar hverjir a\u00f0 umsitja f\u00f3lki\u00f0 og myr\u00f0a \u00e1 veginum sem liggur til Sik\u00edm \u00fev\u00ed \u00feeir gj\u00f6ra hva\u00f0 \u00feeir vilja. Eg st\u00e9 \u00ed \u00cdsraels h\u00fas fyrir hverju mig gr\u00faar \u00fev\u00ed Efra\u00edm dr\u00fdgir \u00fear h\u00f3ranir, svo saurgar \u00cdsrael sig. En J\u00fada skal hafa eina haustvinnu fyrir sig n\u00e6r eg vil sn\u00faa fangelsi m\u00edns f\u00f3lks. <span class=\"athugasemd\" title=\"Jere. xli. \/ Luc. x.\">[<\/span><\/p>\n","protected":false},"excerpt":{"rendered":"<p>VI. H\u00f6f\u00f0ingjarnir \u00ed J\u00fada eru l\u00edka sem \u00feeir e\u00f0 flytja landamerki. \u00dev\u00ed vil eg \u00fathella minni rei\u00f0i yfir \u00fe\u00e1 sem \u00f6\u00f0ru vatni. Efra\u00edm \u00feolir yfirgang og er pl\u00e1ga\u00f0ur og \u00fea\u00f0 er r\u00e9tt \u00fea\u00f0 hann hefur gefi\u00f0 sig til bo\u00f0or\u00f0a mannanna. Eg er Efra\u00edm einn m\u00f6lur og motti og J\u00fada h\u00fasi einn ma\u00f0kur. Og \u00fe\u00e1 Efra\u00edm fann sinnsj\u00fakd\u00f3m og J\u00fada s\u00edn s\u00e1r \u00fe\u00e1 dr\u00f3 Efra\u00edm \u00ed burt \u00ed Assyria og sendi bo\u00f0 til k\u00f3ngsins \u00ed Jareb en hann kunni ekki a\u00f0 hj\u00e1lpa y\u00f0ur, eigi heldur a\u00f0 l\u00e6kna y\u00f0ar s\u00e1r. [ \u00dev\u00ed a\u00f0 eg er Efra\u00edm sem eitt le\u00f3n og J\u00fada h\u00fasi <a href=\"https:\/\/biblian.is\/gudbrandsbiblia\/hosea-6-kafli\/\"> [&#8230;]<\/a><\/p>\n","protected":false},"author":1,"featured_media":0,"parent":0,"menu_order":0,"comment_status":"open","ping_status":"open","template":"bibliukaflar.php","meta":{"footnotes":""},"class_list":["post-3564","page","type-page","status-publish","hentry"],"_links":{"self":[{"href":"https:\/\/biblian.is\/gudbrandsbiblia\/wp-json\/wp\/v2\/pages\/3564","targetHints":{"allow":["GET"]}}],"collection":[{"href":"https:\/\/biblian.is\/gudbrandsbiblia\/wp-json\/wp\/v2\/pages"}],"about":[{"href":"https:\/\/biblian.is\/gudbrandsbiblia\/wp-json\/wp\/v2\/types\/page"}],"author":[{"embeddable":true,"href":"https:\/\/biblian.is\/gudbrandsbiblia\/wp-json\/wp\/v2\/users\/1"}],"replies":[{"embeddable":true,"href":"https:\/\/biblian.is\/gudbrandsbiblia\/wp-json\/wp\/v2\/comments?post=3564"}],"version-history":[{"count":0,"href":"https:\/\/biblian.is\/gudbrandsbiblia\/wp-json\/wp\/v2\/pages\/3564\/revisions"}],"wp:attachment":[{"href":"https:\/\/biblian.is\/gudbrandsbiblia\/wp-json\/wp\/v2\/media?parent=3564"}],"curies":[{"name":"wp","href":"https:\/\/api.w.org\/{rel}","templated":true}]}}