{"id":3563,"date":"2017-12-18T18:34:02","date_gmt":"2017-12-18T18:34:02","guid":{"rendered":"http:\/\/biblian.is\/gudbrandsbiblia\/hosea-5-kafli\/"},"modified":"2017-12-18T18:34:02","modified_gmt":"2017-12-18T18:34:02","slug":"hosea-5-kafli","status":"publish","type":"page","link":"https:\/\/biblian.is\/gudbrandsbiblia\/hosea-5-kafli\/","title":{"rendered":"H\u00f3sea 5. kafli"},"content":{"rendered":"<p>V.<\/p>\n<p>So heyri\u00f0 n\u00fa, \u00fe\u00e9r prestarnir, og \u00fe\u00fa \u00cdsraels h\u00fas, gef g\u00e6tur a\u00f0, og \u00fe\u00fa konungsins h\u00fas, l\u00e1t \u00feetta falla \u00fe\u00e9r til eyrna. \u00dev\u00ed \u00fear skal koma ein hefnd yfir y\u00f0ur, \u00fe\u00e9r sem eru\u00f0 or\u00f0nir ein snara \u00ed Mispa og eitt \u00fat\u00feani\u00f0 net \u00ed Tab\u00f3r. \u00deeir drekkja s\u00e9r me\u00f0 s\u00ednu sl\u00e1turstarfi og s\u00ednum hlaupum, \u00fear fyrir hl\u00fdt eg a\u00f0 straffa \u00fe\u00e1 alla saman. Eg \u00feekki vel Efra\u00edm og \u00cdsrael dylst ekki fyrir m\u00e9r a\u00f0 Efra\u00edm er n\u00fa ein h\u00f3ra og \u00cdsrael er saurgu\u00f0. <\/p>\n<p>\u00deeir \u00feenkja ei \u00fear upp \u00e1 a\u00f0 sn\u00faa s\u00e9r til \u00feeirra Gu\u00f0s \u00fev\u00ed \u00feeir hafa einn h\u00f3ruanda \u00ed s\u00ednum hj\u00f6rtum og l\u00e6ra ekki \u00fat af Drottni.<\/p>\n<p>\t\u00dear fyrir skal \u00cdsrael drambsemi ni\u00f0ur\u00ferykkjast fyrir hennar augs\u00fdn og b\u00e6\u00f0i \u00cdsrael og Efra\u00edm skulu falla s\u00f6kum \u00feeirra misgj\u00f6rninga, J\u00fada skal og falla me\u00f0 \u00feeim. \u00de\u00e1 skulu \u00feeir koma me\u00f0 sau\u00f0i og uxa og leita Drottins og finna hann ei \u00fev\u00ed a\u00f0 hann hefur sn\u00fai\u00f0 s\u00e9r fr\u00e1 \u00feeim. \u00deeir forsm\u00e1 Drottin og geta annarleg b\u00f6rn. \u00dear fyrir skulu og \u00feeirra n\u00fdju m\u00e1nu\u00f0ir eta \u00fe\u00e1 og \u00feeirra arfdeild.<\/p>\n<p>\tJ\u00e1 bl\u00e1si\u00f0 \u00ed l\u00fa\u00f0ra, \u00fe\u00e9r \u00ed G\u00edbea, j\u00e1 l\u00e1ti\u00f0 gjalla herl\u00fa\u00f0rana \u00ed Raama, j\u00e1 kalli \u00fe\u00e9r \u00ed Bet Aven, \u00e1 bak \u00fe\u00e9r, Benjam\u00edn. \u00dev\u00ed Efra\u00edm skal ver\u00f0a \u00ed ey\u00f0i \u00e1 \u00feeim t\u00edma \u00fe\u00e1 eg straffa hann. \u00dear fyrir hefi eg tr\u00falega vi\u00f0vara\u00f0 \u00cdsraels \u00e6ttkv\u00edslir.<\/p>\n","protected":false},"excerpt":{"rendered":"<p>V. So heyri\u00f0 n\u00fa, \u00fe\u00e9r prestarnir, og \u00fe\u00fa \u00cdsraels h\u00fas, gef g\u00e6tur a\u00f0, og \u00fe\u00fa konungsins h\u00fas, l\u00e1t \u00feetta falla \u00fe\u00e9r til eyrna. \u00dev\u00ed \u00fear skal koma ein hefnd yfir y\u00f0ur, \u00fe\u00e9r sem eru\u00f0 or\u00f0nir ein snara \u00ed Mispa og eitt \u00fat\u00feani\u00f0 net \u00ed Tab\u00f3r. \u00deeir drekkja s\u00e9r me\u00f0 s\u00ednu sl\u00e1turstarfi og s\u00ednum hlaupum, \u00fear fyrir hl\u00fdt eg a\u00f0 straffa \u00fe\u00e1 alla saman. Eg \u00feekki vel Efra\u00edm og \u00cdsrael dylst ekki fyrir m\u00e9r a\u00f0 Efra\u00edm er n\u00fa ein h\u00f3ra og \u00cdsrael er saurgu\u00f0. \u00deeir \u00feenkja ei \u00fear upp \u00e1 a\u00f0 sn\u00faa s\u00e9r til \u00feeirra Gu\u00f0s \u00fev\u00ed \u00feeir hafa einn h\u00f3ruanda <a href=\"https:\/\/biblian.is\/gudbrandsbiblia\/hosea-5-kafli\/\"> [&#8230;]<\/a><\/p>\n","protected":false},"author":1,"featured_media":0,"parent":0,"menu_order":0,"comment_status":"open","ping_status":"open","template":"bibliukaflar.php","meta":{"footnotes":""},"class_list":["post-3563","page","type-page","status-publish","hentry"],"_links":{"self":[{"href":"https:\/\/biblian.is\/gudbrandsbiblia\/wp-json\/wp\/v2\/pages\/3563","targetHints":{"allow":["GET"]}}],"collection":[{"href":"https:\/\/biblian.is\/gudbrandsbiblia\/wp-json\/wp\/v2\/pages"}],"about":[{"href":"https:\/\/biblian.is\/gudbrandsbiblia\/wp-json\/wp\/v2\/types\/page"}],"author":[{"embeddable":true,"href":"https:\/\/biblian.is\/gudbrandsbiblia\/wp-json\/wp\/v2\/users\/1"}],"replies":[{"embeddable":true,"href":"https:\/\/biblian.is\/gudbrandsbiblia\/wp-json\/wp\/v2\/comments?post=3563"}],"version-history":[{"count":0,"href":"https:\/\/biblian.is\/gudbrandsbiblia\/wp-json\/wp\/v2\/pages\/3563\/revisions"}],"wp:attachment":[{"href":"https:\/\/biblian.is\/gudbrandsbiblia\/wp-json\/wp\/v2\/media?parent=3563"}],"curies":[{"name":"wp","href":"https:\/\/api.w.org\/{rel}","templated":true}]}}