{"id":3562,"date":"2017-12-18T18:34:02","date_gmt":"2017-12-18T18:34:02","guid":{"rendered":"http:\/\/biblian.is\/gudbrandsbiblia\/hosea-4-kafli\/"},"modified":"2017-12-18T18:34:02","modified_gmt":"2017-12-18T18:34:02","slug":"hosea-4-kafli","status":"publish","type":"page","link":"https:\/\/biblian.is\/gudbrandsbiblia\/hosea-4-kafli\/","title":{"rendered":"H\u00f3sea 4. kafli"},"content":{"rendered":"<p>IIII.<\/p>\n<p>Heyri\u00f0 Drottins or\u00f0, \u00fe\u00e9r \u00cdsraelsb\u00f6rn, \u00fev\u00ed a\u00f0 Drottinn hefur yrkisefni til a\u00f0 \u00e1v\u00edta landsins innbyggjara. <span class=\"athugasemd\" title=\"Hvar fyrir Gu\u00f0 hann straffar\">[<\/span> \u00dev\u00ed a\u00f0 \u00fear er engin tr\u00fa, enginn k\u00e6rleiki, ekkert <span class=\"athugasemd\" title=\"a \/ Gu\u00f0s or\u00f0) \/ \u00dea\u00f0 er, menn kenna ekki Gu\u00f0s or\u00f0\">[<\/span> Gu\u00f0s or\u00f0 \u00ed landinu heldur gu\u00f0lastan, lygar, mor\u00f0, \u00fej\u00f3fna\u00f0ur og h\u00f3rd\u00f3mur hafa yfirmagt fengi\u00f0 og ein bl\u00f3\u00f0skuld kemur eftir a\u00f0ra. \u00dev\u00ed skal landi\u00f0 standa aumlega og \u00feess innbyggjurum skal \u00f6llum illa vegna \u00fev\u00ed d\u00fdrin \u00e1 m\u00f6rkinni og fuglarnir \u00ed loftinu og fiskarnir \u00ed hafinu skulu burt teknir ver\u00f0a.<\/p>\n<p>\t\u00de\u00f3 \u00feora menn hverki a\u00f0 \u00e1v\u00edta n\u00e9 nokkurn a\u00f0 straffa. \u00dev\u00ed a\u00f0 \u00feitt f\u00f3lk er svo sem \u00feeir e\u00f0 straffa prestana. \u00dev\u00ed skaltu falla \u00e1 deginum og sp\u00e1ma\u00f0urinn skal falla \u00e1 n\u00f3ttinni hj\u00e1 \u00fe\u00e9r. Svo vil eg d\u00e6ma \u00fe\u00edna m\u00f3\u00f0ur h\u00e9\u00f0an.<\/p>\n<p>\tMitt f\u00f3lk er \u00ed burt s\u00f6kum \u00feess \u00fea\u00f0 vill ekki l\u00e6ra. Og fyrst \u00fe\u00fa burt kasta\u00f0ir Gu\u00f0s or\u00f0i \u00fear fyrir vil eg og burt kasta \u00fe\u00e9r a\u00f0 \u00fe\u00fa skalt ekki vera minn prestur. \u00de\u00fa forgleymir Gu\u00f0s \u00fe\u00edns l\u00f6gm\u00e1li, \u00fear fyrir vil eg og forgleyma \u00fe\u00ednum b\u00f6rnum. \u00deess fleiri \u00feau ver\u00f0a \u00feess meir syndgast \u00feau \u00ed m\u00f3ti m\u00e9r. \u00dear fyrir vil eg og gj\u00f6ra \u00feeirra \u00e6ru til skammar. \u00deau upp eta syndoffur m\u00edns f\u00f3lks og hafa girnd til \u00feeirra synda. \u00dear fyrir skal \u00fea\u00f0 ganga f\u00f3lkinu l\u00edka sem prestunum \u00fev\u00ed eg vil heimvitja \u00feeirra gj\u00f6rninga og launa \u00feeim sem \u00feeir for\u00fe\u00e9na. \u00deeir skulu eta og ekki ver\u00f0a mettir, \u00feeir fremja h\u00f3rd\u00f3ma og \u00fea\u00f0 skal ekki lukkast \u00feeim \u00fev\u00ed \u00feeir forl\u00e9tu Drottin og sinntu honum ekki.<\/p>\n<p>\tH\u00f3rd\u00f3mar, v\u00edn og drykkur gj\u00f6rir menn galda. Mitt f\u00f3lk gengur til spurninga vi\u00f0 sitt tr\u00e9 og \u00feess stafur skal pr\u00e9dika fyrir \u00fev\u00ed. \u00dev\u00ed a\u00f0 h\u00f3runarandi villir \u00fe\u00e1 a\u00f0 \u00feeir fremja h\u00f3r \u00ed m\u00f3ti s\u00ednum Gu\u00f0i. \u00deeir f\u00f3rnf\u00e6ra upp \u00e1 fj\u00f6llunum og gj\u00f6ra reykelsi \u00e1 h\u00e6\u00f0unum undir eikinni, lindinni og beykitr\u00e9nu \u00fea\u00f0 \u00feau hafa f\u00ednan skugga. \u00dear fyrir skulu og so y\u00f0ar d\u00e6tur vera h\u00f3rur og y\u00f0rar br\u00fa\u00f0ir h\u00f3rkonur. Og eg vil ekki afst\u00fdra \u00fev\u00ed \u00e1 y\u00f0ar d\u00e6tur og br\u00fa\u00f0ir eru skamma\u00f0ar og a\u00f0 h\u00f3rum or\u00f0nar fyrst \u00fe\u00e9r uppsetji\u00f0 a\u00f0ra gu\u00f0s\u00fej\u00f3nkan me\u00f0 h\u00f3rum og offur me\u00f0 sk\u00e6kjum. \u00dev\u00ed \u00feetta heimska f\u00f3lk vill vera slegi\u00f0. <\/p>\n<p>\tEn viltu, \u00cdsrael, h\u00f3rd\u00f3m dr\u00fdgja \u00fe\u00e1 syndga ekki \u00fe\u00fa J\u00fada. Gangi\u00f0 ei burt til Gilgal og komi\u00f0 ekki upp til Bet Aven og sverji\u00f0 ekki &#8222;Svo sannarlega sem Drottinn lifir&#8220;. \u00dev\u00ed \u00cdsrael hleypur sem galin k\u00fdr, so skal og Drottinn l\u00e1ta hana f\u00f3\u00f0rast sem eitt lamb \u00fea\u00f0 villt hleypur. \u00dev\u00ed Efra\u00edm hefur gefi\u00f0 sig til afgu\u00f0anna, so l\u00e1t hann fara \u00ed burt. \u00deeir hafa gefi\u00f0 sig til ofneyslu og h\u00f3ruskapar og \u00feeirra herrar hafa \u00fear lyst til a\u00f0 \u00feeir uppreisa skammir. Vindurinn skal \u00ed burt dreifa \u00feeim bundnum me\u00f0 s\u00ednum v\u00e6ngjum og \u00feeir skulu ver\u00f0a til skammar me\u00f0 \u00feeirra offri.<\/p>\n","protected":false},"excerpt":{"rendered":"<p>IIII. Heyri\u00f0 Drottins or\u00f0, \u00fe\u00e9r \u00cdsraelsb\u00f6rn, \u00fev\u00ed a\u00f0 Drottinn hefur yrkisefni til a\u00f0 \u00e1v\u00edta landsins innbyggjara. [ \u00dev\u00ed a\u00f0 \u00fear er engin tr\u00fa, enginn k\u00e6rleiki, ekkert [ Gu\u00f0s or\u00f0 \u00ed landinu heldur gu\u00f0lastan, lygar, mor\u00f0, \u00fej\u00f3fna\u00f0ur og h\u00f3rd\u00f3mur hafa yfirmagt fengi\u00f0 og ein bl\u00f3\u00f0skuld kemur eftir a\u00f0ra. \u00dev\u00ed skal landi\u00f0 standa aumlega og \u00feess innbyggjurum skal \u00f6llum illa vegna \u00fev\u00ed d\u00fdrin \u00e1 m\u00f6rkinni og fuglarnir \u00ed loftinu og fiskarnir \u00ed hafinu skulu burt teknir ver\u00f0a. \u00de\u00f3 \u00feora menn hverki a\u00f0 \u00e1v\u00edta n\u00e9 nokkurn a\u00f0 straffa. \u00dev\u00ed a\u00f0 \u00feitt f\u00f3lk er svo sem \u00feeir e\u00f0 straffa prestana. \u00dev\u00ed skaltu falla \u00e1 <a href=\"https:\/\/biblian.is\/gudbrandsbiblia\/hosea-4-kafli\/\"> [&#8230;]<\/a><\/p>\n","protected":false},"author":1,"featured_media":0,"parent":0,"menu_order":0,"comment_status":"open","ping_status":"open","template":"bibliukaflar.php","meta":{"footnotes":""},"class_list":["post-3562","page","type-page","status-publish","hentry"],"_links":{"self":[{"href":"https:\/\/biblian.is\/gudbrandsbiblia\/wp-json\/wp\/v2\/pages\/3562","targetHints":{"allow":["GET"]}}],"collection":[{"href":"https:\/\/biblian.is\/gudbrandsbiblia\/wp-json\/wp\/v2\/pages"}],"about":[{"href":"https:\/\/biblian.is\/gudbrandsbiblia\/wp-json\/wp\/v2\/types\/page"}],"author":[{"embeddable":true,"href":"https:\/\/biblian.is\/gudbrandsbiblia\/wp-json\/wp\/v2\/users\/1"}],"replies":[{"embeddable":true,"href":"https:\/\/biblian.is\/gudbrandsbiblia\/wp-json\/wp\/v2\/comments?post=3562"}],"version-history":[{"count":0,"href":"https:\/\/biblian.is\/gudbrandsbiblia\/wp-json\/wp\/v2\/pages\/3562\/revisions"}],"wp:attachment":[{"href":"https:\/\/biblian.is\/gudbrandsbiblia\/wp-json\/wp\/v2\/media?parent=3562"}],"curies":[{"name":"wp","href":"https:\/\/api.w.org\/{rel}","templated":true}]}}