{"id":3561,"date":"2017-12-18T18:34:02","date_gmt":"2017-12-18T18:34:02","guid":{"rendered":"http:\/\/biblian.is\/gudbrandsbiblia\/hosea-3-kafli\/"},"modified":"2017-12-18T18:34:02","modified_gmt":"2017-12-18T18:34:02","slug":"hosea-3-kafli","status":"publish","type":"page","link":"https:\/\/biblian.is\/gudbrandsbiblia\/hosea-3-kafli\/","title":{"rendered":"H\u00f3sea 3. kafli"},"content":{"rendered":"<p>III.<\/p>\n<p>Og Drottinn sag\u00f0i til m\u00edn: &#8222;Gakktu enn einu sinni \u00ed burt og ligg hj\u00e1 \u00feinni frillu og h\u00f3rkonu l\u00edka sem Drottinn liggur hj\u00e1 \u00cdsraelsb\u00f6rnum. En \u00feeir sn\u00faa s\u00e9r \u00fe\u00f3 til annarlegra gu\u00f0a og l\u00e1ta lokka sig fyrir eina k\u00f6nnu v\u00edns.&#8220; Og eg var\u00f0 \u00e1s\u00e1ttur vi\u00f0 hana um fimmt\u00e1n silfurpeninga og fyrir h\u00e1lfan annar h\u00f3mer byggs. Og eg sag\u00f0a til hennar: &#8222;Haltu vi\u00f0 mig nokkra stund og dr\u00fdg \u00f6ngvan h\u00f3rd\u00f3m og l\u00e1t \u00f6ngvan annan til \u00fe\u00edn \u00fev\u00ed eg vil og halda vi\u00f0 \u00feig.&#8220;<\/p>\n<p>\t\u00dev\u00ed a\u00f0 \u00cdsraelsb\u00f6rn skulu langan t\u00edma vera \u00e1n k\u00f3ngs, \u00e1n h\u00f6f\u00f0ingja, \u00e1n offurs, \u00e1n altaris, \u00e1n l\u00edfkyrtils og \u00e1n helgid\u00f3ms. <span class=\"athugasemd\" title=\"Jere. xxx. \/ Esek. xxiiii. \/ Hose. x.\">[<\/span> En eftir \u00fea\u00f0 skulu \u00cdsraelsb\u00f6rn umvenda s\u00e9r og leita a\u00f0 Drottni \u00feeirra Gu\u00f0i og a\u00f0 Dav\u00ed\u00f0 \u00feeirra k\u00f3ngi og \u00feeir skulu d\u00fdrka Drottin og lofa hans n\u00e1\u00f0 \u00ed s\u00ed\u00f0ustu t\u00ed\u00f0. <span class=\"athugasemd\" title=\"Christus alls heims konungur\">[<\/span><\/p>\n","protected":false},"excerpt":{"rendered":"<p>III. Og Drottinn sag\u00f0i til m\u00edn: &#8222;Gakktu enn einu sinni \u00ed burt og ligg hj\u00e1 \u00feinni frillu og h\u00f3rkonu l\u00edka sem Drottinn liggur hj\u00e1 \u00cdsraelsb\u00f6rnum. En \u00feeir sn\u00faa s\u00e9r \u00fe\u00f3 til annarlegra gu\u00f0a og l\u00e1ta lokka sig fyrir eina k\u00f6nnu v\u00edns.&#8220; Og eg var\u00f0 \u00e1s\u00e1ttur vi\u00f0 hana um fimmt\u00e1n silfurpeninga og fyrir h\u00e1lfan annar h\u00f3mer byggs. Og eg sag\u00f0a til hennar: &#8222;Haltu vi\u00f0 mig nokkra stund og dr\u00fdg \u00f6ngvan h\u00f3rd\u00f3m og l\u00e1t \u00f6ngvan annan til \u00fe\u00edn \u00fev\u00ed eg vil og halda vi\u00f0 \u00feig.&#8220; \u00dev\u00ed a\u00f0 \u00cdsraelsb\u00f6rn skulu langan t\u00edma vera \u00e1n k\u00f3ngs, \u00e1n h\u00f6f\u00f0ingja, \u00e1n offurs, \u00e1n altaris, \u00e1n l\u00edfkyrtils <a href=\"https:\/\/biblian.is\/gudbrandsbiblia\/hosea-3-kafli\/\"> [&#8230;]<\/a><\/p>\n","protected":false},"author":1,"featured_media":0,"parent":0,"menu_order":0,"comment_status":"open","ping_status":"open","template":"bibliukaflar.php","meta":{"footnotes":""},"class_list":["post-3561","page","type-page","status-publish","hentry"],"_links":{"self":[{"href":"https:\/\/biblian.is\/gudbrandsbiblia\/wp-json\/wp\/v2\/pages\/3561","targetHints":{"allow":["GET"]}}],"collection":[{"href":"https:\/\/biblian.is\/gudbrandsbiblia\/wp-json\/wp\/v2\/pages"}],"about":[{"href":"https:\/\/biblian.is\/gudbrandsbiblia\/wp-json\/wp\/v2\/types\/page"}],"author":[{"embeddable":true,"href":"https:\/\/biblian.is\/gudbrandsbiblia\/wp-json\/wp\/v2\/users\/1"}],"replies":[{"embeddable":true,"href":"https:\/\/biblian.is\/gudbrandsbiblia\/wp-json\/wp\/v2\/comments?post=3561"}],"version-history":[{"count":0,"href":"https:\/\/biblian.is\/gudbrandsbiblia\/wp-json\/wp\/v2\/pages\/3561\/revisions"}],"wp:attachment":[{"href":"https:\/\/biblian.is\/gudbrandsbiblia\/wp-json\/wp\/v2\/media?parent=3561"}],"curies":[{"name":"wp","href":"https:\/\/api.w.org\/{rel}","templated":true}]}}