{"id":3560,"date":"2017-12-18T18:34:02","date_gmt":"2017-12-18T18:34:02","guid":{"rendered":"http:\/\/biblian.is\/gudbrandsbiblia\/hosea-2-kafli\/"},"modified":"2017-12-18T18:34:02","modified_gmt":"2017-12-18T18:34:02","slug":"hosea-2-kafli","status":"publish","type":"page","link":"https:\/\/biblian.is\/gudbrandsbiblia\/hosea-2-kafli\/","title":{"rendered":"H\u00f3sea 2. kafli"},"content":{"rendered":"<p>II.<\/p>\n<p>\tOg talan \u00cdsraelsbarna skal vera sem sj\u00e1varsandur hvern menn kunna hverki a\u00f0 m\u00e6la n\u00e9 telja. <span class=\"athugasemd\" title=\"R\u00f3m. ix. \/ i. P\u00e9t. ii.\">[<\/span> Og \u00fe\u00e1 skal ske \u00ed \u00feeim sta\u00f0 \u00fear sagt var til \u00feeirra: <span class=\"athugasemd\" title=\"\u00deetta hl\u00fd\u00f0ir upp \u00e1 Christum og evangelium hvert Gy\u00f0ingum og hei\u00f0ingjum skyldi pr\u00e9dikast\">[<\/span> &#8222;\u00de\u00e9r eru\u00f0 ekki mitt f\u00f3lk&#8220; \u00fe\u00e1 skulu menn segja \u00fear til \u00feeirra: &#8222;\u00d3 \u00fe\u00e9r lifanda Gu\u00f0s b\u00f6rn!&#8220; \u00dev\u00ed a\u00f0 J\u00fadab\u00f6rn og Israelisb\u00f6rn skulu koma til samans og halda s\u00e9r allir saman til eins <span class=\"athugasemd\" title=\"a \/ H\u00f6fu\u00f0s) \/ \u00dea\u00f0 h\u00f6fu\u00f0 er Jes\u00fas Christus\">[<\/span> h\u00f6fu\u00f0s og draga \u00ed burt af landinu. \u00dev\u00ed a\u00f0 Jesreel dagur skal vera einn st\u00f3r og mikill dagur. Segi\u00f0 y\u00f0ar br\u00e6\u00f0rum: &#8222;\u00de\u00e9r eru\u00f0 mitt f\u00f3lk&#8220; og til y\u00f0ar systur: &#8222;H\u00fan er \u00ed n\u00e1\u00f0inni.&#8220;<\/p>\n<p>\tSegi\u00f0 d\u00f3m yfir y\u00f0ar m\u00f3\u00f0ur. H\u00fan er ekki m\u00edn kvinna og eg vil ekki hafa hana. Skipi\u00f0 henni a\u00f0 l\u00e1ta sinn h\u00f3ruskap fr\u00e1 s\u00e9r og hennar h\u00f3rd\u00f3m fr\u00e1 hennar brj\u00f3sti so a\u00f0 eg dragi hana ekki nakta \u00fat og setji hana \u00feanga\u00f0 aftur sem h\u00fan var \u00fe\u00e1 h\u00fan var f\u00e6dd og so a\u00f0 eg gj\u00f6ri hana ekki sem eina ey\u00f0im\u00f6rk og sem eitt \u00feurrt land og l\u00e1ti hana ekki deyja af \u00feorsta og sj\u00e1 ekki aumur \u00e1 hennar b\u00f6rnum. \u00dev\u00ed \u00feau eru h\u00f3rub\u00f6rn og \u00feeirra m\u00f3\u00f0ir er ein <span class=\"athugasemd\" title=\"b \/ H\u00f3ra) \/ \u00dea\u00f0 er, \u00feeir fremja sk\u00fargo\u00f0ad\u00fdrkanir\">[<\/span> h\u00f3ra og s\u00fa sem f\u00e6ddi \u00feau heldur sig skammarlegana og segir: &#8222;Eg vil hlaupa eftir m\u00ednum fylgjumanni sem gefur m\u00e9r brau\u00f0, vatn, ull, l\u00edn, vi\u00f0smj\u00f6r og drykk.&#8220;<\/p>\n<p>\t\u00dear fyrir sj\u00e1 \u00fe\u00fa, eg vil afturbyrgja \u00feinn veg me\u00f0 \u00feyrnum og hla\u00f0a einn vegg \u00fear fyrir so h\u00fan finni ekki s\u00edna stigu. Og \u00fe\u00e1 h\u00fan hleypur eftir s\u00ednum fylgjum\u00f6nnum \u00fe\u00e1 skal h\u00fan ekki n\u00e1 \u00feeim og \u00fe\u00e1 h\u00fan leitar eftir \u00feeim ekki finna \u00fe\u00e1. \u00de\u00e1 skal h\u00fan segja: &#8222;Eg vil sn\u00faa aftur til m\u00edns fyrsta manns, \u00fear \u00e1tti eg betra en n\u00fa \u00e1 eg.&#8220; \u00dev\u00ed h\u00fan vill ei vita a\u00f0 eg er \u00feann sem gefur henni korn, v\u00edn og vi\u00f0smj\u00f6r og a\u00f0 eg hefi gefi\u00f0 henni miki\u00f0 silfur og gull \u00fea\u00f0 h\u00fan hefur haft Baal til d\u00fdr\u00f0ar.<\/p>\n<p>\t\u00dear fyrir vil eg taka mitt korn og v\u00edn aftur \u00e1 sinn t\u00edma og innihalda minni ullu og l\u00edni me\u00f0 hverju h\u00fan huldi s\u00edna blyg\u00f0an. En n\u00fa vil eg uppfletta hennar sk\u00f6mm fyrir augum hennar fylgjumanna og enginn skal frelsa hana fr\u00e1 minni hendi. Og eg vil gj\u00f6ra einn enda \u00e1 allri hennar gle\u00f0i, h\u00e1t\u00ed\u00f0um, tunglkomum, \u00fevottd\u00f6gum og \u00f6llum hennar helgid\u00f6gum. Eg vil ey\u00f0ileggja hennar v\u00edn\u00fer\u00fagur og f\u00edkjutr\u00e9 fyrst h\u00fan segir: &#8222;\u00dea\u00f0 eru m\u00edn laun sem m\u00ednir fylgjumenn gefa m\u00e9r.&#8220; Eg vil gj\u00f6ra einn sk\u00f3g \u00fear \u00fat af so a\u00f0 villud\u00fdrin skuli upp eta hann. So vil eg vitja yfir hana \u00feeirra Baalsdaga hverjum h\u00fan gj\u00f6rir reykelsisoffur og pr\u00fd\u00f0ir sig me\u00f0 nistum og gullsp\u00f6ngum og h\u00e1lsb\u00f6ndum og hleyptur eftir s\u00ednum fylgjum\u00f6nnum en gleymir m\u00e9r, segir Drottinn.<\/p>\n<p>\t\u00dear fyrir sj\u00e1 \u00fe\u00fa, eg vil lokka hana og eg vil l\u00e1ta hana \u00ed eina ey\u00f0im\u00f6rk og tala vinsamlega til hennar. <span class=\"athugasemd\" title=\"Evangelium\">[<\/span> \u00dear vil eg gefa henni af \u00feeim sama sta\u00f0 hennar v\u00edngar\u00f0 og Ak\u00f3rsdal til a\u00f0 uppl\u00e1ta vonina. OG \u00fear skal h\u00fan syngja sem \u00e1 s\u00ednum \u00e6skut\u00edma \u00fe\u00e1 h\u00fan dr\u00f3 af Egyptalandi. \u00de\u00e1, segir Drottinn, skaltu kalla mig &#8222;Minn ma\u00f0ur&#8220; og \u00fe\u00fa skalt ekki meir kalla mig &#8222;Minn Baal&#8220;. \u00dev\u00ed eg vil burt taka Baals nafn af \u00feeirra munni so menn skulu ekki meir minnast \u00e1 \u00fea\u00f0 nafn.<\/p>\n<p>\tOg \u00e1 \u00feann t\u00edma vil eg gj\u00f6ra einn s\u00e1ttm\u00e1la vi\u00f0 d\u00fdrin \u00e1 m\u00f6rkinni, vi\u00f0 fuglana undir himninum og vi\u00f0 skri\u00f0kvikindin \u00e1 j\u00f6r\u00f0unni og eg vil \u00ed sundurbrj\u00f3ta \u00ed landinu boga, sver\u00f0 og str\u00ed\u00f0 og eg vil l\u00e1ta \u00fe\u00e1 b\u00faa tryggilega. Eg vil gefa \u00fe\u00e9r m\u00edna tr\u00fa a\u00f0 eil\u00edfu. Eg vil tr\u00falofa \u00feig m\u00e9r \u00ed r\u00e9ttl\u00e6ti og d\u00f3mi, \u00ed n\u00e1\u00f0 og miskunnsemi, j\u00e1 eg vil tr\u00falofa \u00feig m\u00e9r \u00ed tr\u00fanni. Og \u00fe\u00fa skalt \u00feekkja Drottin.<\/p>\n<p>\tEg vil b\u00e6nheyra \u00e1 \u00feeirri s\u00f6mu t\u00ed\u00f0, segir Drottinn, eg vil b\u00e6nheyra himininn og himininn skal b\u00e6nheyra j\u00f6r\u00f0ina. Og j\u00f6r\u00f0in skal b\u00e6nheyra korni\u00f0, v\u00edni\u00f0 og vi\u00f0smj\u00f6ri\u00f0 og \u00feau skulu b\u00e6nheyra Jesreel. Og eg vil halda hana m\u00e9r til eins s\u00e6\u00f0is \u00e1 j\u00f6r\u00f0unni og miskunna mig yfir \u00fe\u00e1 sem \u00ed \u00f3vin\u00e1ttunni var og segja til \u00feeirra sem ei var mitt f\u00f3lk: <span class=\"athugasemd\" title=\"Kallan hei\u00f0ingja\">[<\/span> &#8222;\u00de\u00fa ert mitt f\u00f3lk&#8220;. Og \u00feeir skulu segja: &#8222;\u00de\u00fa ert minn Gu\u00f0.&#8220;<\/p>\n","protected":false},"excerpt":{"rendered":"<p>II. Og talan \u00cdsraelsbarna skal vera sem sj\u00e1varsandur hvern menn kunna hverki a\u00f0 m\u00e6la n\u00e9 telja. [ Og \u00fe\u00e1 skal ske \u00ed \u00feeim sta\u00f0 \u00fear sagt var til \u00feeirra: [ &#8222;\u00de\u00e9r eru\u00f0 ekki mitt f\u00f3lk&#8220; \u00fe\u00e1 skulu menn segja \u00fear til \u00feeirra: &#8222;\u00d3 \u00fe\u00e9r lifanda Gu\u00f0s b\u00f6rn!&#8220; \u00dev\u00ed a\u00f0 J\u00fadab\u00f6rn og Israelisb\u00f6rn skulu koma til samans og halda s\u00e9r allir saman til eins [ h\u00f6fu\u00f0s og draga \u00ed burt af landinu. \u00dev\u00ed a\u00f0 Jesreel dagur skal vera einn st\u00f3r og mikill dagur. Segi\u00f0 y\u00f0ar br\u00e6\u00f0rum: &#8222;\u00de\u00e9r eru\u00f0 mitt f\u00f3lk&#8220; og til y\u00f0ar systur: &#8222;H\u00fan er \u00ed n\u00e1\u00f0inni.&#8220; Segi\u00f0 d\u00f3m yfir <a href=\"https:\/\/biblian.is\/gudbrandsbiblia\/hosea-2-kafli\/\"> [&#8230;]<\/a><\/p>\n","protected":false},"author":1,"featured_media":0,"parent":0,"menu_order":0,"comment_status":"open","ping_status":"open","template":"bibliukaflar.php","meta":{"footnotes":""},"class_list":["post-3560","page","type-page","status-publish","hentry"],"_links":{"self":[{"href":"https:\/\/biblian.is\/gudbrandsbiblia\/wp-json\/wp\/v2\/pages\/3560","targetHints":{"allow":["GET"]}}],"collection":[{"href":"https:\/\/biblian.is\/gudbrandsbiblia\/wp-json\/wp\/v2\/pages"}],"about":[{"href":"https:\/\/biblian.is\/gudbrandsbiblia\/wp-json\/wp\/v2\/types\/page"}],"author":[{"embeddable":true,"href":"https:\/\/biblian.is\/gudbrandsbiblia\/wp-json\/wp\/v2\/users\/1"}],"replies":[{"embeddable":true,"href":"https:\/\/biblian.is\/gudbrandsbiblia\/wp-json\/wp\/v2\/comments?post=3560"}],"version-history":[{"count":0,"href":"https:\/\/biblian.is\/gudbrandsbiblia\/wp-json\/wp\/v2\/pages\/3560\/revisions"}],"wp:attachment":[{"href":"https:\/\/biblian.is\/gudbrandsbiblia\/wp-json\/wp\/v2\/media?parent=3560"}],"curies":[{"name":"wp","href":"https:\/\/api.w.org\/{rel}","templated":true}]}}