{"id":3558,"date":"2017-12-18T18:34:02","date_gmt":"2017-12-18T18:34:02","guid":{"rendered":"http:\/\/biblian.is\/gudbrandsbiblia\/daniel-12-kafli\/"},"modified":"2017-12-18T18:34:02","modified_gmt":"2017-12-18T18:34:02","slug":"daniel-12-kafli","status":"publish","type":"page","link":"https:\/\/biblian.is\/gudbrandsbiblia\/daniel-12-kafli\/","title":{"rendered":"Dan\u00edel 12. kafli"},"content":{"rendered":"<p>XII.<\/p>\n<p>Og s\u00e1 <span class=\"athugasemd\" title=\"a \/ Konungur) \/ H\u00e9r endar engillinn s\u00edn or\u00f0 og meinar \u00fe\u00e1 Antahcirstum undir pers\u00f3nu Epiphani og h\u00e9r taka til \u00feau f\u00f3lgin or\u00f0 um hver hann talar \u00ed ni\u00f0urlaginu\">[<\/span> k\u00f3ngurinn mun gj\u00f6ra hva\u00f0 honum s\u00fdnist og hann mun taka sig upp og forhefja sig \u00e1 m\u00f3ti \u00fev\u00ed \u00f6llu sem Gu\u00f0 er og \u00ed m\u00f3ti \u00feeim Gu\u00f0i allra gu\u00f0anna mun hann hr\u00e6\u00f0ilegana tala. Og \u00fea\u00f0 hi\u00f0 sama mun honum takast \u00feanga\u00f0 til a\u00f0 s\u00fa rei\u00f0in er \u00fati. \u00dev\u00ed a\u00f0 \u00fea\u00f0 er \u00farskur\u00f0a\u00f0 hversu lengi e\u00f0 \u00fea\u00f0 skuli vara. Og um Gu\u00f0 fe\u00f0ra sinna mun hann ei skeyta. Hann mun hverki um kvenna\u00e1st n\u00e9 um nokkurn Gu\u00f0 hir\u00f0a \u00fev\u00ed a\u00f0 hann mun taka sig upp \u00ed m\u00f3ti \u00f6llum.<\/p>\n<p>En \u00ed sta\u00f0inn \u00feess mun hann sinn sj\u00e1lfs eigin gu\u00f0 Mausim hei\u00f0ra. \u00dev\u00ed a\u00f0 hann mun \u00feann gu\u00f0 sem hans fe\u00f0ur hafa ekki af vita\u00f0 hei\u00f0ra me\u00f0 gulli og silfri, gimsteinum og d\u00fdrindisgripum. Og hann mun \u00feeim (sem honum hj\u00e1lpa til Mausim a\u00f0 efla me\u00f0ur \u00feeim annarlegum gu\u00f0i e\u00f0 hann hefur s\u00e9r \u00fatvali\u00f0) miklar s\u00e6mdir veita og \u00fe\u00e1 a\u00f0 h\u00f6f\u00f0ingjum gj\u00f6ra yfir miklu g\u00f3ssi og landinu a\u00f0 ver\u00f0launum me\u00f0ur \u00feeim \u00fatskipta.<\/p>\n<p>Og a\u00f0 lyktunum mun konungurinn m\u00f3t su\u00f0rinu berjast vi\u00f0ur hann. Og s\u00e1 konungurinn m\u00f3ti nor\u00f0rinu mun \u00fatb\u00faa sig m\u00f3ti honum me\u00f0ur v\u00f6gnum, ridd\u00f6rum og skipafj\u00f6lda og mun innfalla \u00ed \u00feau l\u00f6ndin a\u00f0 fordjarfa \u00feau og yfirfara. Og hann mun inndraga \u00ed \u00fea\u00f0 ver\u00f0uga landi\u00f0 og margir munu \u00fear falla. En \u00feessir munu hans h\u00f6nd umfl\u00fdja: Ed\u00f3m, M\u00f3ab og \u00feeir frumbur\u00f0ir af sonum Amm\u00f3n. Og hann mun s\u00edna magt \u00fatsenda \u00ed l\u00f6ndin og Egyptaland mun ekki undan honum a\u00f0 komast heldur mun hann fyrir s\u00edna yfirfer\u00f0 drottna yfir gulli og silfri og yfir \u00f6llum fj\u00e1rsj\u00f3\u00f0um Egyptalands, Lybie og Bl\u00e1lands.<\/p>\n<p>En eitt her\u00f3p mun skelfa hann \u00far austri og nor\u00f0ri og hann mun me\u00f0 mikilli grimmd \u00fatfara verandi \u00feess sinnis marga a\u00f0 drepa og fordjarfa. Hann mun landtjaldi sinnar hallar uppsl\u00e1 \u00e1 millum tveggja sj\u00e1varhafa \u00ed kringum \u00fea\u00f0 ver\u00f0uga heilaga fjalli\u00f0 \u00feanga\u00f0 til e\u00f0 \u00fea\u00f0 er \u00fatenda\u00f0 um hann og enginn um honum til fulltingis koma. <\/p>\n<p>\u00c1 \u00feeim t\u00edma mun s\u00e1 hinn mikli h\u00f6f\u00f0ingi M\u00edkael sem fyrir \u00fe\u00ednu f\u00f3lki stendur taka sig upp. <span class=\"athugasemd\" title=\"M\u00edkael\">[<\/span> \u00dev\u00ed a\u00f0 \u00fea\u00f0 mun sl\u00edk h\u00f6rmungart\u00ed\u00f0 vera sem ei nokkurn t\u00edma hefur veri\u00f0 \u00ed fr\u00e1 \u00fev\u00ed \u00fea\u00f0 menn t\u00f3ku a\u00f0 vera allt til \u00feess t\u00edma. Og \u00e1 \u00feeim sama t\u00edma mun \u00feitt f\u00f3lk frelsa\u00f0 ver\u00f0a, allir \u00feeir sem skrifa\u00f0ir standa \u00ed b\u00f3kinni. Og margir af \u00feeim sem \u00ed moldu jar\u00f0arinnar eru og sofa munu uppvakna, sumir til eil\u00edfs l\u00edfs, sumir til eil\u00edfrar sm\u00e1nar og skammar. En \u00feeir sem gott hafa kennt munu sk\u00edna sem himinsins geislar og hinir sem m\u00f6rgum v\u00edsa til r\u00e9ttl\u00e6tisins l\u00edka sem stj\u00f6rnur um aldir og a\u00f0 eil\u00edfu. Og \u00fe\u00fa, Dan\u00edel, byrg \u00fe\u00fa \u00feessi or\u00f0 og innsigla \u00feessa skrift allt til \u00feess hins s\u00ed\u00f0asta t\u00edma. \u00de\u00e1 munu margir \u00fear upp \u00e1 hitta og mikinn v\u00edsd\u00f3m finna.&#8220;<\/p>\n<p>Og eg Dan\u00edel s\u00e1 og sj\u00e1 \u00fe\u00fa, a\u00f0 \u00fear st\u00f3\u00f0u tveir a\u00f0rir, einn \u00feessumegin vatsins, hinn annar hinumegin. Og hann sag\u00f0i til \u00feess sem \u00ed l\u00edninu var kl\u00e6ddur hver uppi vi\u00f0 vatni\u00f0 st\u00f3\u00f0: &#8222;Hven\u00e6r mun endi vera \u00e1 \u00feessum st\u00f3rmerkjum?&#8220; Og eg heyr\u00f0a til \u00feess sem \u00ed l\u00edninu var kl\u00e6ddur, s\u00e1 uppi vi\u00f0 vatni\u00f0 st\u00f3\u00f0. Og hann h\u00f3f upp s\u00edna h\u00e6gri og vinstri h\u00f6nd upp til himins og sv\u00f3r vi\u00f0 \u00feann sem eil\u00edflegana lifir a\u00f0 \u00fea\u00f0 skuli vara um einn t\u00edma og nokkra t\u00edma og h\u00e1lfan t\u00edma. Og n\u00e6r e\u00f0 sundurdreifing \u00feess heilaga f\u00f3lksins hefur enda \u00fe\u00e1 skal \u00feetta ske.<\/p>\n<p>Og eg heyr\u00f0a \u00fea\u00f0 en eg skilda \u00fea\u00f0 ekki og sag\u00f0i: &#8222;Minn herra, hva\u00f0 mun \u00fear eftir \u00e1 ver\u00f0a?&#8220; En hann sag\u00f0i: &#8222;Gakk \u00fe\u00fa h\u00e9\u00f0an, Dan\u00edel, \u00fev\u00ed a\u00f0 \u00fea\u00f0 er byrgt og innsigla\u00f0 allt til hins s\u00ed\u00f0asta t\u00edma. Margir munu hreinsa\u00f0ir, kl\u00e1ra\u00f0ir og reyndir ver\u00f0a og hinir \u00f3gu\u00f0legu munu illskusamlegana breyta og hinir \u00f3mildu munu ekki um \u00fea\u00f0 skeyta. En hinir skyns\u00f6mu munu \u00feess g\u00e6ta. Og \u00ed fr\u00e1 \u00feeim t\u00edma n\u00e6r \u00fea\u00f0 daglega offri\u00f0 aftekst og sv\u00edvir\u00f0ing forey\u00f0slunnar \u00fear \u00ed sta\u00f0inn ver\u00f0ur innsett eru \u00fe\u00fashund tv\u00f6 hundru\u00f0 og n\u00edut\u00edir dagar. S\u00e6ll er s\u00e1 sem eftir b\u00ed\u00f0ur og n\u00e1\u00f0 getur \u00fe\u00fashund \u00ferj\u00fa hundru\u00f0 fimm og \u00ferj\u00e1t\u00edu d\u00f6gum. <span class=\"athugasemd\" title=\"Mccxc dagar \/ Mccxxxv. dagar\">[<\/span> En \u00fe\u00fa, Dan\u00edel, far h\u00e9\u00f0an \u00feanga\u00f0 til endirinn kemur og hv\u00edl \u00feig \u00fea\u00f0 \u00fe\u00fa uppstandir til \u00fe\u00edns hlutskiptis \u00e1 endanum \u00feeirra daga.&#8220;<\/p>\n<p>Ending prophetans Danielis<\/p>\n","protected":false},"excerpt":{"rendered":"<p>XII. Og s\u00e1 [ k\u00f3ngurinn mun gj\u00f6ra hva\u00f0 honum s\u00fdnist og hann mun taka sig upp og forhefja sig \u00e1 m\u00f3ti \u00fev\u00ed \u00f6llu sem Gu\u00f0 er og \u00ed m\u00f3ti \u00feeim Gu\u00f0i allra gu\u00f0anna mun hann hr\u00e6\u00f0ilegana tala. Og \u00fea\u00f0 hi\u00f0 sama mun honum takast \u00feanga\u00f0 til a\u00f0 s\u00fa rei\u00f0in er \u00fati. \u00dev\u00ed a\u00f0 \u00fea\u00f0 er \u00farskur\u00f0a\u00f0 hversu lengi e\u00f0 \u00fea\u00f0 skuli vara. Og um Gu\u00f0 fe\u00f0ra sinna mun hann ei skeyta. Hann mun hverki um kvenna\u00e1st n\u00e9 um nokkurn Gu\u00f0 hir\u00f0a \u00fev\u00ed a\u00f0 hann mun taka sig upp \u00ed m\u00f3ti \u00f6llum. En \u00ed sta\u00f0inn \u00feess mun hann sinn sj\u00e1lfs eigin <a href=\"https:\/\/biblian.is\/gudbrandsbiblia\/daniel-12-kafli\/\"> [&#8230;]<\/a><\/p>\n","protected":false},"author":1,"featured_media":0,"parent":0,"menu_order":0,"comment_status":"open","ping_status":"open","template":"bibliukaflar.php","meta":{"footnotes":""},"class_list":["post-3558","page","type-page","status-publish","hentry"],"_links":{"self":[{"href":"https:\/\/biblian.is\/gudbrandsbiblia\/wp-json\/wp\/v2\/pages\/3558","targetHints":{"allow":["GET"]}}],"collection":[{"href":"https:\/\/biblian.is\/gudbrandsbiblia\/wp-json\/wp\/v2\/pages"}],"about":[{"href":"https:\/\/biblian.is\/gudbrandsbiblia\/wp-json\/wp\/v2\/types\/page"}],"author":[{"embeddable":true,"href":"https:\/\/biblian.is\/gudbrandsbiblia\/wp-json\/wp\/v2\/users\/1"}],"replies":[{"embeddable":true,"href":"https:\/\/biblian.is\/gudbrandsbiblia\/wp-json\/wp\/v2\/comments?post=3558"}],"version-history":[{"count":0,"href":"https:\/\/biblian.is\/gudbrandsbiblia\/wp-json\/wp\/v2\/pages\/3558\/revisions"}],"wp:attachment":[{"href":"https:\/\/biblian.is\/gudbrandsbiblia\/wp-json\/wp\/v2\/media?parent=3558"}],"curies":[{"name":"wp","href":"https:\/\/api.w.org\/{rel}","templated":true}]}}