{"id":3556,"date":"2017-12-18T18:34:02","date_gmt":"2017-12-18T18:34:02","guid":{"rendered":"http:\/\/biblian.is\/gudbrandsbiblia\/daniel-10-kafli\/"},"modified":"2017-12-18T18:34:02","modified_gmt":"2017-12-18T18:34:02","slug":"daniel-10-kafli","status":"publish","type":"page","link":"https:\/\/biblian.is\/gudbrandsbiblia\/daniel-10-kafli\/","title":{"rendered":"Dan\u00edel 10. kafli"},"content":{"rendered":"<p>X.<\/p>\n<p>\u00c1 \u00feri\u00f0ja \u00e1ri konungsins Cyrus \u00far Persia var\u00f0 Dan\u00edeli (\u00feeim e\u00f0 kalla\u00f0ist Baltasar) nokku\u00f0 \u00fea\u00f0 opinbera\u00f0 sem sannarlegt er og af mikilsh\u00e1ttar efnum. <span class=\"athugasemd\" title=\"K\u00f3ngur Cyrus\">[<\/span> Og hann hugsa\u00f0i eftir \u00fev\u00ed og merkti \u00fe\u00e1 s\u00fdn fullvel. \u00cd \u00feann sama t\u00edma var eg Dan\u00edel syrgjandi \u00ed \u00ferj\u00e1r vikur og neytti \u00f6ngrar lystilegrar f\u00e6\u00f0slu. Kj\u00f6t og v\u00edn kom ekki \u00ed minn munn og ekki smur\u00f0a eg mig me\u00f0 d\u00fdrlegum smyrslum \u00feanga\u00f0 til e\u00f0 \u00fe\u00e6r \u00ferj\u00e1r vikurnar voru umli\u00f0nar.<\/p>\n<p>\u00c1 \u00feeim fj\u00f3r\u00f0a og tuttugasta degi hins fyrsta m\u00e1na\u00f0ar var eg \u00ed hj\u00e1 \u00fev\u00ed mikla vatninu H\u00eddekel. Og eg h\u00f3f m\u00edn augu upp og s\u00e1 og sj\u00e1 \u00fe\u00fa, a\u00f0 \u00fear st\u00f3\u00f0 einn ma\u00f0ur \u00ed hv\u00edtu silki. S\u00e1 haf\u00f0i um sig gulllinda, hans l\u00edkami var l\u00edka sem einn t\u00farkissteinn, hans andlit so sem elding, hans augu so sem loganda lj\u00f3s. Hans armleggir og f\u00e6tur sem sk\u00e6r messing og hans m\u00e1lr\u00f3mur var l\u00edka sem einn mikill ni\u00f0ur. Eg Dan\u00edel s\u00e1 svoddan s\u00fdn alleina og \u00feeir menn sem hj\u00e1 m\u00e9r voru s\u00e1u hana ekki. \u00de\u00f3 f\u00e9ll \u00fear ein mikil hr\u00e6\u00f0sla yfir \u00fe\u00e1 so a\u00f0 \u00feeir fl\u00fd\u00f0u og f\u00f6ldu sig. Og eg var einn saman eftir og s\u00e1 \u00feessa inu miklu s\u00fdn. En \u00fear var\u00f0 ekkert afl \u00ed m\u00e9r og eg var\u00f0 me\u00f0 \u00f6llu m\u00e1ttlaus og eg haf\u00f0a \u00f6ngvan mannskap meira. Og eg heyr\u00f0a hans r\u00e6\u00f0u og \u00ed \u00fev\u00ed a\u00f0 eg heyr\u00f0a hana lei\u00f0 eg ni\u00f0ur \u00e1 m\u00edna \u00e1sj\u00f3nu til jar\u00f0ar.<\/p>\n<p>Og sj\u00e1 \u00fe\u00fa, ein h\u00f6nd \u00e1hr\u00e6r\u00f0i mig og reisti mig upp \u00e1 kn\u00e9n og hendurnar og sag\u00f0i til m\u00edn: &#8222;\u00de\u00fa \u00e1stsamlegi Dan\u00edel, merk \u00feau or\u00f0 sem eg tala vi\u00f0 \u00feig og statt uppr\u00e9ttur \u00fea\u00f0 eg em n\u00fa sendur til \u00fe\u00edn.&#8220; Og \u00fe\u00e1 e\u00f0 hann tala\u00f0i svoddan vi\u00f0ur mig st\u00f3\u00f0 eg upp og var skj\u00e1lfandi. Og hann sag\u00f0i til m\u00edn: &#8222;Hr\u00e6\u00f0st \u00fe\u00fa ekki, Dan\u00edel, \u00fev\u00ed a\u00f0 \u00ed fr\u00e1 \u00feeim fyrsta degi \u00fe\u00e1 e\u00f0 \u00fe\u00fa \u00e1stunda\u00f0ir af hjarta a\u00f0 f\u00e1 skilning og \u00fe\u00e1 \u00fe\u00fa \u00fej\u00e1\u00f0ir \u00feig fyrir \u00fe\u00ednum Gu\u00f0i \u00fe\u00e1 eru \u00fe\u00edn or\u00f0 alheyr\u00f0 og eg em \u00feinna vegna hinga\u00f0 kominn. En <span class=\"athugasemd\" title=\"a \/ Einn konunglegur hofgar\u00f0sdj\u00f6full\">[<\/span> h\u00f6f\u00f0inginn r\u00edkisins \u00ed Persialandi hefur sta\u00f0i\u00f0 m\u00e9r \u00ed m\u00f3ti einn dag og tuttugu og sj\u00e1 \u00fe\u00fa, a\u00f0 M\u00edkael, einn af \u00feeim \u00e6\u00f0stu h\u00f6f\u00f0ingjum, kom m\u00e9r til hj\u00e1lpar. \u00de\u00e1 vann eg sigurinn hj\u00e1 k\u00f3nginum \u00ed Persia. En n\u00fa kem eg a\u00f0 undirv\u00edsa \u00fe\u00e9r hvernin \u00fe\u00ednu f\u00f3lki mun veita h\u00e9r eftir \u00fev\u00ed a\u00f0 \u00feessi s\u00fdn mun ske eftir nokkra t\u00edma li\u00f0na.&#8220; Og sem hann tala\u00f0i soddan vi\u00f0 mig laut eg ni\u00f0ur til jar\u00f0ar og \u00feag\u00f0i.<\/p>\n<p>Og sj\u00e1 \u00fe\u00fa, a\u00f0 einn l\u00edka sem ma\u00f0ur \u00e1hr\u00e6r\u00f0i m\u00ednar varir. \u00de\u00e1 lauk eg m\u00ednum munni upp og tala\u00f0i og sag\u00f0i til \u00feess sem fyrir m\u00e9r st\u00f3\u00f0: &#8222;Minn herra, m\u00ednir limir \u00feeir skj\u00e1lfa allir af \u00feessari s\u00fdn og eg hefi \u00f6ngvan mannskap meira. Og hvernin kann \u00fej\u00f3n m\u00edns herra a\u00f0 tala vi\u00f0 minn herra me\u00f0 \u00fev\u00ed a\u00f0 \u00fear er ekkert afl meira \u00ed m\u00e9r? Og eg get varla \u00f6nd dregi\u00f0.&#8220;<\/p>\n<p>\u00de\u00e1 \u00e1hr\u00e6r\u00f0i mig einnin aftur l\u00edka sem einn ma\u00f0ur a\u00f0 yfirliti og styrkti mig og sag\u00f0i: &#8222;\u00d3ttast ekki, \u00fe\u00fa elskuma\u00f0ur. Fri\u00f0ur s\u00e9 me\u00f0 \u00fe\u00e9r og vert hraustur og hugdjarfur.&#8220; Og sem hann tala\u00f0i so vi\u00f0 mig hreysta eg mig og sag\u00f0i: &#8222;Minn herra, tala \u00fe\u00fa \u00fev\u00ed \u00fe\u00fa hefur mig styrkvan gj\u00f6rt.&#8220;<\/p>\n<p>Og hann sag\u00f0i: &#8222;Veistu nokku\u00f0 hvar fyrir a\u00f0 eg em kominn til \u00fe\u00edn? N\u00fa vil eg \u00ed burt aftur h\u00e9\u00f0an og berjast vi\u00f0ur h\u00f6f\u00f0ingjann \u00ed Persialandi. En n\u00e6r a\u00f0 eg fer \u00ed burt, sj\u00e1 \u00fe\u00fa, \u00fe\u00e1 mun koma h\u00f6f\u00f0inginn \u00far Grikklandi. \u00de\u00f3 vil eg og kunngj\u00f6ra \u00fe\u00e9r hva\u00f0 \u00fear stendur skrifa\u00f0 \u00fea\u00f0 vissulegana mun ske. Og \u00fear er enginn sem m\u00e9r hj\u00e1lpar m\u00f3ti hinum utan h\u00f6f\u00f0inginn M\u00edkael. \u00dev\u00ed a\u00f0 eg veitta honum einnin li\u00f0 \u00e1 \u00fev\u00ed fyrsta \u00e1ri Dar\u00edus \u00ed Meden svo \u00fea\u00f0 eg hj\u00e1lpa\u00f0i honum og styrkti hann. Og n\u00fa vil eg kunngj\u00f6ra \u00fe\u00e9r hva\u00f0 ske skal vissilega.<\/p>\n","protected":false},"excerpt":{"rendered":"<p>X. \u00c1 \u00feri\u00f0ja \u00e1ri konungsins Cyrus \u00far Persia var\u00f0 Dan\u00edeli (\u00feeim e\u00f0 kalla\u00f0ist Baltasar) nokku\u00f0 \u00fea\u00f0 opinbera\u00f0 sem sannarlegt er og af mikilsh\u00e1ttar efnum. [ Og hann hugsa\u00f0i eftir \u00fev\u00ed og merkti \u00fe\u00e1 s\u00fdn fullvel. \u00cd \u00feann sama t\u00edma var eg Dan\u00edel syrgjandi \u00ed \u00ferj\u00e1r vikur og neytti \u00f6ngrar lystilegrar f\u00e6\u00f0slu. Kj\u00f6t og v\u00edn kom ekki \u00ed minn munn og ekki smur\u00f0a eg mig me\u00f0 d\u00fdrlegum smyrslum \u00feanga\u00f0 til e\u00f0 \u00fe\u00e6r \u00ferj\u00e1r vikurnar voru umli\u00f0nar. \u00c1 \u00feeim fj\u00f3r\u00f0a og tuttugasta degi hins fyrsta m\u00e1na\u00f0ar var eg \u00ed hj\u00e1 \u00fev\u00ed mikla vatninu H\u00eddekel. Og eg h\u00f3f m\u00edn augu upp og s\u00e1 <a href=\"https:\/\/biblian.is\/gudbrandsbiblia\/daniel-10-kafli\/\"> [&#8230;]<\/a><\/p>\n","protected":false},"author":1,"featured_media":0,"parent":0,"menu_order":0,"comment_status":"open","ping_status":"open","template":"bibliukaflar.php","meta":{"footnotes":""},"class_list":["post-3556","page","type-page","status-publish","hentry"],"_links":{"self":[{"href":"https:\/\/biblian.is\/gudbrandsbiblia\/wp-json\/wp\/v2\/pages\/3556","targetHints":{"allow":["GET"]}}],"collection":[{"href":"https:\/\/biblian.is\/gudbrandsbiblia\/wp-json\/wp\/v2\/pages"}],"about":[{"href":"https:\/\/biblian.is\/gudbrandsbiblia\/wp-json\/wp\/v2\/types\/page"}],"author":[{"embeddable":true,"href":"https:\/\/biblian.is\/gudbrandsbiblia\/wp-json\/wp\/v2\/users\/1"}],"replies":[{"embeddable":true,"href":"https:\/\/biblian.is\/gudbrandsbiblia\/wp-json\/wp\/v2\/comments?post=3556"}],"version-history":[{"count":0,"href":"https:\/\/biblian.is\/gudbrandsbiblia\/wp-json\/wp\/v2\/pages\/3556\/revisions"}],"wp:attachment":[{"href":"https:\/\/biblian.is\/gudbrandsbiblia\/wp-json\/wp\/v2\/media?parent=3556"}],"curies":[{"name":"wp","href":"https:\/\/api.w.org\/{rel}","templated":true}]}}