{"id":3555,"date":"2017-12-18T18:33:58","date_gmt":"2017-12-18T18:33:58","guid":{"rendered":"http:\/\/biblian.is\/gudbrandsbiblia\/daniel-9-kafli\/"},"modified":"2017-12-18T18:33:58","modified_gmt":"2017-12-18T18:33:58","slug":"daniel-9-kafli","status":"publish","type":"page","link":"https:\/\/biblian.is\/gudbrandsbiblia\/daniel-9-kafli\/","title":{"rendered":"Dan\u00edel 9. kafli"},"content":{"rendered":"<p>IX.<\/p>\n<p>\u00c1 fyrsta \u00e1ri Dar\u00edus sonar Assveri af slekti \u00feeirra \u00ed Meden, hver e\u00f0 konungur var\u00f0 yfir r\u00edkjum \u00feeirra Chaldeis, \u00e1 \u00fev\u00ed sama fyrsta \u00e1rinu hans r\u00edkisstj\u00f3rnar hug\u00f0a eg Dan\u00edel a\u00f0 \u00ed b\u00f3kunum a\u00f0 \u00feeirri \u00e1rat\u00f6lu sem Drottinn haf\u00f0i tala\u00f0 til prophetans Jerem\u00eda \u00fea\u00f0 Jer\u00fasalem skyldi sj\u00f6t\u00edgi \u00e1r \u00ed ey\u00f0i liggja. <span class=\"athugasemd\" title=\"Dar\u00edus \/ Dan. ix.\">[<\/span> Og eg sneri m\u00e9r til Drottins m\u00edns Gu\u00f0s a\u00f0 bi\u00f0ja hann og gr\u00e1tb\u00e6na me\u00f0ur f\u00f6stum \u00ed sekk og \u00f6sku. En eg ba\u00f0 so til Drottins m\u00edns Gu\u00f0s, vi\u00f0urkenndi og sag\u00f0i: <\/p>\n<p>&#8222;\u00d3 Gu\u00f0 Drottinn minn, \u00fe\u00fa hinn mikli og hr\u00e6\u00f0ilegi Gu\u00f0, haldandi s\u00e1ttm\u00e1lann og miskunnsemi vi\u00f0ur \u00fe\u00e1 sem \u00feig elska og \u00fe\u00edn bo\u00f0or\u00f0 var\u00f0veita. <span class=\"athugasemd\" title=\"B\u00e6n Danielis\">[<\/span> V\u00e9r h\u00f6fum syndgast og gj\u00f6rt illa, v\u00e9r h\u00f6fum veri\u00f0 \u00f3gu\u00f0legir og falli\u00f0 fr\u00e1 \u00fe\u00e9r og h\u00f6fum broti\u00f0 af \u00fe\u00ednum bo\u00f0or\u00f0um og r\u00e9ttl\u00e6tisd\u00f3mum. V\u00e9r hl\u00fdddum ekki \u00fe\u00ednum \u00fe\u00e9nurum sp\u00e1m\u00f6nnunum \u00feeir e\u00f0 \u00ed \u00fe\u00ednu nafni pr\u00e9diku\u00f0u vorum konungum, h\u00f6f\u00f0ingjum, forfe\u00f0rum og \u00f6llu f\u00f3lki \u00ed landinu. \u00de\u00fa, Drottinn, ert r\u00e9ttl\u00e1tur en v\u00e9r megum skammast vor so sem a\u00f0 n\u00fa gengur \u00fea\u00f0 \u00feeim \u00ed Jer\u00fasalem og \u00f6llum \u00cdsrael, b\u00e6\u00f0i \u00feeim sem n\u00e6rri og fjarri eru \u00ed \u00f6llum l\u00f6ndum, \u00feanga\u00f0 e\u00f0 \u00fe\u00fa hefur \u00ed burt reki\u00f0 \u00fe\u00e1 fyrir \u00feeirra misgj\u00f6rninga sakir sem \u00feeir h\u00f6f\u00f0u \u00e1 m\u00f3ti \u00fe\u00e9r broti\u00f0. J\u00e1 Drottinn, v\u00e9r sj\u00e1lfir, vorir konungar og h\u00f6f\u00f0ingjar og vorir forfe\u00f0ur hlj\u00f3tum n\u00fa a\u00f0 skammast vor fyrir \u00fea\u00f0 v\u00e9r h\u00f6fum \u00e1 m\u00f3ti \u00fe\u00e9r broti\u00f0. <span class=\"athugasemd\" title=\"Syndanna vi\u00f0urekenning\">[<\/span> En \u00fe\u00edn, Drottinn vor Gu\u00f0, er miskunnsemin og fyrirgefningin. \u00dev\u00ed a\u00f0 v\u00e9r fr\u00e1f\u00e9llum og eftirfylgdum ekki raust Drottins Gu\u00f0s vors so \u00fea\u00f0 v\u00e9r gengum \u00ed hans l\u00f6gm\u00e1li hvert e\u00f0 hann lag\u00f0i fyrir oss fyrir s\u00edna \u00fe\u00e9nara sp\u00e1mennina heldur allt \u00cdsraelsf\u00f3lk braut af \u00fe\u00ednu l\u00f6gm\u00e1li og hneig\u00f0ist \u00fear \u00ed fr\u00e1 so a\u00f0 \u00fea\u00f0 eftirfylgdi ekki \u00feinni raust.<\/p>\n<p>\u00dear fyrir kemur einnin yfir oss s\u00fa b\u00f6lvan og fyrirm\u00e6ling sem skrifu\u00f0 er \u00ed l\u00f6gm\u00e1lsb\u00f3k Moysi Gu\u00f0s \u00fej\u00f3nustumanns a\u00f0 v\u00e9r h\u00f6fum syndgast \u00e1 m\u00f3ti honum. <span class=\"athugasemd\" title=\"Deut. xxvii.\">[<\/span> Og \u00feau s\u00edn or\u00f0 hefur hann haldi\u00f0 sem hann hefur tala\u00f0 \u00ed m\u00f3ti oss og vorum landsd\u00f3murum \u00feeir e\u00f0 oss \u00e1ttu a\u00f0 d\u00e6ma, \u00fea\u00f0 hann hefur so mikla \u00f3g\u00e6fur yfir oss koma l\u00e1ti\u00f0 \u00fea\u00f0 hennar l\u00edki er ekki ske\u00f0ur undir \u00f6llum himni so sem \u00fea\u00f0 ske\u00f0 er yfir Jer\u00fasalem. Eins l\u00edka so sem a\u00f0 \u00fea\u00f0 skrifa\u00f0 stendur \u00ed Moyses l\u00f6gm\u00e1li l\u00edka so er \u00f6ll \u00feessi hin mikla \u00f3g\u00e6fa yfir oss komin. So tilb\u00e1\u00f0um v\u00e9r og ekki einnin Drottinn vorn Gu\u00f0 svo \u00fea\u00f0 v\u00e9r snerunst \u00ed fr\u00e1 vorum syndum og skildum \u00feinn sannleika. \u00dear fyrir hefur Drottinn einnin vakandi veri\u00f0 me\u00f0ur \u00feessa \u00f3g\u00e6fu og l\u00e1ti\u00f0 hana yfir oss ganga. \u00dev\u00ed a\u00f0 Drottinn vor Gu\u00f0 er r\u00e9ttl\u00e1tur \u00ed \u00f6llum s\u00ednum verkum \u00feeim e\u00f0 hann gj\u00f6rir af \u00fev\u00ed v\u00e9r eftirfylgdum ekki hans raust.<\/p>\n<p>Og n\u00fa Drottinn Gu\u00f0 vor, \u00fe\u00fa sem \u00fatleiddir \u00feitt f\u00f3lk af Egyptalandi me\u00f0 \u00f6flugri hendi og gj\u00f6r\u00f0ir \u00fe\u00e9r eitt nafn eftir \u00fev\u00ed sem a\u00f0 n\u00fa er \u00fea\u00f0: <span class=\"athugasemd\" title=\"B\u00e6nin\">[<\/span> V\u00e9r h\u00f6fum syndgast og mj\u00f6g illa gj\u00f6rt. Ah Drottinn, vegna alls \u00fe\u00edns r\u00e9ttl\u00e6tis, l\u00e1t n\u00fa af \u00feinni rei\u00f0i og grimmd yfir \u00feinni borg Jer\u00fasalem og \u00fe\u00ednu hinu heil\u00f6gu fjalli. \u00dev\u00ed a\u00f0 vegna vorra synda og fyrir misgj\u00f6rninga sakir fe\u00f0ra vorra l\u00ed\u00f0ur Jer\u00fasalem og \u00feitt f\u00f3lk sm\u00e1n hj\u00e1 \u00f6llum \u00feeim sem h\u00e9r \u00ed kringum eru. <\/p>\n<p>Og n\u00fa Gu\u00f0 vor, heyr \u00fe\u00fa b\u00e6n \u00fe\u00edns \u00fe\u00e9nara og hans \u00e1kallan og \u00e1l\u00edttu mildilegana \u00feinn helgid\u00f3m sem foreyddur er fyrir sakir Drottins. Hneig \u00fe\u00fa \u00fe\u00edn eyru, minn Gu\u00f0, og heyr \u00fe\u00fa. Uppl\u00fak \u00fe\u00ednum augum og sj\u00e1 \u00fe\u00fa hversu \u00fea\u00f0 v\u00e9r erum \u00ed ey\u00f0i lag\u00f0ir og s\u00fa borgin sem eftir \u00fe\u00ednu nafni er k\u00f6llu\u00f0. \u00dev\u00ed a\u00f0 v\u00e9r liggjum fyrir \u00feinni augs\u00fdn me\u00f0 voru b\u00e6na\u00e1kalli, ekki fyrir sakir vorra r\u00e9ttl\u00e6tingar heldur vegna \u00feinnar mikillar miskunnsemi. Drottinn, heyr \u00fe\u00fa, Drottinn, vertu miskunnsamur, Drottinn, hygg n\u00fa a\u00f0 og gj\u00f6r \u00fea\u00f0 og drag \u00fea\u00f0 ekki lengur undan, \u00fe\u00edns sj\u00e1lfs vegna, minn Gu\u00f0, \u00fev\u00ed a\u00f0 \u00fe\u00edn borg og \u00feitt f\u00f3lk er nefnt eftir \u00fe\u00ednu nafni.&#8220;<\/p>\n<p>En \u00fe\u00e1 eg n\u00fa so tala\u00f0i og ba\u00f0st \u00feannin fyrir og vi\u00f0urkenndi m\u00ednar syndir og m\u00edns f\u00f3lks \u00cdsraels og l\u00e1 \u00e1 b\u00e6n minni fyrir augliti Drottins Gu\u00f0s m\u00edns vegna \u00feess hins heilaga fjallsins m\u00edns Gu\u00f0s, \u00e1 \u00feeirri s\u00f6mu stundu \u00fe\u00e1 e\u00f0 eg so tala\u00f0i \u00ed minni b\u00e6n \u00fe\u00e1 flaug s\u00e1 ma\u00f0ur Gabr\u00edel \u00feanga\u00f0 hvern a\u00f0 eg haf\u00f0a \u00e1\u00f0ur \u00ed s\u00fdn s\u00e9\u00f0. Og hann \u00e1hr\u00e6r\u00f0i mig um t\u00edma kveldoffursins. Og hann undirv\u00edsa\u00f0i m\u00e9r og tala\u00f0i vi\u00f0 mig og sag\u00f0i: &#8222;Dan\u00edel, n\u00fa em eg kominn til a\u00f0 undirv\u00edsa \u00fe\u00e9r. \u00dev\u00ed a\u00f0 \u00feann t\u00ed\u00f0 <span class=\"athugasemd\" title=\"a \/ T\u00f3kst til) \/ Merk \u00fe\u00e1 b\u00e6nin hefst \u00fe\u00e1 er h\u00fan \u00feegar b\u00e6nheyr\u00f0\">[<\/span> \u00fe\u00fa t\u00f3kst til a\u00f0 bi\u00f0ja \u00fe\u00e1 \u00fatgekk \u00feetta bo\u00f0 og eg kom \u00fear fyrir hinga\u00f0 a\u00f0 eg kunngj\u00f6ri \u00fe\u00e9r \u00fea\u00f0 sama. \u00dev\u00ed a\u00f0 \u00fe\u00fa ert k\u00e6rt og mikils metinn. \u00dev\u00ed hygg n\u00fa a\u00f0 so a\u00f0 \u00fe\u00fa skiljir sj\u00f3nina.<\/p>\n<p>Sj\u00f6t\u00edgu vikur eru \u00e1lykta\u00f0ar yfir \u00feitt f\u00f3lk og yfir \u00fe\u00edna heil\u00f6gu borg. \u00de\u00e1 mun yfirtro\u00f0slunni hamla\u00f0 og syndin f\u00e1 enda og misgj\u00f6rningurinn forl\u00edkast og \u00fea\u00f0 hi\u00f0 eil\u00edfa r\u00e9ttl\u00e6ti\u00f0 koma og sj\u00f3nirnar og sp\u00e1d\u00f3marnir munu uppfyllast og s\u00e1 hinn allraheilagasti mun \u00fe\u00e1 smur\u00f0ur ver\u00f0a.<\/p>\n<p>So merk n\u00fa og hygg \u00fear a\u00f0: \u00cd fr\u00e1 \u00feeim t\u00edma n\u00e6r e\u00f0 \u00fea\u00f0 bo\u00f0 \u00fatgengur a\u00f0 Jer\u00fasalem skuli upp aftur bygg\u00f0 ver\u00f0a allt til h\u00f6f\u00f0ingjans Christum \u00fe\u00e1 eru sj\u00f6 vikur og tv\u00e6r og sext\u00edu vikur. Og str\u00e6tin og m\u00farveggirnir munu upp aftur bygg\u00f0ir ver\u00f0a, \u00fe\u00f3 \u00e1 hryggilegum t\u00edma. Og a\u00f0 li\u00f0num \u00feeim tveimur og sext\u00edu v\u00edkum \u00fe\u00e1 mun Kristur uppr\u00e6ttur ver\u00f0a og <span class=\"athugasemd\" title=\"b \/ Meir vera) \/ Hann mun ekki vera \u00ed M\u00f3ses veraldlegri r\u00edkisstj\u00f3rn \u00fea\u00f0 hann uppbyrjar eitt himneskt r\u00edki\">[<\/span> vera ekki meir. <\/p>\n<p>Og f\u00f3lki\u00f0 <span class=\"athugasemd\" title=\"c \/ F\u00f3lki\u00f0 h\u00f6f\u00f0ingjans \/ \u00dea\u00f0 er, keisarans sem \u00fe\u00e1 mun einvaldsherra \u00ed heiminum, \u00fea\u00f0 eru R\u00f3mverjar\">[<\/span> \u00feess h\u00f6f\u00f0ingjans mun koma og borgina og \u00feann helgid\u00f3minn \u00ed ey\u00f0i leggja so a\u00f0 \u00fea\u00f0 mun \u00fe\u00e1 einn enda taka svo sem fyrir anna\u00f0 vatsfl\u00f3\u00f0 og allt til enda \u00feess bardaga skal \u00fea\u00f0 \u00ed ey\u00f0i bl\u00edfa.<\/p>\n<p>En m\u00f6rgum mun hann sta\u00f0festa s\u00e1ttm\u00e1lann um eina viku og mitt \u00ed \u00feeirri vikunni mun f\u00f3rnf\u00e6ringin og mataroffri\u00f0 afleggjast. Og \u00ed hj\u00e1 \u00feeim v\u00e6ngjunum mun standa sv\u00edvir\u00f0ing forey\u00f0slunnar og \u00fea\u00f0 er so \u00e1lykta\u00f0 a\u00f0 \u00fea\u00f0 skuli s\u00ed\u00f0an \u00ed ey\u00f0i bl\u00edfa allt til enda.&#8220;<\/p>\n","protected":false},"excerpt":{"rendered":"<p>IX. \u00c1 fyrsta \u00e1ri Dar\u00edus sonar Assveri af slekti \u00feeirra \u00ed Meden, hver e\u00f0 konungur var\u00f0 yfir r\u00edkjum \u00feeirra Chaldeis, \u00e1 \u00fev\u00ed sama fyrsta \u00e1rinu hans r\u00edkisstj\u00f3rnar hug\u00f0a eg Dan\u00edel a\u00f0 \u00ed b\u00f3kunum a\u00f0 \u00feeirri \u00e1rat\u00f6lu sem Drottinn haf\u00f0i tala\u00f0 til prophetans Jerem\u00eda \u00fea\u00f0 Jer\u00fasalem skyldi sj\u00f6t\u00edgi \u00e1r \u00ed ey\u00f0i liggja. [ Og eg sneri m\u00e9r til Drottins m\u00edns Gu\u00f0s a\u00f0 bi\u00f0ja hann og gr\u00e1tb\u00e6na me\u00f0ur f\u00f6stum \u00ed sekk og \u00f6sku. En eg ba\u00f0 so til Drottins m\u00edns Gu\u00f0s, vi\u00f0urkenndi og sag\u00f0i: &#8222;\u00d3 Gu\u00f0 Drottinn minn, \u00fe\u00fa hinn mikli og hr\u00e6\u00f0ilegi Gu\u00f0, haldandi s\u00e1ttm\u00e1lann og miskunnsemi vi\u00f0ur \u00fe\u00e1 sem \u00feig <a href=\"https:\/\/biblian.is\/gudbrandsbiblia\/daniel-9-kafli\/\"> [&#8230;]<\/a><\/p>\n","protected":false},"author":1,"featured_media":0,"parent":0,"menu_order":0,"comment_status":"open","ping_status":"open","template":"bibliukaflar.php","meta":{"footnotes":""},"class_list":["post-3555","page","type-page","status-publish","hentry"],"_links":{"self":[{"href":"https:\/\/biblian.is\/gudbrandsbiblia\/wp-json\/wp\/v2\/pages\/3555","targetHints":{"allow":["GET"]}}],"collection":[{"href":"https:\/\/biblian.is\/gudbrandsbiblia\/wp-json\/wp\/v2\/pages"}],"about":[{"href":"https:\/\/biblian.is\/gudbrandsbiblia\/wp-json\/wp\/v2\/types\/page"}],"author":[{"embeddable":true,"href":"https:\/\/biblian.is\/gudbrandsbiblia\/wp-json\/wp\/v2\/users\/1"}],"replies":[{"embeddable":true,"href":"https:\/\/biblian.is\/gudbrandsbiblia\/wp-json\/wp\/v2\/comments?post=3555"}],"version-history":[{"count":0,"href":"https:\/\/biblian.is\/gudbrandsbiblia\/wp-json\/wp\/v2\/pages\/3555\/revisions"}],"wp:attachment":[{"href":"https:\/\/biblian.is\/gudbrandsbiblia\/wp-json\/wp\/v2\/media?parent=3555"}],"curies":[{"name":"wp","href":"https:\/\/api.w.org\/{rel}","templated":true}]}}