{"id":3553,"date":"2017-12-18T18:33:58","date_gmt":"2017-12-18T18:33:58","guid":{"rendered":"http:\/\/biblian.is\/gudbrandsbiblia\/daniel-7-kafli\/"},"modified":"2017-12-18T18:33:58","modified_gmt":"2017-12-18T18:33:58","slug":"daniel-7-kafli","status":"publish","type":"page","link":"https:\/\/biblian.is\/gudbrandsbiblia\/daniel-7-kafli\/","title":{"rendered":"Dan\u00edel 7. kafli"},"content":{"rendered":"<p>VII.<\/p>\n<p>\u00c1 fyrsta \u00e1ri k\u00f3ngsins Baltasar \u00ed Bab\u00fdlon vitra\u00f0ist Dan\u00edel einn draumur og s\u00fdn \u00ed svefni \u00e1 s\u00e6ng sinni og hann skrifa\u00f0i \u00feann draum og samsetti hann me\u00f0 \u00feessum h\u00e6tti: <span class=\"athugasemd\" title=\"Danielis s\u00fdn \u00fat af \u00feeim iiii. d\u00fdrum\">[<\/span> Eg Dan\u00edel s\u00e1 eina s\u00fdn \u00e1 n\u00e1ttart\u00edma og sj\u00e1 \u00fe\u00fa, \u00fea\u00f0 fj\u00f3rir vindar undir himninum stormu\u00f0u hver \u00e1 m\u00f3ti \u00f6\u00f0rum \u00e1 \u00fev\u00ed hinu mikla sj\u00e1varhafinu. Og fj\u00f6gur d\u00fdr mikil komu upp \u00far sj\u00f3num, ekki neitt \u00fe\u00f3 \u00f6\u00f0ru l\u00edkt.<\/p>\n<p>Hi\u00f0 fyrsta var l\u00edka sem le\u00f3n og haf\u00f0i v\u00e6ngi sem \u00f6rn. <span class=\"athugasemd\" title=\"i. Le\u00f3n\">[<\/span> Eg horf\u00f0i \u00e1 \u00fea\u00f0 \u00feanga\u00f0 til e\u00f0 v\u00e6ngirnir af \u00fev\u00ed ur\u00f0u \u00ed burt plokka\u00f0ir og \u00fea\u00f0 var\u00f0 \u00ed burt teki\u00f0 af j\u00f6r\u00f0u og \u00fea\u00f0 st\u00f3\u00f0 upp \u00e1 s\u00edna f\u00e6tur l\u00edka sem ma\u00f0ur og \u00fev\u00ed var\u00f0 eitt mannshjarta gefi\u00f0. <\/p>\n<p>Og sj\u00e1 \u00fe\u00fa, \u00fea\u00f0 anna\u00f0 d\u00fdri\u00f0 \u00fear n\u00e6st var l\u00edkt einu bjarnd\u00fdri og \u00fea\u00f0 st\u00f3\u00f0 \u00f6\u00f0rumegin og haf\u00f0i \u00ed s\u00ednum munni me\u00f0al sinna tanna \u00ferj\u00e1r st\u00f3rar og langar tennur. <span class=\"athugasemd\" title=\"ii. Bjarnd\u00fdr\">[<\/span> Og til \u00feess hins sama var so sagt: &#8222;Statt upp og et miki\u00f0 kj\u00f6t.&#8220;<\/p>\n<p>Eftir \u00feetta s\u00e1 eg og sj\u00e1 \u00fe\u00fa, eitt anna\u00f0 d\u00fdr l\u00edkt einum pardus. <span class=\"athugasemd\" title=\"iii. Pardus\">[<\/span> \u00dea\u00f0 haf\u00f0i \u00e1 s\u00ednu baki fj\u00f3ra v\u00e6ngi l\u00edka sem fugl og \u00fea\u00f0 sama d\u00fdri\u00f0 haf\u00f0i fj\u00f6gur h\u00f6fu\u00f0 og \u00fev\u00ed var\u00f0 vald gefi\u00f0.<\/p>\n<p>Eftir \u00feetta s\u00e1 eg \u00ed \u00feessari s\u00fdn \u00e1 n\u00e1ttart\u00edma og sj\u00e1 \u00fe\u00fa, \u00fea\u00f0 fj\u00f3r\u00f0a d\u00fdri\u00f0 var \u00f3gurlegt og hr\u00e6\u00f0ilegt og mj\u00f6g sterklegt og haf\u00f0i st\u00f3rar j\u00e1rntennur, \u00e1t \u00ed kringum sig og \u00ed sundurmola\u00f0i og \u00fea\u00f0 hva\u00f0 afgangs var \u00fe\u00e1 st\u00e9 \u00fea\u00f0 \u00ed sundur me\u00f0 s\u00ednum f\u00f3tum. <span class=\"athugasemd\" title=\"iiii. D\u00fdr\">[<\/span> \u00dea\u00f0 sama var og mj\u00f6g \u00f3l\u00edkt hinum \u00f6\u00f0rum d\u00fdrunum og haf\u00f0i t\u00edu horn.<\/p>\n<p>En \u00fe\u00e1 eg leit \u00feau hornin, sj\u00e1 \u00fe\u00fa, \u00fe\u00e1 v\u00f3x upp \u00e1 milli \u00feeirra hinna s\u00f6mu eitt l\u00edti\u00f0 anna\u00f0 l\u00edti\u00f0 horn fyrir hverju \u00fea\u00f0 hin fremstu hornin \u00ferj\u00fa ur\u00f0u afbrotin. <span class=\"athugasemd\" title=\"L\u00edti\u00f0 horn\">[<\/span> Og sj\u00e1 \u00fe\u00fa, \u00fea\u00f0 sama horn haf\u00f0i augu l\u00edka sem mannsaugu og munn \u00feann e\u00f0 tala\u00f0i mikla hluti.<\/p>\n<p>Svoddan s\u00e1 eg \u00feanga\u00f0 til a\u00f0 \u00fear ur\u00f0u d\u00f3mst\u00f3lar settir og Hinn gamli settist ni\u00f0ur, hvers kl\u00e6\u00f0i var hv\u00edtt sem snj\u00f3r og hans h\u00f6fu\u00f0h\u00e1r so sem t\u00e1hrein ull. <span class=\"athugasemd\" title=\"Apoc. iiii.\">[<\/span> Hans d\u00f3mst\u00f3ll var sem eldslogi og hj\u00f3lin \u00feess hins sama logu\u00f0u sem eldur og af \u00feess sama augliti gekk \u00fat einn langur gl\u00f3andi geisli. \u00de\u00fashund sinnum \u00fe\u00fasund \u00fej\u00f3nu\u00f0u honum og t\u00edu sinnum hundra\u00f0 \u00fe\u00fashundir st\u00f3\u00f0u frammi fyrir honum. D\u00f3murinn var\u00f0 haldinn og b\u00e6kur upploknar.<\/p>\n<p>Eg skyggnda a\u00f0 vegna \u00feeirra st\u00f3ru or\u00f0a sem \u00fea\u00f0 horni\u00f0 tala\u00f0i. Eg skyggndist a\u00f0 allt \u00feanga\u00f0 til a\u00f0 d\u00fdri\u00f0 var\u00f0 \u00ed hel slegi\u00f0 og \u00feess l\u00edkami fyrirf\u00f3rst og honum var\u00f0 \u00ed eld kasta\u00f0 og magtin \u00feeirra annarra d\u00fdranna var\u00f0 einnin \u00fatgj\u00f6r\u00f0. \u00dev\u00ed a\u00f0 \u00feeim var t\u00edmi og stund tileinku\u00f0 hversu lengi \u00fea\u00f0 s\u00e9rhvert \u00feeirra skyldi vara.<\/p>\n<p>Eg s\u00e1 \u00ed \u00feessari n\u00e6turs\u00fdn og sj\u00e1 \u00fe\u00fa, a\u00f0 \u00fear kom einn \u00ed sk\u00fdjum himinsins l\u00edka sem mannsins son \u00feanga\u00f0 til Hins gamla og var haf\u00f0ur fyrir hans augs\u00fdn. Hann gaf honum magt, hei\u00f0ur og r\u00edki so \u00fea\u00f0 honum skyldu \u00fej\u00f3na \u00f6ll l\u00f6nd, \u00fej\u00f3\u00f0ir og tungum\u00e1l. Hans vald er eil\u00edft hvert a\u00f0 ekki forgengur og hans r\u00edki hefur \u00f6ngvan enda.<\/p>\n<p>Eg Dan\u00edel \u00f3tta\u00f0ist af \u00feessu og svoddan sj\u00f3nir \u00fe\u00e6r skelfdu mig. Og eg gekk til eins \u00feeirra sem \u00fear st\u00f3\u00f0u og ba\u00f0 hann \u00fea\u00f0 hann seg\u00f0i m\u00e9r sanna sk\u00fdring \u00e1 \u00f6llu \u00feessu. Og hann tala\u00f0i vi\u00f0 mig og sag\u00f0i m\u00e9r \u00ed fr\u00e1 hva\u00f0 \u00fea\u00f0 merkti: <span class=\"athugasemd\" title=\"\u00dat\u00fe\u00fd\u00f0ing s\u00fdninnar\">[<\/span> &#8222;\u00deessi fj\u00f6gur hin miklu d\u00fdrin eru fj\u00f6gur k\u00f3ngar\u00edki sem upp munu koma \u00e1 j\u00f6r\u00f0u. En heilagir hins h\u00e6\u00f0sta Gu\u00f0s munu r\u00edki\u00f0 undir sig leggja og eignast \u00fea\u00f0 um aldir og a\u00f0 eil\u00edfu.&#8220;<\/p>\n<p>\u00dear eftir \u00e1 vildi eg gjarnan hafa vita\u00f0 sanna vissu \u00fat af \u00fev\u00ed fj\u00f3r\u00f0a d\u00fdrinu hvert e\u00f0 var allt \u00f6\u00f0ruv\u00eds en \u00f6ll \u00feau hin \u00ferj\u00fa og \u00f3gurlegt, \u00fea\u00f0 er haf\u00f0i j\u00e1rntennur og eirkl\u00e6r, \u00fea\u00f0 \u00e1t \u00ed kringum sig og \u00ed sundurmola\u00f0i og hitt hva\u00f0 afgangs var st\u00e9 \u00fea\u00f0 \u00ed sundur me\u00f0 s\u00ednum f\u00f3tum, og af \u00feeim t\u00edu hornunum \u00e1 \u00feess h\u00f6f\u00f0i og af \u00fev\u00ed \u00f6\u00f0ru sem \u00fear v\u00f3x upp, fyrir hverju \u00fea\u00f0 \u00ferj\u00fa hornin af f\u00e9llu, og af \u00fev\u00ed sama horninu sem augun haf\u00f0i og \u00feann munninn sem mikla hluti tala\u00f0i og \u00fea\u00f0 meira var \u00feeim sem hj\u00e1 \u00fev\u00ed voru. Og eg s\u00e1 \u00fea\u00f0 sama horn berjast \u00ed m\u00f3ti heil\u00f6gum og yfirvann \u00fe\u00e1 \u00feanga\u00f0 til s\u00e1 Hinn gamli kom og h\u00e9lt d\u00f3m fyrir \u00fe\u00e1 heil\u00f6gu Hins h\u00e6\u00f0sta og s\u00e1 t\u00edmi kom \u00fea\u00f0 hinir heil\u00f6gu t\u00f3ku r\u00edki\u00f0 undir sig.<\/p>\n<p>Hann sag\u00f0i l\u00edka so: &#8222;\u00dea\u00f0 fj\u00f3r\u00f0a d\u00fdri\u00f0 mun vera \u00fea\u00f0 fj\u00f3r\u00f0a r\u00edki\u00f0 \u00e1 j\u00f6r\u00f0u hvert e\u00f0 megtugra mun ver\u00f0a en hin \u00f6ll \u00f6nnur r\u00edkin. <span class=\"athugasemd\" title=\"iiii. d\u00fdrin\">[<\/span> \u00dea\u00f0 sama mun \u00f6ll l\u00f6nd svelgja, undirtro\u00f0a og sundurmerja. En \u00feau t\u00edu hornin merkja t\u00edu <span class=\"athugasemd\" title=\"a \/ So sem af Alexandri r\u00edki ur\u00f0u fj\u00f6gur k\u00f3ngar\u00edki, so eru \u00far R\u00f3mverjar\u00edki x. R\u00edki or\u00f0in, sem er S\u00fdrland, Egyptaland, Astalad, Grikkland, Valland, Frankar\u00edki, Spanialand, Afr\u00edka, \u00de\u00fdskaland, England. \u00dev\u00ed a\u00f0 \u00feessi \u00f6ll k\u00f3ngar\u00edki h\u00f6f\u00f0u R\u00f3mverjar undir s\u00ednu valdi\">[<\/span> k\u00f3nga sem \u00fat af \u00fev\u00ed sama r\u00edkinu munu uppkoma. En eftir \u00fe\u00e1 hina s\u00f6mu mun einn annar upp koma og s\u00e1 mun megtugri vera \u00feeim hinum fyrrum og hann mun \u00ferj\u00e1 konunga undirleggja. Hann mun tala gu\u00f0lastan \u00e1 m\u00f3ti Hinum h\u00e6sta og forey\u00f0a heil\u00f6gum Hins h\u00e6\u00f0sta og mun \u00e1setja s\u00e9r a\u00f0 umbreyta t\u00edmum og lagasetningum. En \u00feeir munu \u00ed hans hendur oforseldir ver\u00f0a um einn t\u00edma og nokkra t\u00edma og einn h\u00e1lfan t\u00edma. <\/p>\n<p>\u00dear eftir \u00e1 mun d\u00f3murinn haldinn ver\u00f0a. \u00de\u00e1 mun hans magt \u00ed burt tekin ver\u00f0a so \u00fea\u00f0 hann ni\u00f0ur \u00ed grunn afm\u00e1\u00f0ur og forglata\u00f0ur ver\u00f0i. En r\u00edki\u00f0, valdi\u00f0 og magtin undir \u00f6llum himni mun \u00fev\u00ed heil\u00f6gu f\u00f3lki Hins h\u00e6\u00f0sta gefin ver\u00f0a, hvert r\u00edki \u00fea\u00f0 eil\u00edft er, og allt yfirvald mun honum \u00fej\u00f3na og hl\u00fd\u00f0a.&#8220; \u00deetta var endir r\u00e6\u00f0unnar.<\/p>\n<p>En eg Dan\u00edel hrygg\u00f0ist mj\u00f6g \u00ed m\u00ednu hugskoti og m\u00edn yfirlit \u00feau umskiptust. \u00de\u00f3 geymdi eg \u00feessi or\u00f0 \u00ed m\u00ednu hjarta.<\/p>\n","protected":false},"excerpt":{"rendered":"<p>VII. \u00c1 fyrsta \u00e1ri k\u00f3ngsins Baltasar \u00ed Bab\u00fdlon vitra\u00f0ist Dan\u00edel einn draumur og s\u00fdn \u00ed svefni \u00e1 s\u00e6ng sinni og hann skrifa\u00f0i \u00feann draum og samsetti hann me\u00f0 \u00feessum h\u00e6tti: [ Eg Dan\u00edel s\u00e1 eina s\u00fdn \u00e1 n\u00e1ttart\u00edma og sj\u00e1 \u00fe\u00fa, \u00fea\u00f0 fj\u00f3rir vindar undir himninum stormu\u00f0u hver \u00e1 m\u00f3ti \u00f6\u00f0rum \u00e1 \u00fev\u00ed hinu mikla sj\u00e1varhafinu. Og fj\u00f6gur d\u00fdr mikil komu upp \u00far sj\u00f3num, ekki neitt \u00fe\u00f3 \u00f6\u00f0ru l\u00edkt. Hi\u00f0 fyrsta var l\u00edka sem le\u00f3n og haf\u00f0i v\u00e6ngi sem \u00f6rn. [ Eg horf\u00f0i \u00e1 \u00fea\u00f0 \u00feanga\u00f0 til e\u00f0 v\u00e6ngirnir af \u00fev\u00ed ur\u00f0u \u00ed burt plokka\u00f0ir og \u00fea\u00f0 var\u00f0 \u00ed burt <a href=\"https:\/\/biblian.is\/gudbrandsbiblia\/daniel-7-kafli\/\"> [&#8230;]<\/a><\/p>\n","protected":false},"author":1,"featured_media":0,"parent":0,"menu_order":0,"comment_status":"open","ping_status":"open","template":"bibliukaflar.php","meta":{"footnotes":""},"class_list":["post-3553","page","type-page","status-publish","hentry"],"_links":{"self":[{"href":"https:\/\/biblian.is\/gudbrandsbiblia\/wp-json\/wp\/v2\/pages\/3553","targetHints":{"allow":["GET"]}}],"collection":[{"href":"https:\/\/biblian.is\/gudbrandsbiblia\/wp-json\/wp\/v2\/pages"}],"about":[{"href":"https:\/\/biblian.is\/gudbrandsbiblia\/wp-json\/wp\/v2\/types\/page"}],"author":[{"embeddable":true,"href":"https:\/\/biblian.is\/gudbrandsbiblia\/wp-json\/wp\/v2\/users\/1"}],"replies":[{"embeddable":true,"href":"https:\/\/biblian.is\/gudbrandsbiblia\/wp-json\/wp\/v2\/comments?post=3553"}],"version-history":[{"count":0,"href":"https:\/\/biblian.is\/gudbrandsbiblia\/wp-json\/wp\/v2\/pages\/3553\/revisions"}],"wp:attachment":[{"href":"https:\/\/biblian.is\/gudbrandsbiblia\/wp-json\/wp\/v2\/media?parent=3553"}],"curies":[{"name":"wp","href":"https:\/\/api.w.org\/{rel}","templated":true}]}}